{"id":1752,"date":"2020-01-07T16:28:55","date_gmt":"2020-01-07T16:28:55","guid":{"rendered":"https:\/\/dev.auvisa.org\/?page_id=1752"},"modified":"2023-08-31T16:42:17","modified_gmt":"2023-08-31T13:42:17","slug":"visa-crew","status":"publish","type":"page","link":"https:\/\/auvisa.org\/ee\/visa-crew\/","title":{"rendered":"Austraalia MCV viisataotluse vorm (Eesti)"},"content":{"rendered":"\n<div style=\"height:20px\" aria-hidden=\"true\" class=\"wp-block-spacer\"><\/div>\n\n\n\n<p>See laevapere meeskonna viisataotlus on m\u00f5eldud Eesti kodanikele, <strong>kes sisenevad Austraaliasse v\u00f5i lahkuvad merest meremeeskonnana<\/strong>.<\/p>\n\n\n\n<p><strong>Seda viisat saate taotleda, kui olete Eesti kodanik ja te<\/strong>:<\/p>\n\n\n\n<ul class=\"wp-block-list\"><li>Asuvad v\u00e4ljaspool Austraaliat<\/li><li>Kas v\u00f5i on Austraaliasse suunduva v\u00f5i sealt lahkuva laeva meeskonna liige<\/li><li>Siseneb Austraaliasse v\u00f5i lahkub meritsi meremeeskonna osana<\/li><\/ul>\n\n\n\n<p><strong>Pange t\u00e4hele, et laev peab olema kas<\/strong>:<\/p>\n\n\n\n<ul class=\"wp-block-list\"><li>Kaubanduslik kaubalaev<\/li><li>Reisilaev<\/li><li>Laev, mis kuulub v\u00e4lisriigi valitsusele teadusuuringute tegemiseks<\/li><li>Laev, mille Austraalia v\u00e4lisministeerium on heaks kiitnud avaliku laeva staatuse jaoks<\/li><\/ul>\n\n\n\n<p>Pange t\u00e4hele ka seda, et kui l\u00e4hete Austraaliasse lennukiga, peab teil lisaks Maritime Crew viisale olema veel \u00fcks viisa, n\u00e4iteks eVisitori viisa.<\/p>\n\n\n\n<p><strong>OLULINE:<\/strong><br>Taotluse t\u00e4itmiseks ja esitamiseks on vaja j\u00e4rgmiste dokumentide koopiat:<\/p>\n\n\n\n<ul class=\"wp-block-list\"><li>Passi isikuandmete lehe<\/li><\/ul>\n\n\n\n<p>Kui teil pole praegu k\u00f5iki vajalikke dokumente, saate rakenduse salvestada ja dokumendid hiljem \u00fcles laadida.<\/p>\n\n\n\n<p><strong>Iga viisa hind on <span class=\"woocommerce-Price-amount amount\"><bdi><span class=\"woocommerce-Price-currencySymbol\">&euro;<\/span>98,00<\/bdi><\/span>. Hind sisaldab nii auvisa.orgi teenustasusid kui ka valitsuse tasusid (vajaduse korral).<\/strong><\/p>\n\n\n\n<div style=\"height:63px\" aria-hidden=\"true\" class=\"wp-block-spacer\"><\/div>\n\n\n\n<h3 class=\"wp-block-heading\" id=\"sisestage-ja-kinnitage-oma-e-posti-aadress-et-alustada-online-avaldus\">Sisestage ja kinnitage oma e-posti aadress, et alustada online-avaldus:<\/h3>\n","protected":false},"excerpt":{"rendered":"<p>See laevapere meeskonna viisataotlus on m\u00f5eldud Eesti kodanikele, kes sisenevad Austraaliasse v\u00f5i lahkuvad merest meremeeskonnana. Seda viisat saate taotleda, kui [&#8230;]<\/p>\n<p><a class=\"btn btn-secondary understrap-read-more-link\" href=\"https:\/\/auvisa.org\/ee\/visa-crew\/\">Read More&#8230;<span class=\"screen-reader-text\"> from Austraalia MCV viisataotluse vorm (Eesti)<\/span><\/a><\/p>\n","protected":false},"author":3,"featured_media":0,"parent":0,"menu_order":28,"comment_status":"closed","ping_status":"closed","template":"templates\/tpl_acf_form.php","meta":{"inline_featured_image":false,"footnotes":""},"class_list":["post-1752","page","type-page","status-publish","hentry"],"yoast_head":"<!-- This site is optimized with the Yoast SEO plugin v26.9 - https:\/\/yoast.com\/product\/yoast-seo-wordpress\/ -->\n<title>MCV Visa eest Austraalia: Taotlusvormi (Eesti kodanikele)<\/title>\n<meta name=\"description\" content=\"Eesti kodanikud, kes sisenevad Austraaliasse meremeeskonnana, peavad kasutama seda taotlusvormi, et saada oma MCV viisa 4 p\u00e4eva jooksul.\" \/>\n<meta name=\"robots\" content=\"index, follow, max-snippet:-1, max-image-preview:large, max-video-preview:-1\" \/>\n<link rel=\"canonical\" href=\"https:\/\/auvisa.org\/ee\/visa-crew\/\" \/>\n<meta property=\"og:locale\" content=\"et_EE\" \/>\n<meta property=\"og:type\" content=\"article\" \/>\n<meta property=\"og:title\" content=\"MCV Visa eest Austraalia: Taotlusvormi (Eesti kodanikele)\" \/>\n<meta property=\"og:description\" content=\"Eesti kodanikud, kes sisenevad Austraaliasse meremeeskonnana, peavad kasutama seda taotlusvormi, et saada oma MCV viisa 4 p\u00e4eva jooksul.\" \/>\n<meta property=\"og:url\" content=\"https:\/\/auvisa.org\/ee\/visa-crew\/\" \/>\n<meta property=\"og:site_name\" content=\"Auvisa.org\" \/>\n<meta property=\"article:modified_time\" content=\"2023-08-31T13:42:17+00:00\" \/>\n<meta name=\"twitter:card\" content=\"summary_large_image\" \/>\n<meta name=\"twitter:label1\" content=\"Est. reading time\" \/>\n\t<meta name=\"twitter:data1\" content=\"1 minut\" \/>\n<script type=\"application\/ld+json\" class=\"yoast-schema-graph\">{\"@context\":\"https:\/\/schema.org\",\"@graph\":[{\"@type\":\"WebPage\",\"@id\":\"https:\/\/auvisa.org\/ee\/visa-crew\/\",\"url\":\"https:\/\/auvisa.org\/ee\/visa-crew\/\",\"name\":\"MCV Visa eest Austraalia: Taotlusvormi (Eesti kodanikele)\",\"isPartOf\":{\"@id\":\"https:\/\/auvisa.org\/ee\/#website\"},\"datePublished\":\"2020-01-07T16:28:55+00:00\",\"dateModified\":\"2023-08-31T13:42:17+00:00\",\"description\":\"Eesti kodanikud, kes sisenevad Austraaliasse meremeeskonnana, peavad kasutama seda taotlusvormi, et saada oma MCV viisa 4 p\u00e4eva jooksul.\",\"breadcrumb\":{\"@id\":\"https:\/\/auvisa.org\/ee\/visa-crew\/#breadcrumb\"},\"inLanguage\":\"et\",\"potentialAction\":[{\"@type\":\"ReadAction\",\"target\":[\"https:\/\/auvisa.org\/ee\/visa-crew\/\"]}]},{\"@type\":\"BreadcrumbList\",\"@id\":\"https:\/\/auvisa.org\/ee\/visa-crew\/#breadcrumb\",\"itemListElement\":[{\"@type\":\"ListItem\",\"position\":1,\"name\":\"Home\",\"item\":\"https:\/\/auvisa.org\/ee\/\"},{\"@type\":\"ListItem\",\"position\":2,\"name\":\"Austraalia MCV viisataotluse vorm (Eesti)\"}]},{\"@type\":\"WebSite\",\"@id\":\"https:\/\/auvisa.org\/ee\/#website\",\"url\":\"https:\/\/auvisa.org\/ee\/\",\"name\":\"Auvisa.org\",\"description\":\"\",\"inLanguage\":\"et\"}]}<\/script>\n<!-- \/ Yoast SEO plugin. -->","yoast_head_json":{"title":"MCV Visa eest Austraalia: Taotlusvormi (Eesti kodanikele)","description":"Eesti kodanikud, kes sisenevad Austraaliasse meremeeskonnana, peavad kasutama seda taotlusvormi, et saada oma MCV viisa 4 p\u00e4eva jooksul.","robots":{"index":"index","follow":"follow","max-snippet":"max-snippet:-1","max-image-preview":"max-image-preview:large","max-video-preview":"max-video-preview:-1"},"canonical":"https:\/\/auvisa.org\/ee\/visa-crew\/","og_locale":"et_EE","og_type":"article","og_title":"MCV Visa eest Austraalia: Taotlusvormi (Eesti kodanikele)","og_description":"Eesti kodanikud, kes sisenevad Austraaliasse meremeeskonnana, peavad kasutama seda taotlusvormi, et saada oma MCV viisa 4 p\u00e4eva jooksul.","og_url":"https:\/\/auvisa.org\/ee\/visa-crew\/","og_site_name":"Auvisa.org","article_modified_time":"2023-08-31T13:42:17+00:00","twitter_card":"summary_large_image","twitter_misc":{"Est. reading time":"1 minut"},"schema":{"@context":"https:\/\/schema.org","@graph":[{"@type":"WebPage","@id":"https:\/\/auvisa.org\/ee\/visa-crew\/","url":"https:\/\/auvisa.org\/ee\/visa-crew\/","name":"MCV Visa eest Austraalia: Taotlusvormi (Eesti kodanikele)","isPartOf":{"@id":"https:\/\/auvisa.org\/ee\/#website"},"datePublished":"2020-01-07T16:28:55+00:00","dateModified":"2023-08-31T13:42:17+00:00","description":"Eesti kodanikud, kes sisenevad Austraaliasse meremeeskonnana, peavad kasutama seda taotlusvormi, et saada oma MCV viisa 4 p\u00e4eva jooksul.","breadcrumb":{"@id":"https:\/\/auvisa.org\/ee\/visa-crew\/#breadcrumb"},"inLanguage":"et","potentialAction":[{"@type":"ReadAction","target":["https:\/\/auvisa.org\/ee\/visa-crew\/"]}]},{"@type":"BreadcrumbList","@id":"https:\/\/auvisa.org\/ee\/visa-crew\/#breadcrumb","itemListElement":[{"@type":"ListItem","position":1,"name":"Home","item":"https:\/\/auvisa.org\/ee\/"},{"@type":"ListItem","position":2,"name":"Austraalia MCV viisataotluse vorm (Eesti)"}]},{"@type":"WebSite","@id":"https:\/\/auvisa.org\/ee\/#website","url":"https:\/\/auvisa.org\/ee\/","name":"Auvisa.org","description":"","inLanguage":"et"}]}},"_links":{"self":[{"href":"https:\/\/auvisa.org\/ee\/wp-json\/wp\/v2\/pages\/1752","targetHints":{"allow":["GET"]}}],"collection":[{"href":"https:\/\/auvisa.org\/ee\/wp-json\/wp\/v2\/pages"}],"about":[{"href":"https:\/\/auvisa.org\/ee\/wp-json\/wp\/v2\/types\/page"}],"author":[{"embeddable":true,"href":"https:\/\/auvisa.org\/ee\/wp-json\/wp\/v2\/users\/3"}],"replies":[{"embeddable":true,"href":"https:\/\/auvisa.org\/ee\/wp-json\/wp\/v2\/comments?post=1752"}],"version-history":[{"count":14,"href":"https:\/\/auvisa.org\/ee\/wp-json\/wp\/v2\/pages\/1752\/revisions"}],"predecessor-version":[{"id":14962,"href":"https:\/\/auvisa.org\/ee\/wp-json\/wp\/v2\/pages\/1752\/revisions\/14962"}],"wp:attachment":[{"href":"https:\/\/auvisa.org\/ee\/wp-json\/wp\/v2\/media?parent=1752"}],"curies":[{"name":"wp","href":"https:\/\/api.w.org\/{rel}","templated":true}]}}