{"id":1754,"date":"2020-01-07T16:29:15","date_gmt":"2020-01-07T16:29:15","guid":{"rendered":"https:\/\/dev.auvisa.org\/?page_id=1754"},"modified":"2023-07-10T18:08:25","modified_gmt":"2023-07-10T15:08:25","slug":"visa-temporary","status":"publish","type":"page","link":"https:\/\/auvisa.org\/ee\/visa-temporary\/","title":{"rendered":"Austraalia ajutise t\u00f6\u00f6 viisa : taotlusvorm (Eesti)"},"content":{"rendered":"\n<div style=\"height:20px\" aria-hidden=\"true\" class=\"wp-block-spacer\"><\/div>\n\n\n\n<div class=\"wp-block-group\"><div class=\"wp-block-group__inner-container is-layout-flow wp-block-group-is-layout-flow\">\n<p>See viisa on m\u00f5eldud Eesti kodanikele, kes l\u00e4hevad Austraaliasse ajutist t\u00f6\u00f6d tegema.<\/p>\n\n\n\n<p><strong>Viisa v\u00f5ib anda kuni kolmeks kuuks.<\/strong><\/p>\n\n\n\n<p>Seda viisat saab taotleda, kui:<\/p>\n\n\n\n<ul class=\"wp-block-list\"><li>Olete v\u00e4ljaspool Austraaliat.<\/li><li>Teete l\u00fchiajalisi, v\u00e4ga spetsialiseerunud t\u00f6\u00f6tajaid. ajutine t\u00f6\u00f6.<\/li><li>Osalete kultuuri- v\u00f5i seltskonna\u00fcritusel.<\/li><li>Osalete tegevuses v\u00f5i t\u00f6\u00f6s, mis on seotud Austraalia huvidega.<\/li><\/ul>\n\n\n\n<p><strong>Kandideerimiseks peate olema kutsutud organisatsiooni poolt, kelle heaks te t\u00f6\u00f6tate.<\/strong><\/p>\n\n\n\n<p>Samuti peavad teil olema t\u00f6\u00f6ga seotud isiklikud omadused v\u00f5i t\u00f6\u00f6h\u00f5ive taust. Pange t\u00e4hele, et teie avalduse t\u00e4itmiseks palutakse esitada mitmesuguseid dokumente.<\/p>\n\n\n\n<p>Iga viisa hind on <span class=\"woocommerce-Price-amount amount\"><bdi><span class=\"woocommerce-Price-currencySymbol\">&euro;<\/span>550,00<\/bdi><\/span>.<\/p>\n<\/div><\/div>\n\n\n\n<div style=\"height:38px\" aria-hidden=\"true\" class=\"wp-block-spacer\"><\/div>\n\n\n\n<p><strong>Sisestage ja kinnitage oma e-posti aadress, et alustada online-avaldus:<\/strong><\/p>\n","protected":false},"excerpt":{"rendered":"<p>See viisa on m\u00f5eldud Eesti kodanikele, kes l\u00e4hevad Austraaliasse ajutist t\u00f6\u00f6d tegema. Viisa v\u00f5ib anda kuni kolmeks kuuks. Seda viisat [&#8230;]<\/p>\n<p><a class=\"btn btn-secondary understrap-read-more-link\" href=\"https:\/\/auvisa.org\/ee\/visa-temporary\/\">Read More&#8230;<span class=\"screen-reader-text\"> from Austraalia ajutise t\u00f6\u00f6 viisa : taotlusvorm (Eesti)<\/span><\/a><\/p>\n","protected":false},"author":3,"featured_media":0,"parent":0,"menu_order":38,"comment_status":"closed","ping_status":"closed","template":"templates\/tpl_acf_form.php","meta":{"inline_featured_image":false,"footnotes":""},"class_list":["post-1754","page","type-page","status-publish","hentry"],"yoast_head":"<!-- This site is optimized with the Yoast SEO plugin v26.9 - https:\/\/yoast.com\/product\/yoast-seo-wordpress\/ -->\n<title>Austraalia ajutise t\u00f6\u00f6 viisa : taotlusvorm ( Eesti )<\/title>\n<meta name=\"description\" content=\"See Austraalia ajutise t\u00f6\u00f6 viisa taotlemise vorm on m\u00f5eldud Eesti kodanikele, kes reisivad Austraaliasse ajutist t\u00f6\u00f6d tegema. Kandideeri juba t\u00e4na veebis.\" \/>\n<meta name=\"robots\" content=\"index, follow, max-snippet:-1, max-image-preview:large, max-video-preview:-1\" \/>\n<link rel=\"canonical\" href=\"https:\/\/auvisa.org\/ee\/visa-temporary\/\" \/>\n<meta property=\"og:locale\" content=\"et_EE\" \/>\n<meta property=\"og:type\" content=\"article\" \/>\n<meta property=\"og:title\" content=\"Austraalia ajutise t\u00f6\u00f6 viisa : taotlusvorm ( Eesti )\" \/>\n<meta property=\"og:description\" content=\"See Austraalia ajutise t\u00f6\u00f6 viisa taotlemise vorm on m\u00f5eldud Eesti kodanikele, kes reisivad Austraaliasse ajutist t\u00f6\u00f6d tegema. Kandideeri juba t\u00e4na veebis.\" \/>\n<meta property=\"og:url\" content=\"https:\/\/auvisa.org\/ee\/visa-temporary\/\" \/>\n<meta property=\"og:site_name\" content=\"Auvisa.org\" \/>\n<meta property=\"article:modified_time\" content=\"2023-07-10T15:08:25+00:00\" \/>\n<meta name=\"twitter:card\" content=\"summary_large_image\" \/>\n<meta name=\"twitter:label1\" content=\"Est. reading time\" \/>\n\t<meta name=\"twitter:data1\" content=\"1 minut\" \/>\n<script type=\"application\/ld+json\" class=\"yoast-schema-graph\">{\"@context\":\"https:\/\/schema.org\",\"@graph\":[{\"@type\":\"WebPage\",\"@id\":\"https:\/\/auvisa.org\/ee\/visa-temporary\/\",\"url\":\"https:\/\/auvisa.org\/ee\/visa-temporary\/\",\"name\":\"Austraalia ajutise t\u00f6\u00f6 viisa : taotlusvorm ( Eesti )\",\"isPartOf\":{\"@id\":\"https:\/\/auvisa.org\/ee\/#website\"},\"datePublished\":\"2020-01-07T16:29:15+00:00\",\"dateModified\":\"2023-07-10T15:08:25+00:00\",\"description\":\"See Austraalia ajutise t\u00f6\u00f6 viisa taotlemise vorm on m\u00f5eldud Eesti kodanikele, kes reisivad Austraaliasse ajutist t\u00f6\u00f6d tegema. Kandideeri juba t\u00e4na veebis.\",\"breadcrumb\":{\"@id\":\"https:\/\/auvisa.org\/ee\/visa-temporary\/#breadcrumb\"},\"inLanguage\":\"et\",\"potentialAction\":[{\"@type\":\"ReadAction\",\"target\":[\"https:\/\/auvisa.org\/ee\/visa-temporary\/\"]}]},{\"@type\":\"BreadcrumbList\",\"@id\":\"https:\/\/auvisa.org\/ee\/visa-temporary\/#breadcrumb\",\"itemListElement\":[{\"@type\":\"ListItem\",\"position\":1,\"name\":\"Home\",\"item\":\"https:\/\/auvisa.org\/ee\/\"},{\"@type\":\"ListItem\",\"position\":2,\"name\":\"Austraalia ajutise t\u00f6\u00f6 viisa : taotlusvorm (Eesti)\"}]},{\"@type\":\"WebSite\",\"@id\":\"https:\/\/auvisa.org\/ee\/#website\",\"url\":\"https:\/\/auvisa.org\/ee\/\",\"name\":\"Auvisa.org\",\"description\":\"\",\"inLanguage\":\"et\"}]}<\/script>\n<!-- \/ Yoast SEO plugin. -->","yoast_head_json":{"title":"Austraalia ajutise t\u00f6\u00f6 viisa : taotlusvorm ( Eesti )","description":"See Austraalia ajutise t\u00f6\u00f6 viisa taotlemise vorm on m\u00f5eldud Eesti kodanikele, kes reisivad Austraaliasse ajutist t\u00f6\u00f6d tegema. Kandideeri juba t\u00e4na veebis.","robots":{"index":"index","follow":"follow","max-snippet":"max-snippet:-1","max-image-preview":"max-image-preview:large","max-video-preview":"max-video-preview:-1"},"canonical":"https:\/\/auvisa.org\/ee\/visa-temporary\/","og_locale":"et_EE","og_type":"article","og_title":"Austraalia ajutise t\u00f6\u00f6 viisa : taotlusvorm ( Eesti )","og_description":"See Austraalia ajutise t\u00f6\u00f6 viisa taotlemise vorm on m\u00f5eldud Eesti kodanikele, kes reisivad Austraaliasse ajutist t\u00f6\u00f6d tegema. Kandideeri juba t\u00e4na veebis.","og_url":"https:\/\/auvisa.org\/ee\/visa-temporary\/","og_site_name":"Auvisa.org","article_modified_time":"2023-07-10T15:08:25+00:00","twitter_card":"summary_large_image","twitter_misc":{"Est. reading time":"1 minut"},"schema":{"@context":"https:\/\/schema.org","@graph":[{"@type":"WebPage","@id":"https:\/\/auvisa.org\/ee\/visa-temporary\/","url":"https:\/\/auvisa.org\/ee\/visa-temporary\/","name":"Austraalia ajutise t\u00f6\u00f6 viisa : taotlusvorm ( Eesti )","isPartOf":{"@id":"https:\/\/auvisa.org\/ee\/#website"},"datePublished":"2020-01-07T16:29:15+00:00","dateModified":"2023-07-10T15:08:25+00:00","description":"See Austraalia ajutise t\u00f6\u00f6 viisa taotlemise vorm on m\u00f5eldud Eesti kodanikele, kes reisivad Austraaliasse ajutist t\u00f6\u00f6d tegema. Kandideeri juba t\u00e4na veebis.","breadcrumb":{"@id":"https:\/\/auvisa.org\/ee\/visa-temporary\/#breadcrumb"},"inLanguage":"et","potentialAction":[{"@type":"ReadAction","target":["https:\/\/auvisa.org\/ee\/visa-temporary\/"]}]},{"@type":"BreadcrumbList","@id":"https:\/\/auvisa.org\/ee\/visa-temporary\/#breadcrumb","itemListElement":[{"@type":"ListItem","position":1,"name":"Home","item":"https:\/\/auvisa.org\/ee\/"},{"@type":"ListItem","position":2,"name":"Austraalia ajutise t\u00f6\u00f6 viisa : taotlusvorm (Eesti)"}]},{"@type":"WebSite","@id":"https:\/\/auvisa.org\/ee\/#website","url":"https:\/\/auvisa.org\/ee\/","name":"Auvisa.org","description":"","inLanguage":"et"}]}},"_links":{"self":[{"href":"https:\/\/auvisa.org\/ee\/wp-json\/wp\/v2\/pages\/1754","targetHints":{"allow":["GET"]}}],"collection":[{"href":"https:\/\/auvisa.org\/ee\/wp-json\/wp\/v2\/pages"}],"about":[{"href":"https:\/\/auvisa.org\/ee\/wp-json\/wp\/v2\/types\/page"}],"author":[{"embeddable":true,"href":"https:\/\/auvisa.org\/ee\/wp-json\/wp\/v2\/users\/3"}],"replies":[{"embeddable":true,"href":"https:\/\/auvisa.org\/ee\/wp-json\/wp\/v2\/comments?post=1754"}],"version-history":[{"count":16,"href":"https:\/\/auvisa.org\/ee\/wp-json\/wp\/v2\/pages\/1754\/revisions"}],"predecessor-version":[{"id":14806,"href":"https:\/\/auvisa.org\/ee\/wp-json\/wp\/v2\/pages\/1754\/revisions\/14806"}],"wp:attachment":[{"href":"https:\/\/auvisa.org\/ee\/wp-json\/wp\/v2\/media?parent=1754"}],"curies":[{"name":"wp","href":"https:\/\/api.w.org\/{rel}","templated":true}]}}