{"id":1758,"date":"2020-01-07T16:37:23","date_gmt":"2020-01-07T16:37:23","guid":{"rendered":"https:\/\/dev.auvisa.org\/?page_id=1758"},"modified":"2023-07-10T17:59:48","modified_gmt":"2023-07-10T14:59:48","slug":"visa-workingsecond","status":"publish","type":"page","link":"https:\/\/auvisa.org\/ee\/visa-workingsecond\/","title":{"rendered":"Teine t\u00f6\u00f6puhkuse viisa Austraaliasse: taotlusvorm"},"content":{"rendered":"\n<div style=\"height:20px\" aria-hidden=\"true\" class=\"wp-block-spacer\"><\/div>\n\n\n\n<p>Teise t\u00f6\u00f6puhkuse viisa saate taotleda juhul, kui vastate&nbsp;<strong>k\u00f5igile&nbsp;<\/strong><a href=\"\/ee\/working-holiday-viisa-austraaliasse\/\" class=\"aioseop-link\"><strong>t\u00f6\u00f6puhkuse viisadele kehtivatele n\u00f5uetele<\/strong><\/a>&nbsp;ja:&nbsp;&nbsp;<\/p>\n\n\n\n<ul class=\"wp-block-list\"><li>Kas olete&nbsp;<strong>t\u00e4itnud k\u00f5ik&nbsp;<\/strong>teie esimese t\u00f6\u00f6puhkuse viisa tingimused&nbsp;&nbsp;<\/li><li>Varem pole olnud rohkem kui \u00fchte t\u00f6\u00f6puhkuse viisa<\/li><li>Oma esimese t\u00f6\u00f6puhkuse viisa ajal&nbsp;olete l\u00f5petanud&nbsp;<strong>kolm kuud&nbsp;<\/strong><a href=\"\/ee\/working-holiday-viisa-austraaliasse\/#specified\" class=\"aioseop-link\"><strong>t\u00e4psustatud t\u00f6\u00f6d<\/strong><\/a><strong>&nbsp;piirkondlikus Austraalias&nbsp;<\/strong>.&nbsp;&nbsp;<\/li><\/ul>\n\n\n\n<p>Kindlaksm\u00e4\u00e4ratud t\u00f6\u00f6 jaoks heaks kiidetud majandusharud h\u00f5lmavad j\u00e4rgmist:<\/p>\n\n\n\n<ul class=\"wp-block-list\"><li>Taimede ja loomade kasvatamine<\/li><li>Kalap\u00fc\u00fck ja p\u00e4rlmutter<\/li><li>Puude kasvatamine ja langetamine<\/li><li>Kaevandamine<\/li><li>Ehitus<\/li><\/ul>\n\n\n\n<p>Pange t\u00e4hele, et kui viibite praegu oma esimese t\u00f6\u00f6puhkuse viisaga Austraalias ja soovite selles riigis j\u00e4\u00e4da,&nbsp;<strong>peaksite enne esimese kehtivusaja l\u00f5ppu taotlema teist t\u00f6\u00f6puhkuse viisa&nbsp;<\/strong>.&nbsp;<\/p>\n\n\n\n<p>Iga viisa hind on <span class=\"woocommerce-Price-amount amount\"><bdi><span class=\"woocommerce-Price-currencySymbol\">&euro;<\/span>525,00<\/bdi><\/span> inimese kohta.<\/p>\n\n\n\n<div style=\"height:58px\" aria-hidden=\"true\" class=\"wp-block-spacer\"><\/div>\n\n\n\n<h3 class=\"wp-block-heading\" id=\"sisestage-ja-kinnitage-oma-e-posti-aadress-et-alustada-online-avaldus\">Sisestage ja kinnitage oma e-posti aadress, et alustada online-avaldus:<\/h3>\n","protected":false},"excerpt":{"rendered":"<p>Teise t\u00f6\u00f6puhkuse viisa saate taotleda juhul, kui vastate&nbsp;k\u00f5igile&nbsp;t\u00f6\u00f6puhkuse viisadele kehtivatele n\u00f5uetele&nbsp;ja:&nbsp;&nbsp; Kas olete&nbsp;t\u00e4itnud k\u00f5ik&nbsp;teie esimese t\u00f6\u00f6puhkuse viisa tingimused&nbsp;&nbsp; Varem pole [&#8230;]<\/p>\n<p><a class=\"btn btn-secondary understrap-read-more-link\" href=\"https:\/\/auvisa.org\/ee\/visa-workingsecond\/\">Read More&#8230;<span class=\"screen-reader-text\"> from Teine t\u00f6\u00f6puhkuse viisa Austraaliasse: taotlusvorm<\/span><\/a><\/p>\n","protected":false},"author":3,"featured_media":0,"parent":0,"menu_order":40,"comment_status":"closed","ping_status":"closed","template":"templates\/tpl_acf_form.php","meta":{"inline_featured_image":false,"footnotes":""},"class_list":["post-1758","page","type-page","status-publish","hentry"],"yoast_head":"<!-- This site is optimized with the Yoast SEO plugin v26.9 - https:\/\/yoast.com\/product\/yoast-seo-wordpress\/ -->\n<title>Austraalia &#039;s teine t\u00f6\u00f6tamis\u00f5igusega turismiviisa : taotlusvormi<\/title>\n<meta name=\"description\" content=\"Austraalias viibimise pikendamiseks t\u00e4itke vorm ja taotlege teist Australian Working Holiday viisat enne esimese WHV kehtivuse l\u00f5ppemist. Viisa kontroll 24 tunni jooksul.\" \/>\n<meta name=\"robots\" content=\"index, follow, max-snippet:-1, max-image-preview:large, max-video-preview:-1\" \/>\n<link rel=\"canonical\" href=\"https:\/\/auvisa.org\/ee\/visa-workingsecond\/\" \/>\n<meta property=\"og:locale\" content=\"et_EE\" \/>\n<meta property=\"og:type\" content=\"article\" \/>\n<meta property=\"og:title\" content=\"Austraalia &#039;s teine t\u00f6\u00f6tamis\u00f5igusega turismiviisa : taotlusvormi\" \/>\n<meta property=\"og:description\" content=\"Austraalias viibimise pikendamiseks t\u00e4itke vorm ja taotlege teist Australian Working Holiday viisat enne esimese WHV kehtivuse l\u00f5ppemist. Viisa kontroll 24 tunni jooksul.\" \/>\n<meta property=\"og:url\" content=\"https:\/\/auvisa.org\/ee\/visa-workingsecond\/\" \/>\n<meta property=\"og:site_name\" content=\"Auvisa.org\" \/>\n<meta property=\"article:modified_time\" content=\"2023-07-10T14:59:48+00:00\" \/>\n<meta name=\"twitter:card\" content=\"summary_large_image\" \/>\n<meta name=\"twitter:label1\" content=\"Est. reading time\" \/>\n\t<meta name=\"twitter:data1\" content=\"1 minut\" \/>\n<script type=\"application\/ld+json\" class=\"yoast-schema-graph\">{\"@context\":\"https:\/\/schema.org\",\"@graph\":[{\"@type\":\"WebPage\",\"@id\":\"https:\/\/auvisa.org\/ee\/visa-workingsecond\/\",\"url\":\"https:\/\/auvisa.org\/ee\/visa-workingsecond\/\",\"name\":\"Austraalia 's teine t\u00f6\u00f6tamis\u00f5igusega turismiviisa : taotlusvormi\",\"isPartOf\":{\"@id\":\"https:\/\/auvisa.org\/ee\/#website\"},\"datePublished\":\"2020-01-07T16:37:23+00:00\",\"dateModified\":\"2023-07-10T14:59:48+00:00\",\"description\":\"Austraalias viibimise pikendamiseks t\u00e4itke vorm ja taotlege teist Australian Working Holiday viisat enne esimese WHV kehtivuse l\u00f5ppemist. Viisa kontroll 24 tunni jooksul.\",\"breadcrumb\":{\"@id\":\"https:\/\/auvisa.org\/ee\/visa-workingsecond\/#breadcrumb\"},\"inLanguage\":\"et\",\"potentialAction\":[{\"@type\":\"ReadAction\",\"target\":[\"https:\/\/auvisa.org\/ee\/visa-workingsecond\/\"]}]},{\"@type\":\"BreadcrumbList\",\"@id\":\"https:\/\/auvisa.org\/ee\/visa-workingsecond\/#breadcrumb\",\"itemListElement\":[{\"@type\":\"ListItem\",\"position\":1,\"name\":\"Home\",\"item\":\"https:\/\/auvisa.org\/ee\/\"},{\"@type\":\"ListItem\",\"position\":2,\"name\":\"Teine t\u00f6\u00f6puhkuse viisa Austraaliasse: taotlusvorm\"}]},{\"@type\":\"WebSite\",\"@id\":\"https:\/\/auvisa.org\/ee\/#website\",\"url\":\"https:\/\/auvisa.org\/ee\/\",\"name\":\"Auvisa.org\",\"description\":\"\",\"inLanguage\":\"et\"}]}<\/script>\n<!-- \/ Yoast SEO plugin. -->","yoast_head_json":{"title":"Austraalia 's teine t\u00f6\u00f6tamis\u00f5igusega turismiviisa : taotlusvormi","description":"Austraalias viibimise pikendamiseks t\u00e4itke vorm ja taotlege teist Australian Working Holiday viisat enne esimese WHV kehtivuse l\u00f5ppemist. Viisa kontroll 24 tunni jooksul.","robots":{"index":"index","follow":"follow","max-snippet":"max-snippet:-1","max-image-preview":"max-image-preview:large","max-video-preview":"max-video-preview:-1"},"canonical":"https:\/\/auvisa.org\/ee\/visa-workingsecond\/","og_locale":"et_EE","og_type":"article","og_title":"Austraalia 's teine t\u00f6\u00f6tamis\u00f5igusega turismiviisa : taotlusvormi","og_description":"Austraalias viibimise pikendamiseks t\u00e4itke vorm ja taotlege teist Australian Working Holiday viisat enne esimese WHV kehtivuse l\u00f5ppemist. Viisa kontroll 24 tunni jooksul.","og_url":"https:\/\/auvisa.org\/ee\/visa-workingsecond\/","og_site_name":"Auvisa.org","article_modified_time":"2023-07-10T14:59:48+00:00","twitter_card":"summary_large_image","twitter_misc":{"Est. reading time":"1 minut"},"schema":{"@context":"https:\/\/schema.org","@graph":[{"@type":"WebPage","@id":"https:\/\/auvisa.org\/ee\/visa-workingsecond\/","url":"https:\/\/auvisa.org\/ee\/visa-workingsecond\/","name":"Austraalia 's teine t\u00f6\u00f6tamis\u00f5igusega turismiviisa : taotlusvormi","isPartOf":{"@id":"https:\/\/auvisa.org\/ee\/#website"},"datePublished":"2020-01-07T16:37:23+00:00","dateModified":"2023-07-10T14:59:48+00:00","description":"Austraalias viibimise pikendamiseks t\u00e4itke vorm ja taotlege teist Australian Working Holiday viisat enne esimese WHV kehtivuse l\u00f5ppemist. Viisa kontroll 24 tunni jooksul.","breadcrumb":{"@id":"https:\/\/auvisa.org\/ee\/visa-workingsecond\/#breadcrumb"},"inLanguage":"et","potentialAction":[{"@type":"ReadAction","target":["https:\/\/auvisa.org\/ee\/visa-workingsecond\/"]}]},{"@type":"BreadcrumbList","@id":"https:\/\/auvisa.org\/ee\/visa-workingsecond\/#breadcrumb","itemListElement":[{"@type":"ListItem","position":1,"name":"Home","item":"https:\/\/auvisa.org\/ee\/"},{"@type":"ListItem","position":2,"name":"Teine t\u00f6\u00f6puhkuse viisa Austraaliasse: taotlusvorm"}]},{"@type":"WebSite","@id":"https:\/\/auvisa.org\/ee\/#website","url":"https:\/\/auvisa.org\/ee\/","name":"Auvisa.org","description":"","inLanguage":"et"}]}},"_links":{"self":[{"href":"https:\/\/auvisa.org\/ee\/wp-json\/wp\/v2\/pages\/1758","targetHints":{"allow":["GET"]}}],"collection":[{"href":"https:\/\/auvisa.org\/ee\/wp-json\/wp\/v2\/pages"}],"about":[{"href":"https:\/\/auvisa.org\/ee\/wp-json\/wp\/v2\/types\/page"}],"author":[{"embeddable":true,"href":"https:\/\/auvisa.org\/ee\/wp-json\/wp\/v2\/users\/3"}],"replies":[{"embeddable":true,"href":"https:\/\/auvisa.org\/ee\/wp-json\/wp\/v2\/comments?post=1758"}],"version-history":[{"count":10,"href":"https:\/\/auvisa.org\/ee\/wp-json\/wp\/v2\/pages\/1758\/revisions"}],"predecessor-version":[{"id":14793,"href":"https:\/\/auvisa.org\/ee\/wp-json\/wp\/v2\/pages\/1758\/revisions\/14793"}],"wp:attachment":[{"href":"https:\/\/auvisa.org\/ee\/wp-json\/wp\/v2\/media?parent=1758"}],"curies":[{"name":"wp","href":"https:\/\/api.w.org\/{rel}","templated":true}]}}