{"id":1760,"date":"2020-01-08T11:13:59","date_gmt":"2020-01-08T11:13:59","guid":{"rendered":"https:\/\/dev.auvisa.org\/?page_id=1760"},"modified":"2023-08-24T13:09:32","modified_gmt":"2023-08-24T10:09:32","slug":"visa-business","status":"publish","type":"page","link":"https:\/\/auvisa.org\/ee\/visa-business\/","title":{"rendered":"Austraalia \u00c4riviisa (eVisitor) Taotlusvorm &#8211; Eesti"},"content":{"rendered":"\n<div style=\"height:20px\" aria-hidden=\"true\" class=\"wp-block-spacer\"><\/div>\n\n\n\n<p>See Business eVisitori viisataotlusvorm on m\u00f5eldud Eesti \u00e4rireisijad, kes on v\u00e4ljaspool Austraalia hetkel taotluse ja on plaanis k\u00fclastada Austraalia osalema <strong>\u00e4rikohtumiste, konverentside v\u00f5i l\u00e4bir\u00e4\u00e4kimisi<\/strong>. <\/p>\n\n\n\n<p>\u00c4ri viisa kehtib <strong>12 kuud<\/strong>, mille jooksul saab sisestada Austraalia mitu korda ja <strong>viibimist Austraalia kuni 90 p\u00e4eva iga kord<\/strong>.<\/p>\n\n\n\n<p><strong>95% viisa antakse 24 tunni jooksul<\/strong>. Viisataotluse t\u00f6\u00f6tlemise protsess v\u00f5tab aega 1-10 p\u00e4eva. Taotlus tuleks esitada v\u00e4hemalt 14 p\u00e4eva enne Austraaliasse planeeritud saabumist.  <\/p>\n\n\n\n<p>Taotluse v\u00f5ib esitada korraga mitme isiku eest. <strong>\u00dcks viisa maksab <span class=\"woocommerce-Price-amount amount\"><bdi><span class=\"woocommerce-Price-currencySymbol\">&euro;<\/span>69,00<\/bdi><\/span>. Hind sisaldab nii auvisa.orgi teenustasusid kui ka valitsuse tasusid (vajaduse korral).<\/strong><\/p>\n\n\n\n<div style=\"height:46px\" aria-hidden=\"true\" class=\"wp-block-spacer\"><\/div>\n\n\n\n<h3>Sisestage ja kinnitage oma e-posti aadress, et alustada online-avaldus:<\/h3>\n","protected":false},"excerpt":{"rendered":"<p>See Business eVisitori viisataotlusvorm on m\u00f5eldud Eesti \u00e4rireisijad, kes on v\u00e4ljaspool Austraalia hetkel taotluse ja on plaanis k\u00fclastada Austraalia osalema [&#8230;]<\/p>\n<p><a class=\"btn btn-secondary understrap-read-more-link\" href=\"https:\/\/auvisa.org\/ee\/visa-business\/\">Read More&#8230;<span class=\"screen-reader-text\"> from Austraalia \u00c4riviisa (eVisitor) Taotlusvorm &#8211; Eesti<\/span><\/a><\/p>\n","protected":false},"author":3,"featured_media":0,"parent":0,"menu_order":25,"comment_status":"closed","ping_status":"closed","template":"templates\/tpl_acf_form.php","meta":{"inline_featured_image":false,"footnotes":""},"class_list":["post-1760","page","type-page","status-publish","hentry"],"yoast_head":"<!-- This site is optimized with the Yoast SEO plugin v26.9 - https:\/\/yoast.com\/product\/yoast-seo-wordpress\/ -->\n<title>Austraalia \u00c4riviisa (eVisitor) Taotlusvorm - Eesti<\/title>\n<meta name=\"description\" content=\"Eesti \u00e4ri reisija peab taotlema Austraalia Business eVisitori Visa selle kaudu Internetis taotlusvorm. Viisa vabastati 24 tunni p\u00e4rast .\" \/>\n<meta name=\"robots\" content=\"index, follow, max-snippet:-1, max-image-preview:large, max-video-preview:-1\" \/>\n<link rel=\"canonical\" href=\"https:\/\/auvisa.org\/ee\/visa-business\/\" \/>\n<meta property=\"og:locale\" content=\"et_EE\" \/>\n<meta property=\"og:type\" content=\"article\" \/>\n<meta property=\"og:title\" content=\"Austraalia \u00c4riviisa (eVisitor) Taotlusvorm - Eesti\" \/>\n<meta property=\"og:description\" content=\"Eesti \u00e4ri reisija peab taotlema Austraalia Business eVisitori Visa selle kaudu Internetis taotlusvorm. Viisa vabastati 24 tunni p\u00e4rast .\" \/>\n<meta property=\"og:url\" content=\"https:\/\/auvisa.org\/ee\/visa-business\/\" \/>\n<meta property=\"og:site_name\" content=\"Auvisa.org\" \/>\n<meta property=\"article:modified_time\" content=\"2023-08-24T10:09:32+00:00\" \/>\n<meta name=\"twitter:card\" content=\"summary_large_image\" \/>\n<meta name=\"twitter:label1\" content=\"Est. reading time\" \/>\n\t<meta name=\"twitter:data1\" content=\"1 minut\" \/>\n<script type=\"application\/ld+json\" class=\"yoast-schema-graph\">{\"@context\":\"https:\/\/schema.org\",\"@graph\":[{\"@type\":\"WebPage\",\"@id\":\"https:\/\/auvisa.org\/ee\/visa-business\/\",\"url\":\"https:\/\/auvisa.org\/ee\/visa-business\/\",\"name\":\"Austraalia \u00c4riviisa (eVisitor) Taotlusvorm - Eesti\",\"isPartOf\":{\"@id\":\"https:\/\/auvisa.org\/ee\/#website\"},\"datePublished\":\"2020-01-08T11:13:59+00:00\",\"dateModified\":\"2023-08-24T10:09:32+00:00\",\"description\":\"Eesti \u00e4ri reisija peab taotlema Austraalia Business eVisitori Visa selle kaudu Internetis taotlusvorm. Viisa vabastati 24 tunni p\u00e4rast .\",\"breadcrumb\":{\"@id\":\"https:\/\/auvisa.org\/ee\/visa-business\/#breadcrumb\"},\"inLanguage\":\"et\",\"potentialAction\":[{\"@type\":\"ReadAction\",\"target\":[\"https:\/\/auvisa.org\/ee\/visa-business\/\"]}]},{\"@type\":\"BreadcrumbList\",\"@id\":\"https:\/\/auvisa.org\/ee\/visa-business\/#breadcrumb\",\"itemListElement\":[{\"@type\":\"ListItem\",\"position\":1,\"name\":\"Home\",\"item\":\"https:\/\/auvisa.org\/ee\/\"},{\"@type\":\"ListItem\",\"position\":2,\"name\":\"Austraalia \u00c4riviisa (eVisitor) Taotlusvorm &#8211; Eesti\"}]},{\"@type\":\"WebSite\",\"@id\":\"https:\/\/auvisa.org\/ee\/#website\",\"url\":\"https:\/\/auvisa.org\/ee\/\",\"name\":\"Auvisa.org\",\"description\":\"\",\"inLanguage\":\"et\"}]}<\/script>\n<!-- \/ Yoast SEO plugin. -->","yoast_head_json":{"title":"Austraalia \u00c4riviisa (eVisitor) Taotlusvorm - Eesti","description":"Eesti \u00e4ri reisija peab taotlema Austraalia Business eVisitori Visa selle kaudu Internetis taotlusvorm. Viisa vabastati 24 tunni p\u00e4rast .","robots":{"index":"index","follow":"follow","max-snippet":"max-snippet:-1","max-image-preview":"max-image-preview:large","max-video-preview":"max-video-preview:-1"},"canonical":"https:\/\/auvisa.org\/ee\/visa-business\/","og_locale":"et_EE","og_type":"article","og_title":"Austraalia \u00c4riviisa (eVisitor) Taotlusvorm - Eesti","og_description":"Eesti \u00e4ri reisija peab taotlema Austraalia Business eVisitori Visa selle kaudu Internetis taotlusvorm. Viisa vabastati 24 tunni p\u00e4rast .","og_url":"https:\/\/auvisa.org\/ee\/visa-business\/","og_site_name":"Auvisa.org","article_modified_time":"2023-08-24T10:09:32+00:00","twitter_card":"summary_large_image","twitter_misc":{"Est. reading time":"1 minut"},"schema":{"@context":"https:\/\/schema.org","@graph":[{"@type":"WebPage","@id":"https:\/\/auvisa.org\/ee\/visa-business\/","url":"https:\/\/auvisa.org\/ee\/visa-business\/","name":"Austraalia \u00c4riviisa (eVisitor) Taotlusvorm - Eesti","isPartOf":{"@id":"https:\/\/auvisa.org\/ee\/#website"},"datePublished":"2020-01-08T11:13:59+00:00","dateModified":"2023-08-24T10:09:32+00:00","description":"Eesti \u00e4ri reisija peab taotlema Austraalia Business eVisitori Visa selle kaudu Internetis taotlusvorm. Viisa vabastati 24 tunni p\u00e4rast .","breadcrumb":{"@id":"https:\/\/auvisa.org\/ee\/visa-business\/#breadcrumb"},"inLanguage":"et","potentialAction":[{"@type":"ReadAction","target":["https:\/\/auvisa.org\/ee\/visa-business\/"]}]},{"@type":"BreadcrumbList","@id":"https:\/\/auvisa.org\/ee\/visa-business\/#breadcrumb","itemListElement":[{"@type":"ListItem","position":1,"name":"Home","item":"https:\/\/auvisa.org\/ee\/"},{"@type":"ListItem","position":2,"name":"Austraalia \u00c4riviisa (eVisitor) Taotlusvorm &#8211; Eesti"}]},{"@type":"WebSite","@id":"https:\/\/auvisa.org\/ee\/#website","url":"https:\/\/auvisa.org\/ee\/","name":"Auvisa.org","description":"","inLanguage":"et"}]}},"_links":{"self":[{"href":"https:\/\/auvisa.org\/ee\/wp-json\/wp\/v2\/pages\/1760","targetHints":{"allow":["GET"]}}],"collection":[{"href":"https:\/\/auvisa.org\/ee\/wp-json\/wp\/v2\/pages"}],"about":[{"href":"https:\/\/auvisa.org\/ee\/wp-json\/wp\/v2\/types\/page"}],"author":[{"embeddable":true,"href":"https:\/\/auvisa.org\/ee\/wp-json\/wp\/v2\/users\/3"}],"replies":[{"embeddable":true,"href":"https:\/\/auvisa.org\/ee\/wp-json\/wp\/v2\/comments?post=1760"}],"version-history":[{"count":21,"href":"https:\/\/auvisa.org\/ee\/wp-json\/wp\/v2\/pages\/1760\/revisions"}],"predecessor-version":[{"id":14926,"href":"https:\/\/auvisa.org\/ee\/wp-json\/wp\/v2\/pages\/1760\/revisions\/14926"}],"wp:attachment":[{"href":"https:\/\/auvisa.org\/ee\/wp-json\/wp\/v2\/media?parent=1760"}],"curies":[{"name":"wp","href":"https:\/\/api.w.org\/{rel}","templated":true}]}}