{"id":1813,"date":"2011-12-23T17:09:59","date_gmt":"2011-12-23T17:09:59","guid":{"rendered":"https:\/\/auvisa.org\/?p=70"},"modified":"2020-06-03T15:40:00","modified_gmt":"2020-06-03T15:40:00","slug":"contact-us","status":"publish","type":"page","link":"https:\/\/auvisa.org\/ee\/contact-us\/","title":{"rendered":"Kontakt"},"content":{"rendered":"<p>V\u00f5tke meiega julgelt \u00fchendust, kasutades sellel lehel olevat kontaktivormi, v\u00f5tame teiega \u00fchendust nii kiiresti kui v\u00f5imalik.<\/p>\n<p>Kui olete juba viisat taotlenud, saate <a href=\"\/ee\/check\/\">selle lehe kaudu<\/a> kontrollida oma taotluse olekut.<\/p>\n\n<div class=\"wpcf7 no-js\" id=\"wpcf7-f58-o1\" lang=\"en-US\" dir=\"ltr\" data-wpcf7-id=\"58\">\n<div class=\"screen-reader-response\"><p role=\"status\" aria-live=\"polite\" aria-atomic=\"true\"><\/p> <ul><\/ul><\/div>\n<form action=\"\/ee\/wp-json\/wp\/v2\/pages\/1813#wpcf7-f58-o1\" method=\"post\" class=\"wpcf7-form init\" aria-label=\"Contact form\" novalidate=\"novalidate\" data-status=\"init\">\n<fieldset class=\"hidden-fields-container\"><input type=\"hidden\" name=\"_wpcf7\" value=\"58\" \/><input type=\"hidden\" name=\"_wpcf7_version\" value=\"6.1.4\" \/><input type=\"hidden\" name=\"_wpcf7_locale\" value=\"en_US\" \/><input type=\"hidden\" name=\"_wpcf7_unit_tag\" value=\"wpcf7-f58-o1\" \/><input type=\"hidden\" name=\"_wpcf7_container_post\" value=\"0\" \/><input type=\"hidden\" name=\"_wpcf7_posted_data_hash\" value=\"\" \/>\n<\/fieldset>\n<p><label> Nimi (kohustuslik)<br \/>\n<span class=\"wpcf7-form-control-wrap\" data-name=\"your-name\"><input size=\"40\" maxlength=\"400\" class=\"wpcf7-form-control wpcf7-text wpcf7-validates-as-required\" aria-required=\"true\" aria-invalid=\"false\" value=\"\" type=\"text\" name=\"your-name\" \/><\/span> <\/label>\n<\/p>\n<p><label> Telefoninumber<br \/>\n<span class=\"wpcf7-form-control-wrap\" data-name=\"tel-506\"><input size=\"40\" maxlength=\"400\" class=\"wpcf7-form-control wpcf7-tel wpcf7-validates-as-required wpcf7-text wpcf7-validates-as-tel\" aria-required=\"true\" aria-invalid=\"false\" value=\"\" type=\"tel\" name=\"tel-506\" \/><\/span><\/label>\n<\/p>\n<p><label> E-posti aadress (kohustuslik)<br \/>\n<span class=\"wpcf7-form-control-wrap\" data-name=\"your-email\"><input size=\"40\" maxlength=\"400\" class=\"wpcf7-form-control wpcf7-email wpcf7-validates-as-required wpcf7-text wpcf7-validates-as-email\" aria-required=\"true\" aria-invalid=\"false\" value=\"\" type=\"email\" name=\"your-email\" \/><\/span> <\/label>\n<\/p>\n<p><label> Teema<br \/>\n<span class=\"wpcf7-form-control-wrap\" data-name=\"your-subject\"><input size=\"40\" maxlength=\"400\" class=\"wpcf7-form-control wpcf7-text\" aria-invalid=\"false\" value=\"\" type=\"text\" name=\"your-subject\" \/><\/span> <\/label>\n<\/p>\n<p><label> S\u00f5num<br \/>\n<span class=\"wpcf7-form-control-wrap\" data-name=\"your-message\"><textarea cols=\"40\" rows=\"10\" maxlength=\"2000\" class=\"wpcf7-form-control wpcf7-textarea\" aria-invalid=\"false\" name=\"your-message\"><\/textarea><\/span> <\/label>\n<\/p>\n<p><input class=\"wpcf7-form-control wpcf7-submit has-spinner\" type=\"submit\" value=\"Saada\" \/><br \/>\n<span id=\"wpcf7-69d5540f516bc-wrapper\" class=\"wpcf7-form-control-wrap hp-email-confirm-wrap\" ><input type=\"hidden\" name=\"hp-email-confirm-time-start\" value=\"1775588367\"><input type=\"hidden\" name=\"hp-email-confirm-time-check\" value=\"4\"><input id=\"wpcf7-69d5540f516bc-field\"  class=\"wpcf7-form-control wpcf7-text\" type=\"text\" name=\"hp-email-confirm\" value=\"\" size=\"40\" tabindex=\"-1\" autocomplete=\"new-password\" \/><\/span>\n<\/p><input type='hidden' class='wpcf7-pum' value='{\"closepopup\":false,\"closedelay\":0,\"openpopup\":false,\"openpopup_id\":0}' \/><div class=\"wpcf7-response-output\" aria-hidden=\"true\"><\/div>\n<\/form>\n<\/div>\n\n","protected":false},"excerpt":{"rendered":"<p>V\u00f5tke meiega julgelt \u00fchendust, kasutades sellel lehel olevat kontaktivormi, v\u00f5tame teiega \u00fchendust nii kiiresti kui v\u00f5imalik. Kui olete juba viisat [&#8230;]<\/p>\n<p><a class=\"btn btn-secondary understrap-read-more-link\" href=\"https:\/\/auvisa.org\/ee\/contact-us\/\">Read More&#8230;<span class=\"screen-reader-text\"> from Kontakt<\/span><\/a><\/p>\n","protected":false},"author":3,"featured_media":0,"parent":0,"menu_order":14,"comment_status":"open","ping_status":"open","template":"","meta":{"inline_featured_image":false,"footnotes":""},"class_list":["post-1813","page","type-page","status-publish","hentry"],"yoast_head":"<!-- This site is optimized with the Yoast SEO plugin v26.9 - https:\/\/yoast.com\/product\/yoast-seo-wordpress\/ -->\n<title>Kontakt - Auvisa.org<\/title>\n<meta name=\"robots\" content=\"index, follow, max-snippet:-1, max-image-preview:large, max-video-preview:-1\" \/>\n<link rel=\"canonical\" href=\"https:\/\/auvisa.org\/ee\/contact-us\/\" \/>\n<meta property=\"og:locale\" content=\"et_EE\" \/>\n<meta property=\"og:type\" content=\"article\" \/>\n<meta property=\"og:title\" content=\"Kontakt - Auvisa.org\" \/>\n<meta property=\"og:description\" content=\"V\u00f5tke meiega julgelt \u00fchendust, kasutades sellel lehel olevat kontaktivormi, v\u00f5tame teiega \u00fchendust nii kiiresti kui v\u00f5imalik. Kui olete juba viisat [...]Read More... from Kontakt\" \/>\n<meta property=\"og:url\" content=\"https:\/\/auvisa.org\/ee\/contact-us\/\" \/>\n<meta property=\"og:site_name\" content=\"Auvisa.org\" \/>\n<meta property=\"article:modified_time\" content=\"2020-06-03T15:40:00+00:00\" \/>\n<meta name=\"twitter:card\" content=\"summary_large_image\" \/>\n<script type=\"application\/ld+json\" class=\"yoast-schema-graph\">{\"@context\":\"https:\/\/schema.org\",\"@graph\":[{\"@type\":\"WebPage\",\"@id\":\"https:\/\/auvisa.org\/ee\/contact-us\/\",\"url\":\"https:\/\/auvisa.org\/ee\/contact-us\/\",\"name\":\"Kontakt - Auvisa.org\",\"isPartOf\":{\"@id\":\"https:\/\/auvisa.org\/ee\/#website\"},\"datePublished\":\"2011-12-23T17:09:59+00:00\",\"dateModified\":\"2020-06-03T15:40:00+00:00\",\"breadcrumb\":{\"@id\":\"https:\/\/auvisa.org\/ee\/contact-us\/#breadcrumb\"},\"inLanguage\":\"et\",\"potentialAction\":[{\"@type\":\"ReadAction\",\"target\":[\"https:\/\/auvisa.org\/ee\/contact-us\/\"]}]},{\"@type\":\"BreadcrumbList\",\"@id\":\"https:\/\/auvisa.org\/ee\/contact-us\/#breadcrumb\",\"itemListElement\":[{\"@type\":\"ListItem\",\"position\":1,\"name\":\"Home\",\"item\":\"https:\/\/auvisa.org\/ee\/\"},{\"@type\":\"ListItem\",\"position\":2,\"name\":\"Kontakt\"}]},{\"@type\":\"WebSite\",\"@id\":\"https:\/\/auvisa.org\/ee\/#website\",\"url\":\"https:\/\/auvisa.org\/ee\/\",\"name\":\"Auvisa.org\",\"description\":\"\",\"inLanguage\":\"et\"}]}<\/script>\n<!-- \/ Yoast SEO plugin. -->","yoast_head_json":{"title":"Kontakt - Auvisa.org","robots":{"index":"index","follow":"follow","max-snippet":"max-snippet:-1","max-image-preview":"max-image-preview:large","max-video-preview":"max-video-preview:-1"},"canonical":"https:\/\/auvisa.org\/ee\/contact-us\/","og_locale":"et_EE","og_type":"article","og_title":"Kontakt - Auvisa.org","og_description":"V\u00f5tke meiega julgelt \u00fchendust, kasutades sellel lehel olevat kontaktivormi, v\u00f5tame teiega \u00fchendust nii kiiresti kui v\u00f5imalik. Kui olete juba viisat [...]Read More... from Kontakt","og_url":"https:\/\/auvisa.org\/ee\/contact-us\/","og_site_name":"Auvisa.org","article_modified_time":"2020-06-03T15:40:00+00:00","twitter_card":"summary_large_image","schema":{"@context":"https:\/\/schema.org","@graph":[{"@type":"WebPage","@id":"https:\/\/auvisa.org\/ee\/contact-us\/","url":"https:\/\/auvisa.org\/ee\/contact-us\/","name":"Kontakt - Auvisa.org","isPartOf":{"@id":"https:\/\/auvisa.org\/ee\/#website"},"datePublished":"2011-12-23T17:09:59+00:00","dateModified":"2020-06-03T15:40:00+00:00","breadcrumb":{"@id":"https:\/\/auvisa.org\/ee\/contact-us\/#breadcrumb"},"inLanguage":"et","potentialAction":[{"@type":"ReadAction","target":["https:\/\/auvisa.org\/ee\/contact-us\/"]}]},{"@type":"BreadcrumbList","@id":"https:\/\/auvisa.org\/ee\/contact-us\/#breadcrumb","itemListElement":[{"@type":"ListItem","position":1,"name":"Home","item":"https:\/\/auvisa.org\/ee\/"},{"@type":"ListItem","position":2,"name":"Kontakt"}]},{"@type":"WebSite","@id":"https:\/\/auvisa.org\/ee\/#website","url":"https:\/\/auvisa.org\/ee\/","name":"Auvisa.org","description":"","inLanguage":"et"}]}},"_links":{"self":[{"href":"https:\/\/auvisa.org\/ee\/wp-json\/wp\/v2\/pages\/1813","targetHints":{"allow":["GET"]}}],"collection":[{"href":"https:\/\/auvisa.org\/ee\/wp-json\/wp\/v2\/pages"}],"about":[{"href":"https:\/\/auvisa.org\/ee\/wp-json\/wp\/v2\/types\/page"}],"author":[{"embeddable":true,"href":"https:\/\/auvisa.org\/ee\/wp-json\/wp\/v2\/users\/3"}],"replies":[{"embeddable":true,"href":"https:\/\/auvisa.org\/ee\/wp-json\/wp\/v2\/comments?post=1813"}],"version-history":[{"count":4,"href":"https:\/\/auvisa.org\/ee\/wp-json\/wp\/v2\/pages\/1813\/revisions"}],"predecessor-version":[{"id":2774,"href":"https:\/\/auvisa.org\/ee\/wp-json\/wp\/v2\/pages\/1813\/revisions\/2774"}],"wp:attachment":[{"href":"https:\/\/auvisa.org\/ee\/wp-json\/wp\/v2\/media?parent=1813"}],"curies":[{"name":"wp","href":"https:\/\/api.w.org\/{rel}","templated":true}]}}