{"id":2617,"date":"2020-05-16T13:15:34","date_gmt":"2020-05-16T13:15:34","guid":{"rendered":"https:\/\/auvisa.org\/ee\/?page_id=2617"},"modified":"2020-05-16T18:51:40","modified_gmt":"2020-05-16T18:51:40","slug":"teine-toopuhkuse-viisa-eesti","status":"publish","type":"page","link":"https:\/\/auvisa.org\/ee\/teine-toopuhkuse-viisa-eesti\/","title":{"rendered":"Teine t\u00f6\u00f6puhkuse viisa (Eesti)"},"content":{"rendered":"\n<h3 class=\"wp-block-heading\" id=\"first-paragraph\"><strong>Lisateave teise t\u00f6\u00f6puhkuse viisade kohta<\/strong><\/h3>\n\n\n\n<p>Teise t\u00f6\u00f6puhkuse viisa saate taotleda j\u00e4rgmiste tingimuste t\u00e4itmise korral:<\/p>\n\n\n\n<ul class=\"wp-block-list\"><li>K\u00f5ik, mis kehtib&nbsp;<a href=\"\/ee\/working-holiday-viisa-austraaliasse\/\" class=\"aioseop-link\">esimese t\u00f6\u00f6puhkuse viisa kohta<\/a>&nbsp;, pluss:<ul><li>olete t\u00e4itnud k\u00f5ik teie esimese t\u00f6\u00f6puhkuse viisa tingimused<\/li><\/ul><ul><li>ei ole varem&nbsp;saanud&nbsp;rohkem kui \u00fchte t\u00f6\u00f6puhkuse viisa<\/li><\/ul><ul><li>on l\u00e4binud kolme kuu&nbsp;<a href=\"\/ee\/working-holiday-viisa-austraaliasse\/#specified\" class=\"aioseop-link\">t\u00e4psustatud&nbsp;w&nbsp;ork<\/a>&nbsp;piirkondlike&nbsp;valdkondades&nbsp;Austraalia ajal oma esimese t\u00f6\u00f6tamis\u00f5igusega turismiviisa.&nbsp;&nbsp;<\/li><\/ul><\/li><\/ul>\n\n\n\n<p>Kui viibite praegu oma esimese t\u00f6\u00f6puhkuse viisaga Austraalias ja soovite selles riigis j\u00e4\u00e4da, peaksite&nbsp;<strong>enne esimese kehtivusaja l\u00f5ppu taotlema teist t\u00f6\u00f6puhkuse viisa&nbsp;<\/strong>.&nbsp;<\/p>\n\n\n\n<p>&#8221;&nbsp;M\u00e4\u00e4ratletud&nbsp;W&nbsp;ork&nbsp;&#8221;&nbsp;on t\u00f6\u00f6 l\u00e4bi&nbsp;<strong>rea t\u00e4psustatud t\u00f6\u00f6 v\u00f5i t\u00f6\u00f6stuse ja piirkondade&nbsp;<\/strong>, sealhulgas:&nbsp;<\/p>\n\n\n\n<ul class=\"wp-block-list\"><li><strong>Kalap\u00fc\u00fck ja p\u00e4rlmutter&nbsp;<\/strong>Austraalia p\u00f5hjaosas<\/li><li><strong>Puude kasvatamine&nbsp;<\/strong>ja raie P\u00f5hja-Austraalias<\/li><li><strong>Turism ja k\u00fclalislahkus&nbsp;<\/strong>P\u00f5hja-Austraalias<\/li><li><strong>Taimede ja loomade kasvatamine&nbsp;<\/strong>P\u00f5hja-Austraalias ja teistes m\u00e4\u00e4ratletud piirkondades<\/li><\/ul>\n\n\n\n<p>Lisateavet t\u00e4psustatud t\u00f6\u00f6kohtade kohta leiate&nbsp;<a href=\"\/ee\/working-holiday-viisa-austraaliasse\/#specified\" class=\"aioseop-link\">spetsiaalsest jaotusest Working Holiday Visa<\/a>&nbsp;.&nbsp;<\/p>\n\n\n\n<div class=\"text-right\"><a href=\"\/ee\/visa-workingsecond\/\" class=\"btn  px-5 btn-green\">Taotleda teise WHV Visa<\/a><\/div>\n","protected":false},"excerpt":{"rendered":"<p>Lisateave teise t\u00f6\u00f6puhkuse viisade kohta Teise t\u00f6\u00f6puhkuse viisa saate taotleda j\u00e4rgmiste tingimuste t\u00e4itmise korral: K\u00f5ik, mis kehtib&nbsp;esimese t\u00f6\u00f6puhkuse viisa kohta&nbsp;, [&#8230;]<\/p>\n<p><a class=\"btn btn-secondary understrap-read-more-link\" href=\"https:\/\/auvisa.org\/ee\/teine-toopuhkuse-viisa-eesti\/\">Read More&#8230;<span class=\"screen-reader-text\"> from Teine t\u00f6\u00f6puhkuse viisa (Eesti)<\/span><\/a><\/p>\n","protected":false},"author":5,"featured_media":0,"parent":0,"menu_order":5,"comment_status":"closed","ping_status":"closed","template":"templates\/tpl_spiegazione.php","meta":{"inline_featured_image":false,"footnotes":""},"class_list":["post-2617","page","type-page","status-publish","hentry"],"yoast_head":"<!-- This site is optimized with the Yoast SEO plugin v26.9 - https:\/\/yoast.com\/product\/yoast-seo-wordpress\/ -->\n<title>Austraalia teine t\u00f6\u00f6puhkuse viisa Eesti kodanikele<\/title>\n<meta name=\"description\" content=\"Teine t\u00f6\u00f6puhkuse viisa on neile, kellele on antud t\u00f6\u00f6puhkuse viisa ja kes soovivad oma Austraalias viibimist pikendada . Kandideeri veebis.\" \/>\n<meta name=\"robots\" content=\"index, follow, max-snippet:-1, max-image-preview:large, max-video-preview:-1\" \/>\n<link rel=\"canonical\" href=\"https:\/\/auvisa.org\/ee\/teine-toopuhkuse-viisa-eesti\/\" \/>\n<meta property=\"og:locale\" content=\"et_EE\" \/>\n<meta property=\"og:type\" content=\"article\" \/>\n<meta property=\"og:title\" content=\"Austraalia teine t\u00f6\u00f6puhkuse viisa Eesti kodanikele\" \/>\n<meta property=\"og:description\" content=\"Teine t\u00f6\u00f6puhkuse viisa on neile, kellele on antud t\u00f6\u00f6puhkuse viisa ja kes soovivad oma Austraalias viibimist pikendada . Kandideeri veebis.\" \/>\n<meta property=\"og:url\" content=\"https:\/\/auvisa.org\/ee\/teine-toopuhkuse-viisa-eesti\/\" \/>\n<meta property=\"og:site_name\" content=\"Auvisa.org\" \/>\n<meta property=\"article:modified_time\" content=\"2020-05-16T18:51:40+00:00\" \/>\n<meta name=\"twitter:card\" content=\"summary_large_image\" \/>\n<meta name=\"twitter:label1\" content=\"Est. reading time\" \/>\n\t<meta name=\"twitter:data1\" content=\"1 minut\" \/>\n<script type=\"application\/ld+json\" class=\"yoast-schema-graph\">{\"@context\":\"https:\/\/schema.org\",\"@graph\":[{\"@type\":\"WebPage\",\"@id\":\"https:\/\/auvisa.org\/ee\/teine-toopuhkuse-viisa-eesti\/\",\"url\":\"https:\/\/auvisa.org\/ee\/teine-toopuhkuse-viisa-eesti\/\",\"name\":\"Austraalia teine t\u00f6\u00f6puhkuse viisa Eesti kodanikele\",\"isPartOf\":{\"@id\":\"https:\/\/auvisa.org\/ee\/#website\"},\"datePublished\":\"2020-05-16T13:15:34+00:00\",\"dateModified\":\"2020-05-16T18:51:40+00:00\",\"description\":\"Teine t\u00f6\u00f6puhkuse viisa on neile, kellele on antud t\u00f6\u00f6puhkuse viisa ja kes soovivad oma Austraalias viibimist pikendada . Kandideeri veebis.\",\"breadcrumb\":{\"@id\":\"https:\/\/auvisa.org\/ee\/teine-toopuhkuse-viisa-eesti\/#breadcrumb\"},\"inLanguage\":\"et\",\"potentialAction\":[{\"@type\":\"ReadAction\",\"target\":[\"https:\/\/auvisa.org\/ee\/teine-toopuhkuse-viisa-eesti\/\"]}]},{\"@type\":\"BreadcrumbList\",\"@id\":\"https:\/\/auvisa.org\/ee\/teine-toopuhkuse-viisa-eesti\/#breadcrumb\",\"itemListElement\":[{\"@type\":\"ListItem\",\"position\":1,\"name\":\"Home\",\"item\":\"https:\/\/auvisa.org\/ee\/\"},{\"@type\":\"ListItem\",\"position\":2,\"name\":\"Teine t\u00f6\u00f6puhkuse viisa (Eesti)\"}]},{\"@type\":\"WebSite\",\"@id\":\"https:\/\/auvisa.org\/ee\/#website\",\"url\":\"https:\/\/auvisa.org\/ee\/\",\"name\":\"Auvisa.org\",\"description\":\"\",\"inLanguage\":\"et\"}]}<\/script>\n<!-- \/ Yoast SEO plugin. -->","yoast_head_json":{"title":"Austraalia teine t\u00f6\u00f6puhkuse viisa Eesti kodanikele","description":"Teine t\u00f6\u00f6puhkuse viisa on neile, kellele on antud t\u00f6\u00f6puhkuse viisa ja kes soovivad oma Austraalias viibimist pikendada . Kandideeri veebis.","robots":{"index":"index","follow":"follow","max-snippet":"max-snippet:-1","max-image-preview":"max-image-preview:large","max-video-preview":"max-video-preview:-1"},"canonical":"https:\/\/auvisa.org\/ee\/teine-toopuhkuse-viisa-eesti\/","og_locale":"et_EE","og_type":"article","og_title":"Austraalia teine t\u00f6\u00f6puhkuse viisa Eesti kodanikele","og_description":"Teine t\u00f6\u00f6puhkuse viisa on neile, kellele on antud t\u00f6\u00f6puhkuse viisa ja kes soovivad oma Austraalias viibimist pikendada . Kandideeri veebis.","og_url":"https:\/\/auvisa.org\/ee\/teine-toopuhkuse-viisa-eesti\/","og_site_name":"Auvisa.org","article_modified_time":"2020-05-16T18:51:40+00:00","twitter_card":"summary_large_image","twitter_misc":{"Est. reading time":"1 minut"},"schema":{"@context":"https:\/\/schema.org","@graph":[{"@type":"WebPage","@id":"https:\/\/auvisa.org\/ee\/teine-toopuhkuse-viisa-eesti\/","url":"https:\/\/auvisa.org\/ee\/teine-toopuhkuse-viisa-eesti\/","name":"Austraalia teine t\u00f6\u00f6puhkuse viisa Eesti kodanikele","isPartOf":{"@id":"https:\/\/auvisa.org\/ee\/#website"},"datePublished":"2020-05-16T13:15:34+00:00","dateModified":"2020-05-16T18:51:40+00:00","description":"Teine t\u00f6\u00f6puhkuse viisa on neile, kellele on antud t\u00f6\u00f6puhkuse viisa ja kes soovivad oma Austraalias viibimist pikendada . Kandideeri veebis.","breadcrumb":{"@id":"https:\/\/auvisa.org\/ee\/teine-toopuhkuse-viisa-eesti\/#breadcrumb"},"inLanguage":"et","potentialAction":[{"@type":"ReadAction","target":["https:\/\/auvisa.org\/ee\/teine-toopuhkuse-viisa-eesti\/"]}]},{"@type":"BreadcrumbList","@id":"https:\/\/auvisa.org\/ee\/teine-toopuhkuse-viisa-eesti\/#breadcrumb","itemListElement":[{"@type":"ListItem","position":1,"name":"Home","item":"https:\/\/auvisa.org\/ee\/"},{"@type":"ListItem","position":2,"name":"Teine t\u00f6\u00f6puhkuse viisa (Eesti)"}]},{"@type":"WebSite","@id":"https:\/\/auvisa.org\/ee\/#website","url":"https:\/\/auvisa.org\/ee\/","name":"Auvisa.org","description":"","inLanguage":"et"}]}},"_links":{"self":[{"href":"https:\/\/auvisa.org\/ee\/wp-json\/wp\/v2\/pages\/2617","targetHints":{"allow":["GET"]}}],"collection":[{"href":"https:\/\/auvisa.org\/ee\/wp-json\/wp\/v2\/pages"}],"about":[{"href":"https:\/\/auvisa.org\/ee\/wp-json\/wp\/v2\/types\/page"}],"author":[{"embeddable":true,"href":"https:\/\/auvisa.org\/ee\/wp-json\/wp\/v2\/users\/5"}],"replies":[{"embeddable":true,"href":"https:\/\/auvisa.org\/ee\/wp-json\/wp\/v2\/comments?post=2617"}],"version-history":[{"count":9,"href":"https:\/\/auvisa.org\/ee\/wp-json\/wp\/v2\/pages\/2617\/revisions"}],"predecessor-version":[{"id":2695,"href":"https:\/\/auvisa.org\/ee\/wp-json\/wp\/v2\/pages\/2617\/revisions\/2695"}],"wp:attachment":[{"href":"https:\/\/auvisa.org\/ee\/wp-json\/wp\/v2\/media?parent=2617"}],"curies":[{"name":"wp","href":"https:\/\/api.w.org\/{rel}","templated":true}]}}