{"id":2636,"date":"2020-05-16T16:31:09","date_gmt":"2020-05-16T16:31:09","guid":{"rendered":"https:\/\/auvisa.org\/ee\/?page_id=2636"},"modified":"2020-06-03T12:56:50","modified_gmt":"2020-06-03T12:56:50","slug":"austraalia-ajutise-too-viisa-eesti","status":"publish","type":"page","link":"https:\/\/auvisa.org\/ee\/austraalia-ajutise-too-viisa-eesti\/","title":{"rendered":"Austraalia ajutise t\u00f6\u00f6 viisa ( Eesti )"},"content":{"rendered":"\n<h2 class=\"wp-block-heading\" id=\"first-paragraph\">Austraalia ajutise t\u00f6\u00f6 viisa Eesti kodanikele<\/h2>\n\n\n\n<p>Austraalia ajutise t\u00f6\u00f6 viisa (alaklass 400) on m\u00f5eldud Eesti kodanikele, kes l\u00e4hevad Austraaliasse ajutist t\u00f6\u00f6d tegema.<\/p>\n\n\n\n<p><strong>Viisa v\u00f5ib anda kuni kolmeks kuuks.<\/strong><\/p>\n\n\n\n<p>Seda viisat saate taotleda, kui:<\/p>\n\n\n\n<ul class=\"wp-block-list\"><li>Olete v\u00e4ljaspool Austraaliat<\/li><li>Teete l\u00fchiajalist, v\u00e4ga spetsialiseerunud, ajutist t\u00f6\u00f6d<\/li><li>Osalete kultuuri- v\u00f5i seltskonna\u00fcritusel<\/li><li>Osalete tegevuses v\u00f5i t\u00f6\u00f6s, mis on seotud Austraalia huvidega<\/li><\/ul>\n\n\n\n<p>Kandideerimiseks peate olema kutsutud organisatsiooni poolt, kelle heaks te t\u00f6\u00f6tate.<\/p>\n\n\n\n<p>Eesti kodanikuna peavad teil olema ka t\u00f6\u00f6ga seotud isikuomadused v\u00f5i t\u00f6\u00f6h\u00f5ive taust. Taotluse t\u00e4itmiseks palutakse teil esitada erinevad dokumendid.<\/p>\n","protected":false},"excerpt":{"rendered":"<p>Austraalia ajutise t\u00f6\u00f6 viisa Eesti kodanikele Austraalia ajutise t\u00f6\u00f6 viisa (alaklass 400) on m\u00f5eldud Eesti kodanikele, kes l\u00e4hevad Austraaliasse ajutist [&#8230;]<\/p>\n<p><a class=\"btn btn-secondary understrap-read-more-link\" href=\"https:\/\/auvisa.org\/ee\/austraalia-ajutise-too-viisa-eesti\/\">Read More&#8230;<span class=\"screen-reader-text\"> from Austraalia ajutise t\u00f6\u00f6 viisa ( Eesti )<\/span><\/a><\/p>\n","protected":false},"author":5,"featured_media":0,"parent":0,"menu_order":20,"comment_status":"closed","ping_status":"closed","template":"templates\/tpl_spiegazione.php","meta":{"inline_featured_image":false,"footnotes":""},"class_list":["post-2636","page","type-page","status-publish","hentry"],"yoast_head":"<!-- This site is optimized with the Yoast SEO plugin v26.9 - https:\/\/yoast.com\/product\/yoast-seo-wordpress\/ -->\n<title>Austraalia ajutise t\u00f6\u00f6 viisa ( Eesti ): kandideeri kohe<\/title>\n<meta name=\"description\" content=\"Austraalia ajutise t\u00f6\u00f6 viisa (alaklass 400) on m\u00f5eldud Eesti kodanikele, kes l\u00e4hevad Austraaliasse tegema spetsialiseerunud ajutist t\u00f6\u00f6d. Kandideeri veebis.\" \/>\n<meta name=\"robots\" content=\"index, follow, max-snippet:-1, max-image-preview:large, max-video-preview:-1\" \/>\n<link rel=\"canonical\" href=\"https:\/\/auvisa.org\/ee\/austraalia-ajutise-too-viisa-eesti\/\" \/>\n<meta property=\"og:locale\" content=\"et_EE\" \/>\n<meta property=\"og:type\" content=\"article\" \/>\n<meta property=\"og:title\" content=\"Austraalia ajutise t\u00f6\u00f6 viisa ( Eesti ): kandideeri kohe\" \/>\n<meta property=\"og:description\" content=\"Austraalia ajutise t\u00f6\u00f6 viisa (alaklass 400) on m\u00f5eldud Eesti kodanikele, kes l\u00e4hevad Austraaliasse tegema spetsialiseerunud ajutist t\u00f6\u00f6d. Kandideeri veebis.\" \/>\n<meta property=\"og:url\" content=\"https:\/\/auvisa.org\/ee\/austraalia-ajutise-too-viisa-eesti\/\" \/>\n<meta property=\"og:site_name\" content=\"Auvisa.org\" \/>\n<meta property=\"article:modified_time\" content=\"2020-06-03T12:56:50+00:00\" \/>\n<meta name=\"twitter:card\" content=\"summary_large_image\" \/>\n<script type=\"application\/ld+json\" class=\"yoast-schema-graph\">{\"@context\":\"https:\/\/schema.org\",\"@graph\":[{\"@type\":\"WebPage\",\"@id\":\"https:\/\/auvisa.org\/ee\/austraalia-ajutise-too-viisa-eesti\/\",\"url\":\"https:\/\/auvisa.org\/ee\/austraalia-ajutise-too-viisa-eesti\/\",\"name\":\"Austraalia ajutise t\u00f6\u00f6 viisa ( Eesti ): kandideeri kohe\",\"isPartOf\":{\"@id\":\"https:\/\/auvisa.org\/ee\/#website\"},\"datePublished\":\"2020-05-16T16:31:09+00:00\",\"dateModified\":\"2020-06-03T12:56:50+00:00\",\"description\":\"Austraalia ajutise t\u00f6\u00f6 viisa (alaklass 400) on m\u00f5eldud Eesti kodanikele, kes l\u00e4hevad Austraaliasse tegema spetsialiseerunud ajutist t\u00f6\u00f6d. Kandideeri veebis.\",\"breadcrumb\":{\"@id\":\"https:\/\/auvisa.org\/ee\/austraalia-ajutise-too-viisa-eesti\/#breadcrumb\"},\"inLanguage\":\"et\",\"potentialAction\":[{\"@type\":\"ReadAction\",\"target\":[\"https:\/\/auvisa.org\/ee\/austraalia-ajutise-too-viisa-eesti\/\"]}]},{\"@type\":\"BreadcrumbList\",\"@id\":\"https:\/\/auvisa.org\/ee\/austraalia-ajutise-too-viisa-eesti\/#breadcrumb\",\"itemListElement\":[{\"@type\":\"ListItem\",\"position\":1,\"name\":\"Home\",\"item\":\"https:\/\/auvisa.org\/ee\/\"},{\"@type\":\"ListItem\",\"position\":2,\"name\":\"Austraalia ajutise t\u00f6\u00f6 viisa ( Eesti )\"}]},{\"@type\":\"WebSite\",\"@id\":\"https:\/\/auvisa.org\/ee\/#website\",\"url\":\"https:\/\/auvisa.org\/ee\/\",\"name\":\"Auvisa.org\",\"description\":\"\",\"inLanguage\":\"et\"}]}<\/script>\n<!-- \/ Yoast SEO plugin. -->","yoast_head_json":{"title":"Austraalia ajutise t\u00f6\u00f6 viisa ( Eesti ): kandideeri kohe","description":"Austraalia ajutise t\u00f6\u00f6 viisa (alaklass 400) on m\u00f5eldud Eesti kodanikele, kes l\u00e4hevad Austraaliasse tegema spetsialiseerunud ajutist t\u00f6\u00f6d. Kandideeri veebis.","robots":{"index":"index","follow":"follow","max-snippet":"max-snippet:-1","max-image-preview":"max-image-preview:large","max-video-preview":"max-video-preview:-1"},"canonical":"https:\/\/auvisa.org\/ee\/austraalia-ajutise-too-viisa-eesti\/","og_locale":"et_EE","og_type":"article","og_title":"Austraalia ajutise t\u00f6\u00f6 viisa ( Eesti ): kandideeri kohe","og_description":"Austraalia ajutise t\u00f6\u00f6 viisa (alaklass 400) on m\u00f5eldud Eesti kodanikele, kes l\u00e4hevad Austraaliasse tegema spetsialiseerunud ajutist t\u00f6\u00f6d. Kandideeri veebis.","og_url":"https:\/\/auvisa.org\/ee\/austraalia-ajutise-too-viisa-eesti\/","og_site_name":"Auvisa.org","article_modified_time":"2020-06-03T12:56:50+00:00","twitter_card":"summary_large_image","schema":{"@context":"https:\/\/schema.org","@graph":[{"@type":"WebPage","@id":"https:\/\/auvisa.org\/ee\/austraalia-ajutise-too-viisa-eesti\/","url":"https:\/\/auvisa.org\/ee\/austraalia-ajutise-too-viisa-eesti\/","name":"Austraalia ajutise t\u00f6\u00f6 viisa ( Eesti ): kandideeri kohe","isPartOf":{"@id":"https:\/\/auvisa.org\/ee\/#website"},"datePublished":"2020-05-16T16:31:09+00:00","dateModified":"2020-06-03T12:56:50+00:00","description":"Austraalia ajutise t\u00f6\u00f6 viisa (alaklass 400) on m\u00f5eldud Eesti kodanikele, kes l\u00e4hevad Austraaliasse tegema spetsialiseerunud ajutist t\u00f6\u00f6d. Kandideeri veebis.","breadcrumb":{"@id":"https:\/\/auvisa.org\/ee\/austraalia-ajutise-too-viisa-eesti\/#breadcrumb"},"inLanguage":"et","potentialAction":[{"@type":"ReadAction","target":["https:\/\/auvisa.org\/ee\/austraalia-ajutise-too-viisa-eesti\/"]}]},{"@type":"BreadcrumbList","@id":"https:\/\/auvisa.org\/ee\/austraalia-ajutise-too-viisa-eesti\/#breadcrumb","itemListElement":[{"@type":"ListItem","position":1,"name":"Home","item":"https:\/\/auvisa.org\/ee\/"},{"@type":"ListItem","position":2,"name":"Austraalia ajutise t\u00f6\u00f6 viisa ( Eesti )"}]},{"@type":"WebSite","@id":"https:\/\/auvisa.org\/ee\/#website","url":"https:\/\/auvisa.org\/ee\/","name":"Auvisa.org","description":"","inLanguage":"et"}]}},"_links":{"self":[{"href":"https:\/\/auvisa.org\/ee\/wp-json\/wp\/v2\/pages\/2636","targetHints":{"allow":["GET"]}}],"collection":[{"href":"https:\/\/auvisa.org\/ee\/wp-json\/wp\/v2\/pages"}],"about":[{"href":"https:\/\/auvisa.org\/ee\/wp-json\/wp\/v2\/types\/page"}],"author":[{"embeddable":true,"href":"https:\/\/auvisa.org\/ee\/wp-json\/wp\/v2\/users\/5"}],"replies":[{"embeddable":true,"href":"https:\/\/auvisa.org\/ee\/wp-json\/wp\/v2\/comments?post=2636"}],"version-history":[{"count":6,"href":"https:\/\/auvisa.org\/ee\/wp-json\/wp\/v2\/pages\/2636\/revisions"}],"predecessor-version":[{"id":2769,"href":"https:\/\/auvisa.org\/ee\/wp-json\/wp\/v2\/pages\/2636\/revisions\/2769"}],"wp:attachment":[{"href":"https:\/\/auvisa.org\/ee\/wp-json\/wp\/v2\/media?parent=2636"}],"curies":[{"name":"wp","href":"https:\/\/api.w.org\/{rel}","templated":true}]}}