{"id":355,"date":"2012-05-28T14:56:02","date_gmt":"2012-05-28T14:56:02","guid":{"rendered":"https:\/\/auvisa.org\/?p=355"},"modified":"2024-02-29T12:12:26","modified_gmt":"2024-02-29T10:12:26","slug":"tingimused","status":"publish","type":"page","link":"https:\/\/auvisa.org\/ee\/tingimused\/","title":{"rendered":"Meist"},"content":{"rendered":"<p>See veebileht on firma Visa &amp; Immigration Services LTD omand. Hong Kongis asuva ettev\u00f5tte registreerimisnumber on 72792776. Visa &amp; Immigration Services LTD on rahvusvaheline ettev\u00f5te, mis on spetsialiseerunud viisateenustele. Tegutseme \u00fcle maailma mitmetes erinevates keeltes.<\/p>\n<h2>Meie missioon<\/h2>\n<p>Visa\u00a0&amp;\u00a0Immigration\u00a0Services\u00a0LTD missiooniks on pakkuda t\u00f5lketeenuseid ning konsulaarabi, mis puudutab viisa ja riiki sisenemise loa taotlemist. Pakume abi mitmetes erinevates keeltes, peamiselt Euroopa keeltes. Kui Te valdate inglise keelt v\u00f5i ei vaja abi, siis v\u00f5ite taotleda viisat v\u00f5i luba iseseisvalt, ilma meie teenuseid kasutamata.<\/p>\n<p>Austraalia ajutist turismi- v\u00f5i \u00e4riviisat saab taotleda tasuta Austraalia Immigratsiooni- ja Kodakondsusameti kodulehe kaudu: <a href=\"https:\/\/www.homeaffairs.gov.au\/\">http:\/\/www.immi.gov.au<\/a>.<\/p>\n<h2>Maksmine<\/h2>\n<p>Taotluse eest maksmine on iga viisataotluse viimane etapp. Samuti on v\u00f5imalik taotlus salvestada ja tasuda hiljem. Viisataolust ei peeta enne l\u00f5petatuks, kui n\u00f5utud l\u00f5iv on tasutud. Me ei tegele taotlusega enne, kui selle eest on tasutud.<\/p>\n<p>Auvisa.org j\u00e4tab endale \u00f5iguse muuta hindu ilma ette teatamata.<\/p>\n<h2>Taotluse l\u00e4bivaatamine<\/h2>\n<p>Paljudel juhtudel saate viisatotluse vastuse \u00fche p\u00e4eva jooksul. Soovitame siiski viisat taotleda v\u00e4hemalt 14 p\u00e4eva enne kavandatud reisi algust, sest m\u00f5ningatel juhtudel v\u00f5ib taotluse l\u00e4bivaatamine kesta kuni 10 p\u00e4eva v\u00f5i enam. Sest &#8220;Working Holiday&#8221;, mida peaks tegema taotluse v\u00e4hemalt 2 kuud ette.<\/p>\n<h2>Isiklikud andmed<\/h2>\n<p>Me salvestame Teie isikuandmed (viisataotlus) ainult viisa taotlemiseks. Meie ei jaga seda informatsiooni mitte kunagi ilma Teie n\u00f5usolekuta.<\/p>\n<h2>Lisainfo<\/h2>\n<p>Me v\u00f5ime m\u00f5nikord paluda taotluse jaoks lisainfot. V\u00f5tame Teiega \u00fchendust e-posti teel ning Teie kohustus on regulaarselt kontrollida oma e-posti ja vastata \u00f5igeaegselt k\u00fcsimustele. Kui me saadame Teie e-postile p\u00e4ringu, kuid ei saa vastust \u00f5igeaegselt, siis viib see tavaliselt viisataotluse rahuldamata j\u00e4tmiseni.<\/p>\n<h2>Vanusepiirang<\/h2>\n<p>Meie teenuse kasutamiseks peate olema v\u00e4hemalt 18 aastat vana. Enam kui 18-aasta vanused inimesed v\u00f5ivad viisat taotleda alla 18-aastaste nimel.<\/p>\n<h2>Garantiid<\/h2>\n<p>Otsuse viisataotluse vastuv\u00f5tmise v\u00f5i tagasil\u00fckkamise kohta teeb Austraalia Immigratsiooni- ja Kodakondsusamet. Auvisa.org ei saa seda otsust m\u00f5jutada.<\/p>\n<p>Auvisa.org\u2019i ei saa pidada vastutavaks otseste v\u00f5i kaudsete kahjude, p\u00f5hjuslike, majanduslike v\u00f5i muude kahjude eest, mida on p\u00f5hjustanud see veebileht v\u00f5i meie teenused, mida on kas osutatud v\u00f5i mitte osutatud.<\/p>\n<h2>Tingimuste<\/h2>\n<p><a href=\"\/terms\/auvisa_terms_and_conditions_ee.pdf\">https:\/\/auvisa.org\/terms\/auvisa_terms_and_conditions_ee.pdf<\/a><\/p>\n","protected":false},"excerpt":{"rendered":"<p>See veebileht on firma Visa &amp; Immigration Services LTD omand. Hong Kongis asuva ettev\u00f5tte registreerimisnumber on 72792776. Visa &amp; Immigration [&#8230;]<\/p>\n<p><a class=\"btn btn-secondary understrap-read-more-link\" href=\"https:\/\/auvisa.org\/ee\/tingimused\/\">Read More&#8230;<span class=\"screen-reader-text\"> from Meist<\/span><\/a><\/p>\n","protected":false},"author":4,"featured_media":0,"parent":0,"menu_order":0,"comment_status":"open","ping_status":"open","template":"","meta":{"inline_featured_image":false,"footnotes":""},"class_list":["post-355","page","type-page","status-publish","hentry"],"yoast_head":"<!-- This site is optimized with the Yoast SEO plugin v26.9 - https:\/\/yoast.com\/product\/yoast-seo-wordpress\/ -->\n<title>Meist - Auvisa.org<\/title>\n<meta name=\"robots\" content=\"index, follow, max-snippet:-1, max-image-preview:large, max-video-preview:-1\" \/>\n<link rel=\"canonical\" href=\"https:\/\/auvisa.org\/ee\/tingimused\/\" \/>\n<meta property=\"og:locale\" content=\"et_EE\" \/>\n<meta property=\"og:type\" content=\"article\" \/>\n<meta property=\"og:title\" content=\"Meist - Auvisa.org\" \/>\n<meta property=\"og:description\" content=\"See veebileht on firma Visa &amp; Immigration Services LTD omand. Hong Kongis asuva ettev\u00f5tte registreerimisnumber on 72792776. Visa &amp; Immigration [...]Read More... from Meist\" \/>\n<meta property=\"og:url\" content=\"https:\/\/auvisa.org\/ee\/tingimused\/\" \/>\n<meta property=\"og:site_name\" content=\"Auvisa.org\" \/>\n<meta property=\"article:modified_time\" content=\"2024-02-29T10:12:26+00:00\" \/>\n<meta name=\"twitter:card\" content=\"summary_large_image\" \/>\n<meta name=\"twitter:label1\" content=\"Est. reading time\" \/>\n\t<meta name=\"twitter:data1\" content=\"2 minutit\" \/>\n<script type=\"application\/ld+json\" class=\"yoast-schema-graph\">{\"@context\":\"https:\/\/schema.org\",\"@graph\":[{\"@type\":\"WebPage\",\"@id\":\"https:\/\/auvisa.org\/ee\/tingimused\/\",\"url\":\"https:\/\/auvisa.org\/ee\/tingimused\/\",\"name\":\"Meist - Auvisa.org\",\"isPartOf\":{\"@id\":\"https:\/\/auvisa.org\/ee\/#website\"},\"datePublished\":\"2012-05-28T14:56:02+00:00\",\"dateModified\":\"2024-02-29T10:12:26+00:00\",\"breadcrumb\":{\"@id\":\"https:\/\/auvisa.org\/ee\/tingimused\/#breadcrumb\"},\"inLanguage\":\"et\",\"potentialAction\":[{\"@type\":\"ReadAction\",\"target\":[\"https:\/\/auvisa.org\/ee\/tingimused\/\"]}]},{\"@type\":\"BreadcrumbList\",\"@id\":\"https:\/\/auvisa.org\/ee\/tingimused\/#breadcrumb\",\"itemListElement\":[{\"@type\":\"ListItem\",\"position\":1,\"name\":\"Home\",\"item\":\"https:\/\/auvisa.org\/ee\/\"},{\"@type\":\"ListItem\",\"position\":2,\"name\":\"Meist\"}]},{\"@type\":\"WebSite\",\"@id\":\"https:\/\/auvisa.org\/ee\/#website\",\"url\":\"https:\/\/auvisa.org\/ee\/\",\"name\":\"Auvisa.org\",\"description\":\"\",\"inLanguage\":\"et\"}]}<\/script>\n<!-- \/ Yoast SEO plugin. -->","yoast_head_json":{"title":"Meist - Auvisa.org","robots":{"index":"index","follow":"follow","max-snippet":"max-snippet:-1","max-image-preview":"max-image-preview:large","max-video-preview":"max-video-preview:-1"},"canonical":"https:\/\/auvisa.org\/ee\/tingimused\/","og_locale":"et_EE","og_type":"article","og_title":"Meist - Auvisa.org","og_description":"See veebileht on firma Visa &amp; Immigration Services LTD omand. Hong Kongis asuva ettev\u00f5tte registreerimisnumber on 72792776. Visa &amp; Immigration [...]Read More... from Meist","og_url":"https:\/\/auvisa.org\/ee\/tingimused\/","og_site_name":"Auvisa.org","article_modified_time":"2024-02-29T10:12:26+00:00","twitter_card":"summary_large_image","twitter_misc":{"Est. reading time":"2 minutit"},"schema":{"@context":"https:\/\/schema.org","@graph":[{"@type":"WebPage","@id":"https:\/\/auvisa.org\/ee\/tingimused\/","url":"https:\/\/auvisa.org\/ee\/tingimused\/","name":"Meist - Auvisa.org","isPartOf":{"@id":"https:\/\/auvisa.org\/ee\/#website"},"datePublished":"2012-05-28T14:56:02+00:00","dateModified":"2024-02-29T10:12:26+00:00","breadcrumb":{"@id":"https:\/\/auvisa.org\/ee\/tingimused\/#breadcrumb"},"inLanguage":"et","potentialAction":[{"@type":"ReadAction","target":["https:\/\/auvisa.org\/ee\/tingimused\/"]}]},{"@type":"BreadcrumbList","@id":"https:\/\/auvisa.org\/ee\/tingimused\/#breadcrumb","itemListElement":[{"@type":"ListItem","position":1,"name":"Home","item":"https:\/\/auvisa.org\/ee\/"},{"@type":"ListItem","position":2,"name":"Meist"}]},{"@type":"WebSite","@id":"https:\/\/auvisa.org\/ee\/#website","url":"https:\/\/auvisa.org\/ee\/","name":"Auvisa.org","description":"","inLanguage":"et"}]}},"_links":{"self":[{"href":"https:\/\/auvisa.org\/ee\/wp-json\/wp\/v2\/pages\/355","targetHints":{"allow":["GET"]}}],"collection":[{"href":"https:\/\/auvisa.org\/ee\/wp-json\/wp\/v2\/pages"}],"about":[{"href":"https:\/\/auvisa.org\/ee\/wp-json\/wp\/v2\/types\/page"}],"author":[{"embeddable":true,"href":"https:\/\/auvisa.org\/ee\/wp-json\/wp\/v2\/users\/4"}],"replies":[{"embeddable":true,"href":"https:\/\/auvisa.org\/ee\/wp-json\/wp\/v2\/comments?post=355"}],"version-history":[{"count":6,"href":"https:\/\/auvisa.org\/ee\/wp-json\/wp\/v2\/pages\/355\/revisions"}],"predecessor-version":[{"id":15358,"href":"https:\/\/auvisa.org\/ee\/wp-json\/wp\/v2\/pages\/355\/revisions\/15358"}],"wp:attachment":[{"href":"https:\/\/auvisa.org\/ee\/wp-json\/wp\/v2\/media?parent=355"}],"curies":[{"name":"wp","href":"https:\/\/api.w.org\/{rel}","templated":true}]}}