{"id":359,"date":"2012-05-28T15:09:22","date_gmt":"2012-05-28T15:09:22","guid":{"rendered":"https:\/\/auvisa.org\/?p=359"},"modified":"2023-06-15T16:58:57","modified_gmt":"2023-06-15T13:58:57","slug":"privaatsus","status":"publish","type":"page","link":"https:\/\/auvisa.org\/ee\/privaatsus\/","title":{"rendered":"Privaatsus"},"content":{"rendered":"<p>See privaatsuspoliitika n\u00e4hakse ette, kuidas Visa &amp; Immigration Services LTD kasutab ning kaitseb mis tahes teavet, et sa annad Visa &amp; Immigration Services LTD kui te kasutate seda veebilehel.<\/p>\n<p>Visa &amp; Immigration Services LTD on v\u00f5tnud kohustuse tagada, et teie privaatsusele on kaitstud.Kui me palume teil esitada teatavaid andmeid, mille abil on v\u00f5imalik kindlaks teha, kui kasutate seda veebilehel; v\u00f5ite olla kindel, et seda kasutatakse ainult koosk\u00f5las k\u00e4esoleva privaatsus.<\/p>\n<p>Visa &amp; Immigration Services LTD v\u00f5ib muuta poliitikat aeg-ajalt ajakohastades seda lehek\u00fclge.Te peaksite kontrollima seda lehte aeg-ajalt, et olete rahul mingeid muudatusi. See poliitika kehtib alates 2012\/02\/10.<\/p>\n<h2>Mida me kogume<\/h2>\n<p>Me v\u00f5ime koguda j\u00e4rgmist teavet:<\/p>\n<ul>\n<li>T\u00e4ielik nimi, s\u00fcnniaeg, passi number ja v\u00e4ljaandmise \u00fcksikasjad<\/li>\n<li>Kontakt sealhulgas e-posti aadress ja postiaadress<\/li>\n<li>Muu olulise teabe oma taotluse<\/li>\n<\/ul>\n<h2>Mida me teeme teavet me kogume<\/h2>\n<p>Me n\u00f5uame seda teavet, et oleks v\u00f5imalik teenuse osutamiseks te taotleda (viisa v\u00f5i sisses\u00f5iduloa).\u00a0Teavet on vaja valitsuse ametid, mis tegeleb ja k\u00fcsimustele viisad ja load.<\/p>\n<p>Et oleks v\u00f5imalik esitada oma taotlus me oma andmed v\u00e4ljaandvale asutusele.\u00a0Seda tehakse elektroonilisel teel kr\u00fcpteeritud ja turvaline.<\/p>\n<p>Teie sisestatud andmeid, sealhulgas tulemus v\u00f5i oma taotluse, mis seej\u00e4rel salvestatakse meie s\u00fcsteem teile, et oleks v\u00f5imalik sisse logida ja juurdep\u00e4\u00e4su andmetele.<\/p>\n<h2>Turvalisus<\/h2>\n<p>Me oleme p\u00fchendunud sellele, et teie andmed on turvaline.\u00a0Selleks, et v\u00e4ltida volitamata juurdep\u00e4\u00e4su v\u00f5i avalikustamise eest, meil on kehtestanud n\u00f5uetekohased f\u00fc\u00fcsilised, elektroonilised ja administratiivsed protseduurid, et kaitsta ja tagada informatsiooni me kogume v\u00f5rgus.<\/p>\n<h2>Kuidas me kasutame k\u00fcpsiseid<\/h2>\n<p>K\u00fcpsis on v\u00e4ike fail, mis k\u00fcsib luba panna oma arvuti k\u00f5vakettale.\u00a0Kui olete n\u00f5us, et fail on lisatud ja k\u00fcpsis aitab anal\u00fc\u00fcsida veebi liiklust v\u00f5i saate teada, kui k\u00fclastate kodulehek\u00fcljel.\u00a0K\u00fcpsised v\u00f5imaldavad veebirakendused vastata teile individuaalne.Veebirakendus saab kohandada oma tegevust teie vajadustele, meeldib ja ei meeldi, kogudes ja meenutada informatsiooni oma eelistusi.<\/p>\n<p>Me kasutame liiklus logi k\u00fcpsised kindlaks teha, millised lehek\u00fcljed on kasutatud.\u00a0See aitab meil anal\u00fc\u00fcsida andmeid veebilehele liiklus-ja parandada meie kodulehel, et kohandada seda kliendi vajadustele.\u00a0Me ainult seda teavet kasutada statistilise anal\u00fc\u00fcsi eesm\u00e4rgil.<\/p>\n<p>\u00dcldiselt k\u00fcpsised aitavad meil pakkuda teile parem veebileht, mida v\u00f5imaldab meil j\u00e4lgida, millised lehek\u00fcljed leiad kasulikku ja mis sa seda ei tee.\u00a0Cookie kuidagi annab meile juurdep\u00e4\u00e4su teie arvutile v\u00f5i teavet teie, v\u00e4lja arvatud andmed, mida valida meiega jagada.<\/p>\n<p>Saate valida, kas n\u00f5ustuda v\u00f5i sellest keelduda k\u00fcpsiseid.\u00a0Enamik veebibrausereid aktsepteerib k\u00fcpsiseid automaatselt, kuid tavaliselt saab oma lehitseja seadistusi muuta ning k\u00fcpsised, kui soovite.\u00a0See v\u00f5ib takistada teid kasutades t\u00e4ielikult \u00e4ra veebilehel.See veebileht on juba teie arvutisse k\u00fcpsiseid, kui teie brauser on seadistatud lubada.Kui te ei n\u00f5ustu, et v\u00f5ite selle akna ja selge k\u00fcpsiseid oma brauseris.<\/p>\n<h2>Lingid teistele lehek\u00fclgedele<\/h2>\n<p>Meie veebileht v\u00f5ib sisaldada linke teistele veebilehtedele huvi.\u00a0Siiski, kui olete kasutanud neid linke lahkuda meie veebilehte, siis tuleb m\u00e4rkida, et meil ei ole mingit kontrolli selle \u00fcle, et teised veebilehel.\u00a0Seet\u00f5ttu ei saa me vastutab kaitse ja eraelu puutumatuse igasugust teavet, mis te annate samal ajal k\u00fclastate selliseid paiku ja sellised paigad ei ole reguleeritud k\u00e4esoleva privaatsus.\u00a0Te peaksite olema ettevaatlik ja vaadata privaatsusavaldust kohaldatakse kodulehel k\u00fcsimus.<\/p>\n<h2>Kontrollida oma isikuandmeid<\/h2>\n<p>Me ei m\u00fc\u00fc, levita ega liisi Teie isikuandmeid kolmandatele isikutele, kui meil on oma loa v\u00f5i on seaduse j\u00e4rgi kohustatud seda tegema.\u00a0Me ei kasuta oma isiklikke andmeid saata reklaami teavet kolmandatele isikutele.\u00a0Selleks, et t\u00e4iendada oma taotlust, peame andma oma andmed asjaomaste valitsusasutuste, mis lubavad viisa v\u00f5i luba.<\/p>\n<p>Kui te arvate, et k\u00f5ik informatsioon, mis me hoiavad teid on eba\u00f5ige v\u00f5i mittet\u00e4ielik, palun kirjutage v\u00f5i saatke meile v\u00f5imalikult kiiresti, \u00fclaltoodud aadressil.\u00a0Me kohe parandada teavet eba\u00f5igeks osutus.<\/p>\n<p>Kui te ei soovi saada teadet meile v\u00f5i soovite eemaldada meie klientide andmebaasi, palun v\u00f5tke meiega oma taotluse ja me ajakohastada v\u00f5i kustutada enda andmed viivitamata.<\/p>\n","protected":false},"excerpt":{"rendered":"<p>See privaatsuspoliitika n\u00e4hakse ette, kuidas Visa &amp; Immigration Services LTD kasutab ning kaitseb mis tahes teavet, et sa annad Visa [&#8230;]<\/p>\n<p><a class=\"btn btn-secondary understrap-read-more-link\" href=\"https:\/\/auvisa.org\/ee\/privaatsus\/\">Read More&#8230;<span class=\"screen-reader-text\"> from Privaatsus<\/span><\/a><\/p>\n","protected":false},"author":4,"featured_media":0,"parent":0,"menu_order":0,"comment_status":"open","ping_status":"open","template":"","meta":{"inline_featured_image":false,"footnotes":""},"class_list":["post-359","page","type-page","status-publish","hentry"],"yoast_head":"<!-- This site is optimized with the Yoast SEO plugin v26.9 - https:\/\/yoast.com\/product\/yoast-seo-wordpress\/ -->\n<title>Privaatsus - Auvisa.org<\/title>\n<meta name=\"robots\" content=\"index, follow, max-snippet:-1, max-image-preview:large, max-video-preview:-1\" \/>\n<link rel=\"canonical\" href=\"https:\/\/auvisa.org\/ee\/privaatsus\/\" \/>\n<meta property=\"og:locale\" content=\"et_EE\" \/>\n<meta property=\"og:type\" content=\"article\" \/>\n<meta property=\"og:title\" content=\"Privaatsus - Auvisa.org\" \/>\n<meta property=\"og:description\" content=\"See privaatsuspoliitika n\u00e4hakse ette, kuidas Visa &amp; Immigration Services LTD kasutab ning kaitseb mis tahes teavet, et sa annad Visa [...]Read More... from Privaatsus\" \/>\n<meta property=\"og:url\" content=\"https:\/\/auvisa.org\/ee\/privaatsus\/\" \/>\n<meta property=\"og:site_name\" content=\"Auvisa.org\" \/>\n<meta property=\"article:modified_time\" content=\"2023-06-15T13:58:57+00:00\" \/>\n<meta name=\"twitter:card\" content=\"summary_large_image\" \/>\n<meta name=\"twitter:label1\" content=\"Est. reading time\" \/>\n\t<meta name=\"twitter:data1\" content=\"4 minutit\" \/>\n<script type=\"application\/ld+json\" class=\"yoast-schema-graph\">{\"@context\":\"https:\/\/schema.org\",\"@graph\":[{\"@type\":\"WebPage\",\"@id\":\"https:\/\/auvisa.org\/ee\/privaatsus\/\",\"url\":\"https:\/\/auvisa.org\/ee\/privaatsus\/\",\"name\":\"Privaatsus - Auvisa.org\",\"isPartOf\":{\"@id\":\"https:\/\/auvisa.org\/ee\/#website\"},\"datePublished\":\"2012-05-28T15:09:22+00:00\",\"dateModified\":\"2023-06-15T13:58:57+00:00\",\"breadcrumb\":{\"@id\":\"https:\/\/auvisa.org\/ee\/privaatsus\/#breadcrumb\"},\"inLanguage\":\"et\",\"potentialAction\":[{\"@type\":\"ReadAction\",\"target\":[\"https:\/\/auvisa.org\/ee\/privaatsus\/\"]}]},{\"@type\":\"BreadcrumbList\",\"@id\":\"https:\/\/auvisa.org\/ee\/privaatsus\/#breadcrumb\",\"itemListElement\":[{\"@type\":\"ListItem\",\"position\":1,\"name\":\"Home\",\"item\":\"https:\/\/auvisa.org\/ee\/\"},{\"@type\":\"ListItem\",\"position\":2,\"name\":\"Privaatsus\"}]},{\"@type\":\"WebSite\",\"@id\":\"https:\/\/auvisa.org\/ee\/#website\",\"url\":\"https:\/\/auvisa.org\/ee\/\",\"name\":\"Auvisa.org\",\"description\":\"\",\"inLanguage\":\"et\"}]}<\/script>\n<!-- \/ Yoast SEO plugin. -->","yoast_head_json":{"title":"Privaatsus - Auvisa.org","robots":{"index":"index","follow":"follow","max-snippet":"max-snippet:-1","max-image-preview":"max-image-preview:large","max-video-preview":"max-video-preview:-1"},"canonical":"https:\/\/auvisa.org\/ee\/privaatsus\/","og_locale":"et_EE","og_type":"article","og_title":"Privaatsus - Auvisa.org","og_description":"See privaatsuspoliitika n\u00e4hakse ette, kuidas Visa &amp; Immigration Services LTD kasutab ning kaitseb mis tahes teavet, et sa annad Visa [...]Read More... from Privaatsus","og_url":"https:\/\/auvisa.org\/ee\/privaatsus\/","og_site_name":"Auvisa.org","article_modified_time":"2023-06-15T13:58:57+00:00","twitter_card":"summary_large_image","twitter_misc":{"Est. reading time":"4 minutit"},"schema":{"@context":"https:\/\/schema.org","@graph":[{"@type":"WebPage","@id":"https:\/\/auvisa.org\/ee\/privaatsus\/","url":"https:\/\/auvisa.org\/ee\/privaatsus\/","name":"Privaatsus - Auvisa.org","isPartOf":{"@id":"https:\/\/auvisa.org\/ee\/#website"},"datePublished":"2012-05-28T15:09:22+00:00","dateModified":"2023-06-15T13:58:57+00:00","breadcrumb":{"@id":"https:\/\/auvisa.org\/ee\/privaatsus\/#breadcrumb"},"inLanguage":"et","potentialAction":[{"@type":"ReadAction","target":["https:\/\/auvisa.org\/ee\/privaatsus\/"]}]},{"@type":"BreadcrumbList","@id":"https:\/\/auvisa.org\/ee\/privaatsus\/#breadcrumb","itemListElement":[{"@type":"ListItem","position":1,"name":"Home","item":"https:\/\/auvisa.org\/ee\/"},{"@type":"ListItem","position":2,"name":"Privaatsus"}]},{"@type":"WebSite","@id":"https:\/\/auvisa.org\/ee\/#website","url":"https:\/\/auvisa.org\/ee\/","name":"Auvisa.org","description":"","inLanguage":"et"}]}},"_links":{"self":[{"href":"https:\/\/auvisa.org\/ee\/wp-json\/wp\/v2\/pages\/359","targetHints":{"allow":["GET"]}}],"collection":[{"href":"https:\/\/auvisa.org\/ee\/wp-json\/wp\/v2\/pages"}],"about":[{"href":"https:\/\/auvisa.org\/ee\/wp-json\/wp\/v2\/types\/page"}],"author":[{"embeddable":true,"href":"https:\/\/auvisa.org\/ee\/wp-json\/wp\/v2\/users\/4"}],"replies":[{"embeddable":true,"href":"https:\/\/auvisa.org\/ee\/wp-json\/wp\/v2\/comments?post=359"}],"version-history":[{"count":3,"href":"https:\/\/auvisa.org\/ee\/wp-json\/wp\/v2\/pages\/359\/revisions"}],"predecessor-version":[{"id":14745,"href":"https:\/\/auvisa.org\/ee\/wp-json\/wp\/v2\/pages\/359\/revisions\/14745"}],"wp:attachment":[{"href":"https:\/\/auvisa.org\/ee\/wp-json\/wp\/v2\/media?parent=359"}],"curies":[{"name":"wp","href":"https:\/\/api.w.org\/{rel}","templated":true}]}}