{"id":966,"date":"2019-06-28T21:25:40","date_gmt":"2019-06-28T21:25:40","guid":{"rendered":"https:\/\/auvisa.org\/?p=966"},"modified":"2020-06-03T13:10:35","modified_gmt":"2020-06-03T13:10:35","slug":"pikaajaline-viisa-austraaliasse","status":"publish","type":"page","link":"https:\/\/auvisa.org\/ee\/pikaajaline-viisa-austraaliasse\/","title":{"rendered":"Pikaajaline viisa Austraaliasse"},"content":{"rendered":"<h2 id=\"first-paragraph\">Erinevus eVisitori ja pikaajalise viisa vahel<\/h2>\n<h3>T\u00f6\u00f6tlusaeg<\/h3>\n<p><a href=\"\/ee\/evisitor-viisa-austraaliasse\/\">eVistori rakendus<\/a> on vahetu heakskiit, kuid pikaajaline viisa v\u00f5ib t\u00f6\u00f6delda kuni 20 p\u00e4eva ja tavaliselt on immigratsiooniametil Austraalias rohkem dokumente \/ teavet.<\/p>\n<h3>Abik\u00f5lblikud riigid<\/h3>\n<p>eVisitoril on vaid m\u00f5ned <a href=\"\/ee\/evisitor-viisa-austraaliasse\/#countries\">abik\u00f5lblikud riigid<\/a>, kuid on olemas suur valik riikide kodanikke, kes saavad taotleda pikaajalist viisat.<\/p>\n<h3>Asukoht taotluse esitamisel<\/h3>\n<p>evisitor taotluste esitamisel peavad taotlejad olema v\u00e4ljaspool Austraalia. Siiski v\u00f5ib pikaajalise viisa taotluse esitada Austraalias, et pikendada kehtivat viisat.<\/p>\n<h3>Pikaajalise viisa kehtivus<\/h3>\n<p>Viisa saab v\u00e4lja anda \u00fchekordse v\u00f5i mitme sissekande teel<br \/>\nIga kirje v\u00f5ib kehtida<strong> 3, 6 v\u00f5i 12 kuud<\/strong><\/p>\n<h3>Pikaajalise viisa tingimused<\/h3>\n<ul>\n<li><strong>Te ei tohi Austraalias t\u00f6\u00f6tada<\/strong>. Vabatahtlik t\u00f6\u00f6 v\u00f5ib olla lubatud.<\/li>\n<li><strong>Te ei tohi Austraalias rohkem kui 3 kuud \u00f5ppida<\/strong>.<\/li>\n<\/ul>\n<h3>Kehtiva viisa pikendamine<\/h3>\n<p>Kui praegusel viisa tingimusel ei ole \u201eedasist viibimist\u201d, saate seda viisat\u00fc\u00fcpi taotleda oma praeguse viisa pikendamiseks, taotluse esitamise ajal v\u00f5ite j\u00e4\u00e4da Austraaliasse.<\/p>\n<h3>Meditsiinilised n\u00f5uded<\/h3>\n<p><strong>Kui te taotlete rohkem kui 6 kuud, v\u00f5idakse teil paluda rindkere r\u00f6ntgen ja \/ v\u00f5i arstlik l\u00e4bivaatus<\/strong>. Kui olete \u00fcle 75-aastane v\u00f5i saabub riigist, kus Austraalia immigratsioon peab riskitaset, peate esitama t\u00f5endid, et saate t\u00e4ita viisan\u00f5udeid.<\/p>\n<h3>Raha t\u00f5endamine<\/h3>\n<p>Pikaajalise viisa taotlemisel peab teil olema piisavalt vahendeid, et toetada kogu Austraalia viibimise ajal ennast. Immigratsioon v\u00f5ib n\u00f5uda sellist t\u00f5endit, n\u00e4iteks pangakonto v\u00e4ljav\u00f5tet.<\/p>\n<div class=\"text-right\"><a href=\"\/ee\/visa-longterm\/\" class=\"btn  px-5 btn-green\">T\u00e4ida pikka viibimist Visitor VisaVisa<\/a><\/div>\n","protected":false},"excerpt":{"rendered":"<p>Erinevus eVisitori ja pikaajalise viisa vahel T\u00f6\u00f6tlusaeg eVistori rakendus on vahetu heakskiit, kuid pikaajaline viisa v\u00f5ib t\u00f6\u00f6delda kuni 20 p\u00e4eva [&#8230;]<\/p>\n<p><a class=\"btn btn-secondary understrap-read-more-link\" href=\"https:\/\/auvisa.org\/ee\/pikaajaline-viisa-austraaliasse\/\">Read More&#8230;<span class=\"screen-reader-text\"> from Pikaajaline viisa Austraaliasse<\/span><\/a><\/p>\n","protected":false},"author":4,"featured_media":0,"parent":0,"menu_order":11,"comment_status":"closed","ping_status":"closed","template":"templates\/tpl_spiegazione.php","meta":{"inline_featured_image":false,"footnotes":""},"class_list":["post-966","page","type-page","status-publish","hentry"],"yoast_head":"<!-- This site is optimized with the Yoast SEO plugin v26.9 - https:\/\/yoast.com\/product\/yoast-seo-wordpress\/ -->\n<title>Pikaajaline viisa Austraaliasse ja Viisa Pikendamine<\/title>\n<meta name=\"description\" content=\"Austraaliasse pikemaajaliseks k\u00fclastuseks m\u00f5eldud viisad on m\u00f5eldud Eesti kodanikele, kes soovivad viibida Austraalias kauem kui 3 kuud v\u00f5i pikendada oma viisasid.\" \/>\n<meta name=\"robots\" content=\"index, follow, max-snippet:-1, max-image-preview:large, max-video-preview:-1\" \/>\n<link rel=\"canonical\" href=\"https:\/\/auvisa.org\/ee\/pikaajaline-viisa-austraaliasse\/\" \/>\n<meta property=\"og:locale\" content=\"et_EE\" \/>\n<meta property=\"og:type\" content=\"article\" \/>\n<meta property=\"og:title\" content=\"Pikaajaline viisa Austraaliasse ja Viisa Pikendamine\" \/>\n<meta property=\"og:description\" content=\"Austraaliasse pikemaajaliseks k\u00fclastuseks m\u00f5eldud viisad on m\u00f5eldud Eesti kodanikele, kes soovivad viibida Austraalias kauem kui 3 kuud v\u00f5i pikendada oma viisasid.\" \/>\n<meta property=\"og:url\" content=\"https:\/\/auvisa.org\/ee\/pikaajaline-viisa-austraaliasse\/\" \/>\n<meta property=\"og:site_name\" content=\"Auvisa.org\" \/>\n<meta property=\"article:modified_time\" content=\"2020-06-03T13:10:35+00:00\" \/>\n<meta name=\"twitter:card\" content=\"summary_large_image\" \/>\n<meta name=\"twitter:label1\" content=\"Est. reading time\" \/>\n\t<meta name=\"twitter:data1\" content=\"1 minut\" \/>\n<script type=\"application\/ld+json\" class=\"yoast-schema-graph\">{\"@context\":\"https:\/\/schema.org\",\"@graph\":[{\"@type\":\"WebPage\",\"@id\":\"https:\/\/auvisa.org\/ee\/pikaajaline-viisa-austraaliasse\/\",\"url\":\"https:\/\/auvisa.org\/ee\/pikaajaline-viisa-austraaliasse\/\",\"name\":\"Pikaajaline viisa Austraaliasse ja Viisa Pikendamine\",\"isPartOf\":{\"@id\":\"https:\/\/auvisa.org\/ee\/#website\"},\"datePublished\":\"2019-06-28T21:25:40+00:00\",\"dateModified\":\"2020-06-03T13:10:35+00:00\",\"description\":\"Austraaliasse pikemaajaliseks k\u00fclastuseks m\u00f5eldud viisad on m\u00f5eldud Eesti kodanikele, kes soovivad viibida Austraalias kauem kui 3 kuud v\u00f5i pikendada oma viisasid.\",\"breadcrumb\":{\"@id\":\"https:\/\/auvisa.org\/ee\/pikaajaline-viisa-austraaliasse\/#breadcrumb\"},\"inLanguage\":\"et\",\"potentialAction\":[{\"@type\":\"ReadAction\",\"target\":[\"https:\/\/auvisa.org\/ee\/pikaajaline-viisa-austraaliasse\/\"]}]},{\"@type\":\"BreadcrumbList\",\"@id\":\"https:\/\/auvisa.org\/ee\/pikaajaline-viisa-austraaliasse\/#breadcrumb\",\"itemListElement\":[{\"@type\":\"ListItem\",\"position\":1,\"name\":\"Home\",\"item\":\"https:\/\/auvisa.org\/ee\/\"},{\"@type\":\"ListItem\",\"position\":2,\"name\":\"Pikaajaline viisa Austraaliasse\"}]},{\"@type\":\"WebSite\",\"@id\":\"https:\/\/auvisa.org\/ee\/#website\",\"url\":\"https:\/\/auvisa.org\/ee\/\",\"name\":\"Auvisa.org\",\"description\":\"\",\"inLanguage\":\"et\"}]}<\/script>\n<!-- \/ Yoast SEO plugin. -->","yoast_head_json":{"title":"Pikaajaline viisa Austraaliasse ja Viisa Pikendamine","description":"Austraaliasse pikemaajaliseks k\u00fclastuseks m\u00f5eldud viisad on m\u00f5eldud Eesti kodanikele, kes soovivad viibida Austraalias kauem kui 3 kuud v\u00f5i pikendada oma viisasid.","robots":{"index":"index","follow":"follow","max-snippet":"max-snippet:-1","max-image-preview":"max-image-preview:large","max-video-preview":"max-video-preview:-1"},"canonical":"https:\/\/auvisa.org\/ee\/pikaajaline-viisa-austraaliasse\/","og_locale":"et_EE","og_type":"article","og_title":"Pikaajaline viisa Austraaliasse ja Viisa Pikendamine","og_description":"Austraaliasse pikemaajaliseks k\u00fclastuseks m\u00f5eldud viisad on m\u00f5eldud Eesti kodanikele, kes soovivad viibida Austraalias kauem kui 3 kuud v\u00f5i pikendada oma viisasid.","og_url":"https:\/\/auvisa.org\/ee\/pikaajaline-viisa-austraaliasse\/","og_site_name":"Auvisa.org","article_modified_time":"2020-06-03T13:10:35+00:00","twitter_card":"summary_large_image","twitter_misc":{"Est. reading time":"1 minut"},"schema":{"@context":"https:\/\/schema.org","@graph":[{"@type":"WebPage","@id":"https:\/\/auvisa.org\/ee\/pikaajaline-viisa-austraaliasse\/","url":"https:\/\/auvisa.org\/ee\/pikaajaline-viisa-austraaliasse\/","name":"Pikaajaline viisa Austraaliasse ja Viisa Pikendamine","isPartOf":{"@id":"https:\/\/auvisa.org\/ee\/#website"},"datePublished":"2019-06-28T21:25:40+00:00","dateModified":"2020-06-03T13:10:35+00:00","description":"Austraaliasse pikemaajaliseks k\u00fclastuseks m\u00f5eldud viisad on m\u00f5eldud Eesti kodanikele, kes soovivad viibida Austraalias kauem kui 3 kuud v\u00f5i pikendada oma viisasid.","breadcrumb":{"@id":"https:\/\/auvisa.org\/ee\/pikaajaline-viisa-austraaliasse\/#breadcrumb"},"inLanguage":"et","potentialAction":[{"@type":"ReadAction","target":["https:\/\/auvisa.org\/ee\/pikaajaline-viisa-austraaliasse\/"]}]},{"@type":"BreadcrumbList","@id":"https:\/\/auvisa.org\/ee\/pikaajaline-viisa-austraaliasse\/#breadcrumb","itemListElement":[{"@type":"ListItem","position":1,"name":"Home","item":"https:\/\/auvisa.org\/ee\/"},{"@type":"ListItem","position":2,"name":"Pikaajaline viisa Austraaliasse"}]},{"@type":"WebSite","@id":"https:\/\/auvisa.org\/ee\/#website","url":"https:\/\/auvisa.org\/ee\/","name":"Auvisa.org","description":"","inLanguage":"et"}]}},"_links":{"self":[{"href":"https:\/\/auvisa.org\/ee\/wp-json\/wp\/v2\/pages\/966","targetHints":{"allow":["GET"]}}],"collection":[{"href":"https:\/\/auvisa.org\/ee\/wp-json\/wp\/v2\/pages"}],"about":[{"href":"https:\/\/auvisa.org\/ee\/wp-json\/wp\/v2\/types\/page"}],"author":[{"embeddable":true,"href":"https:\/\/auvisa.org\/ee\/wp-json\/wp\/v2\/users\/4"}],"replies":[{"embeddable":true,"href":"https:\/\/auvisa.org\/ee\/wp-json\/wp\/v2\/comments?post=966"}],"version-history":[{"count":12,"href":"https:\/\/auvisa.org\/ee\/wp-json\/wp\/v2\/pages\/966\/revisions"}],"predecessor-version":[{"id":2744,"href":"https:\/\/auvisa.org\/ee\/wp-json\/wp\/v2\/pages\/966\/revisions\/2744"}],"wp:attachment":[{"href":"https:\/\/auvisa.org\/ee\/wp-json\/wp\/v2\/media?parent=966"}],"curies":[{"name":"wp","href":"https:\/\/api.w.org\/{rel}","templated":true}]}}