{"id":968,"date":"2019-06-28T21:28:56","date_gmt":"2019-06-28T21:28:56","guid":{"rendered":"https:\/\/auvisa.org\/?p=968"},"modified":"2020-06-03T13:07:28","modified_gmt":"2020-06-03T13:07:28","slug":"student-viisa-austraaliasse","status":"publish","type":"page","link":"https:\/\/auvisa.org\/ee\/student-viisa-austraaliasse\/","title":{"rendered":"Student viisa Austraaliasse"},"content":{"rendered":"<h2 id=\"first-paragraph\">Australian Student Visa KKK (Eesti \u00dcli\u00f5pilaste)<\/h2>\n<h3>Mis on t\u00f5eline \u00f5pilane?<\/h3>\n<p>Selle kriteeriumi t\u00e4itmiseks peate n\u00e4itama, et teil on p\u00f5hjendatud huvi uuringute tegemise vastu, teil on vaja hariduse haldamiseks piisavalt keeleoskust ning teil on vaja \u00f5iget haridust tausta uuringute jaoks, mida kavatsete osaleda.<\/p>\n<p>Samuti peate oma <strong>rahalised vahendid<\/strong> olema korras. Lisaks peab teil olema kavatsus j\u00e4rgida viisareegleid.<\/p>\n<div class=\"text-right\"><a href=\"\/ee\/visa-student\/\" class=\"btn  px-5 btn-green\">Taotleda Student Visa<\/a><\/div>\n<h3>Mis on t\u00f5eline ajutine turuletulija?<\/h3>\n<p>T\u00f5eline ajutine osaleja on isik, kes kavatseb ajutiselt siseneda Austraaliasse \u00f5ppimiseks (v\u00f5i \u00fcli\u00f5pilase eestkostja) ja seej\u00e4rel naasta oma kodumaale.<\/p>\n<p>Selle hindamise tegemisel tuleb arvestada mitmete teguritega:<\/p>\n<p>Riik, kus te elate. Kas on midagi, mis takistab teil tagasi minna?<br \/>\nKas Austraalias tehtavad uuringud on teile tulevikus kasulikud?<br \/>\nTeie sisser\u00e4nde ajalugu.<br \/>\nMuud huvipakkuvad k\u00fcsimused<\/p>\n<p>Kahtluse korral v\u00f5ib teil olla kohustatud vestlema isiklikult oma l\u00e4himas Austraalia saatkonnas. <strong>Enamik rakendusi peavad siiski t\u00e4itma ainult <a href=\"\/ee\/visa-student\/\">taotluse vormi<\/a><\/strong>.<\/p>\n<div class=\"text-right\"><a href=\"\/ee\/visa-student\/\" class=\"btn  px-5 btn-green\">Taotleda Student Visa<\/a><\/div>\n<h3>Mis on hea iseloom?<\/h3>\n<p>P\u00f5him\u00f5tteliselt ei tohiks te olla kurjategija ja te ei oleks pidanud vanglas rohkem aega veetma. Kui olete viibinud vanglas, v\u00f5ib teie viisa selle p\u00f5hjuse t\u00f5ttu keelduda. M\u00f5nel juhul on kohustatud esitama kriminaalmenetluse sertifikaadi v\u00f5i politseisertifikaadi.<\/p>\n<div class=\"text-right\"><a href=\"\/ee\/visa-student\/\" class=\"btn  px-5 btn-green\">Taotleda Student Visa<\/a><\/div>\n<h3>Millised on tervishoiun\u00f5uded?<\/h3>\n<p><strong>Sa pead olema terve<\/strong>. Selle t\u00f5estamiseks peate v\u00f5ib-olla tegema tervisekontrolli ja \/ v\u00f5i r\u00f6ntgenkiirte. Kui see on teie jaoks n\u00f5ue, peate kasutama arsti, kelle on m\u00e4\u00e4ranud Austraalia immigratsioon.<\/p>\n<p>\u00d5pilasviisa ei h\u00f5lma meditsiinilist kindlustust. Iga \u00fcli\u00f5pilane, v\u00e4lja arvatud Norra ja Belgia \u00f5pilane, peab ostma \u00fclemeremaade \u00fcli\u00f5pilaste tervisekindlustuse <strong>(OSHC)<\/strong>. Te saate seda osta oma \u00fclikoolist v\u00f5i teistelt seda m\u00fc\u00fcvatelt ettev\u00f5tetelt. Rootsi \u00f5pilane peab seda tegema ainult siis, kui nad ei ole juba CSN Internationalilt v\u00f5i Kammarkollegietilt kindlustust ostnud.<\/p>\n<div class=\"text-right\"><a href=\"\/ee\/visa-student\/\" class=\"btn  px-5 btn-green\">Taotleda Student Visa<\/a><\/div>\n<h3>Kas vanusepiir on?<\/h3>\n<p>Ei, seal pole. \u00dcli\u00f5pilasviisil ei ole vanusepiirangut nii kaua, kui see on \u00fclikooli v\u00f5i kooli poolt aktsepteeritud. See erineb n\u00e4iteks t\u00f6\u00f6puhkuse viisast, mis piirdub 18-31-aastaste taotlejatega.<\/p>\n<h3>Kas mu perekond saab \u00f5ppida viisa alusel?<\/h3>\n<p>Jah, nad saavad teid Austraaliasse j\u00e4lgida.<\/p>\n<p><strong>Kui olete alla 18-aastane, peate olema eestkostja<\/strong>. Teie vanemad v\u00f5i sugulased saavad taotleda \u00f5pilase eestkosteviisa ja j\u00e4rgida teid Austraaliasse reisimisel. Nende viisa saab sama kehtivuse kui teie \u00f5pilasviisa.<\/p>\n<div class=\"text-right\"><a href=\"\/ee\/visa-student\/\" class=\"btn  px-5 btn-green\">Taotleda Student Visa<\/a><\/div>\n<h3>Kas mul on lubatud t\u00f6\u00f6tada \u00fcli\u00f5pilasviisaga?<\/h3>\n<p>Jah, \u00fcli\u00f5pilasviisa annab piiratud t\u00f6\u00f6, maksimaalselt 40 tundi 2 n\u00e4dala jooksul. P\u00fchadel v\u00f5ite t\u00f6\u00f6tada t\u00e4ist\u00f6\u00f6ajaga.<\/p>\n<p>Osalise t\u00f6\u00f6ajaga t\u00f6\u00f6tamine v\u00f5ib olla hea v\u00f5imalus majutuse eest tasumiseks ja annab teile lisaraha. Kuid enne t\u00f6\u00f6 alustamist peate Austraalia pangas kasutama maksuteabe numbrit ja pangakontot.<\/p>\n<p>Pidage meeles, et enne kursuse algust ei ole teil lubatud t\u00f6\u00f6tada \u00fcldse, kui j\u00f5uad varakult.<\/p>\n<p>\u00d5igus t\u00f6\u00f6tada kehtib ka kaasas olevate pereliikmete (abikaasade ja laste) suhtes. Perekonnaliikmed ei tohi puhkuse ajal siiski \u00fcletada 20 tundi n\u00e4dalas.<\/p>\n<div class=\"text-right\"><a href=\"\/ee\/visa-student\/\" class=\"btn  px-5 btn-green\">Taotleda Student Visa<\/a><\/div>\n<h3>Kas ma saan osalise t\u00f6\u00f6ajaga ja osalise t\u00f6\u00f6ajaga \u00f5ppida?<\/h3>\n<p>Ei, <strong>sa peaksid osalema t\u00e4iskohaga \u00f5ppet\u00f6\u00f6s<\/strong>, et <strong>neid<\/strong> saaks pidada \u00fcli\u00f5pilasviisaks. Kui soovite \u00f5ppida v\u00e4hem kui t\u00e4iskohaga, peaksite otsima muid viisav\u00f5imalusi. T\u00f6\u00f6puhkuse viisa v\u00f5ib nendel juhtudel olla parem lahendus.<\/p>\n<h3>Millist muidugi saan ma osaleda?<\/h3>\n<p>Muidugi muidugi nii kaua, kui see on Austraalia valitsuse poolt heaks kiidetud v\u00e4lismaiste \u00fcli\u00f5pilaste jaoks.<\/p>\n<h3>Mul ei ole vastuv\u00f5tukirja (CoE), kas ma saan ikka veel taotleda?<\/h3>\n<p>Ei, peate enne taotluse esitamist saama Euroopa N\u00f5ukogu. Viisataotlus on \u00fcks viimaseid samme Austraaliasse \u00f5ppimiseks. Esiteks peate taotlema ja olema Austraalia \u00fclikooli v\u00f5i kooli poolt aktsepteeritud. Samuti peate kinnitama kirjalikult ja maksma \u00f5ppemaksu tagatise. Ainult p\u00e4rast seda, kui olete saanud \u00fclikoolilt registreerimiskinnituse, v\u00f5ite taotleda viisat.<br \/>\nOlen juba Austraalias teises viisas, kas ma saan ikka veel \u00f5pilasviisa taotleda?<\/p>\n<p>Jah, saate Austraaliasse enamikul juhtudel taotleda Austraaliale viisa andmist. Kui teie viisa seisund on selles tingimustes, ei saa te Austraaliasse siseneda. Sellisel juhul peate enne kandideerimist riigist lahkuma.<\/p>\n<h3>Mul oli juba t\u00f6\u00f6puhkuse viisa; kas ma saan ikka veel \u00f5pilasviisa?<\/h3>\n<p>Jah, see ei m\u00f5juta otsust \u00fcldse. Samuti on v\u00f5imalik saada uus \u00fcli\u00f5pilasviisa, kui teil on see juba varem, kui sa saad uue \u00fclikooli v\u00f5i kooli Euroopa N\u00f5ukogu.<\/p>\n<h3>Mis on t\u00f6\u00f6tlemise aeg?<\/h3>\n<p>Tavaliselt on tavatingimustes tavaliselt 1\u20133 n\u00e4dalat. T\u00f6\u00f6tlemise aeg v\u00f5ib olla ka pikem, kui soovite oma taotluse rohkem dokumentidega t\u00e4iendada. Veenduge, et esitaksite oma reisikuup\u00e4eva juba enne.<\/p>\n<div class=\"text-right\"><a href=\"\/ee\/visa-student\/\" class=\"btn  px-5 btn-green\">Taotleda Student Visa<\/a><\/div>\n","protected":false},"excerpt":{"rendered":"<p>Australian Student Visa KKK (Eesti \u00dcli\u00f5pilaste) Mis on t\u00f5eline \u00f5pilane? Selle kriteeriumi t\u00e4itmiseks peate n\u00e4itama, et teil on p\u00f5hjendatud huvi [&#8230;]<\/p>\n<p><a class=\"btn btn-secondary understrap-read-more-link\" href=\"https:\/\/auvisa.org\/ee\/student-viisa-austraaliasse\/\">Read More&#8230;<span class=\"screen-reader-text\"> from Student viisa Austraaliasse<\/span><\/a><\/p>\n","protected":false},"author":4,"featured_media":0,"parent":0,"menu_order":15,"comment_status":"closed","ping_status":"closed","template":"templates\/tpl_spiegazione.php","meta":{"inline_featured_image":false,"footnotes":""},"class_list":["post-968","page","type-page","status-publish","hentry"],"yoast_head":"<!-- This site is optimized with the Yoast SEO plugin v26.9 - https:\/\/yoast.com\/product\/yoast-seo-wordpress\/ -->\n<title>Student Viisa Austraaliasse: KKK - Kandideeri veebis<\/title>\n<meta name=\"description\" content=\"Austraaliasse \u00fcli\u00f5pilasviisa taotlemiseks peate t\u00e4itma mitmeid n\u00f5udeid (nt vanusepiirang): lisateave ja taotlege veebis juba t\u00e4na.\" \/>\n<meta name=\"robots\" content=\"index, follow, max-snippet:-1, max-image-preview:large, max-video-preview:-1\" \/>\n<link rel=\"canonical\" href=\"https:\/\/auvisa.org\/ee\/student-viisa-austraaliasse\/\" \/>\n<meta property=\"og:locale\" content=\"et_EE\" \/>\n<meta property=\"og:type\" content=\"article\" \/>\n<meta property=\"og:title\" content=\"Student Viisa Austraaliasse: KKK - Kandideeri veebis\" \/>\n<meta property=\"og:description\" content=\"Austraaliasse \u00fcli\u00f5pilasviisa taotlemiseks peate t\u00e4itma mitmeid n\u00f5udeid (nt vanusepiirang): lisateave ja taotlege veebis juba t\u00e4na.\" \/>\n<meta property=\"og:url\" content=\"https:\/\/auvisa.org\/ee\/student-viisa-austraaliasse\/\" \/>\n<meta property=\"og:site_name\" content=\"Auvisa.org\" \/>\n<meta property=\"article:modified_time\" content=\"2020-06-03T13:07:28+00:00\" \/>\n<meta name=\"twitter:card\" content=\"summary_large_image\" \/>\n<meta name=\"twitter:label1\" content=\"Est. reading time\" \/>\n\t<meta name=\"twitter:data1\" content=\"4 minutit\" \/>\n<script type=\"application\/ld+json\" class=\"yoast-schema-graph\">{\"@context\":\"https:\/\/schema.org\",\"@graph\":[{\"@type\":\"WebPage\",\"@id\":\"https:\/\/auvisa.org\/ee\/student-viisa-austraaliasse\/\",\"url\":\"https:\/\/auvisa.org\/ee\/student-viisa-austraaliasse\/\",\"name\":\"Student Viisa Austraaliasse: KKK - Kandideeri veebis\",\"isPartOf\":{\"@id\":\"https:\/\/auvisa.org\/ee\/#website\"},\"datePublished\":\"2019-06-28T21:28:56+00:00\",\"dateModified\":\"2020-06-03T13:07:28+00:00\",\"description\":\"Austraaliasse \u00fcli\u00f5pilasviisa taotlemiseks peate t\u00e4itma mitmeid n\u00f5udeid (nt vanusepiirang): lisateave ja taotlege veebis juba t\u00e4na.\",\"breadcrumb\":{\"@id\":\"https:\/\/auvisa.org\/ee\/student-viisa-austraaliasse\/#breadcrumb\"},\"inLanguage\":\"et\",\"potentialAction\":[{\"@type\":\"ReadAction\",\"target\":[\"https:\/\/auvisa.org\/ee\/student-viisa-austraaliasse\/\"]}]},{\"@type\":\"BreadcrumbList\",\"@id\":\"https:\/\/auvisa.org\/ee\/student-viisa-austraaliasse\/#breadcrumb\",\"itemListElement\":[{\"@type\":\"ListItem\",\"position\":1,\"name\":\"Home\",\"item\":\"https:\/\/auvisa.org\/ee\/\"},{\"@type\":\"ListItem\",\"position\":2,\"name\":\"Student viisa Austraaliasse\"}]},{\"@type\":\"WebSite\",\"@id\":\"https:\/\/auvisa.org\/ee\/#website\",\"url\":\"https:\/\/auvisa.org\/ee\/\",\"name\":\"Auvisa.org\",\"description\":\"\",\"inLanguage\":\"et\"}]}<\/script>\n<!-- \/ Yoast SEO plugin. -->","yoast_head_json":{"title":"Student Viisa Austraaliasse: KKK - Kandideeri veebis","description":"Austraaliasse \u00fcli\u00f5pilasviisa taotlemiseks peate t\u00e4itma mitmeid n\u00f5udeid (nt vanusepiirang): lisateave ja taotlege veebis juba t\u00e4na.","robots":{"index":"index","follow":"follow","max-snippet":"max-snippet:-1","max-image-preview":"max-image-preview:large","max-video-preview":"max-video-preview:-1"},"canonical":"https:\/\/auvisa.org\/ee\/student-viisa-austraaliasse\/","og_locale":"et_EE","og_type":"article","og_title":"Student Viisa Austraaliasse: KKK - Kandideeri veebis","og_description":"Austraaliasse \u00fcli\u00f5pilasviisa taotlemiseks peate t\u00e4itma mitmeid n\u00f5udeid (nt vanusepiirang): lisateave ja taotlege veebis juba t\u00e4na.","og_url":"https:\/\/auvisa.org\/ee\/student-viisa-austraaliasse\/","og_site_name":"Auvisa.org","article_modified_time":"2020-06-03T13:07:28+00:00","twitter_card":"summary_large_image","twitter_misc":{"Est. reading time":"4 minutit"},"schema":{"@context":"https:\/\/schema.org","@graph":[{"@type":"WebPage","@id":"https:\/\/auvisa.org\/ee\/student-viisa-austraaliasse\/","url":"https:\/\/auvisa.org\/ee\/student-viisa-austraaliasse\/","name":"Student Viisa Austraaliasse: KKK - Kandideeri veebis","isPartOf":{"@id":"https:\/\/auvisa.org\/ee\/#website"},"datePublished":"2019-06-28T21:28:56+00:00","dateModified":"2020-06-03T13:07:28+00:00","description":"Austraaliasse \u00fcli\u00f5pilasviisa taotlemiseks peate t\u00e4itma mitmeid n\u00f5udeid (nt vanusepiirang): lisateave ja taotlege veebis juba t\u00e4na.","breadcrumb":{"@id":"https:\/\/auvisa.org\/ee\/student-viisa-austraaliasse\/#breadcrumb"},"inLanguage":"et","potentialAction":[{"@type":"ReadAction","target":["https:\/\/auvisa.org\/ee\/student-viisa-austraaliasse\/"]}]},{"@type":"BreadcrumbList","@id":"https:\/\/auvisa.org\/ee\/student-viisa-austraaliasse\/#breadcrumb","itemListElement":[{"@type":"ListItem","position":1,"name":"Home","item":"https:\/\/auvisa.org\/ee\/"},{"@type":"ListItem","position":2,"name":"Student viisa Austraaliasse"}]},{"@type":"WebSite","@id":"https:\/\/auvisa.org\/ee\/#website","url":"https:\/\/auvisa.org\/ee\/","name":"Auvisa.org","description":"","inLanguage":"et"}]}},"_links":{"self":[{"href":"https:\/\/auvisa.org\/ee\/wp-json\/wp\/v2\/pages\/968","targetHints":{"allow":["GET"]}}],"collection":[{"href":"https:\/\/auvisa.org\/ee\/wp-json\/wp\/v2\/pages"}],"about":[{"href":"https:\/\/auvisa.org\/ee\/wp-json\/wp\/v2\/types\/page"}],"author":[{"embeddable":true,"href":"https:\/\/auvisa.org\/ee\/wp-json\/wp\/v2\/users\/4"}],"replies":[{"embeddable":true,"href":"https:\/\/auvisa.org\/ee\/wp-json\/wp\/v2\/comments?post=968"}],"version-history":[{"count":8,"href":"https:\/\/auvisa.org\/ee\/wp-json\/wp\/v2\/pages\/968\/revisions"}],"predecessor-version":[{"id":2733,"href":"https:\/\/auvisa.org\/ee\/wp-json\/wp\/v2\/pages\/968\/revisions\/2733"}],"wp:attachment":[{"href":"https:\/\/auvisa.org\/ee\/wp-json\/wp\/v2\/media?parent=968"}],"curies":[{"name":"wp","href":"https:\/\/api.w.org\/{rel}","templated":true}]}}