{"id":1295,"date":"2019-10-06T12:54:10","date_gmt":"2019-10-06T12:54:10","guid":{"rendered":"https:\/\/auvisa.org\/?p=1295"},"modified":"2023-07-19T14:20:21","modified_gmt":"2023-07-19T12:20:21","slug":"mcv-maritime-crew-visa-australia","status":"publish","type":"page","link":"https:\/\/auvisa.org\/es\/mcv-maritime-crew-visa-australia\/","title":{"rendered":"Maritime Crew Visa (MCV) para Australia"},"content":{"rendered":"<h2 id=\"first-paragraph\">Visa de marinos para ciudadanos espa\u00f1oles &#8211; Subclase 988<\/h2>\n<p><strong>El proceso por el cual usted puede obtener una MCV en l\u00ednea es m\u00e1s sencillo de lo que podr\u00eda anticipar<\/strong> y requiere un m\u00ednimo de documentos para procesarlo. La Australian Crew Visa le pide que proporcione informaci\u00f3n de identificaci\u00f3n oficial para usted y los miembros de su familia que puedan estar viajando a Australia con usted. Para ser elegible para este tipo de Visa de Maritime Crew para Australia, cualquier miembro de la familia que viaje con usted debe estar llegando o saliendo de Australia en la misma embarcaci\u00f3n calificada en la que usted est\u00e1 trabajando y ya debe haber solicitado el permiso del capit\u00e1n de la embarcaci\u00f3n. Aseg\u00farese de recordar que a <strong>esos miembros de la familia no se les permite trabajar mientras est\u00e9n en Australia con una visa de Maritime Crew<\/strong>. Si desean trabajar en el pa\u00eds, deben solicitar por separado el visado australiano correspondiente. Cuando usted ya no trabaja o trabaja en el buque que califica en Australia, la visa para cualquiera de los miembros de su familia acompa\u00f1antes ya no est\u00e1 en vigor. No deben permanecer en Australia m\u00e1s all\u00e1 de su empleo en un buque calificado.<\/p>\n<ul class=\"visa-pics\" style=\"float: right;\">\n<li><a class=\"apply\" href=\"\/es\/visa-crew\/\">Solicita el visado<\/a><\/li>\n<\/ul>\n<p><br style=\"clear: both;\" \/><br style=\"clear: both;\" \/><\/p>\n<h2>M\u00e1s informaci\u00f3n sobre las visas de marinos para Australia<\/h2>\n<ul>\n<li><a href=\"#MCV-beneficios\">Beneficios de la visa Maritime Crew para Australia (MCV)<\/a><\/li>\n<li><a href=\"#MCV-requisitos\">Requisitos de elegibilidad para la MCV<\/a><\/li>\n<li><a href=\"#MCV-solicitar\">Visa Maritime Crew en l\u00ednea para Australia: C\u00f3mo solicitar<\/a><u>la<\/u><\/li>\n<li><a href=\"#MCV-proceso\">Proceso de solicitud de la MCV desde Espa\u00f1a<\/a><\/li>\n<li><a href=\"#MCV-tiempo\"><u>Tiempo de procesamiento de la MCV para Australia<\/u><\/a><\/li>\n<li><a href=\"#MCV-costo\">Costo de la Visa Maritime Crew para Australia<\/a><\/li>\n<\/ul>\n<h2 id=\"MCV-beneficios\">Beneficios de la Visa Maritime Crew para Australia (MCV)<\/h2>\n<p>Los <strong>beneficios para los ciudadanos espa\u00f1oles<\/strong> que obtengan una visa MCV para Australia en l\u00ednea (Australian Crew Visa) permiten a los miembros de la tripulaci\u00f3n obtener lucrativas oportunidades de empleo mientras los buques que re\u00fanan los requisitos viajan a trav\u00e9s de Australia. Dado que esta visa es relativamente f\u00e1cil de obtener para los empleados de buques que califican para este estatus, <a href=\"\/es\/visa-crew\/\">solicitarla<\/a> es una forma gratificante y bastante f\u00e1cil de aprovechar al m\u00e1ximo su estatus de empleo como miembro de la tripulaci\u00f3n de un buque.<\/p>\n<p>Una vez que su visa ha sido otorgada por el gobierno australiano, <strong>como ciudadano espa\u00f1ol se le permite llegar y salir de Australia por mar, siempre y cuando usted sea parte de una tripulaci\u00f3n en un barco que cumpla con los requisitos y pueda permanecer en Australia mientras est\u00e9 empleado como miembro de la tripulaci\u00f3n en el barco<\/strong>. Si usted permanece empleado por el buque que califica, puede salir y regresar a Australia un n\u00famero ilimitado de veces mientras su visa es v\u00e1lida sin poner en peligro su estatus de visa MCV para Australia.<\/p>\n<p>Es importante recordar que <strong>usted solo est\u00e1 autorizado a realizar trabajo como empleado como parte de su empleo regular como miembro de la tripulaci\u00f3n en el buque que califica<\/strong> bajo esta visa en particular. Esta condici\u00f3n de visa incluye todo el trabajo que se requiere para mantener el buque en funcionamiento, incluso si usted no est\u00e1 f\u00edsicamente a bordo del buque mientras realiza sus deberes requeridos como empleado. Con esta visa espec\u00edfica, se le permite realizar todas las tareas de empleo en el extranjero, en el puerto o en el buque, siempre y cuando no se le est\u00e9 compensando por una forma adicional de empleo mientras realiza dicho trabajo.<\/p>\n<p><strong>A todos los residentes espa\u00f1oles en posesi\u00f3n de una MCV en l\u00ednea se les permite realizar trabajos voluntarios<\/strong> por los cuales no se les paga sin obtener ning\u00fan permiso especial del gobierno australiano con esta visa. Adem\u00e1s, si usted est\u00e1 involucrado en un empleo en l\u00ednea a corto plazo, no se le restringir\u00e1 la posibilidad de obtener un ingreso de esta manera en Australia bajo las condiciones de la visa marina.<\/p>\n<p><strong>A menos que su visa termine por una raz\u00f3n relacionada con el trabajo, es v\u00e1lida por hasta tres a\u00f1os<\/strong> sin tener que buscar la renovaci\u00f3n del gobierno australiano. Dado que este tipo de visa no es elegible para una extensi\u00f3n, usted tendr\u00eda que aplicar para permanecer y trabajar en Australia bajo otro estatus de visa apropiado m\u00e1s all\u00e1 de esa fecha l\u00edmite.<\/p>\n<ul class=\"visa-pics\" style=\"float: right;\">\n<li><a class=\"apply\" href=\"\/es\/visa-crew\/\">Solicita el visado<\/a><\/li>\n<\/ul>\n<p><br style=\"clear: both;\" \/><br style=\"clear: both;\" \/><\/p>\n<h2 id=\"MCV-requisitos\">Requisitos de elegibilidad para la MCV (ciudadanos espa\u00f1oles)<\/h2>\n<p>Para tener derecho a una MCV para Australia, <strong>los ciudadanos espa\u00f1oles deben ser empleados fuera de Australia como miembros de la tripulaci\u00f3n en un barco<\/strong> que est\u00e9 viajando hacia o fuera de Australia. Tambi\u00e9n deben entrar y salir de Australia como miembros de la tripulaci\u00f3n mar\u00edtima.<\/p>\n<p>Como ciudadano espa\u00f1ol, tambi\u00e9n hay requisitos para el tipo de barco en el que trabaja para poder obtener este visado espec\u00edfico. <strong>El buque debe ser un buque mercante o un buque de pasajeros<\/strong>. Un buque elegible para la visa Maritime Crew tambi\u00e9n puede ser propiedad de un gobierno extranjero para llevar a cabo investigaciones cient\u00edficas o ser reconocido como buque p\u00fablico por el Ministerio de Relaciones Exteriores de Australia.<\/p>\n<p>Tenga en cuenta que <strong>si llega a Australia por otros medios, como un vuelo, se requiere que obtenga otra visa apropiada adem\u00e1s de la visa de miembro de una Maritime Crew<\/strong>. Si desea realizar visitas a Australia fuera de su empleo como miembro de la tripulaci\u00f3n de un buque que cumpla con los requisitos, tambi\u00e9n puede considerar la posibilidad de solicitar un visado de visitante cuando solicite una visa Maritime Crew en Australia. Es com\u00fan que los miembros de la tripulaci\u00f3n tengan una visa mar\u00edtima para Australia y una visa de visitante para Australia al mismo tiempo. Esto es cierto si usted sabe que el buque en el que est\u00e1 trabajando permanecer\u00e1 en Australia por un largo per\u00edodo de tiempo con intervalos de d\u00edas o semanas en los que no tendr\u00e1 que trabajar en el buque.<\/p>\n<p><strong>Aplicando desde Espa\u00f1a, usted no es elegible para este visado si es miembro de la tripulaci\u00f3n de un yate o de un buque militar<\/strong> o si ya es titular de un visado permanente australiano. Si usted ya tiene una visa para trabajar o permanecer en Australia, debe comunicarlo al capit\u00e1n del buque para el que est\u00e1 trabajando y que entrar\u00e1 o saldr\u00e1 de Australia para que no haya ninguna complicaci\u00f3n inesperada con su situaci\u00f3n laboral.<\/p>\n<ul class=\"visa-pics\" style=\"float: right;\">\n<li><a class=\"apply\" href=\"\/es\/visa-crew\/\">Solicita el visado<\/a><\/li>\n<\/ul>\n<p><br style=\"clear: both;\" \/><br style=\"clear: both;\" \/><\/p>\n<h2 id=\"MCV-solicitar\">MCV en l\u00ednea para Australia: C\u00f3mo solicitarla<\/h2>\n<p><strong>Mientras sea ciudadano espa\u00f1ol y disponga de sus datos personales y de identificaci\u00f3n b\u00e1sicos, no debe preocuparle la dificultad de cumplimentar la solicitud para la visa Maritime Crew<\/strong>. La <a href=\"\/es\/visa-crew\/\">solicitud en l\u00ednea para la MCV para Australia<\/a> es de f\u00e1cil acceso y se completa con su informaci\u00f3n personal. El formulario de solicitud de la Visa Maritime Crew para Australia solicita informaci\u00f3n b\u00e1sica de identificaci\u00f3n sobre usted y su empleo como parte de una embarcaci\u00f3n calificada.<\/p>\n<p>Lo primero que debe hacer es comprobar en l\u00ednea para ver si ya tiene este tipo de visa para Australia como parte de su empleo pasado o actual en un buque que cumpla con los requisitos. Si ya posee una visa v\u00e1lida para este tipo de trabajo, no debe solicitar una visa adicional antes de que haya expirado. Esto podr\u00eda causar complicaciones con su entrada y empleo en Australia.<\/p>\n<p><strong>Si usted necesita este tipo de visa, re\u00fana todos los documentos de empleo y ciudadan\u00eda que debe presentar en l\u00ednea junto con la solicitud de visa<\/strong>. Necesitar\u00e1 copias a color de su pasaporte nacional para iniciar la solicitud, ya que tambi\u00e9n le solicitar\u00e1 informaci\u00f3n sobre la ciudadan\u00eda, como las fechas de validez de su pasaporte y su n\u00famero de pasaporte nacional. Si ha cambiado su nombre desde que se emiti\u00f3 su pasaporte nacional, tambi\u00e9n deber\u00e1 presentar documentos que muestren un registro oficial de su cambio de nombre, como un certificado de matrimonio.<\/p>\n<p>Adem\u00e1s, necesitar\u00e1 un documento oficial con una declaraci\u00f3n que incluya su informaci\u00f3n de empleo de su compa\u00f1\u00eda naviera. Debe presentarse en papel con membrete oficial de la empresa y estar firmado por la autoridad competente dentro de la compa\u00f1\u00eda naviera. Incluya las fechas de su empleo y el t\u00edtulo oficial de su trabajo en el buque que califica. La carta tambi\u00e9n debe indicar la fecha de llegada prevista del buque en el que se va a trabajar en Australia y una estimaci\u00f3n bastante precisa de cu\u00e1nto tiempo se espera que el buque permanezca en el pa\u00eds. Si la compa\u00f1\u00eda anticipa que usted dejar\u00e1 su empleo en el buque antes de que se espere que el buque salga de Australia, esto tambi\u00e9n debe ser explicado en la carta firmada.<\/p>\n<p><strong>Otros documentos que usted debe enviar con su solicitud en l\u00ednea como ciudadano espa\u00f1ol para esta visa incluyen la prueba de su nivel m\u00e1s alto de educaci\u00f3n, cualquier documento oficial de la sociedad para mostrar una relaci\u00f3n con un c\u00f3nyuge que est\u00e1 solicitando viajar a Australia con usted en esta visa y cualquier documento de car\u00e1cter necesario<\/strong>. Los documentos de car\u00e1cter solo pueden ser necesarios si usted tiene un registro oficial de la polic\u00eda o si necesita demostrar que fue dado de baja de las fuerzas armadas.<\/p>\n<p>Incluso si est\u00e1 utilizando el mismo documento para m\u00faltiples prop\u00f3sitos en su solicitud de visado en l\u00ednea, s\u00f3lo debe adjuntar cada documento una vez a su solicitud. Incluir documentos innecesarios o duplicados con su solicitud de visa puede retrasar el tiempo de procesamiento.<\/p>\n<p>Es importante recordar que <strong>usted no debe estar dentro de Australia en el momento de solicitar su visa de marino para Australia<\/strong>. Aunque usted puede recibir una decisi\u00f3n del gobierno australiano sobre su visa cuando se encuentra f\u00edsicamente dentro de Australia, <strong>usted no es elegible para esta visa mientras se encuentre en el pa\u00eds<\/strong>.<\/p>\n<ul class=\"visa-pics\" style=\"float: right;\">\n<li><a class=\"apply\" href=\"\/es\/visa-crew\/\">Solicita el visado<\/a><\/li>\n<\/ul>\n<p><br style=\"clear: both;\" \/><br style=\"clear: both;\" \/><\/p>\n<h2 id=\"MCV-proceso\">Proceso de solicitud de la MCV para Australia<\/h2>\n<p>Ahora que conoce los pasos para solicitar la MCV, aqu\u00ed encontrar\u00e1 m\u00e1s informaci\u00f3n sobre lo que debe esperar durante<strong> el proceso de solicitud y espera a que el gobierno australiano le conceda el visado para tripulantes de buques<\/strong>. Para la MCV, <a href=\"\/es\/visa-crew\/\"><strong>solicite en l\u00ednea <\/strong><\/a><strong>para obtener el procesamiento m\u00e1s r\u00e1pido y los resultados m\u00e1s seguros<\/strong>.<\/p>\n<p>Despu\u00e9s de que su solicitud de visado se presente oficialmente en l\u00ednea, ser\u00e1 <strong>revisada por el Departamento de Asuntos Internos del gobierno australiano<\/strong>. Usted recibir\u00e1 una decisi\u00f3n por escrito del gobierno australiano despu\u00e9s de que su solicitud de visa sea procesada.<\/p>\n<p>En el momento de la concesi\u00f3n de su solicitud de visado, se le comunicar\u00e1 el <strong>n\u00famero oficial de MCV que se<\/strong> le ha asignado, as\u00ed como las fechas de validez de su visado. Si hay otras condiciones adicionales adem\u00e1s de las que acompa\u00f1an regularmente a una visa marina en Australia, lo cual es muy raro, esas condiciones ser\u00e1n proporcionadas en ese momento por el gobierno por escrito.<\/p>\n<p><strong>Si el gobierno australiano (inmigraci\u00f3n) decide no conceder su solicitud de visado, tambi\u00e9n se le notificar\u00e1 de esta determinaci\u00f3n por escrito<\/strong>. El gobierno proveer\u00e1 la raz\u00f3n oficial por la cual su solicitud de visa se ha rechazado. Se recomienda que solicite esta visa tan pronto como haya confirmado que su estado de empleo requerir\u00e1 este tipo de visa para que tenga tiempo suficiente para corregir cualquier error o proporcionar informaci\u00f3n adicional en caso de que su solicitud de visa para Australia sea rechazada por el gobierno.<\/p>\n<ul class=\"visa-pics\" style=\"float: right;\">\n<li><a class=\"apply\" href=\"\/es\/visa-crew\/\">Solicita el visado<\/a><\/li>\n<\/ul>\n<p><br style=\"clear: both;\" \/><br style=\"clear: both;\" \/><\/p>\n<h2 id=\"MCV-tiempo\">Tiempo de procesamiento de la MCV<\/h2>\n<p>Si bien no existe una fecha l\u00edmite definitiva para que un solicitante pueda estar seguro de que su solicitud de MCV ser\u00e1 procesada, <strong>el tiempo de procesamiento de la MCV suele ser de cuatro d\u00edas<\/strong>. Muchas solicitudes de Visas de Maritime Crew para Australia se procesan en tan solo dos d\u00edas.<\/p>\n<p>La mejor manera de asegurarse de que no hay ning\u00fan retraso en el procesamiento de su solicitud de visado mar\u00edtimo para Australia es <strong>leer todas las instrucciones para la solicitud cuidadosamente y proporcionar toda la informaci\u00f3n requerida la<\/strong> primera vez que se presenta. Los <strong>errores al completar la solicitud en l\u00ednea de una MCV pueden retrasar innecesariamente el tiempo total de procesamiento<\/strong>.<\/p>\n<p>Si ha estado esperando m\u00e1s de un mes para obtener informaci\u00f3n sobre el estado de su MCV del gobierno australiano, debe <a href=\"\/es\/contactanos\/\">ponerse en contacto con nosotros<\/a>.<\/p>\n<ul class=\"visa-pics\" style=\"float: right;\">\n<li><a class=\"apply\" href=\"\/es\/visa-crew\/\">Solicita el visado<\/a><\/li>\n<\/ul>\n<p><br style=\"clear: both;\" \/><br style=\"clear: both;\" \/><\/p>\n<h2 id=\"MCV-costo\">Costo de MCV<\/h2>\n<p><strong>El costo de la solicitud de una MCV para Australia es de <span class=\"woocommerce-Price-amount amount\"><bdi><span class=\"woocommerce-Price-currencySymbol\">&euro;<\/span>98,00<\/bdi><\/span><\/strong>. El pago en l\u00ednea de la MCV es necesario para presentar su solicitud y procesar cada solicitud para la visa de Maritime Crew para Australia: tendr\u00e1 que presentar por separado un formulario de solicitud de visado para cada miembro de la familia que viajar\u00e1 con usted a Australia durante su empleo en un buque. Estas solicitudes deben presentarse al mismo tiempo que su solicitud de visado individual para evitar confusiones o retrasos en la tramitaci\u00f3n por parte del gobierno australiano.<\/p>\n<ul class=\"visa-pics\" style=\"float: right;\">\n<li><a class=\"apply\" href=\"\/es\/visa-crew\/\">Solicita el visado<\/a><\/li>\n<\/ul>\n<p><br style=\"clear: both;\" \/><br style=\"clear: both;\" \/><\/p>\n","protected":false},"excerpt":{"rendered":"<p>Visa de marinos para ciudadanos espa\u00f1oles &#8211; Subclase 988 El proceso por el cual usted puede obtener una MCV en [&#8230;]<\/p>\n<p><a class=\"btn btn-secondary understrap-read-more-link\" href=\"https:\/\/auvisa.org\/es\/mcv-maritime-crew-visa-australia\/\">Leer m\u00e1s&#8230;<span class=\"screen-reader-text\"> from Maritime Crew Visa (MCV) para Australia<\/span><\/a><\/p>\n","protected":false},"author":4,"featured_media":0,"parent":0,"menu_order":5,"comment_status":"closed","ping_status":"closed","template":"templates\/tpl_spiegazione.php","meta":{"inline_featured_image":false,"footnotes":""},"class_list":["post-1295","page","type-page","status-publish","hentry"],"yoast_head":"<!-- This site is optimized with the Yoast SEO plugin v26.9 - https:\/\/yoast.com\/product\/yoast-seo-wordpress\/ -->\n<title>Visa MCV para Australia - Maritime Crew Visa en L\u00ednea para Ciudadanos Espa\u00f1oles<\/title>\n<meta name=\"description\" content=\"Australia MCV: informaci\u00f3n para ciudadanos espa\u00f1oles: coste, requisitos y formulario de solicitud de visado Australian Maritime Crew Visa para marinos.\" \/>\n<meta name=\"robots\" content=\"index, follow, max-snippet:-1, max-image-preview:large, max-video-preview:-1\" \/>\n<link rel=\"canonical\" href=\"https:\/\/auvisa.org\/es\/mcv-maritime-crew-visa-australia\/\" \/>\n<meta property=\"og:locale\" content=\"es_ES\" \/>\n<meta property=\"og:type\" content=\"article\" \/>\n<meta property=\"og:title\" content=\"Visa MCV para Australia - Maritime Crew Visa en L\u00ednea para Ciudadanos Espa\u00f1oles\" \/>\n<meta property=\"og:description\" content=\"Australia MCV: informaci\u00f3n para ciudadanos espa\u00f1oles: coste, requisitos y formulario de solicitud de visado Australian Maritime Crew Visa para marinos.\" \/>\n<meta property=\"og:url\" content=\"https:\/\/auvisa.org\/es\/mcv-maritime-crew-visa-australia\/\" \/>\n<meta property=\"og:site_name\" content=\"Auvisa.org\" \/>\n<meta property=\"article:modified_time\" content=\"2023-07-19T12:20:21+00:00\" \/>\n<meta name=\"twitter:card\" content=\"summary_large_image\" \/>\n<meta name=\"twitter:label1\" content=\"Tiempo de lectura\" \/>\n\t<meta name=\"twitter:data1\" content=\"10 minutos\" \/>\n<script type=\"application\/ld+json\" class=\"yoast-schema-graph\">{\"@context\":\"https:\/\/schema.org\",\"@graph\":[{\"@type\":\"WebPage\",\"@id\":\"https:\/\/auvisa.org\/es\/mcv-maritime-crew-visa-australia\/\",\"url\":\"https:\/\/auvisa.org\/es\/mcv-maritime-crew-visa-australia\/\",\"name\":\"Visa MCV para Australia - Maritime Crew Visa en L\u00ednea para Ciudadanos Espa\u00f1oles\",\"isPartOf\":{\"@id\":\"https:\/\/auvisa.org\/es\/#website\"},\"datePublished\":\"2019-10-06T12:54:10+00:00\",\"dateModified\":\"2023-07-19T12:20:21+00:00\",\"description\":\"Australia MCV: informaci\u00f3n para ciudadanos espa\u00f1oles: coste, requisitos y formulario de solicitud de visado Australian Maritime Crew Visa para marinos.\",\"breadcrumb\":{\"@id\":\"https:\/\/auvisa.org\/es\/mcv-maritime-crew-visa-australia\/#breadcrumb\"},\"inLanguage\":\"es\",\"potentialAction\":[{\"@type\":\"ReadAction\",\"target\":[\"https:\/\/auvisa.org\/es\/mcv-maritime-crew-visa-australia\/\"]}]},{\"@type\":\"BreadcrumbList\",\"@id\":\"https:\/\/auvisa.org\/es\/mcv-maritime-crew-visa-australia\/#breadcrumb\",\"itemListElement\":[{\"@type\":\"ListItem\",\"position\":1,\"name\":\"Home\",\"item\":\"https:\/\/auvisa.org\/es\/\"},{\"@type\":\"ListItem\",\"position\":2,\"name\":\"Maritime Crew Visa (MCV) para Australia\"}]},{\"@type\":\"WebSite\",\"@id\":\"https:\/\/auvisa.org\/es\/#website\",\"url\":\"https:\/\/auvisa.org\/es\/\",\"name\":\"Auvisa.org\",\"description\":\"\",\"inLanguage\":\"es\"}]}<\/script>\n<!-- \/ Yoast SEO plugin. -->","yoast_head_json":{"title":"Visa MCV para Australia - Maritime Crew Visa en L\u00ednea para Ciudadanos Espa\u00f1oles","description":"Australia MCV: informaci\u00f3n para ciudadanos espa\u00f1oles: coste, requisitos y formulario de solicitud de visado Australian Maritime Crew Visa para marinos.","robots":{"index":"index","follow":"follow","max-snippet":"max-snippet:-1","max-image-preview":"max-image-preview:large","max-video-preview":"max-video-preview:-1"},"canonical":"https:\/\/auvisa.org\/es\/mcv-maritime-crew-visa-australia\/","og_locale":"es_ES","og_type":"article","og_title":"Visa MCV para Australia - Maritime Crew Visa en L\u00ednea para Ciudadanos Espa\u00f1oles","og_description":"Australia MCV: informaci\u00f3n para ciudadanos espa\u00f1oles: coste, requisitos y formulario de solicitud de visado Australian Maritime Crew Visa para marinos.","og_url":"https:\/\/auvisa.org\/es\/mcv-maritime-crew-visa-australia\/","og_site_name":"Auvisa.org","article_modified_time":"2023-07-19T12:20:21+00:00","twitter_card":"summary_large_image","twitter_misc":{"Tiempo de lectura":"10 minutos"},"schema":{"@context":"https:\/\/schema.org","@graph":[{"@type":"WebPage","@id":"https:\/\/auvisa.org\/es\/mcv-maritime-crew-visa-australia\/","url":"https:\/\/auvisa.org\/es\/mcv-maritime-crew-visa-australia\/","name":"Visa MCV para Australia - Maritime Crew Visa en L\u00ednea para Ciudadanos Espa\u00f1oles","isPartOf":{"@id":"https:\/\/auvisa.org\/es\/#website"},"datePublished":"2019-10-06T12:54:10+00:00","dateModified":"2023-07-19T12:20:21+00:00","description":"Australia MCV: informaci\u00f3n para ciudadanos espa\u00f1oles: coste, requisitos y formulario de solicitud de visado Australian Maritime Crew Visa para marinos.","breadcrumb":{"@id":"https:\/\/auvisa.org\/es\/mcv-maritime-crew-visa-australia\/#breadcrumb"},"inLanguage":"es","potentialAction":[{"@type":"ReadAction","target":["https:\/\/auvisa.org\/es\/mcv-maritime-crew-visa-australia\/"]}]},{"@type":"BreadcrumbList","@id":"https:\/\/auvisa.org\/es\/mcv-maritime-crew-visa-australia\/#breadcrumb","itemListElement":[{"@type":"ListItem","position":1,"name":"Home","item":"https:\/\/auvisa.org\/es\/"},{"@type":"ListItem","position":2,"name":"Maritime Crew Visa (MCV) para Australia"}]},{"@type":"WebSite","@id":"https:\/\/auvisa.org\/es\/#website","url":"https:\/\/auvisa.org\/es\/","name":"Auvisa.org","description":"","inLanguage":"es"}]}},"_links":{"self":[{"href":"https:\/\/auvisa.org\/es\/wp-json\/wp\/v2\/pages\/1295","targetHints":{"allow":["GET"]}}],"collection":[{"href":"https:\/\/auvisa.org\/es\/wp-json\/wp\/v2\/pages"}],"about":[{"href":"https:\/\/auvisa.org\/es\/wp-json\/wp\/v2\/types\/page"}],"author":[{"embeddable":true,"href":"https:\/\/auvisa.org\/es\/wp-json\/wp\/v2\/users\/4"}],"replies":[{"embeddable":true,"href":"https:\/\/auvisa.org\/es\/wp-json\/wp\/v2\/comments?post=1295"}],"version-history":[{"count":15,"href":"https:\/\/auvisa.org\/es\/wp-json\/wp\/v2\/pages\/1295\/revisions"}],"predecessor-version":[{"id":17675,"href":"https:\/\/auvisa.org\/es\/wp-json\/wp\/v2\/pages\/1295\/revisions\/17675"}],"wp:attachment":[{"href":"https:\/\/auvisa.org\/es\/wp-json\/wp\/v2\/media?parent=1295"}],"curies":[{"name":"wp","href":"https:\/\/api.w.org\/{rel}","templated":true}]}}