{"id":1744,"date":"2020-01-07T16:26:56","date_gmt":"2020-01-07T16:26:56","guid":{"rendered":"https:\/\/dev.auvisa.org\/?page_id=1744"},"modified":"2023-08-25T11:40:55","modified_gmt":"2023-08-25T09:40:55","slug":"visa-holiday","status":"publish","type":"page","link":"https:\/\/auvisa.org\/es\/visa-holiday\/","title":{"rendered":"Solicitar Visado Work and Holiday para Australia: Formulario (Espa\u00f1a)"},"content":{"rendered":"\n<div style=\"height:20px\" aria-hidden=\"true\" class=\"wp-block-spacer\"><\/div>\n\n\n\n<p>Este formulario de solicitud del visado Work and Holiday est\u00e1 destinado a <strong>los ciudadanos espa\u00f1oles entre 18 y 30 a\u00f1os de edad (inclusive)<\/strong> en el momento de su solicitud.<\/p>\n\n\n\n<p>Una vez obtenido el visado, usted podr\u00e1 viajar a Australia y combinar vacaciones, <strong>trabajo y estudios<\/strong>.<\/p>\n\n\n\n<p>Podr\u00e1 permanecer <strong>en Australia hasta un a\u00f1o<\/strong> y trabajar para el mismo empleador hasta 6 meses, o estudiar hasta 4 meses. Si lo desea, podr\u00e1 pasar todo el per\u00edodo de duraci\u00f3n de la visa de vacaciones.<\/p>\n\n\n\n<p>Condiciones para la solicitud del visado Work and Holiday:<\/p>\n\n\n\n<ul class=\"wp-block-list\"><li>Debe tener entre 18 y 30 a\u00f1os de edad (inclusive)<\/li><li>Debe estar en buena salud<\/li><li>Debe tener los medios econ\u00f3micos para mantenerse al principio de su estancia.<\/li><\/ul>\n\n\n\n<p><strong>IMPORTANTE:<\/strong><br>Para completar y enviar su solicitud, se necesitar\u00e1 una copia de los siguientes documentos:<\/p>\n\n\n\n<ul class=\"wp-block-list\"><li>P\u00e1gina de datos personales de pasaporte<\/li><li>Foto del pasaporte<\/li><li>Pruebas documentales de educaci\u00f3n<\/li><\/ul>\n\n\n\n<p>Si no tiene todos los documentos necesarios en este momento, puede guardar la aplicaci\u00f3n y cargar los documentos m\u00e1s tarde (para obtener m\u00e1s detalles sobre estos documentos, consulte la secci\u00f3n dedicada al final del formulario de solicitud).<\/p>\n\n\n\n<p>Puede solicitar visados por m\u00e1s de una persona al mismo tiempo, y <strong>el precio de cada visado Working Holiday ser\u00e1 de <span class=\"woocommerce-Price-amount amount\"><bdi><span class=\"woocommerce-Price-currencySymbol\">&euro;<\/span>575,00<\/bdi><\/span>. El precio incluye tanto las tarifas de servicio de Auvisa.org como las tarifas gubernamentales (cuando corresponda).<\/strong><\/p>\n\n\n\n<div style=\"height:62px\" aria-hidden=\"true\" class=\"wp-block-spacer\"><\/div>\n\n\n\n<h3>Ingrese y confirme su direcci\u00f3n de correo electr\u00f3nico para empezar la aplicaci\u00f3n en l\u00ednea:<\/h3>\n","protected":false},"excerpt":{"rendered":"<p>Este formulario de solicitud del visado Work and Holiday est\u00e1 destinado a los ciudadanos espa\u00f1oles entre 18 y 30 a\u00f1os [&#8230;]<\/p>\n<p><a class=\"btn btn-secondary understrap-read-more-link\" href=\"https:\/\/auvisa.org\/es\/visa-holiday\/\">Leer m\u00e1s&#8230;<span class=\"screen-reader-text\"> from Solicitar Visado Work and Holiday para Australia: Formulario (Espa\u00f1a)<\/span><\/a><\/p>\n","protected":false},"author":3,"featured_media":0,"parent":0,"menu_order":39,"comment_status":"closed","ping_status":"closed","template":"templates\/tpl_acf_form.php","meta":{"inline_featured_image":false,"footnotes":""},"class_list":["post-1744","page","type-page","status-publish","hentry"],"yoast_head":"<!-- This site is optimized with the Yoast SEO plugin v26.9 - https:\/\/yoast.com\/product\/yoast-seo-wordpress\/ -->\n<title>Solicitar Visado Work and Holiday para Australia: Formulario (Espa\u00f1a)<\/title>\n<meta name=\"description\" content=\"Los viajeros espa\u00f1oles deben solicitar en l\u00ednea el visado Work and Holiday para Australia a trav\u00e9s de este formulario de solicitud simplificado.\" \/>\n<meta name=\"robots\" content=\"index, follow, max-snippet:-1, max-image-preview:large, max-video-preview:-1\" \/>\n<link rel=\"canonical\" href=\"https:\/\/auvisa.org\/es\/visa-holiday\/\" \/>\n<meta property=\"og:locale\" content=\"es_ES\" \/>\n<meta property=\"og:type\" content=\"article\" \/>\n<meta property=\"og:title\" content=\"Solicitar Visado Work and Holiday para Australia: Formulario (Espa\u00f1a)\" \/>\n<meta property=\"og:description\" content=\"Los viajeros espa\u00f1oles deben solicitar en l\u00ednea el visado Work and Holiday para Australia a trav\u00e9s de este formulario de solicitud simplificado.\" \/>\n<meta property=\"og:url\" content=\"https:\/\/auvisa.org\/es\/visa-holiday\/\" \/>\n<meta property=\"og:site_name\" content=\"Auvisa.org\" \/>\n<meta property=\"article:modified_time\" content=\"2023-08-25T09:40:55+00:00\" \/>\n<meta name=\"twitter:card\" content=\"summary_large_image\" \/>\n<meta name=\"twitter:label1\" content=\"Tiempo de lectura\" \/>\n\t<meta name=\"twitter:data1\" content=\"2 minutos\" \/>\n<script type=\"application\/ld+json\" class=\"yoast-schema-graph\">{\"@context\":\"https:\/\/schema.org\",\"@graph\":[{\"@type\":\"WebPage\",\"@id\":\"https:\/\/auvisa.org\/es\/visa-holiday\/\",\"url\":\"https:\/\/auvisa.org\/es\/visa-holiday\/\",\"name\":\"Solicitar Visado Work and Holiday para Australia: Formulario (Espa\u00f1a)\",\"isPartOf\":{\"@id\":\"https:\/\/auvisa.org\/es\/#website\"},\"datePublished\":\"2020-01-07T16:26:56+00:00\",\"dateModified\":\"2023-08-25T09:40:55+00:00\",\"description\":\"Los viajeros espa\u00f1oles deben solicitar en l\u00ednea el visado Work and Holiday para Australia a trav\u00e9s de este formulario de solicitud simplificado.\",\"breadcrumb\":{\"@id\":\"https:\/\/auvisa.org\/es\/visa-holiday\/#breadcrumb\"},\"inLanguage\":\"es\",\"potentialAction\":[{\"@type\":\"ReadAction\",\"target\":[\"https:\/\/auvisa.org\/es\/visa-holiday\/\"]}]},{\"@type\":\"BreadcrumbList\",\"@id\":\"https:\/\/auvisa.org\/es\/visa-holiday\/#breadcrumb\",\"itemListElement\":[{\"@type\":\"ListItem\",\"position\":1,\"name\":\"Home\",\"item\":\"https:\/\/auvisa.org\/es\/\"},{\"@type\":\"ListItem\",\"position\":2,\"name\":\"Solicitar Visado Work and Holiday para Australia: Formulario (Espa\u00f1a)\"}]},{\"@type\":\"WebSite\",\"@id\":\"https:\/\/auvisa.org\/es\/#website\",\"url\":\"https:\/\/auvisa.org\/es\/\",\"name\":\"Auvisa.org\",\"description\":\"\",\"inLanguage\":\"es\"}]}<\/script>\n<!-- \/ Yoast SEO plugin. -->","yoast_head_json":{"title":"Solicitar Visado Work and Holiday para Australia: Formulario (Espa\u00f1a)","description":"Los viajeros espa\u00f1oles deben solicitar en l\u00ednea el visado Work and Holiday para Australia a trav\u00e9s de este formulario de solicitud simplificado.","robots":{"index":"index","follow":"follow","max-snippet":"max-snippet:-1","max-image-preview":"max-image-preview:large","max-video-preview":"max-video-preview:-1"},"canonical":"https:\/\/auvisa.org\/es\/visa-holiday\/","og_locale":"es_ES","og_type":"article","og_title":"Solicitar Visado Work and Holiday para Australia: Formulario (Espa\u00f1a)","og_description":"Los viajeros espa\u00f1oles deben solicitar en l\u00ednea el visado Work and Holiday para Australia a trav\u00e9s de este formulario de solicitud simplificado.","og_url":"https:\/\/auvisa.org\/es\/visa-holiday\/","og_site_name":"Auvisa.org","article_modified_time":"2023-08-25T09:40:55+00:00","twitter_card":"summary_large_image","twitter_misc":{"Tiempo de lectura":"2 minutos"},"schema":{"@context":"https:\/\/schema.org","@graph":[{"@type":"WebPage","@id":"https:\/\/auvisa.org\/es\/visa-holiday\/","url":"https:\/\/auvisa.org\/es\/visa-holiday\/","name":"Solicitar Visado Work and Holiday para Australia: Formulario (Espa\u00f1a)","isPartOf":{"@id":"https:\/\/auvisa.org\/es\/#website"},"datePublished":"2020-01-07T16:26:56+00:00","dateModified":"2023-08-25T09:40:55+00:00","description":"Los viajeros espa\u00f1oles deben solicitar en l\u00ednea el visado Work and Holiday para Australia a trav\u00e9s de este formulario de solicitud simplificado.","breadcrumb":{"@id":"https:\/\/auvisa.org\/es\/visa-holiday\/#breadcrumb"},"inLanguage":"es","potentialAction":[{"@type":"ReadAction","target":["https:\/\/auvisa.org\/es\/visa-holiday\/"]}]},{"@type":"BreadcrumbList","@id":"https:\/\/auvisa.org\/es\/visa-holiday\/#breadcrumb","itemListElement":[{"@type":"ListItem","position":1,"name":"Home","item":"https:\/\/auvisa.org\/es\/"},{"@type":"ListItem","position":2,"name":"Solicitar Visado Work and Holiday para Australia: Formulario (Espa\u00f1a)"}]},{"@type":"WebSite","@id":"https:\/\/auvisa.org\/es\/#website","url":"https:\/\/auvisa.org\/es\/","name":"Auvisa.org","description":"","inLanguage":"es"}]}},"_links":{"self":[{"href":"https:\/\/auvisa.org\/es\/wp-json\/wp\/v2\/pages\/1744","targetHints":{"allow":["GET"]}}],"collection":[{"href":"https:\/\/auvisa.org\/es\/wp-json\/wp\/v2\/pages"}],"about":[{"href":"https:\/\/auvisa.org\/es\/wp-json\/wp\/v2\/types\/page"}],"author":[{"embeddable":true,"href":"https:\/\/auvisa.org\/es\/wp-json\/wp\/v2\/users\/3"}],"replies":[{"embeddable":true,"href":"https:\/\/auvisa.org\/es\/wp-json\/wp\/v2\/comments?post=1744"}],"version-history":[{"count":17,"href":"https:\/\/auvisa.org\/es\/wp-json\/wp\/v2\/pages\/1744\/revisions"}],"predecessor-version":[{"id":17753,"href":"https:\/\/auvisa.org\/es\/wp-json\/wp\/v2\/pages\/1744\/revisions\/17753"}],"wp:attachment":[{"href":"https:\/\/auvisa.org\/es\/wp-json\/wp\/v2\/media?parent=1744"}],"curies":[{"name":"wp","href":"https:\/\/api.w.org\/{rel}","templated":true}]}}