{"id":1747,"date":"2020-01-07T16:27:41","date_gmt":"2020-01-07T16:27:41","guid":{"rendered":"https:\/\/dev.auvisa.org\/?page_id=1747"},"modified":"2023-07-19T14:14:13","modified_gmt":"2023-07-19T12:14:13","slug":"visa-student","status":"publish","type":"page","link":"https:\/\/auvisa.org\/es\/visa-student\/","title":{"rendered":"Solicitar Visa de Estudiante para Australia: Formulario"},"content":{"rendered":"\n<div style=\"height:20px\" aria-hidden=\"true\" class=\"wp-block-spacer\"><\/div>\n\n\n\n<p>Utilice este formulario para solicitar una visa de estudiante para Australia.<\/p>\n\n\n\n<p>Debes ser <strong>admitido en una universidad o escuela antes de poder solicitar una visa de estudio para Australia<\/strong>. Si no tiene una confirmaci\u00f3n de inscripci\u00f3n, comun\u00edquese con la escuela o universidad donde desea estudiar.<\/p>\n\n\n\n<h3 class=\"wp-block-heading\" id=\"el-modulo-ofrecera-las-siguientes-opciones\">El m\u00f3dulo ofrecer\u00e1 las siguientes opciones:<\/h3>\n\n\n\n<p><strong>Educaci\u00f3n superior<\/strong><\/p>\n\n\n\n<ul class=\"wp-block-list\"><li>Licenciatura, maestr\u00eda o especializaci\u00f3n, maestr\u00eda universitaria.<\/li><\/ul>\n\n\n\n<p><strong>Investigaci\u00f3n de posgrado<\/strong><\/p>\n\n\n\n<ul class=\"wp-block-list\"><li>M\u00e1ster de investigaci\u00f3n o doctorado.<\/li><\/ul>\n\n\n\n<p><strong>Cursos intensivos de ingl\u00e9s para estudiantes extranjeros (ELICOS)<\/strong><\/p>\n\n\n\n<ul class=\"wp-block-list\"><li>Para cursos individuales que conducen a un certificado de nivel I, II, III o IV o que no requieren certificaci\u00f3n.<\/li><\/ul>\n\n\n\n<p><strong>Curso de primaria o secundaria<\/strong><\/p>\n\n\n\n<ul class=\"wp-block-list\"><li>Para cursos de primaria o secundaria, incluidos los programas de intercambio de secundaria.<\/li><\/ul>\n\n\n\n<p><strong>Educaci\u00f3n y formaci\u00f3n profesional (VET \/ ITS)<\/strong><\/p>\n\n\n\n<ul class=\"wp-block-list\"><li>Esta f\u00f3rmula es para certificados I, II, III o IV (excepto ELICOS), capacitaci\u00f3n profesional con diploma, capacitaci\u00f3n profesional avanzada con su diploma, certificado de t\u00edtulo profesional o cursos de grado profesional.<\/li><\/ul>\n\n\n\n<p><strong>Sin premio ni beca<\/strong><\/p>\n\n\n\n<ul class=\"wp-block-list\"><li>Estudios que no incluyen premios especiales o cursos a tiempo completo que no implican la concesi\u00f3n de becas australianas.<\/li><\/ul>\n\n\n\n<p><strong>AusAID y Defensa<\/strong><\/p>\n\n\n\n<ul class=\"wp-block-list\"><li>AusAID o el Departamento de Defensa de Australia patrocinaron a estudiantes que toman cursos de tiempo completo de cualquier tipo.<\/li><\/ul>\n\n\n\n<p><strong>Supervisor de un alumno<\/strong><\/p>\n\n\n\n<ul class=\"wp-block-list\"><li>Los padres o familiares pueden solicitar una visa para permanecer en Australia como supervisores de un estudiante extranjero que estudie en Australia.<\/li><\/ul>\n\n\n\n<p>El precio es de <span class=\"woocommerce-Price-amount amount\"><bdi><span class=\"woocommerce-Price-currencySymbol\">&euro;<\/span>1.200,00<\/bdi><\/span> por visa.<\/p>\n\n\n\n<div style=\"height:59px\" aria-hidden=\"true\" class=\"wp-block-spacer\"><\/div>\n\n\n\n<h3 class=\"wp-block-heading\" id=\"ingrese-y-confirme-su-direccion-de-correo-electronico-para-empezar-la-aplicacion-en-linea\">Ingrese y confirme su direcci\u00f3n de correo electr\u00f3nico para empezar la aplicaci\u00f3n en l\u00ednea:<\/h3>\n","protected":false},"excerpt":{"rendered":"<p>Utilice este formulario para solicitar una visa de estudiante para Australia. Debes ser admitido en una universidad o escuela antes [&#8230;]<\/p>\n<p><a class=\"btn btn-secondary understrap-read-more-link\" href=\"https:\/\/auvisa.org\/es\/visa-student\/\">Leer m\u00e1s&#8230;<span class=\"screen-reader-text\"> from Solicitar Visa de Estudiante para Australia: Formulario<\/span><\/a><\/p>\n","protected":false},"author":3,"featured_media":0,"parent":0,"menu_order":37,"comment_status":"closed","ping_status":"closed","template":"templates\/tpl_acf_form.php","meta":{"inline_featured_image":false,"footnotes":""},"class_list":["post-1747","page","type-page","status-publish","hentry"],"yoast_head":"<!-- This site is optimized with the Yoast SEO plugin v26.9 - https:\/\/yoast.com\/product\/yoast-seo-wordpress\/ -->\n<title>Solicitar Visa de Estudiante para Australia: Formulario (Espa\u00f1a)<\/title>\n<meta name=\"description\" content=\"Los estudiantes espa\u00f1oles pueden utilizar este formulario para solicitar una visa de estudiante para Australia. Solic\u00edtelo en l\u00ednea aqu\u00ed.\" \/>\n<meta name=\"robots\" content=\"index, follow, max-snippet:-1, max-image-preview:large, max-video-preview:-1\" \/>\n<link rel=\"canonical\" href=\"https:\/\/auvisa.org\/es\/visa-student\/\" \/>\n<meta property=\"og:locale\" content=\"es_ES\" \/>\n<meta property=\"og:type\" content=\"article\" \/>\n<meta property=\"og:title\" content=\"Solicitar Visa de Estudiante para Australia: Formulario (Espa\u00f1a)\" \/>\n<meta property=\"og:description\" content=\"Los estudiantes espa\u00f1oles pueden utilizar este formulario para solicitar una visa de estudiante para Australia. Solic\u00edtelo en l\u00ednea aqu\u00ed.\" \/>\n<meta property=\"og:url\" content=\"https:\/\/auvisa.org\/es\/visa-student\/\" \/>\n<meta property=\"og:site_name\" content=\"Auvisa.org\" \/>\n<meta property=\"article:modified_time\" content=\"2023-07-19T12:14:13+00:00\" \/>\n<meta name=\"twitter:card\" content=\"summary_large_image\" \/>\n<meta name=\"twitter:label1\" content=\"Tiempo de lectura\" \/>\n\t<meta name=\"twitter:data1\" content=\"2 minutos\" \/>\n<script type=\"application\/ld+json\" class=\"yoast-schema-graph\">{\"@context\":\"https:\/\/schema.org\",\"@graph\":[{\"@type\":\"WebPage\",\"@id\":\"https:\/\/auvisa.org\/es\/visa-student\/\",\"url\":\"https:\/\/auvisa.org\/es\/visa-student\/\",\"name\":\"Solicitar Visa de Estudiante para Australia: Formulario (Espa\u00f1a)\",\"isPartOf\":{\"@id\":\"https:\/\/auvisa.org\/es\/#website\"},\"datePublished\":\"2020-01-07T16:27:41+00:00\",\"dateModified\":\"2023-07-19T12:14:13+00:00\",\"description\":\"Los estudiantes espa\u00f1oles pueden utilizar este formulario para solicitar una visa de estudiante para Australia. Solic\u00edtelo en l\u00ednea aqu\u00ed.\",\"breadcrumb\":{\"@id\":\"https:\/\/auvisa.org\/es\/visa-student\/#breadcrumb\"},\"inLanguage\":\"es\",\"potentialAction\":[{\"@type\":\"ReadAction\",\"target\":[\"https:\/\/auvisa.org\/es\/visa-student\/\"]}]},{\"@type\":\"BreadcrumbList\",\"@id\":\"https:\/\/auvisa.org\/es\/visa-student\/#breadcrumb\",\"itemListElement\":[{\"@type\":\"ListItem\",\"position\":1,\"name\":\"Home\",\"item\":\"https:\/\/auvisa.org\/es\/\"},{\"@type\":\"ListItem\",\"position\":2,\"name\":\"Solicitar Visa de Estudiante para Australia: Formulario\"}]},{\"@type\":\"WebSite\",\"@id\":\"https:\/\/auvisa.org\/es\/#website\",\"url\":\"https:\/\/auvisa.org\/es\/\",\"name\":\"Auvisa.org\",\"description\":\"\",\"inLanguage\":\"es\"}]}<\/script>\n<!-- \/ Yoast SEO plugin. -->","yoast_head_json":{"title":"Solicitar Visa de Estudiante para Australia: Formulario (Espa\u00f1a)","description":"Los estudiantes espa\u00f1oles pueden utilizar este formulario para solicitar una visa de estudiante para Australia. Solic\u00edtelo en l\u00ednea aqu\u00ed.","robots":{"index":"index","follow":"follow","max-snippet":"max-snippet:-1","max-image-preview":"max-image-preview:large","max-video-preview":"max-video-preview:-1"},"canonical":"https:\/\/auvisa.org\/es\/visa-student\/","og_locale":"es_ES","og_type":"article","og_title":"Solicitar Visa de Estudiante para Australia: Formulario (Espa\u00f1a)","og_description":"Los estudiantes espa\u00f1oles pueden utilizar este formulario para solicitar una visa de estudiante para Australia. Solic\u00edtelo en l\u00ednea aqu\u00ed.","og_url":"https:\/\/auvisa.org\/es\/visa-student\/","og_site_name":"Auvisa.org","article_modified_time":"2023-07-19T12:14:13+00:00","twitter_card":"summary_large_image","twitter_misc":{"Tiempo de lectura":"2 minutos"},"schema":{"@context":"https:\/\/schema.org","@graph":[{"@type":"WebPage","@id":"https:\/\/auvisa.org\/es\/visa-student\/","url":"https:\/\/auvisa.org\/es\/visa-student\/","name":"Solicitar Visa de Estudiante para Australia: Formulario (Espa\u00f1a)","isPartOf":{"@id":"https:\/\/auvisa.org\/es\/#website"},"datePublished":"2020-01-07T16:27:41+00:00","dateModified":"2023-07-19T12:14:13+00:00","description":"Los estudiantes espa\u00f1oles pueden utilizar este formulario para solicitar una visa de estudiante para Australia. Solic\u00edtelo en l\u00ednea aqu\u00ed.","breadcrumb":{"@id":"https:\/\/auvisa.org\/es\/visa-student\/#breadcrumb"},"inLanguage":"es","potentialAction":[{"@type":"ReadAction","target":["https:\/\/auvisa.org\/es\/visa-student\/"]}]},{"@type":"BreadcrumbList","@id":"https:\/\/auvisa.org\/es\/visa-student\/#breadcrumb","itemListElement":[{"@type":"ListItem","position":1,"name":"Home","item":"https:\/\/auvisa.org\/es\/"},{"@type":"ListItem","position":2,"name":"Solicitar Visa de Estudiante para Australia: Formulario"}]},{"@type":"WebSite","@id":"https:\/\/auvisa.org\/es\/#website","url":"https:\/\/auvisa.org\/es\/","name":"Auvisa.org","description":"","inLanguage":"es"}]}},"_links":{"self":[{"href":"https:\/\/auvisa.org\/es\/wp-json\/wp\/v2\/pages\/1747","targetHints":{"allow":["GET"]}}],"collection":[{"href":"https:\/\/auvisa.org\/es\/wp-json\/wp\/v2\/pages"}],"about":[{"href":"https:\/\/auvisa.org\/es\/wp-json\/wp\/v2\/types\/page"}],"author":[{"embeddable":true,"href":"https:\/\/auvisa.org\/es\/wp-json\/wp\/v2\/users\/3"}],"replies":[{"embeddable":true,"href":"https:\/\/auvisa.org\/es\/wp-json\/wp\/v2\/comments?post=1747"}],"version-history":[{"count":17,"href":"https:\/\/auvisa.org\/es\/wp-json\/wp\/v2\/pages\/1747\/revisions"}],"predecessor-version":[{"id":17668,"href":"https:\/\/auvisa.org\/es\/wp-json\/wp\/v2\/pages\/1747\/revisions\/17668"}],"wp:attachment":[{"href":"https:\/\/auvisa.org\/es\/wp-json\/wp\/v2\/media?parent=1747"}],"curies":[{"name":"wp","href":"https:\/\/api.w.org\/{rel}","templated":true}]}}