{"id":1749,"date":"2020-01-07T16:28:00","date_gmt":"2020-01-07T16:28:00","guid":{"rendered":"https:\/\/dev.auvisa.org\/?page_id=1749"},"modified":"2023-07-19T14:10:39","modified_gmt":"2023-07-19T12:10:39","slug":"visa-longterm","status":"publish","type":"page","link":"https:\/\/auvisa.org\/es\/visa-longterm\/","title":{"rendered":"Solicitar Visa de Larga Estancia para Australia: Formulario (Espa\u00f1a)"},"content":{"rendered":"\n<div style=\"height:20px\" aria-hidden=\"true\" class=\"wp-block-spacer\"><\/div>\n\n\n\n<p>Este formulario est\u00e1 dedicado a la solicitud del tipo de <strong>Visa de Visitante (Visitor Visa &#8211; Subclase 600)<\/strong>: visas temporales para per\u00edodos m\u00e1s largos de estad\u00eda en Australia.<\/p>\n\n\n\n<p>Al solicitar una visa de visitante a trav\u00e9s del formulario, <strong>puede elegir el per\u00edodo de validez entre 3, 6 y 12 meses<\/strong>.<\/p>\n\n\n\n<p>La visa de larga estancia que se puede solicitar a trav\u00e9s del formulario <strong>se puede utilizar para turismo, negocios y v\u00e1lida para visitar a familiares<\/strong>. Este tipo de visa tambi\u00e9n se puede usar <strong>para extender su estad\u00eda en Australia<\/strong>, si actualmente se encuentra en el pa\u00eds con otra visa que est\u00e1 por vencer.<\/p>\n\n\n\n<h3 class=\"wp-block-heading\" id=\"solicitud-de-visa-de-visitante-como-visa-de-turista\">Solicitud de visa de visitante como visa de turista<\/h3>\n\n\n\n<p>Si viaja a Australia <strong>por vacaciones o para visitar a familiares y amigos<\/strong>, seleccione este tipo de visa en el formulario de solicitud. Tambi\u00e9n es v\u00e1lido como un <strong>permiso de estudio por hasta 3 meses<\/strong>.<\/p>\n\n\n\n<h3 class=\"wp-block-heading\" id=\"visa-de-visitante-visa-como-viajero-de-negocios\">Visa de visitante visa como viajero de negocios<\/h3>\n\n\n\n<p>Si viaja a Australia con una visa de negocios, seleccione este tipo de visa en el formulario de solicitud. Con este tipo de visa, usted est\u00e1 autorizado <strong>para hacer negocios, investigar, negociar o asistir a conferencias<\/strong>.<\/p>\n\n\n\n<p><strong>No est\u00e1 permitido trabajar<\/strong> para una empresa ni proporcionar servicios para ninguna organizaci\u00f3n en Australia. No se permite vender bienes o servicios al p\u00fablico.<\/p>\n\n\n\n<h3 class=\"wp-block-heading\" id=\"visa-patrocinada-para-visita-familiar\">Visa patrocinada para visita familiar<\/h3>\n\n\n\n<p>Si viaja a Australia <strong>para visitar a la familia y tener un patrocinador<\/strong>, seleccione este tipo de visa en el formulario de solicitud. Su patrocinador puede ser requerido para proporcionar un dep\u00f3sito de seguridad. Una vez que llegue a Australia, no puede solicitar otro tipo de visa dentro de Australia.<\/p>\n\n\n\n<h3 class=\"wp-block-heading\" id=\"extienda-su-visa-actual-con-una-visa-de-visitante\">Extienda su visa actual con una Visa de visitante<\/h3>\n\n\n\n<p>Si actualmente se encuentra en Australia con una visa que est\u00e1 por vencer, puede <strong>solicitar esta visa para extender su estad\u00eda<\/strong>. Esto solo es posible si no tiene una condici\u00f3n: 8503 \u00abNo m\u00e1s estad\u00edas\u00bb en su visa actual.<\/p>\n\n\n\n<p><strong>Las visas de visa de visitante a largo plazo (larga estancia) cuestan <span class=\"woocommerce-Price-amount amount\"><bdi><span class=\"woocommerce-Price-currencySymbol\">&euro;<\/span>275,00<\/bdi><\/span> cada una<\/strong>, y a trav\u00e9s del formulario de solicitud tambi\u00e9n ser\u00e1 posible solicitar m\u00e1s de una visa a la vez.<\/p>\n\n\n\n<p>Nota: si se encuentra dentro de Australia cuando solicita una visa, se le cobrar\u00e1 un <strong>cargo adicional de \u20ac 150 por persona<\/strong>. Puede solicitar visa para varias personas al mismo tiempo.<\/p>\n\n\n\n<div style=\"height:61px\" aria-hidden=\"true\" class=\"wp-block-spacer\"><\/div>\n\n\n\n<h3 class=\"wp-block-heading\" id=\"ingrese-y-confirme-su-direccion-de-correo-electronico-para-empezar-la-aplicacion-en-linea\">Ingrese y confirme su direcci\u00f3n de correo electr\u00f3nico para empezar la aplicaci\u00f3n en l\u00ednea:<\/h3>\n","protected":false},"excerpt":{"rendered":"<p>Este formulario est\u00e1 dedicado a la solicitud del tipo de Visa de Visitante (Visitor Visa &#8211; Subclase 600): visas temporales [&#8230;]<\/p>\n<p><a class=\"btn btn-secondary understrap-read-more-link\" href=\"https:\/\/auvisa.org\/es\/visa-longterm\/\">Leer m\u00e1s&#8230;<span class=\"screen-reader-text\"> from Solicitar Visa de Larga Estancia para Australia: Formulario (Espa\u00f1a)<\/span><\/a><\/p>\n","protected":false},"author":3,"featured_media":0,"parent":0,"menu_order":32,"comment_status":"closed","ping_status":"closed","template":"templates\/tpl_acf_form.php","meta":{"inline_featured_image":false,"footnotes":""},"class_list":["post-1749","page","type-page","status-publish","hentry"],"yoast_head":"<!-- This site is optimized with the Yoast SEO plugin v26.9 - https:\/\/yoast.com\/product\/yoast-seo-wordpress\/ -->\n<title>Solicitar Visa de Larga Estancia Visitor Visa para Australia: Formulario<\/title>\n<meta name=\"description\" content=\"El visado de larga estancia para Australia (Visitor Visa - Subclase 600) se utiliza para estancias de 3, 6 o 12 meses y para extender su actual estancia en Australia. Solic\u00edtelo en l\u00ednea ahora.\" \/>\n<meta name=\"robots\" content=\"index, follow, max-snippet:-1, max-image-preview:large, max-video-preview:-1\" \/>\n<link rel=\"canonical\" href=\"https:\/\/auvisa.org\/es\/visa-longterm\/\" \/>\n<meta property=\"og:locale\" content=\"es_ES\" \/>\n<meta property=\"og:type\" content=\"article\" \/>\n<meta property=\"og:title\" content=\"Solicitar Visa de Larga Estancia Visitor Visa para Australia: Formulario\" \/>\n<meta property=\"og:description\" content=\"El visado de larga estancia para Australia (Visitor Visa - Subclase 600) se utiliza para estancias de 3, 6 o 12 meses y para extender su actual estancia en Australia. Solic\u00edtelo en l\u00ednea ahora.\" \/>\n<meta property=\"og:url\" content=\"https:\/\/auvisa.org\/es\/visa-longterm\/\" \/>\n<meta property=\"og:site_name\" content=\"Auvisa.org\" \/>\n<meta property=\"article:modified_time\" content=\"2023-07-19T12:10:39+00:00\" \/>\n<meta name=\"twitter:card\" content=\"summary_large_image\" \/>\n<meta name=\"twitter:label1\" content=\"Tiempo de lectura\" \/>\n\t<meta name=\"twitter:data1\" content=\"2 minutos\" \/>\n<script type=\"application\/ld+json\" class=\"yoast-schema-graph\">{\"@context\":\"https:\/\/schema.org\",\"@graph\":[{\"@type\":\"WebPage\",\"@id\":\"https:\/\/auvisa.org\/es\/visa-longterm\/\",\"url\":\"https:\/\/auvisa.org\/es\/visa-longterm\/\",\"name\":\"Solicitar Visa de Larga Estancia Visitor Visa para Australia: Formulario\",\"isPartOf\":{\"@id\":\"https:\/\/auvisa.org\/es\/#website\"},\"datePublished\":\"2020-01-07T16:28:00+00:00\",\"dateModified\":\"2023-07-19T12:10:39+00:00\",\"description\":\"El visado de larga estancia para Australia (Visitor Visa - Subclase 600) se utiliza para estancias de 3, 6 o 12 meses y para extender su actual estancia en Australia. Solic\u00edtelo en l\u00ednea ahora.\",\"breadcrumb\":{\"@id\":\"https:\/\/auvisa.org\/es\/visa-longterm\/#breadcrumb\"},\"inLanguage\":\"es\",\"potentialAction\":[{\"@type\":\"ReadAction\",\"target\":[\"https:\/\/auvisa.org\/es\/visa-longterm\/\"]}]},{\"@type\":\"BreadcrumbList\",\"@id\":\"https:\/\/auvisa.org\/es\/visa-longterm\/#breadcrumb\",\"itemListElement\":[{\"@type\":\"ListItem\",\"position\":1,\"name\":\"Home\",\"item\":\"https:\/\/auvisa.org\/es\/\"},{\"@type\":\"ListItem\",\"position\":2,\"name\":\"Solicitar Visa de Larga Estancia para Australia: Formulario (Espa\u00f1a)\"}]},{\"@type\":\"WebSite\",\"@id\":\"https:\/\/auvisa.org\/es\/#website\",\"url\":\"https:\/\/auvisa.org\/es\/\",\"name\":\"Auvisa.org\",\"description\":\"\",\"inLanguage\":\"es\"}]}<\/script>\n<!-- \/ Yoast SEO plugin. -->","yoast_head_json":{"title":"Solicitar Visa de Larga Estancia Visitor Visa para Australia: Formulario","description":"El visado de larga estancia para Australia (Visitor Visa - Subclase 600) se utiliza para estancias de 3, 6 o 12 meses y para extender su actual estancia en Australia. Solic\u00edtelo en l\u00ednea ahora.","robots":{"index":"index","follow":"follow","max-snippet":"max-snippet:-1","max-image-preview":"max-image-preview:large","max-video-preview":"max-video-preview:-1"},"canonical":"https:\/\/auvisa.org\/es\/visa-longterm\/","og_locale":"es_ES","og_type":"article","og_title":"Solicitar Visa de Larga Estancia Visitor Visa para Australia: Formulario","og_description":"El visado de larga estancia para Australia (Visitor Visa - Subclase 600) se utiliza para estancias de 3, 6 o 12 meses y para extender su actual estancia en Australia. Solic\u00edtelo en l\u00ednea ahora.","og_url":"https:\/\/auvisa.org\/es\/visa-longterm\/","og_site_name":"Auvisa.org","article_modified_time":"2023-07-19T12:10:39+00:00","twitter_card":"summary_large_image","twitter_misc":{"Tiempo de lectura":"2 minutos"},"schema":{"@context":"https:\/\/schema.org","@graph":[{"@type":"WebPage","@id":"https:\/\/auvisa.org\/es\/visa-longterm\/","url":"https:\/\/auvisa.org\/es\/visa-longterm\/","name":"Solicitar Visa de Larga Estancia Visitor Visa para Australia: Formulario","isPartOf":{"@id":"https:\/\/auvisa.org\/es\/#website"},"datePublished":"2020-01-07T16:28:00+00:00","dateModified":"2023-07-19T12:10:39+00:00","description":"El visado de larga estancia para Australia (Visitor Visa - Subclase 600) se utiliza para estancias de 3, 6 o 12 meses y para extender su actual estancia en Australia. Solic\u00edtelo en l\u00ednea ahora.","breadcrumb":{"@id":"https:\/\/auvisa.org\/es\/visa-longterm\/#breadcrumb"},"inLanguage":"es","potentialAction":[{"@type":"ReadAction","target":["https:\/\/auvisa.org\/es\/visa-longterm\/"]}]},{"@type":"BreadcrumbList","@id":"https:\/\/auvisa.org\/es\/visa-longterm\/#breadcrumb","itemListElement":[{"@type":"ListItem","position":1,"name":"Home","item":"https:\/\/auvisa.org\/es\/"},{"@type":"ListItem","position":2,"name":"Solicitar Visa de Larga Estancia para Australia: Formulario (Espa\u00f1a)"}]},{"@type":"WebSite","@id":"https:\/\/auvisa.org\/es\/#website","url":"https:\/\/auvisa.org\/es\/","name":"Auvisa.org","description":"","inLanguage":"es"}]}},"_links":{"self":[{"href":"https:\/\/auvisa.org\/es\/wp-json\/wp\/v2\/pages\/1749","targetHints":{"allow":["GET"]}}],"collection":[{"href":"https:\/\/auvisa.org\/es\/wp-json\/wp\/v2\/pages"}],"about":[{"href":"https:\/\/auvisa.org\/es\/wp-json\/wp\/v2\/types\/page"}],"author":[{"embeddable":true,"href":"https:\/\/auvisa.org\/es\/wp-json\/wp\/v2\/users\/3"}],"replies":[{"embeddable":true,"href":"https:\/\/auvisa.org\/es\/wp-json\/wp\/v2\/comments?post=1749"}],"version-history":[{"count":16,"href":"https:\/\/auvisa.org\/es\/wp-json\/wp\/v2\/pages\/1749\/revisions"}],"predecessor-version":[{"id":17664,"href":"https:\/\/auvisa.org\/es\/wp-json\/wp\/v2\/pages\/1749\/revisions\/17664"}],"wp:attachment":[{"href":"https:\/\/auvisa.org\/es\/wp-json\/wp\/v2\/media?parent=1749"}],"curies":[{"name":"wp","href":"https:\/\/api.w.org\/{rel}","templated":true}]}}