{"id":1752,"date":"2020-01-07T16:28:55","date_gmt":"2020-01-07T16:28:55","guid":{"rendered":"https:\/\/dev.auvisa.org\/?page_id=1752"},"modified":"2023-08-31T15:47:13","modified_gmt":"2023-08-31T13:47:13","slug":"visa-crew","status":"publish","type":"page","link":"https:\/\/auvisa.org\/es\/visa-crew\/","title":{"rendered":"Solicitar Visado MCV (Maritime Crew Visa) para Australia: Formulario"},"content":{"rendered":"\n<div style=\"height:20px\" aria-hidden=\"true\" class=\"wp-block-spacer\"><\/div>\n\n\n\n<p>La solicitud de visa Maritime Crew Visa (MCV) para tripulaciones mar\u00edtimas es <strong>para personas que ingresan o salen de Australia, por mar, como tripulaci\u00f3n de un barco<\/strong>.<\/p>\n\n\n\n<p><strong>Puede solicitar esta visa si<\/strong>:<\/p>\n\n\n\n<ul class=\"wp-block-list\"><li>Est\u00e1 f<strong>uera de Australia<\/strong><\/li><li>Usted es o ser\u00e1 <strong>parte de una tripulaci\u00f3n en un barco<\/strong> que va hacia o desde Australia<\/li><li>Si <strong>entra o sale de Australia por mar <\/strong>como tripulaci\u00f3n de un barco<\/li><\/ul>\n\n\n\n<p><strong>El barco puede ser<\/strong>:<\/p>\n\n\n\n<ul class=\"wp-block-list\"><li>Un barco <strong>comercial<\/strong><\/li><li>Un barco <strong>de pasajeros<\/strong><\/li><li>Un barco propiedad de un gobierno extranjero<strong> para investigaci\u00f3n cient\u00edfica<\/strong><\/li><li>Un barco aprobado por el Departamento de Asuntos Exteriores de Australia como un \u00ab<strong>barco p\u00fablico<\/strong>\u00ab<\/li><\/ul>\n\n\n\n<p>Si tiene <strong>familiares que lo seguir\u00e1n<\/strong>, tambi\u00e9n puede solicitarles una visa de tripulaci\u00f3n mar\u00edtima MCV para ellos a trav\u00e9s del formulario de solicitud, junto con el suyo.<\/p>\n\n\n\n<p>Nota: si planea ingresar a Australia en avi\u00f3n, debe tener una visa adicional junto con una visa para tripulaciones mar\u00edtimas, como una visa de turista eVisitor.<\/p>\n\n\n\n<p><strong>IMPORTANTE:<\/strong><br>Para completar y enviar su solicitud, se necesitar\u00e1 una copia de los siguientes documentos:<\/p>\n\n\n\n<ul class=\"wp-block-list\"><li>P\u00e1gina de datos personales de pasaporte<\/li><\/ul>\n\n\n\n<p>Si no tiene todos los documentos necesarios en este momento, puede guardar la aplicaci\u00f3n y cargar los documentos m\u00e1s tarde.<\/p>\n\n\n\n<p><strong>El precio de cada visa es de <span class=\"woocommerce-Price-amount amount\"><bdi><span class=\"woocommerce-Price-currencySymbol\">&euro;<\/span>98,00<\/bdi><\/span>. El precio incluye tanto las tarifas de servicio de Auvisa.org como las tarifas gubernamentales (cuando corresponda).<\/strong><\/p>\n\n\n\n<div style=\"height:63px\" aria-hidden=\"true\" class=\"wp-block-spacer\"><\/div>\n\n\n\n<h3 class=\"wp-block-heading\" id=\"ingrese-y-confirme-su-direccion-de-correo-electronico-para-empezar-la-aplicacion-en-linea\">Ingrese y confirme su direcci\u00f3n de correo electr\u00f3nico para empezar la aplicaci\u00f3n en l\u00ednea:<\/h3>\n","protected":false},"excerpt":{"rendered":"<p>La solicitud de visa Maritime Crew Visa (MCV) para tripulaciones mar\u00edtimas es para personas que ingresan o salen de Australia, [&#8230;]<\/p>\n<p><a class=\"btn btn-secondary understrap-read-more-link\" href=\"https:\/\/auvisa.org\/es\/visa-crew\/\">Leer m\u00e1s&#8230;<span class=\"screen-reader-text\"> from Solicitar Visado MCV (Maritime Crew Visa) para Australia: Formulario<\/span><\/a><\/p>\n","protected":false},"author":3,"featured_media":0,"parent":0,"menu_order":28,"comment_status":"closed","ping_status":"closed","template":"templates\/tpl_acf_form.php","meta":{"inline_featured_image":false,"footnotes":""},"class_list":["post-1752","page","type-page","status-publish","hentry"],"yoast_head":"<!-- This site is optimized with the Yoast SEO plugin v26.9 - https:\/\/yoast.com\/product\/yoast-seo-wordpress\/ -->\n<title>Solicitar Visado MCV para Australia: Formulario para Espa\u00f1oles<\/title>\n<meta name=\"description\" content=\"Los ciudadanos espa\u00f1oles que entran en Australia como tripulaci\u00f3n mar\u00edtima deben usar este formulario de solicitud para recibir su visado MCV en 4 d\u00edas.\" \/>\n<meta name=\"robots\" content=\"index, follow, max-snippet:-1, max-image-preview:large, max-video-preview:-1\" \/>\n<link rel=\"canonical\" href=\"https:\/\/auvisa.org\/es\/visa-crew\/\" \/>\n<meta property=\"og:locale\" content=\"es_ES\" \/>\n<meta property=\"og:type\" content=\"article\" \/>\n<meta property=\"og:title\" content=\"Solicitar Visado MCV para Australia: Formulario para Espa\u00f1oles\" \/>\n<meta property=\"og:description\" content=\"Los ciudadanos espa\u00f1oles que entran en Australia como tripulaci\u00f3n mar\u00edtima deben usar este formulario de solicitud para recibir su visado MCV en 4 d\u00edas.\" \/>\n<meta property=\"og:url\" content=\"https:\/\/auvisa.org\/es\/visa-crew\/\" \/>\n<meta property=\"og:site_name\" content=\"Auvisa.org\" \/>\n<meta property=\"article:modified_time\" content=\"2023-08-31T13:47:13+00:00\" \/>\n<meta name=\"twitter:card\" content=\"summary_large_image\" \/>\n<meta name=\"twitter:label1\" content=\"Tiempo de lectura\" \/>\n\t<meta name=\"twitter:data1\" content=\"2 minutos\" \/>\n<script type=\"application\/ld+json\" class=\"yoast-schema-graph\">{\"@context\":\"https:\/\/schema.org\",\"@graph\":[{\"@type\":\"WebPage\",\"@id\":\"https:\/\/auvisa.org\/es\/visa-crew\/\",\"url\":\"https:\/\/auvisa.org\/es\/visa-crew\/\",\"name\":\"Solicitar Visado MCV para Australia: Formulario para Espa\u00f1oles\",\"isPartOf\":{\"@id\":\"https:\/\/auvisa.org\/es\/#website\"},\"datePublished\":\"2020-01-07T16:28:55+00:00\",\"dateModified\":\"2023-08-31T13:47:13+00:00\",\"description\":\"Los ciudadanos espa\u00f1oles que entran en Australia como tripulaci\u00f3n mar\u00edtima deben usar este formulario de solicitud para recibir su visado MCV en 4 d\u00edas.\",\"breadcrumb\":{\"@id\":\"https:\/\/auvisa.org\/es\/visa-crew\/#breadcrumb\"},\"inLanguage\":\"es\",\"potentialAction\":[{\"@type\":\"ReadAction\",\"target\":[\"https:\/\/auvisa.org\/es\/visa-crew\/\"]}]},{\"@type\":\"BreadcrumbList\",\"@id\":\"https:\/\/auvisa.org\/es\/visa-crew\/#breadcrumb\",\"itemListElement\":[{\"@type\":\"ListItem\",\"position\":1,\"name\":\"Home\",\"item\":\"https:\/\/auvisa.org\/es\/\"},{\"@type\":\"ListItem\",\"position\":2,\"name\":\"Solicitar Visado MCV (Maritime Crew Visa) para Australia: Formulario\"}]},{\"@type\":\"WebSite\",\"@id\":\"https:\/\/auvisa.org\/es\/#website\",\"url\":\"https:\/\/auvisa.org\/es\/\",\"name\":\"Auvisa.org\",\"description\":\"\",\"inLanguage\":\"es\"}]}<\/script>\n<!-- \/ Yoast SEO plugin. -->","yoast_head_json":{"title":"Solicitar Visado MCV para Australia: Formulario para Espa\u00f1oles","description":"Los ciudadanos espa\u00f1oles que entran en Australia como tripulaci\u00f3n mar\u00edtima deben usar este formulario de solicitud para recibir su visado MCV en 4 d\u00edas.","robots":{"index":"index","follow":"follow","max-snippet":"max-snippet:-1","max-image-preview":"max-image-preview:large","max-video-preview":"max-video-preview:-1"},"canonical":"https:\/\/auvisa.org\/es\/visa-crew\/","og_locale":"es_ES","og_type":"article","og_title":"Solicitar Visado MCV para Australia: Formulario para Espa\u00f1oles","og_description":"Los ciudadanos espa\u00f1oles que entran en Australia como tripulaci\u00f3n mar\u00edtima deben usar este formulario de solicitud para recibir su visado MCV en 4 d\u00edas.","og_url":"https:\/\/auvisa.org\/es\/visa-crew\/","og_site_name":"Auvisa.org","article_modified_time":"2023-08-31T13:47:13+00:00","twitter_card":"summary_large_image","twitter_misc":{"Tiempo de lectura":"2 minutos"},"schema":{"@context":"https:\/\/schema.org","@graph":[{"@type":"WebPage","@id":"https:\/\/auvisa.org\/es\/visa-crew\/","url":"https:\/\/auvisa.org\/es\/visa-crew\/","name":"Solicitar Visado MCV para Australia: Formulario para Espa\u00f1oles","isPartOf":{"@id":"https:\/\/auvisa.org\/es\/#website"},"datePublished":"2020-01-07T16:28:55+00:00","dateModified":"2023-08-31T13:47:13+00:00","description":"Los ciudadanos espa\u00f1oles que entran en Australia como tripulaci\u00f3n mar\u00edtima deben usar este formulario de solicitud para recibir su visado MCV en 4 d\u00edas.","breadcrumb":{"@id":"https:\/\/auvisa.org\/es\/visa-crew\/#breadcrumb"},"inLanguage":"es","potentialAction":[{"@type":"ReadAction","target":["https:\/\/auvisa.org\/es\/visa-crew\/"]}]},{"@type":"BreadcrumbList","@id":"https:\/\/auvisa.org\/es\/visa-crew\/#breadcrumb","itemListElement":[{"@type":"ListItem","position":1,"name":"Home","item":"https:\/\/auvisa.org\/es\/"},{"@type":"ListItem","position":2,"name":"Solicitar Visado MCV (Maritime Crew Visa) para Australia: Formulario"}]},{"@type":"WebSite","@id":"https:\/\/auvisa.org\/es\/#website","url":"https:\/\/auvisa.org\/es\/","name":"Auvisa.org","description":"","inLanguage":"es"}]}},"_links":{"self":[{"href":"https:\/\/auvisa.org\/es\/wp-json\/wp\/v2\/pages\/1752","targetHints":{"allow":["GET"]}}],"collection":[{"href":"https:\/\/auvisa.org\/es\/wp-json\/wp\/v2\/pages"}],"about":[{"href":"https:\/\/auvisa.org\/es\/wp-json\/wp\/v2\/types\/page"}],"author":[{"embeddable":true,"href":"https:\/\/auvisa.org\/es\/wp-json\/wp\/v2\/users\/3"}],"replies":[{"embeddable":true,"href":"https:\/\/auvisa.org\/es\/wp-json\/wp\/v2\/comments?post=1752"}],"version-history":[{"count":16,"href":"https:\/\/auvisa.org\/es\/wp-json\/wp\/v2\/pages\/1752\/revisions"}],"predecessor-version":[{"id":17783,"href":"https:\/\/auvisa.org\/es\/wp-json\/wp\/v2\/pages\/1752\/revisions\/17783"}],"wp:attachment":[{"href":"https:\/\/auvisa.org\/es\/wp-json\/wp\/v2\/media?parent=1752"}],"curies":[{"name":"wp","href":"https:\/\/api.w.org\/{rel}","templated":true}]}}