{"id":1754,"date":"2020-01-07T16:29:15","date_gmt":"2020-01-07T16:29:15","guid":{"rendered":"https:\/\/dev.auvisa.org\/?page_id=1754"},"modified":"2023-07-19T14:17:07","modified_gmt":"2023-07-19T12:17:07","slug":"visa-temporary","status":"publish","type":"page","link":"https:\/\/auvisa.org\/es\/visa-temporary\/","title":{"rendered":"Visado de Trabajo Temporal para Australia: Formulario de Solicitud (Espa\u00f1a)"},"content":{"rendered":"\n<div style=\"height:20px\" aria-hidden=\"true\" class=\"wp-block-spacer\"><\/div>\n\n\n\n<p>Esta visa es para personas que ir\u00e1n a Australia para hacer un <strong>trabajo temporal<\/strong>.<\/p>\n\n\n\n<p>La visa se puede otorgar <strong>por hasta tres meses<\/strong>.<\/p>\n\n\n\n<p>Puede solicitar esta visa si:<\/p>\n\n\n\n<ul class=\"wp-block-list\"><li>Estas <strong>fuera de Australia<\/strong>.<\/li><li>Vas a hacer <strong>trabajo temporal altamente especializado<\/strong>. <\/li><li>Participar\u00e1s en un <strong>evento cultural o social<\/strong>.<\/li><li>Participar\u00e1 en un <strong>trabajo relacionado con los intereses de Australia<\/strong>.<\/li><\/ul>\n\n\n\n<p>Para postularse, debe ser <strong>invitado por la organizaci\u00f3n para la que trabajar\u00e1<\/strong>.<\/p>\n\n\n\n<p>Tambi\u00e9n debe tener atributos personales o antecedentes laborales relevantes para el trabajo. Se le pedir\u00e1 que proporcione varios documentos para completar su solicitud.<\/p>\n\n\n\n<p>El precio de cada visa es de <span class=\"woocommerce-Price-amount amount\"><bdi><span class=\"woocommerce-Price-currencySymbol\">&euro;<\/span>550,00<\/bdi><\/span>.<\/p>\n\n\n\n<div style=\"height:38px\" aria-hidden=\"true\" class=\"wp-block-spacer\"><\/div>\n\n\n\n<p><strong>Ingrese y confirme su direcci\u00f3n de correo electr\u00f3nico para empezar la aplicaci\u00f3n en l\u00ednea:<\/strong><\/p>\n","protected":false},"excerpt":{"rendered":"<p>Esta visa es para personas que ir\u00e1n a Australia para hacer un trabajo temporal. La visa se puede otorgar por [&#8230;]<\/p>\n<p><a class=\"btn btn-secondary understrap-read-more-link\" href=\"https:\/\/auvisa.org\/es\/visa-temporary\/\">Leer m\u00e1s&#8230;<span class=\"screen-reader-text\"> from Visado de Trabajo Temporal para Australia: Formulario de Solicitud (Espa\u00f1a)<\/span><\/a><\/p>\n","protected":false},"author":3,"featured_media":0,"parent":0,"menu_order":38,"comment_status":"closed","ping_status":"closed","template":"templates\/tpl_acf_form.php","meta":{"inline_featured_image":false,"footnotes":""},"class_list":["post-1754","page","type-page","status-publish","hentry"],"yoast_head":"<!-- This site is optimized with the Yoast SEO plugin v26.9 - https:\/\/yoast.com\/product\/yoast-seo-wordpress\/ -->\n<title>Solicitar Visado de Trabajo Temporal para Australia: Formulario (Espa\u00f1a)<\/title>\n<meta name=\"description\" content=\"Este visado se dirige a los ciudadanos espa\u00f1oles que viajan a Australia para realizar un trabajo temporal. Solic\u00edtelo hoy mismo por Internet.\" \/>\n<meta name=\"robots\" content=\"index, follow, max-snippet:-1, max-image-preview:large, max-video-preview:-1\" \/>\n<link rel=\"canonical\" href=\"https:\/\/auvisa.org\/es\/visa-temporary\/\" \/>\n<meta property=\"og:locale\" content=\"es_ES\" \/>\n<meta property=\"og:type\" content=\"article\" \/>\n<meta property=\"og:title\" content=\"Solicitar Visado de Trabajo Temporal para Australia: Formulario (Espa\u00f1a)\" \/>\n<meta property=\"og:description\" content=\"Este visado se dirige a los ciudadanos espa\u00f1oles que viajan a Australia para realizar un trabajo temporal. Solic\u00edtelo hoy mismo por Internet.\" \/>\n<meta property=\"og:url\" content=\"https:\/\/auvisa.org\/es\/visa-temporary\/\" \/>\n<meta property=\"og:site_name\" content=\"Auvisa.org\" \/>\n<meta property=\"article:modified_time\" content=\"2023-07-19T12:17:07+00:00\" \/>\n<meta name=\"twitter:card\" content=\"summary_large_image\" \/>\n<meta name=\"twitter:label1\" content=\"Tiempo de lectura\" \/>\n\t<meta name=\"twitter:data1\" content=\"1 minuto\" \/>\n<script type=\"application\/ld+json\" class=\"yoast-schema-graph\">{\"@context\":\"https:\/\/schema.org\",\"@graph\":[{\"@type\":\"WebPage\",\"@id\":\"https:\/\/auvisa.org\/es\/visa-temporary\/\",\"url\":\"https:\/\/auvisa.org\/es\/visa-temporary\/\",\"name\":\"Solicitar Visado de Trabajo Temporal para Australia: Formulario (Espa\u00f1a)\",\"isPartOf\":{\"@id\":\"https:\/\/auvisa.org\/es\/#website\"},\"datePublished\":\"2020-01-07T16:29:15+00:00\",\"dateModified\":\"2023-07-19T12:17:07+00:00\",\"description\":\"Este visado se dirige a los ciudadanos espa\u00f1oles que viajan a Australia para realizar un trabajo temporal. Solic\u00edtelo hoy mismo por Internet.\",\"breadcrumb\":{\"@id\":\"https:\/\/auvisa.org\/es\/visa-temporary\/#breadcrumb\"},\"inLanguage\":\"es\",\"potentialAction\":[{\"@type\":\"ReadAction\",\"target\":[\"https:\/\/auvisa.org\/es\/visa-temporary\/\"]}]},{\"@type\":\"BreadcrumbList\",\"@id\":\"https:\/\/auvisa.org\/es\/visa-temporary\/#breadcrumb\",\"itemListElement\":[{\"@type\":\"ListItem\",\"position\":1,\"name\":\"Home\",\"item\":\"https:\/\/auvisa.org\/es\/\"},{\"@type\":\"ListItem\",\"position\":2,\"name\":\"Visado de Trabajo Temporal para Australia: Formulario de Solicitud (Espa\u00f1a)\"}]},{\"@type\":\"WebSite\",\"@id\":\"https:\/\/auvisa.org\/es\/#website\",\"url\":\"https:\/\/auvisa.org\/es\/\",\"name\":\"Auvisa.org\",\"description\":\"\",\"inLanguage\":\"es\"}]}<\/script>\n<!-- \/ Yoast SEO plugin. -->","yoast_head_json":{"title":"Solicitar Visado de Trabajo Temporal para Australia: Formulario (Espa\u00f1a)","description":"Este visado se dirige a los ciudadanos espa\u00f1oles que viajan a Australia para realizar un trabajo temporal. Solic\u00edtelo hoy mismo por Internet.","robots":{"index":"index","follow":"follow","max-snippet":"max-snippet:-1","max-image-preview":"max-image-preview:large","max-video-preview":"max-video-preview:-1"},"canonical":"https:\/\/auvisa.org\/es\/visa-temporary\/","og_locale":"es_ES","og_type":"article","og_title":"Solicitar Visado de Trabajo Temporal para Australia: Formulario (Espa\u00f1a)","og_description":"Este visado se dirige a los ciudadanos espa\u00f1oles que viajan a Australia para realizar un trabajo temporal. Solic\u00edtelo hoy mismo por Internet.","og_url":"https:\/\/auvisa.org\/es\/visa-temporary\/","og_site_name":"Auvisa.org","article_modified_time":"2023-07-19T12:17:07+00:00","twitter_card":"summary_large_image","twitter_misc":{"Tiempo de lectura":"1 minuto"},"schema":{"@context":"https:\/\/schema.org","@graph":[{"@type":"WebPage","@id":"https:\/\/auvisa.org\/es\/visa-temporary\/","url":"https:\/\/auvisa.org\/es\/visa-temporary\/","name":"Solicitar Visado de Trabajo Temporal para Australia: Formulario (Espa\u00f1a)","isPartOf":{"@id":"https:\/\/auvisa.org\/es\/#website"},"datePublished":"2020-01-07T16:29:15+00:00","dateModified":"2023-07-19T12:17:07+00:00","description":"Este visado se dirige a los ciudadanos espa\u00f1oles que viajan a Australia para realizar un trabajo temporal. Solic\u00edtelo hoy mismo por Internet.","breadcrumb":{"@id":"https:\/\/auvisa.org\/es\/visa-temporary\/#breadcrumb"},"inLanguage":"es","potentialAction":[{"@type":"ReadAction","target":["https:\/\/auvisa.org\/es\/visa-temporary\/"]}]},{"@type":"BreadcrumbList","@id":"https:\/\/auvisa.org\/es\/visa-temporary\/#breadcrumb","itemListElement":[{"@type":"ListItem","position":1,"name":"Home","item":"https:\/\/auvisa.org\/es\/"},{"@type":"ListItem","position":2,"name":"Visado de Trabajo Temporal para Australia: Formulario de Solicitud (Espa\u00f1a)"}]},{"@type":"WebSite","@id":"https:\/\/auvisa.org\/es\/#website","url":"https:\/\/auvisa.org\/es\/","name":"Auvisa.org","description":"","inLanguage":"es"}]}},"_links":{"self":[{"href":"https:\/\/auvisa.org\/es\/wp-json\/wp\/v2\/pages\/1754","targetHints":{"allow":["GET"]}}],"collection":[{"href":"https:\/\/auvisa.org\/es\/wp-json\/wp\/v2\/pages"}],"about":[{"href":"https:\/\/auvisa.org\/es\/wp-json\/wp\/v2\/types\/page"}],"author":[{"embeddable":true,"href":"https:\/\/auvisa.org\/es\/wp-json\/wp\/v2\/users\/3"}],"replies":[{"embeddable":true,"href":"https:\/\/auvisa.org\/es\/wp-json\/wp\/v2\/comments?post=1754"}],"version-history":[{"count":17,"href":"https:\/\/auvisa.org\/es\/wp-json\/wp\/v2\/pages\/1754\/revisions"}],"predecessor-version":[{"id":17672,"href":"https:\/\/auvisa.org\/es\/wp-json\/wp\/v2\/pages\/1754\/revisions\/17672"}],"wp:attachment":[{"href":"https:\/\/auvisa.org\/es\/wp-json\/wp\/v2\/media?parent=1754"}],"curies":[{"name":"wp","href":"https:\/\/api.w.org\/{rel}","templated":true}]}}