{"id":1758,"date":"2020-01-07T16:37:23","date_gmt":"2020-01-07T16:37:23","guid":{"rendered":"https:\/\/dev.auvisa.org\/?page_id=1758"},"modified":"2023-07-19T14:23:08","modified_gmt":"2023-07-19T12:23:08","slug":"visa-holidaysecond","status":"publish","type":"page","link":"https:\/\/auvisa.org\/es\/visa-holidaysecond\/","title":{"rendered":"Solicitar segundo visado Work and Holiday para Australia: Formulario"},"content":{"rendered":"\n<div style=\"height:20px\" aria-hidden=\"true\" class=\"wp-block-spacer\"><\/div>\n\n\n\n<p>Puede solicitar un segundo visado de trabajo y vacaciones Work and Holiday si cumple <strong>todos los requisitos que se aplican a los <a href=\"\/es\/visado-working-holiday\/\" class=\"aioseop-link\">visados Work and Holiday<\/a><\/strong> y:<\/p>\n\n\n\n<ul class=\"wp-block-list\"><li>Ha cumplido <strong>con todas las condiciones<\/strong> de su primer visado Work and Holiday<\/li><li>No ha tenido anteriormente m\u00e1s de un visado Work and Holiday<\/li><li>Ha completado <strong>tres meses de <\/strong><a href=\"\/es\/visado-working-holiday\/#espec\u00edfico\" class=\"aioseop-link\"><strong>trabajo espec\u00edfico<\/strong><\/a><strong> en el \u00e1rea \u201cregional Australia\u201d<\/strong> mientras pose\u00eda su primer visado de Work and Holiday.<\/li><\/ul>\n\n\n\n<p>Las industrias aprobadas para trabajos espec\u00edficos incluyen:<\/p>\n\n\n\n<ul class=\"wp-block-list\"><li>Cultivo de plantas y animales<\/li><li>Pesca y el sector de las perlas<\/li><li>Cultivo y tala de \u00e1rboles<\/li><li>Miner\u00eda<\/li><li>Construcci\u00f3n<\/li><\/ul>\n\n\n\n<p>Observe que si se encuentra actualmente en Australia con su primer visado Work and Holiday y desea permanecer en el pa\u00eds, <strong>debe solicitar el segundo visado Work and Holiday antes de que expire el primero<\/strong>.<\/p>\n\n\n\n<p>El precio de cada visado Work and Holiday es de <span class=\"woocommerce-Price-amount amount\"><bdi><span class=\"woocommerce-Price-currencySymbol\">&euro;<\/span>525,00<\/bdi><\/span> por persona.<\/p>\n\n\n\n<div style=\"height:58px\" aria-hidden=\"true\" class=\"wp-block-spacer\"><\/div>\n\n\n\n<h3 class=\"wp-block-heading\" id=\"ingrese-y-confirme-su-direccion-de-correo-electronico-para-empezar-la-aplicacion-en-linea\">Ingrese y confirme su direcci\u00f3n de correo electr\u00f3nico para empezar la aplicaci\u00f3n en l\u00ednea:<\/h3>\n","protected":false},"excerpt":{"rendered":"<p>Puede solicitar un segundo visado de trabajo y vacaciones Work and Holiday si cumple todos los requisitos que se aplican [&#8230;]<\/p>\n<p><a class=\"btn btn-secondary understrap-read-more-link\" href=\"https:\/\/auvisa.org\/es\/visa-holidaysecond\/\">Leer m\u00e1s&#8230;<span class=\"screen-reader-text\"> from Solicitar segundo visado Work and Holiday para Australia: Formulario<\/span><\/a><\/p>\n","protected":false},"author":3,"featured_media":0,"parent":0,"menu_order":40,"comment_status":"closed","ping_status":"closed","template":"templates\/tpl_acf_form.php","meta":{"inline_featured_image":false,"footnotes":""},"class_list":["post-1758","page","type-page","status-publish","hentry"],"yoast_head":"<!-- This site is optimized with the Yoast SEO plugin v26.9 - https:\/\/yoast.com\/product\/yoast-seo-wordpress\/ -->\n<title>Solicitar Segundo Visado Work and Holiday para Australia: Formulario<\/title>\n<meta name=\"description\" content=\"Para prolongar su estancia en Australia, rellene el formulario y solicite un segundo visado Work and Holiday. Verificaci\u00f3n de la visa en 24 horas.\" \/>\n<meta name=\"robots\" content=\"index, follow, max-snippet:-1, max-image-preview:large, max-video-preview:-1\" \/>\n<link rel=\"canonical\" href=\"https:\/\/auvisa.org\/es\/visa-holidaysecond\/\" \/>\n<meta property=\"og:locale\" content=\"es_ES\" \/>\n<meta property=\"og:type\" content=\"article\" \/>\n<meta property=\"og:title\" content=\"Solicitar Segundo Visado Work and Holiday para Australia: Formulario\" \/>\n<meta property=\"og:description\" content=\"Para prolongar su estancia en Australia, rellene el formulario y solicite un segundo visado Work and Holiday. Verificaci\u00f3n de la visa en 24 horas.\" \/>\n<meta property=\"og:url\" content=\"https:\/\/auvisa.org\/es\/visa-holidaysecond\/\" \/>\n<meta property=\"og:site_name\" content=\"Auvisa.org\" \/>\n<meta property=\"article:modified_time\" content=\"2023-07-19T12:23:08+00:00\" \/>\n<meta name=\"twitter:card\" content=\"summary_large_image\" \/>\n<meta name=\"twitter:label1\" content=\"Tiempo de lectura\" \/>\n\t<meta name=\"twitter:data1\" content=\"1 minuto\" \/>\n<script type=\"application\/ld+json\" class=\"yoast-schema-graph\">{\"@context\":\"https:\/\/schema.org\",\"@graph\":[{\"@type\":\"WebPage\",\"@id\":\"https:\/\/auvisa.org\/es\/visa-holidaysecond\/\",\"url\":\"https:\/\/auvisa.org\/es\/visa-holidaysecond\/\",\"name\":\"Solicitar Segundo Visado Work and Holiday para Australia: Formulario\",\"isPartOf\":{\"@id\":\"https:\/\/auvisa.org\/es\/#website\"},\"datePublished\":\"2020-01-07T16:37:23+00:00\",\"dateModified\":\"2023-07-19T12:23:08+00:00\",\"description\":\"Para prolongar su estancia en Australia, rellene el formulario y solicite un segundo visado Work and Holiday. Verificaci\u00f3n de la visa en 24 horas.\",\"breadcrumb\":{\"@id\":\"https:\/\/auvisa.org\/es\/visa-holidaysecond\/#breadcrumb\"},\"inLanguage\":\"es\",\"potentialAction\":[{\"@type\":\"ReadAction\",\"target\":[\"https:\/\/auvisa.org\/es\/visa-holidaysecond\/\"]}]},{\"@type\":\"BreadcrumbList\",\"@id\":\"https:\/\/auvisa.org\/es\/visa-holidaysecond\/#breadcrumb\",\"itemListElement\":[{\"@type\":\"ListItem\",\"position\":1,\"name\":\"Home\",\"item\":\"https:\/\/auvisa.org\/es\/\"},{\"@type\":\"ListItem\",\"position\":2,\"name\":\"Solicitar segundo visado Work and Holiday para Australia: Formulario\"}]},{\"@type\":\"WebSite\",\"@id\":\"https:\/\/auvisa.org\/es\/#website\",\"url\":\"https:\/\/auvisa.org\/es\/\",\"name\":\"Auvisa.org\",\"description\":\"\",\"inLanguage\":\"es\"}]}<\/script>\n<!-- \/ Yoast SEO plugin. -->","yoast_head_json":{"title":"Solicitar Segundo Visado Work and Holiday para Australia: Formulario","description":"Para prolongar su estancia en Australia, rellene el formulario y solicite un segundo visado Work and Holiday. Verificaci\u00f3n de la visa en 24 horas.","robots":{"index":"index","follow":"follow","max-snippet":"max-snippet:-1","max-image-preview":"max-image-preview:large","max-video-preview":"max-video-preview:-1"},"canonical":"https:\/\/auvisa.org\/es\/visa-holidaysecond\/","og_locale":"es_ES","og_type":"article","og_title":"Solicitar Segundo Visado Work and Holiday para Australia: Formulario","og_description":"Para prolongar su estancia en Australia, rellene el formulario y solicite un segundo visado Work and Holiday. Verificaci\u00f3n de la visa en 24 horas.","og_url":"https:\/\/auvisa.org\/es\/visa-holidaysecond\/","og_site_name":"Auvisa.org","article_modified_time":"2023-07-19T12:23:08+00:00","twitter_card":"summary_large_image","twitter_misc":{"Tiempo de lectura":"1 minuto"},"schema":{"@context":"https:\/\/schema.org","@graph":[{"@type":"WebPage","@id":"https:\/\/auvisa.org\/es\/visa-holidaysecond\/","url":"https:\/\/auvisa.org\/es\/visa-holidaysecond\/","name":"Solicitar Segundo Visado Work and Holiday para Australia: Formulario","isPartOf":{"@id":"https:\/\/auvisa.org\/es\/#website"},"datePublished":"2020-01-07T16:37:23+00:00","dateModified":"2023-07-19T12:23:08+00:00","description":"Para prolongar su estancia en Australia, rellene el formulario y solicite un segundo visado Work and Holiday. Verificaci\u00f3n de la visa en 24 horas.","breadcrumb":{"@id":"https:\/\/auvisa.org\/es\/visa-holidaysecond\/#breadcrumb"},"inLanguage":"es","potentialAction":[{"@type":"ReadAction","target":["https:\/\/auvisa.org\/es\/visa-holidaysecond\/"]}]},{"@type":"BreadcrumbList","@id":"https:\/\/auvisa.org\/es\/visa-holidaysecond\/#breadcrumb","itemListElement":[{"@type":"ListItem","position":1,"name":"Home","item":"https:\/\/auvisa.org\/es\/"},{"@type":"ListItem","position":2,"name":"Solicitar segundo visado Work and Holiday para Australia: Formulario"}]},{"@type":"WebSite","@id":"https:\/\/auvisa.org\/es\/#website","url":"https:\/\/auvisa.org\/es\/","name":"Auvisa.org","description":"","inLanguage":"es"}]}},"_links":{"self":[{"href":"https:\/\/auvisa.org\/es\/wp-json\/wp\/v2\/pages\/1758","targetHints":{"allow":["GET"]}}],"collection":[{"href":"https:\/\/auvisa.org\/es\/wp-json\/wp\/v2\/pages"}],"about":[{"href":"https:\/\/auvisa.org\/es\/wp-json\/wp\/v2\/types\/page"}],"author":[{"embeddable":true,"href":"https:\/\/auvisa.org\/es\/wp-json\/wp\/v2\/users\/3"}],"replies":[{"embeddable":true,"href":"https:\/\/auvisa.org\/es\/wp-json\/wp\/v2\/comments?post=1758"}],"version-history":[{"count":14,"href":"https:\/\/auvisa.org\/es\/wp-json\/wp\/v2\/pages\/1758\/revisions"}],"predecessor-version":[{"id":17677,"href":"https:\/\/auvisa.org\/es\/wp-json\/wp\/v2\/pages\/1758\/revisions\/17677"}],"wp:attachment":[{"href":"https:\/\/auvisa.org\/es\/wp-json\/wp\/v2\/media?parent=1758"}],"curies":[{"name":"wp","href":"https:\/\/api.w.org\/{rel}","templated":true}]}}