{"id":1760,"date":"2020-01-08T11:13:59","date_gmt":"2020-01-08T11:13:59","guid":{"rendered":"https:\/\/dev.auvisa.org\/?page_id=1760"},"modified":"2023-08-24T12:10:21","modified_gmt":"2023-08-24T10:10:21","slug":"visa-business","status":"publish","type":"page","link":"https:\/\/auvisa.org\/es\/visa-business\/","title":{"rendered":"Solicitar Visado de Negocios para Australia (eVisitor): Formulario"},"content":{"rendered":"\n<div style=\"height:20px\" aria-hidden=\"true\" class=\"wp-block-spacer\"><\/div>\n\n\n\n<p>Este formulario de solicitud del visado de negocios eVisitor est\u00e1 destinado a los viajeros de negocios espa\u00f1oles que se encuentran fuera de Australia en el momento de la solicitud y planean visitar Australia para asistir a <strong>reuniones de negocios, conferencias o negociaciones<\/strong>. <\/p>\n\n\n\n<p>El visado de negocios ser\u00e1 v\u00e1lido por <strong>12 meses<\/strong>, durante los cuales usted podr\u00e1 ingresar a Australia varias veces y permanecer en Australia <strong>hasta 90 d\u00edas cada vez.<\/strong><\/p>\n\n\n\n<p><strong>El 95% de los visados \u200b\u200bse concede en 24 horas<\/strong>. El periodo de tramitaci\u00f3n de su solicitud de visado es de entre 1 y 10 d\u00edas. Debe solicitar su visado con un periodo de antelaci\u00f3n m\u00ednimo de 14 d\u00edas al d\u00eda en que desee viajar a Australia<\/p>\n\n\n\n<p>Puede solicitar al mismo tiempo el visado para diversas personas y <strong>el precio de cada visado es <span class=\"woocommerce-Price-amount amount\"><bdi><span class=\"woocommerce-Price-currencySymbol\">&euro;<\/span>69,00<\/bdi><\/span>. El precio incluye tanto las tarifas de servicio de Auvisa.org como las tarifas gubernamentales (cuando corresponda).<\/strong><\/p>\n\n\n\n<div style=\"height:46px\" aria-hidden=\"true\" class=\"wp-block-spacer\"><\/div>\n\n\n\n<h3>Ingrese y confirme su direcci\u00f3n de correo electr\u00f3nico para empezar la aplicaci\u00f3n en l\u00ednea:<\/h3>\n","protected":false},"excerpt":{"rendered":"<p>Este formulario de solicitud del visado de negocios eVisitor est\u00e1 destinado a los viajeros de negocios espa\u00f1oles que se encuentran [&#8230;]<\/p>\n<p><a class=\"btn btn-secondary understrap-read-more-link\" href=\"https:\/\/auvisa.org\/es\/visa-business\/\">Leer m\u00e1s&#8230;<span class=\"screen-reader-text\"> from Solicitar Visado de Negocios para Australia (eVisitor): Formulario<\/span><\/a><\/p>\n","protected":false},"author":3,"featured_media":0,"parent":0,"menu_order":25,"comment_status":"closed","ping_status":"closed","template":"templates\/tpl_acf_form.php","meta":{"inline_featured_image":false,"footnotes":""},"class_list":["post-1760","page","type-page","status-publish","hentry"],"yoast_head":"<!-- This site is optimized with the Yoast SEO plugin v26.9 - https:\/\/yoast.com\/product\/yoast-seo-wordpress\/ -->\n<title>Solicitar Visado de Negocios para Australia desde Espa\u00f1a: Formulario<\/title>\n<meta name=\"description\" content=\"Los viajeros de negocios espa\u00f1oles deben solicitar un visado de negocios para Australia a trav\u00e9s de este formulario de solicitud. El visado se entrega en 24 horas.\" \/>\n<meta name=\"robots\" content=\"index, follow, max-snippet:-1, max-image-preview:large, max-video-preview:-1\" \/>\n<link rel=\"canonical\" href=\"https:\/\/auvisa.org\/es\/visa-business\/\" \/>\n<meta property=\"og:locale\" content=\"es_ES\" \/>\n<meta property=\"og:type\" content=\"article\" \/>\n<meta property=\"og:title\" content=\"Solicitar Visado de Negocios para Australia desde Espa\u00f1a: Formulario\" \/>\n<meta property=\"og:description\" content=\"Los viajeros de negocios espa\u00f1oles deben solicitar un visado de negocios para Australia a trav\u00e9s de este formulario de solicitud. El visado se entrega en 24 horas.\" \/>\n<meta property=\"og:url\" content=\"https:\/\/auvisa.org\/es\/visa-business\/\" \/>\n<meta property=\"og:site_name\" content=\"Auvisa.org\" \/>\n<meta property=\"article:modified_time\" content=\"2023-08-24T10:10:21+00:00\" \/>\n<meta name=\"twitter:card\" content=\"summary_large_image\" \/>\n<meta name=\"twitter:label1\" content=\"Tiempo de lectura\" \/>\n\t<meta name=\"twitter:data1\" content=\"1 minuto\" \/>\n<script type=\"application\/ld+json\" class=\"yoast-schema-graph\">{\"@context\":\"https:\/\/schema.org\",\"@graph\":[{\"@type\":\"WebPage\",\"@id\":\"https:\/\/auvisa.org\/es\/visa-business\/\",\"url\":\"https:\/\/auvisa.org\/es\/visa-business\/\",\"name\":\"Solicitar Visado de Negocios para Australia desde Espa\u00f1a: Formulario\",\"isPartOf\":{\"@id\":\"https:\/\/auvisa.org\/es\/#website\"},\"datePublished\":\"2020-01-08T11:13:59+00:00\",\"dateModified\":\"2023-08-24T10:10:21+00:00\",\"description\":\"Los viajeros de negocios espa\u00f1oles deben solicitar un visado de negocios para Australia a trav\u00e9s de este formulario de solicitud. El visado se entrega en 24 horas.\",\"breadcrumb\":{\"@id\":\"https:\/\/auvisa.org\/es\/visa-business\/#breadcrumb\"},\"inLanguage\":\"es\",\"potentialAction\":[{\"@type\":\"ReadAction\",\"target\":[\"https:\/\/auvisa.org\/es\/visa-business\/\"]}]},{\"@type\":\"BreadcrumbList\",\"@id\":\"https:\/\/auvisa.org\/es\/visa-business\/#breadcrumb\",\"itemListElement\":[{\"@type\":\"ListItem\",\"position\":1,\"name\":\"Home\",\"item\":\"https:\/\/auvisa.org\/es\/\"},{\"@type\":\"ListItem\",\"position\":2,\"name\":\"Solicitar Visado de Negocios para Australia (eVisitor): Formulario\"}]},{\"@type\":\"WebSite\",\"@id\":\"https:\/\/auvisa.org\/es\/#website\",\"url\":\"https:\/\/auvisa.org\/es\/\",\"name\":\"Auvisa.org\",\"description\":\"\",\"inLanguage\":\"es\"}]}<\/script>\n<!-- \/ Yoast SEO plugin. -->","yoast_head_json":{"title":"Solicitar Visado de Negocios para Australia desde Espa\u00f1a: Formulario","description":"Los viajeros de negocios espa\u00f1oles deben solicitar un visado de negocios para Australia a trav\u00e9s de este formulario de solicitud. El visado se entrega en 24 horas.","robots":{"index":"index","follow":"follow","max-snippet":"max-snippet:-1","max-image-preview":"max-image-preview:large","max-video-preview":"max-video-preview:-1"},"canonical":"https:\/\/auvisa.org\/es\/visa-business\/","og_locale":"es_ES","og_type":"article","og_title":"Solicitar Visado de Negocios para Australia desde Espa\u00f1a: Formulario","og_description":"Los viajeros de negocios espa\u00f1oles deben solicitar un visado de negocios para Australia a trav\u00e9s de este formulario de solicitud. El visado se entrega en 24 horas.","og_url":"https:\/\/auvisa.org\/es\/visa-business\/","og_site_name":"Auvisa.org","article_modified_time":"2023-08-24T10:10:21+00:00","twitter_card":"summary_large_image","twitter_misc":{"Tiempo de lectura":"1 minuto"},"schema":{"@context":"https:\/\/schema.org","@graph":[{"@type":"WebPage","@id":"https:\/\/auvisa.org\/es\/visa-business\/","url":"https:\/\/auvisa.org\/es\/visa-business\/","name":"Solicitar Visado de Negocios para Australia desde Espa\u00f1a: Formulario","isPartOf":{"@id":"https:\/\/auvisa.org\/es\/#website"},"datePublished":"2020-01-08T11:13:59+00:00","dateModified":"2023-08-24T10:10:21+00:00","description":"Los viajeros de negocios espa\u00f1oles deben solicitar un visado de negocios para Australia a trav\u00e9s de este formulario de solicitud. El visado se entrega en 24 horas.","breadcrumb":{"@id":"https:\/\/auvisa.org\/es\/visa-business\/#breadcrumb"},"inLanguage":"es","potentialAction":[{"@type":"ReadAction","target":["https:\/\/auvisa.org\/es\/visa-business\/"]}]},{"@type":"BreadcrumbList","@id":"https:\/\/auvisa.org\/es\/visa-business\/#breadcrumb","itemListElement":[{"@type":"ListItem","position":1,"name":"Home","item":"https:\/\/auvisa.org\/es\/"},{"@type":"ListItem","position":2,"name":"Solicitar Visado de Negocios para Australia (eVisitor): Formulario"}]},{"@type":"WebSite","@id":"https:\/\/auvisa.org\/es\/#website","url":"https:\/\/auvisa.org\/es\/","name":"Auvisa.org","description":"","inLanguage":"es"}]}},"_links":{"self":[{"href":"https:\/\/auvisa.org\/es\/wp-json\/wp\/v2\/pages\/1760","targetHints":{"allow":["GET"]}}],"collection":[{"href":"https:\/\/auvisa.org\/es\/wp-json\/wp\/v2\/pages"}],"about":[{"href":"https:\/\/auvisa.org\/es\/wp-json\/wp\/v2\/types\/page"}],"author":[{"embeddable":true,"href":"https:\/\/auvisa.org\/es\/wp-json\/wp\/v2\/users\/3"}],"replies":[{"embeddable":true,"href":"https:\/\/auvisa.org\/es\/wp-json\/wp\/v2\/comments?post=1760"}],"version-history":[{"count":21,"href":"https:\/\/auvisa.org\/es\/wp-json\/wp\/v2\/pages\/1760\/revisions"}],"predecessor-version":[{"id":17736,"href":"https:\/\/auvisa.org\/es\/wp-json\/wp\/v2\/pages\/1760\/revisions\/17736"}],"wp:attachment":[{"href":"https:\/\/auvisa.org\/es\/wp-json\/wp\/v2\/media?parent=1760"}],"curies":[{"name":"wp","href":"https:\/\/api.w.org\/{rel}","templated":true}]}}