{"id":17814,"date":"2023-09-26T15:48:54","date_gmt":"2023-09-26T13:48:54","guid":{"rendered":"https:\/\/auvisa.org\/es\/?page_id=17814"},"modified":"2026-03-24T12:47:39","modified_gmt":"2026-03-24T11:47:39","slug":"visa-lp","status":"publish","type":"page","link":"https:\/\/auvisa.org\/es\/visa-lp\/","title":{"rendered":"Obt\u00e9n un visado eVisitor para Australia"},"content":{"rendered":"\n<div style=\"height:20px\" aria-hidden=\"true\" class=\"wp-block-spacer\"><\/div>\n\n\n\n<div class=\"wp-block-group\"><div class=\"wp-block-group__inner-container is-layout-flow wp-block-group-is-layout-flow\">\n<div class=\"wp-block-group\"><div class=\"wp-block-group__inner-container is-layout-flow wp-block-group-is-layout-flow\">\n<div style=\"font-family: -apple-system, BlinkMacSystemFont, 'Segoe UI', Roboto, Helvetica, Arial, sans-serif;color: #2c3e50;line-height: 1.7;width: 100%\">\n  <p style=\"font-size: 15px;color: #3a4a52;margin: 0 0 14px 0\">\n    El eVisitor es un visado electr\u00f3nico oficial emitido por el gobierno australiano para <strong style=\"color: #1a2e3b\">titulares de pasaportes espa\u00f1oles, europeos y brit\u00e1nicos<\/strong> que deseen visitar Australia por turismo, visitas familiares y reuniones de negocios.\n  <\/p>\n  <p style=\"font-size: 15px;color: #3a4a52;margin: 0 0 14px 0\">\n    El visado eVisitor tiene una validez de <strong style=\"color: #1a2e3b\">12 meses<\/strong>, permite m\u00faltiples entradas en Australia y una estancia m\u00e1xima de <strong style=\"color: #1a2e3b\">90 d\u00edas<\/strong> por cada visita. El servicio completo, incluyendo la tarifa de Auvisa y las tasas gubernamentales (cuando corresponda), parte desde <strong style=\"color: #1a2e3b\">69 \u20ac\/viajero<\/strong> seg\u00fan la velocidad de tramitaci\u00f3n que selecciones.\n  <\/p>\n  <p style=\"font-size: 15px;color: #3a4a52;margin: 0 0 24px 0\">\n    Si viajas en grupo o en familia, cada persona necesita su propio eVisitor, incluidos beb\u00e9s y ni\u00f1os.\n  <\/p>\n  <h3 style=\"font-size: 20px;font-weight: 700;color: #1f5284;margin: 0;padding: 0;text-align: center\">Solicita ahora tu visado eVisitor<\/h3>\n<\/div>\n<\/div><\/div>\n<\/div><\/div>\n\n\n\n<p><\/p>\n","protected":false},"excerpt":{"rendered":"<p>El eVisitor es un visado electr\u00f3nico oficial emitido por el gobierno australiano para titulares de pasaportes espa\u00f1oles, europeos y brit\u00e1nicos [&#8230;]<\/p>\n<p><a class=\"btn btn-secondary understrap-read-more-link\" href=\"https:\/\/auvisa.org\/es\/visa-lp\/\">Leer m\u00e1s&#8230;<span class=\"screen-reader-text\"> from Obt\u00e9n un visado eVisitor para Australia<\/span><\/a><\/p>\n","protected":false},"author":4,"featured_media":0,"parent":0,"menu_order":4,"comment_status":"closed","ping_status":"closed","template":"templates\/tpl_acf_form.php","meta":{"inline_featured_image":false,"footnotes":""},"class_list":["post-17814","page","type-page","status-publish","hentry"],"yoast_head":"<!-- This site is optimized with the Yoast SEO plugin v26.9 - https:\/\/yoast.com\/product\/yoast-seo-wordpress\/ -->\n<title>Solicitar Visado eVisitor para Australia: Formulario en L\u00ednea (Espa\u00f1a)<\/title>\n<meta name=\"description\" content=\"Solicite en l\u00ednea un visado eVisitor para Australia para ciudadanos espa\u00f1oles mediante este r\u00e1pido formulario. Verificaci\u00f3n de la visa en 24 horas.\" \/>\n<meta name=\"robots\" content=\"noindex, follow\" \/>\n<meta property=\"og:locale\" content=\"es_ES\" \/>\n<meta property=\"og:type\" content=\"article\" \/>\n<meta property=\"og:title\" content=\"Solicitar Visado eVisitor para Australia: Formulario en L\u00ednea (Espa\u00f1a)\" \/>\n<meta property=\"og:description\" content=\"Solicite en l\u00ednea un visado eVisitor para Australia para ciudadanos espa\u00f1oles mediante este r\u00e1pido formulario. Verificaci\u00f3n de la visa en 24 horas.\" \/>\n<meta property=\"og:url\" content=\"https:\/\/auvisa.org\/es\/visa-lp\/\" \/>\n<meta property=\"og:site_name\" content=\"Auvisa.org\" \/>\n<meta property=\"article:modified_time\" content=\"2026-03-24T11:47:39+00:00\" \/>\n<meta name=\"twitter:card\" content=\"summary_large_image\" \/>\n<meta name=\"twitter:label1\" content=\"Tiempo de lectura\" \/>\n\t<meta name=\"twitter:data1\" content=\"1 minuto\" \/>\n<script type=\"application\/ld+json\" class=\"yoast-schema-graph\">{\"@context\":\"https:\/\/schema.org\",\"@graph\":[{\"@type\":\"WebPage\",\"@id\":\"https:\/\/auvisa.org\/es\/visa-lp\/\",\"url\":\"https:\/\/auvisa.org\/es\/visa-lp\/\",\"name\":\"Solicitar Visado eVisitor para Australia: Formulario en L\u00ednea (Espa\u00f1a)\",\"isPartOf\":{\"@id\":\"https:\/\/auvisa.org\/es\/#website\"},\"datePublished\":\"2023-09-26T13:48:54+00:00\",\"dateModified\":\"2026-03-24T11:47:39+00:00\",\"description\":\"Solicite en l\u00ednea un visado eVisitor para Australia para ciudadanos espa\u00f1oles mediante este r\u00e1pido formulario. Verificaci\u00f3n de la visa en 24 horas.\",\"breadcrumb\":{\"@id\":\"https:\/\/auvisa.org\/es\/visa-lp\/#breadcrumb\"},\"inLanguage\":\"es\",\"potentialAction\":[{\"@type\":\"ReadAction\",\"target\":[\"https:\/\/auvisa.org\/es\/visa-lp\/\"]}]},{\"@type\":\"BreadcrumbList\",\"@id\":\"https:\/\/auvisa.org\/es\/visa-lp\/#breadcrumb\",\"itemListElement\":[{\"@type\":\"ListItem\",\"position\":1,\"name\":\"Home\",\"item\":\"https:\/\/auvisa.org\/es\/\"},{\"@type\":\"ListItem\",\"position\":2,\"name\":\"Obt\u00e9n un visado eVisitor para Australia\"}]},{\"@type\":\"WebSite\",\"@id\":\"https:\/\/auvisa.org\/es\/#website\",\"url\":\"https:\/\/auvisa.org\/es\/\",\"name\":\"Auvisa.org\",\"description\":\"\",\"inLanguage\":\"es\"}]}<\/script>\n<!-- \/ Yoast SEO plugin. -->","yoast_head_json":{"title":"Solicitar Visado eVisitor para Australia: Formulario en L\u00ednea (Espa\u00f1a)","description":"Solicite en l\u00ednea un visado eVisitor para Australia para ciudadanos espa\u00f1oles mediante este r\u00e1pido formulario. Verificaci\u00f3n de la visa en 24 horas.","robots":{"index":"noindex","follow":"follow"},"og_locale":"es_ES","og_type":"article","og_title":"Solicitar Visado eVisitor para Australia: Formulario en L\u00ednea (Espa\u00f1a)","og_description":"Solicite en l\u00ednea un visado eVisitor para Australia para ciudadanos espa\u00f1oles mediante este r\u00e1pido formulario. Verificaci\u00f3n de la visa en 24 horas.","og_url":"https:\/\/auvisa.org\/es\/visa-lp\/","og_site_name":"Auvisa.org","article_modified_time":"2026-03-24T11:47:39+00:00","twitter_card":"summary_large_image","twitter_misc":{"Tiempo de lectura":"1 minuto"},"schema":{"@context":"https:\/\/schema.org","@graph":[{"@type":"WebPage","@id":"https:\/\/auvisa.org\/es\/visa-lp\/","url":"https:\/\/auvisa.org\/es\/visa-lp\/","name":"Solicitar Visado eVisitor para Australia: Formulario en L\u00ednea (Espa\u00f1a)","isPartOf":{"@id":"https:\/\/auvisa.org\/es\/#website"},"datePublished":"2023-09-26T13:48:54+00:00","dateModified":"2026-03-24T11:47:39+00:00","description":"Solicite en l\u00ednea un visado eVisitor para Australia para ciudadanos espa\u00f1oles mediante este r\u00e1pido formulario. Verificaci\u00f3n de la visa en 24 horas.","breadcrumb":{"@id":"https:\/\/auvisa.org\/es\/visa-lp\/#breadcrumb"},"inLanguage":"es","potentialAction":[{"@type":"ReadAction","target":["https:\/\/auvisa.org\/es\/visa-lp\/"]}]},{"@type":"BreadcrumbList","@id":"https:\/\/auvisa.org\/es\/visa-lp\/#breadcrumb","itemListElement":[{"@type":"ListItem","position":1,"name":"Home","item":"https:\/\/auvisa.org\/es\/"},{"@type":"ListItem","position":2,"name":"Obt\u00e9n un visado eVisitor para Australia"}]},{"@type":"WebSite","@id":"https:\/\/auvisa.org\/es\/#website","url":"https:\/\/auvisa.org\/es\/","name":"Auvisa.org","description":"","inLanguage":"es"}]}},"_links":{"self":[{"href":"https:\/\/auvisa.org\/es\/wp-json\/wp\/v2\/pages\/17814","targetHints":{"allow":["GET"]}}],"collection":[{"href":"https:\/\/auvisa.org\/es\/wp-json\/wp\/v2\/pages"}],"about":[{"href":"https:\/\/auvisa.org\/es\/wp-json\/wp\/v2\/types\/page"}],"author":[{"embeddable":true,"href":"https:\/\/auvisa.org\/es\/wp-json\/wp\/v2\/users\/4"}],"replies":[{"embeddable":true,"href":"https:\/\/auvisa.org\/es\/wp-json\/wp\/v2\/comments?post=17814"}],"version-history":[{"count":6,"href":"https:\/\/auvisa.org\/es\/wp-json\/wp\/v2\/pages\/17814\/revisions"}],"predecessor-version":[{"id":21179,"href":"https:\/\/auvisa.org\/es\/wp-json\/wp\/v2\/pages\/17814\/revisions\/21179"}],"wp:attachment":[{"href":"https:\/\/auvisa.org\/es\/wp-json\/wp\/v2\/media?parent=17814"}],"curies":[{"name":"wp","href":"https:\/\/api.w.org\/{rel}","templated":true}]}}