{"id":17830,"date":"2023-09-26T17:47:20","date_gmt":"2023-09-26T15:47:20","guid":{"rendered":"https:\/\/auvisa.org\/es\/?page_id=17830"},"modified":"2023-09-26T17:47:21","modified_gmt":"2023-09-26T15:47:21","slug":"visa-business-lp","status":"publish","type":"page","link":"https:\/\/auvisa.org\/es\/visa-business-lp\/","title":{"rendered":"Visado de Negocios para Australia: Solicitud en L\u00ednea"},"content":{"rendered":"\n<div style=\"height:20px\" aria-hidden=\"true\" class=\"wp-block-spacer\"><\/div>\n\n\n\n<p><b>Este formulario de solicitud del Visado de Negocios (eVisitor) est\u00e1 destinado a los viajeros de negocios espa\u00f1oles<\/b> que planean visitar Australia para <strong>asistir a reuniones de negocios, conferencias, negociaciones, etc.<\/strong><\/li><\/ul>\n\n<p>El visado tendr\u00e1 una <strong>validez de 12 meses<\/strong>, durante los cuales usted podr\u00e1 entrar en Australia varias veces y <strong>permanecer en Australia hasta 90 d\u00edas cada vez<\/strong>. <\/p>\n\n<p><b>Este es el visado elegido por la gran mayor\u00eda de los viajeros de negocios espa\u00f1oles, y el 95% de los visados se conceden en 24 horas<\/b>.<\/p>\n\n<p><b>El precio de cada visado ser\u00e1 de <span class=\"woocommerce-Price-amount amount\" aria-hidden=\"true\"><bdi><span class=\"woocommerce-Price-currencySymbol\">&euro;<\/span>69,00<\/bdi><\/span> <span aria-hidden=\"true\">-<\/span> <span class=\"woocommerce-Price-amount amount\" aria-hidden=\"true\"><bdi><span class=\"woocommerce-Price-currencySymbol\">&euro;<\/span>129,00<\/bdi><\/span><span class=\"screen-reader-text\">Rango de precios: desde &euro;69,00 hasta &euro;129,00<\/span><\/b>. El precio incluye tanto las tarifas de servicio de Auvisa.org como las tarifas gubernamentales (cuando corresponda).<\/p>\n\n\n\n<div style=\"height:46px\" aria-hidden=\"true\" class=\"wp-block-spacer\"><\/div>\n\n\n\n<h3>Ingrese su direcci\u00f3n de correo electr\u00f3nico para iniciar su solicitud de visado de negocios:<\/h3>\n","protected":false},"excerpt":{"rendered":"<p>Este formulario de solicitud del Visado de Negocios (eVisitor) est\u00e1 destinado a los viajeros de negocios espa\u00f1oles que planean visitar [&#8230;]<\/p>\n<p><a class=\"btn btn-secondary understrap-read-more-link\" href=\"https:\/\/auvisa.org\/es\/visa-business-lp\/\">Leer m\u00e1s&#8230;<span class=\"screen-reader-text\"> from Visado de Negocios para Australia: Solicitud en L\u00ednea<\/span><\/a><\/p>\n","protected":false},"author":4,"featured_media":0,"parent":0,"menu_order":25,"comment_status":"closed","ping_status":"closed","template":"templates\/tpl_acf_form.php","meta":{"inline_featured_image":false,"footnotes":""},"class_list":["post-17830","page","type-page","status-publish","hentry"],"yoast_head":"<!-- This site is optimized with the Yoast SEO plugin v26.9 - https:\/\/yoast.com\/product\/yoast-seo-wordpress\/ -->\n<title>Solicitar Visado de Negocios para Australia desde Espa\u00f1a: Formulario<\/title>\n<meta name=\"description\" content=\"Los viajeros de negocios espa\u00f1oles deben solicitar un visado de negocios para Australia a trav\u00e9s de este formulario de solicitud. El visado se entrega en 24 horas.\" \/>\n<meta name=\"robots\" content=\"noindex, follow\" \/>\n<meta property=\"og:locale\" content=\"es_ES\" \/>\n<meta property=\"og:type\" content=\"article\" \/>\n<meta property=\"og:title\" content=\"Solicitar Visado de Negocios para Australia desde Espa\u00f1a: Formulario\" \/>\n<meta property=\"og:description\" content=\"Los viajeros de negocios espa\u00f1oles deben solicitar un visado de negocios para Australia a trav\u00e9s de este formulario de solicitud. El visado se entrega en 24 horas.\" \/>\n<meta property=\"og:url\" content=\"https:\/\/auvisa.org\/es\/visa-business-lp\/\" \/>\n<meta property=\"og:site_name\" content=\"Auvisa.org\" \/>\n<meta property=\"article:modified_time\" content=\"2023-09-26T15:47:21+00:00\" \/>\n<meta name=\"twitter:card\" content=\"summary_large_image\" \/>\n<meta name=\"twitter:label1\" content=\"Tiempo de lectura\" \/>\n\t<meta name=\"twitter:data1\" content=\"1 minuto\" \/>\n<script type=\"application\/ld+json\" class=\"yoast-schema-graph\">{\"@context\":\"https:\/\/schema.org\",\"@graph\":[{\"@type\":\"WebPage\",\"@id\":\"https:\/\/auvisa.org\/es\/visa-business-lp\/\",\"url\":\"https:\/\/auvisa.org\/es\/visa-business-lp\/\",\"name\":\"Solicitar Visado de Negocios para Australia desde Espa\u00f1a: Formulario\",\"isPartOf\":{\"@id\":\"https:\/\/auvisa.org\/es\/#website\"},\"datePublished\":\"2023-09-26T15:47:20+00:00\",\"dateModified\":\"2023-09-26T15:47:21+00:00\",\"description\":\"Los viajeros de negocios espa\u00f1oles deben solicitar un visado de negocios para Australia a trav\u00e9s de este formulario de solicitud. El visado se entrega en 24 horas.\",\"breadcrumb\":{\"@id\":\"https:\/\/auvisa.org\/es\/visa-business-lp\/#breadcrumb\"},\"inLanguage\":\"es\",\"potentialAction\":[{\"@type\":\"ReadAction\",\"target\":[\"https:\/\/auvisa.org\/es\/visa-business-lp\/\"]}]},{\"@type\":\"BreadcrumbList\",\"@id\":\"https:\/\/auvisa.org\/es\/visa-business-lp\/#breadcrumb\",\"itemListElement\":[{\"@type\":\"ListItem\",\"position\":1,\"name\":\"Home\",\"item\":\"https:\/\/auvisa.org\/es\/\"},{\"@type\":\"ListItem\",\"position\":2,\"name\":\"Visado de Negocios para Australia: Solicitud en L\u00ednea\"}]},{\"@type\":\"WebSite\",\"@id\":\"https:\/\/auvisa.org\/es\/#website\",\"url\":\"https:\/\/auvisa.org\/es\/\",\"name\":\"Auvisa.org\",\"description\":\"\",\"inLanguage\":\"es\"}]}<\/script>\n<!-- \/ Yoast SEO plugin. -->","yoast_head_json":{"title":"Solicitar Visado de Negocios para Australia desde Espa\u00f1a: Formulario","description":"Los viajeros de negocios espa\u00f1oles deben solicitar un visado de negocios para Australia a trav\u00e9s de este formulario de solicitud. El visado se entrega en 24 horas.","robots":{"index":"noindex","follow":"follow"},"og_locale":"es_ES","og_type":"article","og_title":"Solicitar Visado de Negocios para Australia desde Espa\u00f1a: Formulario","og_description":"Los viajeros de negocios espa\u00f1oles deben solicitar un visado de negocios para Australia a trav\u00e9s de este formulario de solicitud. El visado se entrega en 24 horas.","og_url":"https:\/\/auvisa.org\/es\/visa-business-lp\/","og_site_name":"Auvisa.org","article_modified_time":"2023-09-26T15:47:21+00:00","twitter_card":"summary_large_image","twitter_misc":{"Tiempo de lectura":"1 minuto"},"schema":{"@context":"https:\/\/schema.org","@graph":[{"@type":"WebPage","@id":"https:\/\/auvisa.org\/es\/visa-business-lp\/","url":"https:\/\/auvisa.org\/es\/visa-business-lp\/","name":"Solicitar Visado de Negocios para Australia desde Espa\u00f1a: Formulario","isPartOf":{"@id":"https:\/\/auvisa.org\/es\/#website"},"datePublished":"2023-09-26T15:47:20+00:00","dateModified":"2023-09-26T15:47:21+00:00","description":"Los viajeros de negocios espa\u00f1oles deben solicitar un visado de negocios para Australia a trav\u00e9s de este formulario de solicitud. El visado se entrega en 24 horas.","breadcrumb":{"@id":"https:\/\/auvisa.org\/es\/visa-business-lp\/#breadcrumb"},"inLanguage":"es","potentialAction":[{"@type":"ReadAction","target":["https:\/\/auvisa.org\/es\/visa-business-lp\/"]}]},{"@type":"BreadcrumbList","@id":"https:\/\/auvisa.org\/es\/visa-business-lp\/#breadcrumb","itemListElement":[{"@type":"ListItem","position":1,"name":"Home","item":"https:\/\/auvisa.org\/es\/"},{"@type":"ListItem","position":2,"name":"Visado de Negocios para Australia: Solicitud en L\u00ednea"}]},{"@type":"WebSite","@id":"https:\/\/auvisa.org\/es\/#website","url":"https:\/\/auvisa.org\/es\/","name":"Auvisa.org","description":"","inLanguage":"es"}]}},"_links":{"self":[{"href":"https:\/\/auvisa.org\/es\/wp-json\/wp\/v2\/pages\/17830","targetHints":{"allow":["GET"]}}],"collection":[{"href":"https:\/\/auvisa.org\/es\/wp-json\/wp\/v2\/pages"}],"about":[{"href":"https:\/\/auvisa.org\/es\/wp-json\/wp\/v2\/types\/page"}],"author":[{"embeddable":true,"href":"https:\/\/auvisa.org\/es\/wp-json\/wp\/v2\/users\/4"}],"replies":[{"embeddable":true,"href":"https:\/\/auvisa.org\/es\/wp-json\/wp\/v2\/comments?post=17830"}],"version-history":[{"count":1,"href":"https:\/\/auvisa.org\/es\/wp-json\/wp\/v2\/pages\/17830\/revisions"}],"predecessor-version":[{"id":17835,"href":"https:\/\/auvisa.org\/es\/wp-json\/wp\/v2\/pages\/17830\/revisions\/17835"}],"wp:attachment":[{"href":"https:\/\/auvisa.org\/es\/wp-json\/wp\/v2\/media?parent=17830"}],"curies":[{"name":"wp","href":"https:\/\/api.w.org\/{rel}","templated":true}]}}