{"id":2096,"date":"2020-02-17T17:50:48","date_gmt":"2020-02-17T17:50:48","guid":{"rendered":"https:\/\/auvisa.org\/uk\/?page_id=2096"},"modified":"2026-03-23T14:07:37","modified_gmt":"2026-03-23T13:07:37","slug":"visa","status":"publish","type":"page","link":"https:\/\/auvisa.org\/es\/visa\/","title":{"rendered":"Solicitud de visado eVisitor para Australia"},"content":{"rendered":"\n<div style=\"height:20px\" aria-hidden=\"true\" class=\"wp-block-spacer\"><\/div>\n\n\n\n<h5 style=\"text-align: center\">Solicita ahora tu visado eVisitor<\/h5>\n\n\n\n<p><\/p>\n","protected":false},"excerpt":{"rendered":"<p>Solicita ahora tu visado eVisitor [&#8230;]<\/p>\n<p><a class=\"btn btn-secondary understrap-read-more-link\" href=\"https:\/\/auvisa.org\/es\/visa\/\">Leer m\u00e1s&#8230;<span class=\"screen-reader-text\"> from Solicitud de visado eVisitor para Australia<\/span><\/a><\/p>\n","protected":false},"author":3,"featured_media":0,"parent":0,"menu_order":4,"comment_status":"closed","ping_status":"closed","template":"templates\/tpl_acf_form.php","meta":{"inline_featured_image":false,"footnotes":""},"class_list":["post-2096","page","type-page","status-publish","hentry"],"yoast_head":"<!-- This site is optimized with the Yoast SEO plugin v26.9 - https:\/\/yoast.com\/product\/yoast-seo-wordpress\/ -->\n<title>Solicitar Visado eVisitor para Australia: Formulario en L\u00ednea (Espa\u00f1a)<\/title>\n<meta name=\"description\" content=\"Solicite en l\u00ednea un visado eVisitor para Australia para ciudadanos espa\u00f1oles mediante este r\u00e1pido formulario. Verificaci\u00f3n de la visa en 24 horas.\" \/>\n<meta name=\"robots\" content=\"index, follow, max-snippet:-1, max-image-preview:large, max-video-preview:-1\" \/>\n<link rel=\"canonical\" href=\"https:\/\/auvisa.org\/es\/visa\/\" \/>\n<meta property=\"og:locale\" content=\"es_ES\" \/>\n<meta property=\"og:type\" content=\"article\" \/>\n<meta property=\"og:title\" content=\"Solicitar Visado eVisitor para Australia: Formulario en L\u00ednea (Espa\u00f1a)\" \/>\n<meta property=\"og:description\" content=\"Solicite en l\u00ednea un visado eVisitor para Australia para ciudadanos espa\u00f1oles mediante este r\u00e1pido formulario. Verificaci\u00f3n de la visa en 24 horas.\" \/>\n<meta property=\"og:url\" content=\"https:\/\/auvisa.org\/es\/visa\/\" \/>\n<meta property=\"og:site_name\" content=\"Auvisa.org\" \/>\n<meta property=\"article:modified_time\" content=\"2026-03-23T13:07:37+00:00\" \/>\n<meta name=\"twitter:card\" content=\"summary_large_image\" \/>\n<meta name=\"twitter:label1\" content=\"Tiempo de lectura\" \/>\n\t<meta name=\"twitter:data1\" content=\"1 minuto\" \/>\n<script type=\"application\/ld+json\" class=\"yoast-schema-graph\">{\"@context\":\"https:\/\/schema.org\",\"@graph\":[{\"@type\":\"WebPage\",\"@id\":\"https:\/\/auvisa.org\/es\/visa\/\",\"url\":\"https:\/\/auvisa.org\/es\/visa\/\",\"name\":\"Solicitar Visado eVisitor para Australia: Formulario en L\u00ednea (Espa\u00f1a)\",\"isPartOf\":{\"@id\":\"https:\/\/auvisa.org\/es\/#website\"},\"datePublished\":\"2020-02-17T17:50:48+00:00\",\"dateModified\":\"2026-03-23T13:07:37+00:00\",\"description\":\"Solicite en l\u00ednea un visado eVisitor para Australia para ciudadanos espa\u00f1oles mediante este r\u00e1pido formulario. Verificaci\u00f3n de la visa en 24 horas.\",\"breadcrumb\":{\"@id\":\"https:\/\/auvisa.org\/es\/visa\/#breadcrumb\"},\"inLanguage\":\"es\",\"potentialAction\":[{\"@type\":\"ReadAction\",\"target\":[\"https:\/\/auvisa.org\/es\/visa\/\"]}]},{\"@type\":\"BreadcrumbList\",\"@id\":\"https:\/\/auvisa.org\/es\/visa\/#breadcrumb\",\"itemListElement\":[{\"@type\":\"ListItem\",\"position\":1,\"name\":\"Home\",\"item\":\"https:\/\/auvisa.org\/es\/\"},{\"@type\":\"ListItem\",\"position\":2,\"name\":\"Solicitud de visado eVisitor para Australia\"}]},{\"@type\":\"WebSite\",\"@id\":\"https:\/\/auvisa.org\/es\/#website\",\"url\":\"https:\/\/auvisa.org\/es\/\",\"name\":\"Auvisa.org\",\"description\":\"\",\"inLanguage\":\"es\"}]}<\/script>\n<!-- \/ Yoast SEO plugin. -->","yoast_head_json":{"title":"Solicitar Visado eVisitor para Australia: Formulario en L\u00ednea (Espa\u00f1a)","description":"Solicite en l\u00ednea un visado eVisitor para Australia para ciudadanos espa\u00f1oles mediante este r\u00e1pido formulario. Verificaci\u00f3n de la visa en 24 horas.","robots":{"index":"index","follow":"follow","max-snippet":"max-snippet:-1","max-image-preview":"max-image-preview:large","max-video-preview":"max-video-preview:-1"},"canonical":"https:\/\/auvisa.org\/es\/visa\/","og_locale":"es_ES","og_type":"article","og_title":"Solicitar Visado eVisitor para Australia: Formulario en L\u00ednea (Espa\u00f1a)","og_description":"Solicite en l\u00ednea un visado eVisitor para Australia para ciudadanos espa\u00f1oles mediante este r\u00e1pido formulario. Verificaci\u00f3n de la visa en 24 horas.","og_url":"https:\/\/auvisa.org\/es\/visa\/","og_site_name":"Auvisa.org","article_modified_time":"2026-03-23T13:07:37+00:00","twitter_card":"summary_large_image","twitter_misc":{"Tiempo de lectura":"1 minuto"},"schema":{"@context":"https:\/\/schema.org","@graph":[{"@type":"WebPage","@id":"https:\/\/auvisa.org\/es\/visa\/","url":"https:\/\/auvisa.org\/es\/visa\/","name":"Solicitar Visado eVisitor para Australia: Formulario en L\u00ednea (Espa\u00f1a)","isPartOf":{"@id":"https:\/\/auvisa.org\/es\/#website"},"datePublished":"2020-02-17T17:50:48+00:00","dateModified":"2026-03-23T13:07:37+00:00","description":"Solicite en l\u00ednea un visado eVisitor para Australia para ciudadanos espa\u00f1oles mediante este r\u00e1pido formulario. Verificaci\u00f3n de la visa en 24 horas.","breadcrumb":{"@id":"https:\/\/auvisa.org\/es\/visa\/#breadcrumb"},"inLanguage":"es","potentialAction":[{"@type":"ReadAction","target":["https:\/\/auvisa.org\/es\/visa\/"]}]},{"@type":"BreadcrumbList","@id":"https:\/\/auvisa.org\/es\/visa\/#breadcrumb","itemListElement":[{"@type":"ListItem","position":1,"name":"Home","item":"https:\/\/auvisa.org\/es\/"},{"@type":"ListItem","position":2,"name":"Solicitud de visado eVisitor para Australia"}]},{"@type":"WebSite","@id":"https:\/\/auvisa.org\/es\/#website","url":"https:\/\/auvisa.org\/es\/","name":"Auvisa.org","description":"","inLanguage":"es"}]}},"_links":{"self":[{"href":"https:\/\/auvisa.org\/es\/wp-json\/wp\/v2\/pages\/2096","targetHints":{"allow":["GET"]}}],"collection":[{"href":"https:\/\/auvisa.org\/es\/wp-json\/wp\/v2\/pages"}],"about":[{"href":"https:\/\/auvisa.org\/es\/wp-json\/wp\/v2\/types\/page"}],"author":[{"embeddable":true,"href":"https:\/\/auvisa.org\/es\/wp-json\/wp\/v2\/users\/3"}],"replies":[{"embeddable":true,"href":"https:\/\/auvisa.org\/es\/wp-json\/wp\/v2\/comments?post=2096"}],"version-history":[{"count":48,"href":"https:\/\/auvisa.org\/es\/wp-json\/wp\/v2\/pages\/2096\/revisions"}],"predecessor-version":[{"id":21169,"href":"https:\/\/auvisa.org\/es\/wp-json\/wp\/v2\/pages\/2096\/revisions\/21169"}],"wp:attachment":[{"href":"https:\/\/auvisa.org\/es\/wp-json\/wp\/v2\/media?parent=2096"}],"curies":[{"name":"wp","href":"https:\/\/api.w.org\/{rel}","templated":true}]}}