{"id":2625,"date":"2020-05-09T13:58:13","date_gmt":"2020-05-09T13:58:13","guid":{"rendered":"https:\/\/auvisa.org\/es\/?page_id=2625"},"modified":"2020-05-12T17:03:22","modified_gmt":"2020-05-12T17:03:22","slug":"segundo-visado-work-and-holiday","status":"publish","type":"page","link":"https:\/\/auvisa.org\/es\/segundo-visado-work-and-holiday\/","title":{"rendered":"Segundo Visado Work and Holiday para Australia (Espa\u00f1a)"},"content":{"rendered":"\n<h3 class=\"wp-block-heading\" id=\"first-paragraph\"><strong>M\u00e1s informaci\u00f3n sobre los segundos visados Work and Holiday<\/strong> (<strong>visados de trabajo y vacaciones<\/strong>).<\/h3>\n\n\n\n<p>Puede solicitar un segundo visado Work and Holiday si cumple ciertos requisitos:<\/p>\n\n\n\n<ul class=\"wp-block-list\"><li>Todo lo que se aplica al <a href=\"\/es\/visado-working-holiday\/\" class=\"aioseop-link\">primer visado Work and Holiday<\/a>, adem\u00e1s:<ul><li>haber cumplido con todas las condiciones de su primer visado de trabajo y vacaciones<\/li><li>no haber obtenido previamente m\u00e1s de un visado de trabajo y vacaciones<\/li><li>haber completado tres meses de <a href=\"\/es\/visado-working-holiday\/#espec\u00edfico\" class=\"aioseop-link\">trabajo espec\u00edfico <\/a>en el \u00e1rea \u201cregional Australia\u201d mientras pose\u00eda su primer visado Work and Holiday.<\/li><\/ul><\/li><\/ul>\n\n\n\n<p>Si se encuentra actualmente en Australia con su primer visado de trabajo y vacaciones, y desea permanecer en el pa\u00eds, debe <strong>solicitar el segundo visado de trabajo y vacaciones antes de que expire el primero<\/strong>.<\/p>\n\n\n\n<p>El \u00abtrabajo espec\u00edfico\u00bb es el trabajo realizado en <strong>una serie de trabajos o industrias y regiones espec\u00edficas<\/strong>, incluyendo:<\/p>\n\n\n\n<ul class=\"wp-block-list\"><li><strong>Pesca y el sector de las perlas <\/strong>en Australia septentrional<\/li><li><strong>Cultivo<\/strong> y tala de \u00e1rboles en Australia septentrional<\/li><li><strong>Turismo y hospitalidad <\/strong>en Australia septentrional<\/li><li><strong>Cultivo de plantas y animales <\/strong>en Australia septentrional y en otras regiones espec\u00edficas<\/li><\/ul>\n\n\n\n<p>Se puede encontrar m\u00e1s informaci\u00f3n sobre los trabajos espec\u00edficos en la <a href=\"\/es\/visado-working-holiday\/#espec\u00edfico\" class=\"aioseop-link\">secci\u00f3n dedicada al Visado Work and Holiday<\/a>.<\/p>\n\n\n\n<div class=\"text-right\"><a href=\"\/es\/visa-workingsecond\/\" class=\"btn  px-5 btn-green\">Solicitar el segundo visado Work and Holiday<\/a><\/div>\n","protected":false},"excerpt":{"rendered":"<p>M\u00e1s informaci\u00f3n sobre los segundos visados Work and Holiday (visados de trabajo y vacaciones). Puede solicitar un segundo visado Work [&#8230;]<\/p>\n<p><a class=\"btn btn-secondary understrap-read-more-link\" href=\"https:\/\/auvisa.org\/es\/segundo-visado-work-and-holiday\/\">Leer m\u00e1s&#8230;<span class=\"screen-reader-text\"> from Segundo Visado Work and Holiday para Australia (Espa\u00f1a)<\/span><\/a><\/p>\n","protected":false},"author":5,"featured_media":0,"parent":0,"menu_order":2,"comment_status":"closed","ping_status":"closed","template":"templates\/tpl_spiegazione.php","meta":{"inline_featured_image":false,"footnotes":""},"class_list":["post-2625","page","type-page","status-publish","hentry"],"yoast_head":"<!-- This site is optimized with the Yoast SEO plugin v26.9 - https:\/\/yoast.com\/product\/yoast-seo-wordpress\/ -->\n<title>Segundo Visado Work and Holiday para Australia (Ciudadanos Espa\u00f1oles)<\/title>\n<meta name=\"description\" content=\"Este visado es para los viajeros a los que ya se ha concedido un visado Work and Holiday y que desean prolongar su estancia en Australia. Solic\u00edtelo en l\u00ednea.\" \/>\n<meta name=\"robots\" content=\"index, follow, max-snippet:-1, max-image-preview:large, max-video-preview:-1\" \/>\n<link rel=\"canonical\" href=\"https:\/\/auvisa.org\/es\/segundo-visado-work-and-holiday\/\" \/>\n<meta property=\"og:locale\" content=\"es_ES\" \/>\n<meta property=\"og:type\" content=\"article\" \/>\n<meta property=\"og:title\" content=\"Segundo Visado Work and Holiday para Australia (Ciudadanos Espa\u00f1oles)\" \/>\n<meta property=\"og:description\" content=\"Este visado es para los viajeros a los que ya se ha concedido un visado Work and Holiday y que desean prolongar su estancia en Australia. Solic\u00edtelo en l\u00ednea.\" \/>\n<meta property=\"og:url\" content=\"https:\/\/auvisa.org\/es\/segundo-visado-work-and-holiday\/\" \/>\n<meta property=\"og:site_name\" content=\"Auvisa.org\" \/>\n<meta property=\"article:modified_time\" content=\"2020-05-12T17:03:22+00:00\" \/>\n<meta name=\"twitter:card\" content=\"summary_large_image\" \/>\n<meta name=\"twitter:label1\" content=\"Tiempo de lectura\" \/>\n\t<meta name=\"twitter:data1\" content=\"1 minuto\" \/>\n<script type=\"application\/ld+json\" class=\"yoast-schema-graph\">{\"@context\":\"https:\/\/schema.org\",\"@graph\":[{\"@type\":\"WebPage\",\"@id\":\"https:\/\/auvisa.org\/es\/segundo-visado-work-and-holiday\/\",\"url\":\"https:\/\/auvisa.org\/es\/segundo-visado-work-and-holiday\/\",\"name\":\"Segundo Visado Work and Holiday para Australia (Ciudadanos Espa\u00f1oles)\",\"isPartOf\":{\"@id\":\"https:\/\/auvisa.org\/es\/#website\"},\"datePublished\":\"2020-05-09T13:58:13+00:00\",\"dateModified\":\"2020-05-12T17:03:22+00:00\",\"description\":\"Este visado es para los viajeros a los que ya se ha concedido un visado Work and Holiday y que desean prolongar su estancia en Australia. Solic\u00edtelo en l\u00ednea.\",\"breadcrumb\":{\"@id\":\"https:\/\/auvisa.org\/es\/segundo-visado-work-and-holiday\/#breadcrumb\"},\"inLanguage\":\"es\",\"potentialAction\":[{\"@type\":\"ReadAction\",\"target\":[\"https:\/\/auvisa.org\/es\/segundo-visado-work-and-holiday\/\"]}]},{\"@type\":\"BreadcrumbList\",\"@id\":\"https:\/\/auvisa.org\/es\/segundo-visado-work-and-holiday\/#breadcrumb\",\"itemListElement\":[{\"@type\":\"ListItem\",\"position\":1,\"name\":\"Home\",\"item\":\"https:\/\/auvisa.org\/es\/\"},{\"@type\":\"ListItem\",\"position\":2,\"name\":\"Segundo Visado Work and Holiday para Australia (Espa\u00f1a)\"}]},{\"@type\":\"WebSite\",\"@id\":\"https:\/\/auvisa.org\/es\/#website\",\"url\":\"https:\/\/auvisa.org\/es\/\",\"name\":\"Auvisa.org\",\"description\":\"\",\"inLanguage\":\"es\"}]}<\/script>\n<!-- \/ Yoast SEO plugin. -->","yoast_head_json":{"title":"Segundo Visado Work and Holiday para Australia (Ciudadanos Espa\u00f1oles)","description":"Este visado es para los viajeros a los que ya se ha concedido un visado Work and Holiday y que desean prolongar su estancia en Australia. Solic\u00edtelo en l\u00ednea.","robots":{"index":"index","follow":"follow","max-snippet":"max-snippet:-1","max-image-preview":"max-image-preview:large","max-video-preview":"max-video-preview:-1"},"canonical":"https:\/\/auvisa.org\/es\/segundo-visado-work-and-holiday\/","og_locale":"es_ES","og_type":"article","og_title":"Segundo Visado Work and Holiday para Australia (Ciudadanos Espa\u00f1oles)","og_description":"Este visado es para los viajeros a los que ya se ha concedido un visado Work and Holiday y que desean prolongar su estancia en Australia. Solic\u00edtelo en l\u00ednea.","og_url":"https:\/\/auvisa.org\/es\/segundo-visado-work-and-holiday\/","og_site_name":"Auvisa.org","article_modified_time":"2020-05-12T17:03:22+00:00","twitter_card":"summary_large_image","twitter_misc":{"Tiempo de lectura":"1 minuto"},"schema":{"@context":"https:\/\/schema.org","@graph":[{"@type":"WebPage","@id":"https:\/\/auvisa.org\/es\/segundo-visado-work-and-holiday\/","url":"https:\/\/auvisa.org\/es\/segundo-visado-work-and-holiday\/","name":"Segundo Visado Work and Holiday para Australia (Ciudadanos Espa\u00f1oles)","isPartOf":{"@id":"https:\/\/auvisa.org\/es\/#website"},"datePublished":"2020-05-09T13:58:13+00:00","dateModified":"2020-05-12T17:03:22+00:00","description":"Este visado es para los viajeros a los que ya se ha concedido un visado Work and Holiday y que desean prolongar su estancia en Australia. Solic\u00edtelo en l\u00ednea.","breadcrumb":{"@id":"https:\/\/auvisa.org\/es\/segundo-visado-work-and-holiday\/#breadcrumb"},"inLanguage":"es","potentialAction":[{"@type":"ReadAction","target":["https:\/\/auvisa.org\/es\/segundo-visado-work-and-holiday\/"]}]},{"@type":"BreadcrumbList","@id":"https:\/\/auvisa.org\/es\/segundo-visado-work-and-holiday\/#breadcrumb","itemListElement":[{"@type":"ListItem","position":1,"name":"Home","item":"https:\/\/auvisa.org\/es\/"},{"@type":"ListItem","position":2,"name":"Segundo Visado Work and Holiday para Australia (Espa\u00f1a)"}]},{"@type":"WebSite","@id":"https:\/\/auvisa.org\/es\/#website","url":"https:\/\/auvisa.org\/es\/","name":"Auvisa.org","description":"","inLanguage":"es"}]}},"_links":{"self":[{"href":"https:\/\/auvisa.org\/es\/wp-json\/wp\/v2\/pages\/2625","targetHints":{"allow":["GET"]}}],"collection":[{"href":"https:\/\/auvisa.org\/es\/wp-json\/wp\/v2\/pages"}],"about":[{"href":"https:\/\/auvisa.org\/es\/wp-json\/wp\/v2\/types\/page"}],"author":[{"embeddable":true,"href":"https:\/\/auvisa.org\/es\/wp-json\/wp\/v2\/users\/5"}],"replies":[{"embeddable":true,"href":"https:\/\/auvisa.org\/es\/wp-json\/wp\/v2\/comments?post=2625"}],"version-history":[{"count":21,"href":"https:\/\/auvisa.org\/es\/wp-json\/wp\/v2\/pages\/2625\/revisions"}],"predecessor-version":[{"id":2877,"href":"https:\/\/auvisa.org\/es\/wp-json\/wp\/v2\/pages\/2625\/revisions\/2877"}],"wp:attachment":[{"href":"https:\/\/auvisa.org\/es\/wp-json\/wp\/v2\/media?parent=2625"}],"curies":[{"name":"wp","href":"https:\/\/api.w.org\/{rel}","templated":true}]}}