{"id":327,"date":"2012-05-27T18:34:33","date_gmt":"2012-05-27T18:34:33","guid":{"rendered":"https:\/\/auvisa.org\/?p=327"},"modified":"2024-02-29T11:13:14","modified_gmt":"2024-02-29T10:13:14","slug":"terminos-y-condiciones","status":"publish","type":"page","link":"https:\/\/auvisa.org\/es\/terminos-y-condiciones\/","title":{"rendered":"Sobre Nosotros"},"content":{"rendered":"<h2>La Compa\u00f1\u00eda<\/h2>\n<p>Esta p\u00e1gina web es propiedad de la compa\u00f1\u00eda Visa &amp; Immigration Services LTD, registrada bajo el n\u00famero 72792776, con base en Hong Kong. Somos una compa\u00f1\u00eda internacional especializada en servicios de visado. Estamos representados a lo largo del mundo en diferentes idiomas.<\/p>\n<h2>Nuestro objetivo<\/h2>\n<p>El objetivo de Visa\u00a0&amp;\u00a0Immigration\u00a0Services\u00a0LTD es ofrecer servicios de traducci\u00f3n y asesoramiento consular acerca de visados y solicitudes de permisos de entrada. Ofrecemos soporte en diferentes idiomas, b\u00e1sicamente europeos. Si Ud. domina el ingl\u00e9s, o simplemente no necesita asistencia, puede solicitar su visado o permiso sin necesidad de requerir nuestros servicios.<\/p>\n<p>Los visados temporales para turismo o negocios pueden solicitarse de forma gratuita a trav\u00e9s de la p\u00e1gina web del Departamento de Inmigraci\u00f3n y Ciudadan\u00eda de Australia, http:\/\/www.immi.gov.au.<\/p>\n<h2>Pago<\/h2>\n<p>El pago se realiza como \u00faltimo paso en cada solicitud. Puede Ud. tambi\u00e9n guardar su solicitud y realizar el pago m\u00e1s adelante. La solicitud de un visado no se considera completado hasta que el pago se ha realizado. No se proceder\u00e1 a tramitar ninguna solicitud de visado que no haya sido previamente pagada completamente.<\/p>\n<p>Auvisa.org se reserva el derecho de cambiar sus tarifas previo aviso<\/p>\n<h2>Fecha de resoluci\u00f3n<\/h2>\n<p>En muchos casos, recibir\u00e1 una resoluci\u00f3n en el plazo de un d\u00eda. Sin embargo, le recomendamos que realice su solicitud con un m\u00e1rgen de tiempo no inferior a los catorce d\u00edas previos a la fecha prevista de viaje. Tenga en cuenta que en algunos casos puede demorarse diez d\u00edas o m\u00e1s antes de obtener su autorizaci\u00f3n. Para el \u00abWorking Holiday\u00bb, debe hacer la solicitud por lo menos 2 meses de antelaci\u00f3n.<\/p>\n<h2>Informaci\u00f3n personal<\/h2>\n<p>\u00danicamente almacenamos su informaci\u00f3n personal (su solicitud de visado) con el objetivo de la tramitaci\u00f3n de su visado. Nunca compartiremos esta informaci\u00f3n con terceras partes sin su permiso.<\/p>\n<h2>Informaci\u00f3n Adicional<\/h2>\n<p>En algunos casos, puede que sea necesario que nos facilite informaci\u00f3n adicional en cuyou caso le contactaremos por correo electr\u00f3nico. Por ello es sumamente necesario que revise su correo electr\u00f3nico peri\u00f3dicamente y conteste las cuestiones que le podamos sugerir en su debido tiempo. Si una vez enviada una solicitud de informaci\u00f3n no se obtiene respuesta a tiempo, puede ser \u00e9sto motivo de denegaci\u00f3n de su solicitud de visado.<\/p>\n<h2>L\u00edmite de edad<\/h2>\n<p>Para poder utilizar nuestros servicios debe Ud. haber cumplido los 18 a\u00f1os de edad. Aquellos que hayan cumplido 18 a\u00f1os pueden actuar en nombre de aquellos solicitantes que no alcancen la edad m\u00ednima.<\/p>\n<h2>Garant\u00edas<\/h2>\n<p>La facultad de aceptar o denegar su solicitud est\u00e1 en manos del Departamento de Inmigraci\u00f3n y Ciudadan\u00eda de Australia. Desde Auvisa.org no estamos facultados para alterar dicha decisi\u00f3n. Auvisa.org no puede ser considerado responsable ni de forma directa o indirecta, especial , consecuencial o econ\u00f3mica por los da\u00f1os causados por esta p\u00e1gina web o por los servicios aqu\u00ed prestados, hayan o no sido despachados.<\/p>\n<h2>T\u00e9rminos y Condiciones<\/h2>\n<p><a href=\"\/terms\/auvisa_terms_and_conditions_es.pdf\">https:\/\/auvisa.org\/terms\/auvisa_terms_and_conditions_es.pdf<\/a><\/p>\n","protected":false},"excerpt":{"rendered":"<p>La Compa\u00f1\u00eda Esta p\u00e1gina web es propiedad de la compa\u00f1\u00eda Visa &amp; Immigration Services LTD, registrada bajo el n\u00famero 72792776, [&#8230;]<\/p>\n<p><a class=\"btn btn-secondary understrap-read-more-link\" href=\"https:\/\/auvisa.org\/es\/terminos-y-condiciones\/\">Leer m\u00e1s&#8230;<span class=\"screen-reader-text\"> from Sobre Nosotros<\/span><\/a><\/p>\n","protected":false},"author":4,"featured_media":0,"parent":0,"menu_order":0,"comment_status":"open","ping_status":"open","template":"","meta":{"inline_featured_image":false,"footnotes":""},"class_list":["post-327","page","type-page","status-publish","hentry"],"yoast_head":"<!-- This site is optimized with the Yoast SEO plugin v26.9 - https:\/\/yoast.com\/product\/yoast-seo-wordpress\/ -->\n<title>Sobre Nosotros - Auvisa.org by Visa &amp; Immigration Services LTD<\/title>\n<meta name=\"description\" content=\"Sobre Nosotros - Auvisa.org by Visa &amp; Immigration Services LTD\" \/>\n<meta name=\"robots\" content=\"index, follow, max-snippet:-1, max-image-preview:large, max-video-preview:-1\" \/>\n<link rel=\"canonical\" href=\"https:\/\/auvisa.org\/es\/terminos-y-condiciones\/\" \/>\n<meta property=\"og:locale\" content=\"es_ES\" \/>\n<meta property=\"og:type\" content=\"article\" \/>\n<meta property=\"og:title\" content=\"Sobre Nosotros - Auvisa.org by Visa &amp; Immigration Services LTD\" \/>\n<meta property=\"og:description\" content=\"Sobre Nosotros - Auvisa.org by Visa &amp; Immigration Services LTD\" \/>\n<meta property=\"og:url\" content=\"https:\/\/auvisa.org\/es\/terminos-y-condiciones\/\" \/>\n<meta property=\"og:site_name\" content=\"Auvisa.org\" \/>\n<meta property=\"article:modified_time\" content=\"2024-02-29T10:13:14+00:00\" \/>\n<meta name=\"twitter:card\" content=\"summary_large_image\" \/>\n<meta name=\"twitter:label1\" content=\"Tiempo de lectura\" \/>\n\t<meta name=\"twitter:data1\" content=\"3 minutos\" \/>\n<script type=\"application\/ld+json\" class=\"yoast-schema-graph\">{\"@context\":\"https:\/\/schema.org\",\"@graph\":[{\"@type\":\"WebPage\",\"@id\":\"https:\/\/auvisa.org\/es\/terminos-y-condiciones\/\",\"url\":\"https:\/\/auvisa.org\/es\/terminos-y-condiciones\/\",\"name\":\"Sobre Nosotros - Auvisa.org by Visa & Immigration Services LTD\",\"isPartOf\":{\"@id\":\"https:\/\/auvisa.org\/es\/#website\"},\"datePublished\":\"2012-05-27T18:34:33+00:00\",\"dateModified\":\"2024-02-29T10:13:14+00:00\",\"description\":\"Sobre Nosotros - Auvisa.org by Visa & Immigration Services LTD\",\"breadcrumb\":{\"@id\":\"https:\/\/auvisa.org\/es\/terminos-y-condiciones\/#breadcrumb\"},\"inLanguage\":\"es\",\"potentialAction\":[{\"@type\":\"ReadAction\",\"target\":[\"https:\/\/auvisa.org\/es\/terminos-y-condiciones\/\"]}]},{\"@type\":\"BreadcrumbList\",\"@id\":\"https:\/\/auvisa.org\/es\/terminos-y-condiciones\/#breadcrumb\",\"itemListElement\":[{\"@type\":\"ListItem\",\"position\":1,\"name\":\"Home\",\"item\":\"https:\/\/auvisa.org\/es\/\"},{\"@type\":\"ListItem\",\"position\":2,\"name\":\"Sobre Nosotros\"}]},{\"@type\":\"WebSite\",\"@id\":\"https:\/\/auvisa.org\/es\/#website\",\"url\":\"https:\/\/auvisa.org\/es\/\",\"name\":\"Auvisa.org\",\"description\":\"\",\"inLanguage\":\"es\"}]}<\/script>\n<!-- \/ Yoast SEO plugin. -->","yoast_head_json":{"title":"Sobre Nosotros - Auvisa.org by Visa & Immigration Services LTD","description":"Sobre Nosotros - Auvisa.org by Visa & Immigration Services LTD","robots":{"index":"index","follow":"follow","max-snippet":"max-snippet:-1","max-image-preview":"max-image-preview:large","max-video-preview":"max-video-preview:-1"},"canonical":"https:\/\/auvisa.org\/es\/terminos-y-condiciones\/","og_locale":"es_ES","og_type":"article","og_title":"Sobre Nosotros - Auvisa.org by Visa & Immigration Services LTD","og_description":"Sobre Nosotros - Auvisa.org by Visa & Immigration Services LTD","og_url":"https:\/\/auvisa.org\/es\/terminos-y-condiciones\/","og_site_name":"Auvisa.org","article_modified_time":"2024-02-29T10:13:14+00:00","twitter_card":"summary_large_image","twitter_misc":{"Tiempo de lectura":"3 minutos"},"schema":{"@context":"https:\/\/schema.org","@graph":[{"@type":"WebPage","@id":"https:\/\/auvisa.org\/es\/terminos-y-condiciones\/","url":"https:\/\/auvisa.org\/es\/terminos-y-condiciones\/","name":"Sobre Nosotros - Auvisa.org by Visa & Immigration Services LTD","isPartOf":{"@id":"https:\/\/auvisa.org\/es\/#website"},"datePublished":"2012-05-27T18:34:33+00:00","dateModified":"2024-02-29T10:13:14+00:00","description":"Sobre Nosotros - Auvisa.org by Visa & Immigration Services LTD","breadcrumb":{"@id":"https:\/\/auvisa.org\/es\/terminos-y-condiciones\/#breadcrumb"},"inLanguage":"es","potentialAction":[{"@type":"ReadAction","target":["https:\/\/auvisa.org\/es\/terminos-y-condiciones\/"]}]},{"@type":"BreadcrumbList","@id":"https:\/\/auvisa.org\/es\/terminos-y-condiciones\/#breadcrumb","itemListElement":[{"@type":"ListItem","position":1,"name":"Home","item":"https:\/\/auvisa.org\/es\/"},{"@type":"ListItem","position":2,"name":"Sobre Nosotros"}]},{"@type":"WebSite","@id":"https:\/\/auvisa.org\/es\/#website","url":"https:\/\/auvisa.org\/es\/","name":"Auvisa.org","description":"","inLanguage":"es"}]}},"_links":{"self":[{"href":"https:\/\/auvisa.org\/es\/wp-json\/wp\/v2\/pages\/327","targetHints":{"allow":["GET"]}}],"collection":[{"href":"https:\/\/auvisa.org\/es\/wp-json\/wp\/v2\/pages"}],"about":[{"href":"https:\/\/auvisa.org\/es\/wp-json\/wp\/v2\/types\/page"}],"author":[{"embeddable":true,"href":"https:\/\/auvisa.org\/es\/wp-json\/wp\/v2\/users\/4"}],"replies":[{"embeddable":true,"href":"https:\/\/auvisa.org\/es\/wp-json\/wp\/v2\/comments?post=327"}],"version-history":[{"count":6,"href":"https:\/\/auvisa.org\/es\/wp-json\/wp\/v2\/pages\/327\/revisions"}],"predecessor-version":[{"id":18474,"href":"https:\/\/auvisa.org\/es\/wp-json\/wp\/v2\/pages\/327\/revisions\/18474"}],"wp:attachment":[{"href":"https:\/\/auvisa.org\/es\/wp-json\/wp\/v2\/media?parent=327"}],"curies":[{"name":"wp","href":"https:\/\/api.w.org\/{rel}","templated":true}]}}