{"id":337,"date":"2012-05-27T18:48:25","date_gmt":"2012-05-27T18:48:25","guid":{"rendered":"https:\/\/auvisa.org\/?p=337"},"modified":"2023-06-15T15:57:05","modified_gmt":"2023-06-15T13:57:05","slug":"politica-de-privacidad","status":"publish","type":"page","link":"https:\/\/auvisa.org\/es\/politica-de-privacidad\/","title":{"rendered":"Pol\u00edtica de Privacidad"},"content":{"rendered":"<p>Esta pol\u00edtica de privacidad establece la manera en Visa &amp; Immigration Services LTD utiliza y protege cualquier informaci\u00f3n que usted da Visa &amp; Immigration Services LTD cuando se utiliza este sitio web.<\/p>\n<p>Visa &amp; Immigration Services LTD se compromete a garantizar que su privacidad est\u00e1 protegida.Si le pedimos que nos proporcione cierta informaci\u00f3n que puede ser identificado cuando se utiliza este sitio web, usted puede estar seguro de que s\u00f3lo se utilizar\u00e1 de acuerdo con esta declaraci\u00f3n de privacidad.<\/p>\n<p>Visa &amp; Immigration Services LTD puede cambiar esta pol\u00edtica de vez en cuando al actualizar esta p\u00e1gina. Usted debe visitar esta p\u00e1gina de vez en cuando para asegurarse de que est\u00e1 satisfecho con los cambios. Esta pol\u00edtica es efectiva desde el 02\/10\/2012.<\/p>\n<h2>Lo que recogemos<\/h2>\n<p>Podemos recopilar la siguiente informaci\u00f3n:<\/p>\n<ul>\n<li>Nombre completo, fecha de nacimiento, n\u00famero de pasaporte y los detalles de la emisi\u00f3n<\/li>\n<li>Informaci\u00f3n de contacto incluyendo direcci\u00f3n de correo electr\u00f3nico y direcci\u00f3n postal<\/li>\n<li>Otra informaci\u00f3n relevante para su aplicaci\u00f3n<\/li>\n<\/ul>\n<h2>\u00bfQu\u00e9 hacemos con la informaci\u00f3n que recopilamos<\/h2>\n<p>Necesitamos esta informaci\u00f3n para poder prestar el servicio que usted solicite (permisos de visa o de entrada).\u00a0La informaci\u00f3n es requerida por las agencias del gobierno que se ocupa de las cuestiones y los visados \u200b\u200by permisos.<\/p>\n<p>Para poder presentar su solicitud, env\u00ede su informaci\u00f3n a la autoridad expedidora.\u00a0Esto se realiza electr\u00f3nicamente a trav\u00e9s de una conexi\u00f3n cifrada y segura.<\/p>\n<p>La informaci\u00f3n que ha introducido, incluyendo el resultado o en su aplicaci\u00f3n, a partir de entonces ser\u00e1n almacenados en nuestro sistema para que usted pueda ser capaz de conectarse y tener acceso a estos datos.<\/p>\n<h2>Seguridad<\/h2>\n<p>Estamos comprometidos a asegurar que su informaci\u00f3n est\u00e1 segura.\u00a0Con el fin de evitar el acceso no autorizado o divulgaci\u00f3n, hemos puesto en marcha procedimientos f\u00edsicos, electr\u00f3nicos y administrativos para salvaguardar y asegurar la informaci\u00f3n que recopilamos en l\u00ednea.<\/p>\n<h2>C\u00f3mo utilizamos las cookies<\/h2>\n<p>Una cookie es un peque\u00f1o archivo que pide permiso para ser colocado en el disco duro de su ordenador.\u00a0Una vez que usted est\u00e1 de acuerdo, el archivo se a\u00f1ade y la cookie ayuda a analizar el tr\u00e1fico web o le permite saber cuando usted visita un sitio en particular.\u00a0Las cookies permiten que las aplicaciones web para responder a usted como individuo.\u00a0La aplicaci\u00f3n web puede adaptar sus operaciones a sus necesidades, gustos y disgustos por reunir y recordar la informaci\u00f3n acerca de sus preferencias.<\/p>\n<p>Utilizamos cookies de registro de tr\u00e1fico para identificar qu\u00e9 p\u00e1ginas se est\u00e1n utilizando.\u00a0Esto nos ayuda a analizar los datos sobre el tr\u00e1fico web y mejorar nuestro sitio web con el fin de adaptarlo a las necesidades del cliente.\u00a0S\u00f3lo utilizamos esta informaci\u00f3n para fines de an\u00e1lisis estad\u00edstico.<\/p>\n<p>En general, las cookies nos ayudan a ofrecerle un mejor sitio web, por lo que nos permite controlar las p\u00e1ginas que encuentra \u00fatiles y cuales no.\u00a0Una cookie de ninguna manera nos da acceso a su computadora oa cualquier informaci\u00f3n sobre usted, excepto los datos que usted decida compartir con nosotros.<\/p>\n<p>Puede elegir entre aceptar o rechazar las cookies.\u00a0La mayor\u00eda de los navegadores web aceptan autom\u00e1ticamente las cookies, pero usted puede modificar la configuraci\u00f3n de su navegador para rechazar cookies si lo prefiere.\u00a0Esto puede evitar que usted tome ventaja de la p\u00e1gina web.\u00a0Este sitio web ya ha establecido las cookies en su computadora, si su navegador est\u00e1 configurado para permitir eso.\u00a0Si no apruebo eso, usted puede cerrar esta ventana y borrar las cookies de su navegador.<\/p>\n<h2>Los enlaces a otros sitios web<\/h2>\n<p>Nuestro sitio web puede contener enlaces a otros sitios de inter\u00e9s.\u00a0Sin embargo, una vez que haya utilizado estos enlaces para salir de nuestro sitio, debe tener en cuenta que no tenemos ning\u00fan control sobre ese otro sitio web.\u00a0Por lo tanto, no podemos ser responsables de la protecci\u00f3n y la privacidad de cualquier informaci\u00f3n que usted proporcione al visitar estos sitios y estos sitios no se rigen por la presente declaraci\u00f3n de privacidad.\u00a0Usted debe tener cuidado y leer la declaraci\u00f3n de privacidad aplicable al sitio web en cuesti\u00f3n.<\/p>\n<h2>El control de su informaci\u00f3n personal<\/h2>\n<p>No vamos a vender, distribuir o ceder su informaci\u00f3n personal a terceros a menos que tengamos su permiso o est\u00e1n obligados por ley a hacerlo.\u00a0Nosotros nunca usaremos su informaci\u00f3n personal para enviarle informaci\u00f3n promocional de terceros.\u00a0Con el fin de completar su solicitud, tenemos que dar su informaci\u00f3n a las agencias gubernamentales pertinentes que autorizan visas o permisos.<\/p>\n<p>Si usted cree que cualquier informaci\u00f3n que tenemos sobre usted es incorrecta o incompleta, por favor escr\u00edbanos o env\u00edenos un correo electr\u00f3nico tan pronto como sea posible, a la direcci\u00f3n anterior.\u00a0A la brevedad se corrija cualquier informaci\u00f3n que sea incorrecta.<\/p>\n<p>Si usted no desea recibir ninguna comunicaci\u00f3n de nosotros, o desea ser removido de nuestra base de datos de cliente, por favor no dude en ponerse en contacto con su petici\u00f3n y vamos a actualizar o eliminar sus registros sin demora.<\/p>\n","protected":false},"excerpt":{"rendered":"<p>Esta pol\u00edtica de privacidad establece la manera en Visa &amp; Immigration Services LTD utiliza y protege cualquier informaci\u00f3n que usted [&#8230;]<\/p>\n<p><a class=\"btn btn-secondary understrap-read-more-link\" href=\"https:\/\/auvisa.org\/es\/politica-de-privacidad\/\">Leer m\u00e1s&#8230;<span class=\"screen-reader-text\"> from Pol\u00edtica de Privacidad<\/span><\/a><\/p>\n","protected":false},"author":4,"featured_media":0,"parent":0,"menu_order":0,"comment_status":"open","ping_status":"open","template":"","meta":{"inline_featured_image":false,"footnotes":""},"class_list":["post-337","page","type-page","status-publish","hentry"],"yoast_head":"<!-- This site is optimized with the Yoast SEO plugin v26.9 - https:\/\/yoast.com\/product\/yoast-seo-wordpress\/ -->\n<title>Pol\u00edtica de Privacidad - Auvisa.org<\/title>\n<meta name=\"robots\" content=\"index, follow, max-snippet:-1, max-image-preview:large, max-video-preview:-1\" \/>\n<link rel=\"canonical\" href=\"https:\/\/auvisa.org\/es\/politica-de-privacidad\/\" \/>\n<meta property=\"og:locale\" content=\"es_ES\" \/>\n<meta property=\"og:type\" content=\"article\" \/>\n<meta property=\"og:title\" content=\"Pol\u00edtica de Privacidad - Auvisa.org\" \/>\n<meta property=\"og:description\" content=\"Esta pol\u00edtica de privacidad establece la manera en Visa &amp; Immigration Services LTD utiliza y protege cualquier informaci\u00f3n que usted [...]Leer m\u00e1s... from Pol\u00edtica de Privacidad\" \/>\n<meta property=\"og:url\" content=\"https:\/\/auvisa.org\/es\/politica-de-privacidad\/\" \/>\n<meta property=\"og:site_name\" content=\"Auvisa.org\" \/>\n<meta property=\"article:modified_time\" content=\"2023-06-15T13:57:05+00:00\" \/>\n<meta name=\"twitter:card\" content=\"summary_large_image\" \/>\n<meta name=\"twitter:label1\" content=\"Tiempo de lectura\" \/>\n\t<meta name=\"twitter:data1\" content=\"4 minutos\" \/>\n<script type=\"application\/ld+json\" class=\"yoast-schema-graph\">{\"@context\":\"https:\/\/schema.org\",\"@graph\":[{\"@type\":\"WebPage\",\"@id\":\"https:\/\/auvisa.org\/es\/politica-de-privacidad\/\",\"url\":\"https:\/\/auvisa.org\/es\/politica-de-privacidad\/\",\"name\":\"Pol\u00edtica de Privacidad - Auvisa.org\",\"isPartOf\":{\"@id\":\"https:\/\/auvisa.org\/es\/#website\"},\"datePublished\":\"2012-05-27T18:48:25+00:00\",\"dateModified\":\"2023-06-15T13:57:05+00:00\",\"breadcrumb\":{\"@id\":\"https:\/\/auvisa.org\/es\/politica-de-privacidad\/#breadcrumb\"},\"inLanguage\":\"es\",\"potentialAction\":[{\"@type\":\"ReadAction\",\"target\":[\"https:\/\/auvisa.org\/es\/politica-de-privacidad\/\"]}]},{\"@type\":\"BreadcrumbList\",\"@id\":\"https:\/\/auvisa.org\/es\/politica-de-privacidad\/#breadcrumb\",\"itemListElement\":[{\"@type\":\"ListItem\",\"position\":1,\"name\":\"Home\",\"item\":\"https:\/\/auvisa.org\/es\/\"},{\"@type\":\"ListItem\",\"position\":2,\"name\":\"Pol\u00edtica de Privacidad\"}]},{\"@type\":\"WebSite\",\"@id\":\"https:\/\/auvisa.org\/es\/#website\",\"url\":\"https:\/\/auvisa.org\/es\/\",\"name\":\"Auvisa.org\",\"description\":\"\",\"inLanguage\":\"es\"}]}<\/script>\n<!-- \/ Yoast SEO plugin. -->","yoast_head_json":{"title":"Pol\u00edtica de Privacidad - Auvisa.org","robots":{"index":"index","follow":"follow","max-snippet":"max-snippet:-1","max-image-preview":"max-image-preview:large","max-video-preview":"max-video-preview:-1"},"canonical":"https:\/\/auvisa.org\/es\/politica-de-privacidad\/","og_locale":"es_ES","og_type":"article","og_title":"Pol\u00edtica de Privacidad - Auvisa.org","og_description":"Esta pol\u00edtica de privacidad establece la manera en Visa &amp; Immigration Services LTD utiliza y protege cualquier informaci\u00f3n que usted [...]Leer m\u00e1s... from Pol\u00edtica de Privacidad","og_url":"https:\/\/auvisa.org\/es\/politica-de-privacidad\/","og_site_name":"Auvisa.org","article_modified_time":"2023-06-15T13:57:05+00:00","twitter_card":"summary_large_image","twitter_misc":{"Tiempo de lectura":"4 minutos"},"schema":{"@context":"https:\/\/schema.org","@graph":[{"@type":"WebPage","@id":"https:\/\/auvisa.org\/es\/politica-de-privacidad\/","url":"https:\/\/auvisa.org\/es\/politica-de-privacidad\/","name":"Pol\u00edtica de Privacidad - Auvisa.org","isPartOf":{"@id":"https:\/\/auvisa.org\/es\/#website"},"datePublished":"2012-05-27T18:48:25+00:00","dateModified":"2023-06-15T13:57:05+00:00","breadcrumb":{"@id":"https:\/\/auvisa.org\/es\/politica-de-privacidad\/#breadcrumb"},"inLanguage":"es","potentialAction":[{"@type":"ReadAction","target":["https:\/\/auvisa.org\/es\/politica-de-privacidad\/"]}]},{"@type":"BreadcrumbList","@id":"https:\/\/auvisa.org\/es\/politica-de-privacidad\/#breadcrumb","itemListElement":[{"@type":"ListItem","position":1,"name":"Home","item":"https:\/\/auvisa.org\/es\/"},{"@type":"ListItem","position":2,"name":"Pol\u00edtica de Privacidad"}]},{"@type":"WebSite","@id":"https:\/\/auvisa.org\/es\/#website","url":"https:\/\/auvisa.org\/es\/","name":"Auvisa.org","description":"","inLanguage":"es"}]}},"_links":{"self":[{"href":"https:\/\/auvisa.org\/es\/wp-json\/wp\/v2\/pages\/337","targetHints":{"allow":["GET"]}}],"collection":[{"href":"https:\/\/auvisa.org\/es\/wp-json\/wp\/v2\/pages"}],"about":[{"href":"https:\/\/auvisa.org\/es\/wp-json\/wp\/v2\/types\/page"}],"author":[{"embeddable":true,"href":"https:\/\/auvisa.org\/es\/wp-json\/wp\/v2\/users\/4"}],"replies":[{"embeddable":true,"href":"https:\/\/auvisa.org\/es\/wp-json\/wp\/v2\/comments?post=337"}],"version-history":[{"count":5,"href":"https:\/\/auvisa.org\/es\/wp-json\/wp\/v2\/pages\/337\/revisions"}],"predecessor-version":[{"id":17573,"href":"https:\/\/auvisa.org\/es\/wp-json\/wp\/v2\/pages\/337\/revisions\/17573"}],"wp:attachment":[{"href":"https:\/\/auvisa.org\/es\/wp-json\/wp\/v2\/media?parent=337"}],"curies":[{"name":"wp","href":"https:\/\/api.w.org\/{rel}","templated":true}]}}