{"id":921,"date":"2019-06-28T20:26:14","date_gmt":"2019-06-28T20:26:14","guid":{"rendered":"https:\/\/auvisa.org\/?p=921"},"modified":"2020-05-12T17:04:11","modified_gmt":"2020-05-12T17:04:11","slug":"visa-de-larga-estancia-a-australia","status":"publish","type":"page","link":"https:\/\/auvisa.org\/es\/visa-de-larga-estancia-a-australia\/","title":{"rendered":"Visa de Larga Estancia para Australia (Visitor Visa) &#8211; Espa\u00f1a"},"content":{"rendered":"<h2 id=\"first-paragraph\">Diferencia entre eVisitor y visa de larga estancia.<\/h2>\n<h3>Tiempo de procesamiento<\/h3>\n<p>La <a href=\"\/es\/visado-evisitor-visa-australia\/\">solicitud eVisitor<\/a> es de aprobaci\u00f3n instant\u00e1nea, sin embargo, la visa de larga estancia <strong>puede demorar hasta 20 d\u00edas<\/strong> en procesarse y, por lo general, la oficina de inmigraci\u00f3n de Australia solicita m\u00e1s documentos \/ informaci\u00f3n.<\/p>\n<h3>Pa\u00edses elegibles<\/h3>\n<p>Solo hay unos pocos <a href=\"\/es\/visado-evisitor-visa-australia\/#pa\u00edses\">pa\u00edses elegibles<\/a> para eVisitor, pero hay una gran selecci\u00f3n de ciudadanos de los pa\u00edses que pueden solicitar una visa de larga estancia.<\/p>\n<h3>Ubicaci\u00f3n al realizar la aplicaci\u00f3n<\/h3>\n<p>Los solicitantes deben estar fuera de Australia al presentar solicitudes de eVisitor. Sin embargo, <strong>la solicitud de visa de larga estancia se puede hacer dentro de Australia<\/strong> con el prop\u00f3sito de extender la visa actual.<\/p>\n<h3>Validez de la visa de larga estancia<\/h3>\n<p>Visa puede ser emitida con entrada \u00fanica o entradas m\u00faltiples.<br \/>\nCada entrada <strong>puede ser v\u00e1lida por 3, 6 o 12 meses<\/strong>.<\/p>\n<h3>Condiciones de la visa de larga estancia<\/h3>\n<ul>\n<li><strong>No debes trabajar<\/strong> en Australia. El trabajo voluntario puede ser permitido.<\/li>\n<li><strong>No debes estudiar<\/strong> durante m\u00e1s de 3 meses en Australia.<\/li>\n<\/ul>\n<h3>Extender la visa actual<\/h3>\n<p>Si la visa actual no tiene la condici\u00f3n de \u00abNo m\u00e1s estad\u00eda\u00bb, puede utilizar este tipo de visa para solicitar la extensi\u00f3n de su visa actual, durante el proceso de solicitud, puede permanecer dentro de Australia.<\/p>\n<h3>Requerimientos medicos<\/h3>\n<p>Si est\u00e1 solicitando m\u00e1s de 6 meses, <strong>se le puede solicitar que se someta a una radiograf\u00eda de t\u00f3rax y \/ o un examen m\u00e9dico<\/strong>.<\/p>\n<p>Si tiene m\u00e1s de 75 a\u00f1os de edad o viene de un pa\u00eds que Australian Immigration considera que tiene un nivel de riesgo, deber\u00e1 presentar pruebas de que puede cumplir con los requisitos m\u00e9dicos de la visa.<\/p>\n<h3>Prueba de fondos<\/h3>\n<p>Al solicitar la visa de larga estancia, debe tener <strong>fondos suficientes para mantenerse durante toda la estad\u00eda en Australia<\/strong>. La inmigraci\u00f3n podr\u00eda solicitar dicha prueba, por ejemplo, un extracto bancario.<\/p>\n<ul class=\"visa-pics\" style=\"float: right\">\n<li><a class=\"apply\" href=\"\/es\/visa-longterm\/\">Solicita el visado<\/a><\/li>\n<\/ul>\n","protected":false},"excerpt":{"rendered":"<p>Diferencia entre eVisitor y visa de larga estancia. Tiempo de procesamiento La solicitud eVisitor es de aprobaci\u00f3n instant\u00e1nea, sin embargo, [&#8230;]<\/p>\n<p><a class=\"btn btn-secondary understrap-read-more-link\" href=\"https:\/\/auvisa.org\/es\/visa-de-larga-estancia-a-australia\/\">Leer m\u00e1s&#8230;<span class=\"screen-reader-text\"> from Visa de Larga Estancia para Australia (Visitor Visa) &#8211; Espa\u00f1a<\/span><\/a><\/p>\n","protected":false},"author":4,"featured_media":0,"parent":0,"menu_order":3,"comment_status":"closed","ping_status":"closed","template":"templates\/tpl_spiegazione.php","meta":{"inline_featured_image":false,"footnotes":""},"class_list":["post-921","page","type-page","status-publish","hentry"],"yoast_head":"<!-- This site is optimized with the Yoast SEO plugin v26.9 - https:\/\/yoast.com\/product\/yoast-seo-wordpress\/ -->\n<title>Visa de Larga Estancia para Australia (Visitor Visa - Subclase 600) - Espa\u00f1a<\/title>\n<meta name=\"description\" content=\"Las visas de larga estancia para Australia (Subclase 600) se dirigen principalmente a ciudadanos espa\u00f1oles que deseen viajar a Australia m\u00e1s de 3 meses o extender su actual estancia en Australia.\" \/>\n<meta name=\"robots\" content=\"index, follow, max-snippet:-1, max-image-preview:large, max-video-preview:-1\" \/>\n<link rel=\"canonical\" href=\"https:\/\/auvisa.org\/es\/visa-de-larga-estancia-a-australia\/\" \/>\n<meta property=\"og:locale\" content=\"es_ES\" \/>\n<meta property=\"og:type\" content=\"article\" \/>\n<meta property=\"og:title\" content=\"Visa de Larga Estancia para Australia (Visitor Visa - Subclase 600) - Espa\u00f1a\" \/>\n<meta property=\"og:description\" content=\"Las visas de larga estancia para Australia (Subclase 600) se dirigen principalmente a ciudadanos espa\u00f1oles que deseen viajar a Australia m\u00e1s de 3 meses o extender su actual estancia en Australia.\" \/>\n<meta property=\"og:url\" content=\"https:\/\/auvisa.org\/es\/visa-de-larga-estancia-a-australia\/\" \/>\n<meta property=\"og:site_name\" content=\"Auvisa.org\" \/>\n<meta property=\"article:modified_time\" content=\"2020-05-12T17:04:11+00:00\" \/>\n<meta name=\"twitter:card\" content=\"summary_large_image\" \/>\n<meta name=\"twitter:label1\" content=\"Tiempo de lectura\" \/>\n\t<meta name=\"twitter:data1\" content=\"2 minutos\" \/>\n<script type=\"application\/ld+json\" class=\"yoast-schema-graph\">{\"@context\":\"https:\/\/schema.org\",\"@graph\":[{\"@type\":\"WebPage\",\"@id\":\"https:\/\/auvisa.org\/es\/visa-de-larga-estancia-a-australia\/\",\"url\":\"https:\/\/auvisa.org\/es\/visa-de-larga-estancia-a-australia\/\",\"name\":\"Visa de Larga Estancia para Australia (Visitor Visa - Subclase 600) - Espa\u00f1a\",\"isPartOf\":{\"@id\":\"https:\/\/auvisa.org\/es\/#website\"},\"datePublished\":\"2019-06-28T20:26:14+00:00\",\"dateModified\":\"2020-05-12T17:04:11+00:00\",\"description\":\"Las visas de larga estancia para Australia (Subclase 600) se dirigen principalmente a ciudadanos espa\u00f1oles que deseen viajar a Australia m\u00e1s de 3 meses o extender su actual estancia en Australia.\",\"breadcrumb\":{\"@id\":\"https:\/\/auvisa.org\/es\/visa-de-larga-estancia-a-australia\/#breadcrumb\"},\"inLanguage\":\"es\",\"potentialAction\":[{\"@type\":\"ReadAction\",\"target\":[\"https:\/\/auvisa.org\/es\/visa-de-larga-estancia-a-australia\/\"]}]},{\"@type\":\"BreadcrumbList\",\"@id\":\"https:\/\/auvisa.org\/es\/visa-de-larga-estancia-a-australia\/#breadcrumb\",\"itemListElement\":[{\"@type\":\"ListItem\",\"position\":1,\"name\":\"Home\",\"item\":\"https:\/\/auvisa.org\/es\/\"},{\"@type\":\"ListItem\",\"position\":2,\"name\":\"Visa de Larga Estancia para Australia (Visitor Visa) &#8211; Espa\u00f1a\"}]},{\"@type\":\"WebSite\",\"@id\":\"https:\/\/auvisa.org\/es\/#website\",\"url\":\"https:\/\/auvisa.org\/es\/\",\"name\":\"Auvisa.org\",\"description\":\"\",\"inLanguage\":\"es\"}]}<\/script>\n<!-- \/ Yoast SEO plugin. -->","yoast_head_json":{"title":"Visa de Larga Estancia para Australia (Visitor Visa - Subclase 600) - Espa\u00f1a","description":"Las visas de larga estancia para Australia (Subclase 600) se dirigen principalmente a ciudadanos espa\u00f1oles que deseen viajar a Australia m\u00e1s de 3 meses o extender su actual estancia en Australia.","robots":{"index":"index","follow":"follow","max-snippet":"max-snippet:-1","max-image-preview":"max-image-preview:large","max-video-preview":"max-video-preview:-1"},"canonical":"https:\/\/auvisa.org\/es\/visa-de-larga-estancia-a-australia\/","og_locale":"es_ES","og_type":"article","og_title":"Visa de Larga Estancia para Australia (Visitor Visa - Subclase 600) - Espa\u00f1a","og_description":"Las visas de larga estancia para Australia (Subclase 600) se dirigen principalmente a ciudadanos espa\u00f1oles que deseen viajar a Australia m\u00e1s de 3 meses o extender su actual estancia en Australia.","og_url":"https:\/\/auvisa.org\/es\/visa-de-larga-estancia-a-australia\/","og_site_name":"Auvisa.org","article_modified_time":"2020-05-12T17:04:11+00:00","twitter_card":"summary_large_image","twitter_misc":{"Tiempo de lectura":"2 minutos"},"schema":{"@context":"https:\/\/schema.org","@graph":[{"@type":"WebPage","@id":"https:\/\/auvisa.org\/es\/visa-de-larga-estancia-a-australia\/","url":"https:\/\/auvisa.org\/es\/visa-de-larga-estancia-a-australia\/","name":"Visa de Larga Estancia para Australia (Visitor Visa - Subclase 600) - Espa\u00f1a","isPartOf":{"@id":"https:\/\/auvisa.org\/es\/#website"},"datePublished":"2019-06-28T20:26:14+00:00","dateModified":"2020-05-12T17:04:11+00:00","description":"Las visas de larga estancia para Australia (Subclase 600) se dirigen principalmente a ciudadanos espa\u00f1oles que deseen viajar a Australia m\u00e1s de 3 meses o extender su actual estancia en Australia.","breadcrumb":{"@id":"https:\/\/auvisa.org\/es\/visa-de-larga-estancia-a-australia\/#breadcrumb"},"inLanguage":"es","potentialAction":[{"@type":"ReadAction","target":["https:\/\/auvisa.org\/es\/visa-de-larga-estancia-a-australia\/"]}]},{"@type":"BreadcrumbList","@id":"https:\/\/auvisa.org\/es\/visa-de-larga-estancia-a-australia\/#breadcrumb","itemListElement":[{"@type":"ListItem","position":1,"name":"Home","item":"https:\/\/auvisa.org\/es\/"},{"@type":"ListItem","position":2,"name":"Visa de Larga Estancia para Australia (Visitor Visa) &#8211; Espa\u00f1a"}]},{"@type":"WebSite","@id":"https:\/\/auvisa.org\/es\/#website","url":"https:\/\/auvisa.org\/es\/","name":"Auvisa.org","description":"","inLanguage":"es"}]}},"_links":{"self":[{"href":"https:\/\/auvisa.org\/es\/wp-json\/wp\/v2\/pages\/921","targetHints":{"allow":["GET"]}}],"collection":[{"href":"https:\/\/auvisa.org\/es\/wp-json\/wp\/v2\/pages"}],"about":[{"href":"https:\/\/auvisa.org\/es\/wp-json\/wp\/v2\/types\/page"}],"author":[{"embeddable":true,"href":"https:\/\/auvisa.org\/es\/wp-json\/wp\/v2\/users\/4"}],"replies":[{"embeddable":true,"href":"https:\/\/auvisa.org\/es\/wp-json\/wp\/v2\/comments?post=921"}],"version-history":[{"count":19,"href":"https:\/\/auvisa.org\/es\/wp-json\/wp\/v2\/pages\/921\/revisions"}],"predecessor-version":[{"id":21287,"href":"https:\/\/auvisa.org\/es\/wp-json\/wp\/v2\/pages\/921\/revisions\/21287"}],"wp:attachment":[{"href":"https:\/\/auvisa.org\/es\/wp-json\/wp\/v2\/media?parent=921"}],"curies":[{"name":"wp","href":"https:\/\/api.w.org\/{rel}","templated":true}]}}