{"id":923,"date":"2019-06-28T20:35:24","date_gmt":"2019-06-28T20:35:24","guid":{"rendered":"https:\/\/auvisa.org\/?p=923"},"modified":"2020-05-12T17:05:07","modified_gmt":"2020-05-12T17:05:07","slug":"visa-de-estudiante-a-australia","status":"publish","type":"page","link":"https:\/\/auvisa.org\/es\/visa-de-estudiante-a-australia\/","title":{"rendered":"Visa de Estudiante para Australia"},"content":{"rendered":"<h2 id=\"first-paragraph\">Visa de estudiante para Australia: FAQs (estudiantes espa\u00f1oles)<\/h2>\n<h3>\u00bfQu\u00e9 es un estudiante genuino?<\/h3>\n<p>Para cumplir con este criterio, debe demostrar que tiene un inter\u00e9s v\u00e1lido en la realizaci\u00f3n de estudios, debe tener suficientes habilidades ling\u00fc\u00edsticas para administrar la educaci\u00f3n, y debe tener la formaci\u00f3n acad\u00e9mica adecuada para los estudios en los que desea participar.<\/p>\n<p>Tambi\u00e9n necesita tener sus finanzas en orden. Adem\u00e1s, debe tener la intenci\u00f3n de cumplir con las normas de la visa.<\/p>\n<div class=\"text-right\"><a href=\"\/es\/visa-student\/\" class=\"btn  px-5 btn-green\">Solicitar una visa de estudiante<\/a><\/div>\n<h3><\/h3>\n<h3>\u00bfQu\u00e9 es un verdadero participante temporal?<\/h3>\n<p>Un participante temporal genuino es una persona que tiene la intenci\u00f3n de ingresar a Australia <strong>temporalmente con el fin de estudiar<\/strong> (o ser un tutor para un estudiante) y luego regresar a su pa\u00eds de origen.<\/p>\n<p>Hay una serie de factores a considerar al hacer esta evaluaci\u00f3n:<\/p>\n<ul>\n<li>El pa\u00eds en el que vives. \u00bfHay algo que te impida volver?<\/li>\n<li>\u00bfLos estudios en Australia realmente ser\u00e1n beneficiosos para usted en el futuro?<\/li>\n<li>Tu historial de inmigraci\u00f3n.<\/li>\n<li>Otros asuntos de inter\u00e9s.<\/li>\n<\/ul>\n<p>Si tiene alguna duda, es posible que deba hacer una entrevista en persona en la embajada de Australia m\u00e1s cercana. Sin embargo, <strong>la mayor\u00eda de las solicitudes solo deber\u00e1n completar el <a href=\"\/es\/visa-student\/\">formulario de solicitud en l\u00ednea<\/a><\/strong>.<\/p>\n<div class=\"text-right\"><a href=\"\/es\/visa-student\/\" class=\"btn  px-5 btn-green\">Solicitar una visa de estudiante<\/a><\/div>\n<h3><\/h3>\n<h3>\u00bfQu\u00e9 es el buen car\u00e1cter?<\/h3>\n<p>B\u00e1sicamente, <strong>no debes ser un criminal y no deber\u00edas haber pasado m\u00e1s tiempo en la c\u00e1rcel<\/strong>. Si ha estado en prisi\u00f3n, su visa podr\u00eda ser rechazada por ese motivo. En algunos casos, se le pedir\u00e1 que presente un certificado de autorizaci\u00f3n penal o un certificado de polic\u00eda.<\/p>\n<div class=\"text-right\"><a href=\"\/es\/visa-student\/\" class=\"btn  px-5 btn-green\">Solicitar una visa de estudiante<\/a><\/div>\n<h3><\/h3>\n<h3>\u00bfCu\u00e1les son los requisitos de salud?<\/h3>\n<p>Necesitas estar <strong>sano.<\/strong> Es posible que deba realizar un examen m\u00e9dico y \/ o una radiograf\u00eda para demostrarlo. Si ese es un requisito para usted, deber\u00e1 utilizar un m\u00e9dico que haya sido designado por la Oficina de Inmigraci\u00f3n de Australia.<\/p>\n<p>La visa de estudiante no incluye cobertura m\u00e9dica. Todos los estudiantes, excepto los de Noruega y B\u00e9lgica, necesitan comprar un seguro de salud llamado <strong>Overseas Student Health Cover (OSHC).<\/strong> Puedes comprarlo en tu universidad o en otras compa\u00f1\u00edas que lo vendan. Los estudiantes suecos solo tienen que hacerlo si a\u00fan no han comprado un seguro de CSN International o Kammarkollegiet.<\/p>\n<div class=\"text-right\"><a href=\"\/es\/visa-student\/\" class=\"btn  px-5 btn-green\">Solicitar una visa de estudiante<\/a><\/div>\n<h3><\/h3>\n<h3>\u00bfHay alg\u00fan l\u00edmite de edad?<\/h3>\n<p>No, no hay. La visa de estudiante <strong>no tiene ning\u00fan l\u00edmite de edad<\/strong> siempre que la universidad o la escuela te acepte. Es diferente del ejemplo de una visa de Working Holiday que se limita a solicitantes de 18 a 31 a\u00f1os de edad.<\/p>\n<h3><\/h3>\n<h3>\u00bfPuede mi familia seguir si tengo una visa de estudiante?<\/h3>\n<p>S\u00ed, pueden seguirte a Australia.<\/p>\n<p><strong>Si eres menor de 18 a\u00f1os necesitas tener un tutor<\/strong>. Sus padres o familiares pueden solicitar una visa de tutor de estudiante y seguirlo en el viaje a Australia. Su visa tendr\u00e1 la misma validez que su visa de estudiante.<\/p>\n<div class=\"text-right\"><a href=\"\/es\/visa-student\/\" class=\"btn  px-5 btn-green\">Solicitar una visa de estudiante<\/a><\/div>\n<h3><\/h3>\n<h3>\u00bfSe me permite trabajar con una visa de estudiante?<\/h3>\n<p>S\u00ed, una visa de estudiante permitir\u00e1 un <strong>trabajo limitado<\/strong>, como m\u00e1ximo 40 horas en un per\u00edodo de 2 semanas. En d\u00edas festivos se le permite trabajar a tiempo completo.<\/p>\n<p>El trabajo a tiempo parcial puede ser una buena manera de pagar por el alojamiento y darle algo de dinero extra. Sin embargo, antes de que pueda comenzar a trabajar, necesitar\u00e1 un N\u00famero de Archivo de Impuestos y una cuenta bancaria en un banco australiano.<\/p>\n<p>Recuerde que no se le permite trabajar en absoluto antes de que comience el curso, en caso de que llegue temprano.<\/p>\n<p>El derecho al trabajo tambi\u00e9n se aplica a los miembros de la familia acompa\u00f1antes (c\u00f3nyuges e hijos). Sin embargo, los miembros de la familia no pueden exceder las 20 horas por semana, incluso durante los per\u00edodos de vacaciones.<\/p>\n<div class=\"text-right\"><a href=\"\/es\/visa-student\/\" class=\"btn  px-5 btn-green\">Solicitar una visa de estudiante<\/a><\/div>\n<h3><\/h3>\n<h3>\u00bfPuedo estudiar a tiempo parcial y trabajar a tiempo parcial?<\/h3>\n<p>No, <strong>debes asistir a estudios de tiempo completo<\/strong> para ser considerado una visa de estudiante. Si desea estudiar menos que a tiempo completo, debe buscar otras opciones de visa. La visa Working Holiday podr\u00eda ser una mejor soluci\u00f3n en esos casos.<\/p>\n<h3><\/h3>\n<h3>\u00bfA qu\u00e9 tipo de curso puedo asistir?<\/h3>\n<p>Cualquier tipo de curso, siempre y cuando sea aprobado por el gobierno australiano para estudiantes extranjeros.<\/p>\n<h3><\/h3>\n<h3>No tengo una carta de aceptaci\u00f3n (CoE), \u00bfpuedo solicitarla?<\/h3>\n<p>No, debe obtener CoE antes de poder enviar la solicitud. La solicitud de visa es uno de los \u00faltimos pasos en el proceso de ir a Australia para estudiar. Primero, debe solicitar y <strong>ser aceptado por una universidad o escuela en Australia<\/strong>. Tambi\u00e9n debe confirmar por escrito y pagar el dep\u00f3sito de la matr\u00edcula. Solo despu\u00e9s de haber recibido la confirmaci\u00f3n de inscripci\u00f3n de la universidad, puede solicitar la visa.<\/p>\n<h3><\/h3>\n<h3>Ya estoy en Australia con otra visa, \u00bfpuedo solicitar la visa de estudiante?<\/h3>\n<p>S\u00ed, puede solicitar una visa de estudiante para Australia mientras se encuentre dentro de Australia, en la mayor\u00eda de los casos. Si su visa tiene una condici\u00f3n de \u00abNo m\u00e1s estad\u00eda\u00bb, no puede solicitarla mientras est\u00e9 dentro de Australia. Si es as\u00ed, debe abandonar el pa\u00eds antes de poder aplicar.<\/p>\n<h3><\/h3>\n<h3>Yo ya ten\u00eda una visa de vacaciones de trabajo; \u00bfTodav\u00eda puedo obtener una visa de estudiante?<\/h3>\n<p>S\u00ed, eso no afecta en absoluto a la decisi\u00f3n. Tambi\u00e9n es posible obtener una nueva visa de estudiante si ten\u00eda una antes, siempre y cuando obtenga un nuevo CoE de una universidad o escuela.<\/p>\n<h3><\/h3>\n<h3>\u00bfCu\u00e1l es el tiempo de procesamiento?<\/h3>\n<p>Com\u00fanmente 1-3 semanas bajo circunstancias normales. El tiempo de procesamiento tambi\u00e9n puede ser mayor en caso de que necesite completar su solicitud con m\u00e1s documentos. Aseg\u00farese de presentar su solicitud con suficiente antelaci\u00f3n a la fecha de viaje prevista.<\/p>\n<ul class=\"visa-pics\" style=\"float: right\">\n<li><a class=\"apply\" href=\"\/es\/visa-student\/\">Solicita el visado<\/a><\/li>\n<\/ul>\n","protected":false},"excerpt":{"rendered":"<p>Visa de estudiante para Australia: FAQs (estudiantes espa\u00f1oles) \u00bfQu\u00e9 es un estudiante genuino? Para cumplir con este criterio, debe demostrar [&#8230;]<\/p>\n<p><a class=\"btn btn-secondary understrap-read-more-link\" href=\"https:\/\/auvisa.org\/es\/visa-de-estudiante-a-australia\/\">Leer m\u00e1s&#8230;<span class=\"screen-reader-text\"> from Visa de Estudiante para Australia<\/span><\/a><\/p>\n","protected":false},"author":4,"featured_media":0,"parent":0,"menu_order":4,"comment_status":"closed","ping_status":"closed","template":"templates\/tpl_spiegazione.php","meta":{"inline_featured_image":false,"footnotes":""},"class_list":["post-923","page","type-page","status-publish","hentry"],"yoast_head":"<!-- This site is optimized with the Yoast SEO plugin v26.9 - https:\/\/yoast.com\/product\/yoast-seo-wordpress\/ -->\n<title>Visa de Estudiante para Australia de Espa\u00f1a (Subclase 500)<\/title>\n<meta name=\"description\" content=\"Esta visa permite a los estudiantes espa\u00f1oles entrar y permanecer en Australia para estudiar en una universidad o escuela. Solicitar una visa en linea.\" \/>\n<meta name=\"robots\" content=\"index, follow, max-snippet:-1, max-image-preview:large, max-video-preview:-1\" \/>\n<link rel=\"canonical\" href=\"https:\/\/auvisa.org\/es\/visa-de-estudiante-a-australia\/\" \/>\n<meta property=\"og:locale\" content=\"es_ES\" \/>\n<meta property=\"og:type\" content=\"article\" \/>\n<meta property=\"og:title\" content=\"Visa de Estudiante para Australia de Espa\u00f1a (Subclase 500)\" \/>\n<meta property=\"og:description\" content=\"Esta visa permite a los estudiantes espa\u00f1oles entrar y permanecer en Australia para estudiar en una universidad o escuela. Solicitar una visa en linea.\" \/>\n<meta property=\"og:url\" content=\"https:\/\/auvisa.org\/es\/visa-de-estudiante-a-australia\/\" \/>\n<meta property=\"og:site_name\" content=\"Auvisa.org\" \/>\n<meta property=\"article:modified_time\" content=\"2020-05-12T17:05:07+00:00\" \/>\n<meta name=\"twitter:card\" content=\"summary_large_image\" \/>\n<meta name=\"twitter:label1\" content=\"Tiempo de lectura\" \/>\n\t<meta name=\"twitter:data1\" content=\"5 minutos\" \/>\n<script type=\"application\/ld+json\" class=\"yoast-schema-graph\">{\"@context\":\"https:\/\/schema.org\",\"@graph\":[{\"@type\":\"WebPage\",\"@id\":\"https:\/\/auvisa.org\/es\/visa-de-estudiante-a-australia\/\",\"url\":\"https:\/\/auvisa.org\/es\/visa-de-estudiante-a-australia\/\",\"name\":\"Visa de Estudiante para Australia de Espa\u00f1a (Subclase 500)\",\"isPartOf\":{\"@id\":\"https:\/\/auvisa.org\/es\/#website\"},\"datePublished\":\"2019-06-28T20:35:24+00:00\",\"dateModified\":\"2020-05-12T17:05:07+00:00\",\"description\":\"Esta visa permite a los estudiantes espa\u00f1oles entrar y permanecer en Australia para estudiar en una universidad o escuela. Solicitar una visa en linea.\",\"breadcrumb\":{\"@id\":\"https:\/\/auvisa.org\/es\/visa-de-estudiante-a-australia\/#breadcrumb\"},\"inLanguage\":\"es\",\"potentialAction\":[{\"@type\":\"ReadAction\",\"target\":[\"https:\/\/auvisa.org\/es\/visa-de-estudiante-a-australia\/\"]}]},{\"@type\":\"BreadcrumbList\",\"@id\":\"https:\/\/auvisa.org\/es\/visa-de-estudiante-a-australia\/#breadcrumb\",\"itemListElement\":[{\"@type\":\"ListItem\",\"position\":1,\"name\":\"Home\",\"item\":\"https:\/\/auvisa.org\/es\/\"},{\"@type\":\"ListItem\",\"position\":2,\"name\":\"Visa de Estudiante para Australia\"}]},{\"@type\":\"WebSite\",\"@id\":\"https:\/\/auvisa.org\/es\/#website\",\"url\":\"https:\/\/auvisa.org\/es\/\",\"name\":\"Auvisa.org\",\"description\":\"\",\"inLanguage\":\"es\"}]}<\/script>\n<!-- \/ Yoast SEO plugin. -->","yoast_head_json":{"title":"Visa de Estudiante para Australia de Espa\u00f1a (Subclase 500)","description":"Esta visa permite a los estudiantes espa\u00f1oles entrar y permanecer en Australia para estudiar en una universidad o escuela. Solicitar una visa en linea.","robots":{"index":"index","follow":"follow","max-snippet":"max-snippet:-1","max-image-preview":"max-image-preview:large","max-video-preview":"max-video-preview:-1"},"canonical":"https:\/\/auvisa.org\/es\/visa-de-estudiante-a-australia\/","og_locale":"es_ES","og_type":"article","og_title":"Visa de Estudiante para Australia de Espa\u00f1a (Subclase 500)","og_description":"Esta visa permite a los estudiantes espa\u00f1oles entrar y permanecer en Australia para estudiar en una universidad o escuela. Solicitar una visa en linea.","og_url":"https:\/\/auvisa.org\/es\/visa-de-estudiante-a-australia\/","og_site_name":"Auvisa.org","article_modified_time":"2020-05-12T17:05:07+00:00","twitter_card":"summary_large_image","twitter_misc":{"Tiempo de lectura":"5 minutos"},"schema":{"@context":"https:\/\/schema.org","@graph":[{"@type":"WebPage","@id":"https:\/\/auvisa.org\/es\/visa-de-estudiante-a-australia\/","url":"https:\/\/auvisa.org\/es\/visa-de-estudiante-a-australia\/","name":"Visa de Estudiante para Australia de Espa\u00f1a (Subclase 500)","isPartOf":{"@id":"https:\/\/auvisa.org\/es\/#website"},"datePublished":"2019-06-28T20:35:24+00:00","dateModified":"2020-05-12T17:05:07+00:00","description":"Esta visa permite a los estudiantes espa\u00f1oles entrar y permanecer en Australia para estudiar en una universidad o escuela. Solicitar una visa en linea.","breadcrumb":{"@id":"https:\/\/auvisa.org\/es\/visa-de-estudiante-a-australia\/#breadcrumb"},"inLanguage":"es","potentialAction":[{"@type":"ReadAction","target":["https:\/\/auvisa.org\/es\/visa-de-estudiante-a-australia\/"]}]},{"@type":"BreadcrumbList","@id":"https:\/\/auvisa.org\/es\/visa-de-estudiante-a-australia\/#breadcrumb","itemListElement":[{"@type":"ListItem","position":1,"name":"Home","item":"https:\/\/auvisa.org\/es\/"},{"@type":"ListItem","position":2,"name":"Visa de Estudiante para Australia"}]},{"@type":"WebSite","@id":"https:\/\/auvisa.org\/es\/#website","url":"https:\/\/auvisa.org\/es\/","name":"Auvisa.org","description":"","inLanguage":"es"}]}},"_links":{"self":[{"href":"https:\/\/auvisa.org\/es\/wp-json\/wp\/v2\/pages\/923","targetHints":{"allow":["GET"]}}],"collection":[{"href":"https:\/\/auvisa.org\/es\/wp-json\/wp\/v2\/pages"}],"about":[{"href":"https:\/\/auvisa.org\/es\/wp-json\/wp\/v2\/types\/page"}],"author":[{"embeddable":true,"href":"https:\/\/auvisa.org\/es\/wp-json\/wp\/v2\/users\/4"}],"replies":[{"embeddable":true,"href":"https:\/\/auvisa.org\/es\/wp-json\/wp\/v2\/comments?post=923"}],"version-history":[{"count":17,"href":"https:\/\/auvisa.org\/es\/wp-json\/wp\/v2\/pages\/923\/revisions"}],"predecessor-version":[{"id":17657,"href":"https:\/\/auvisa.org\/es\/wp-json\/wp\/v2\/pages\/923\/revisions\/17657"}],"wp:attachment":[{"href":"https:\/\/auvisa.org\/es\/wp-json\/wp\/v2\/media?parent=923"}],"curies":[{"name":"wp","href":"https:\/\/api.w.org\/{rel}","templated":true}]}}