{"id":1232,"date":"2019-09-15T14:58:18","date_gmt":"2019-09-15T14:58:18","guid":{"rendered":"https:\/\/auvisa.org\/?p=1232"},"modified":"2023-07-10T17:13:18","modified_gmt":"2023-07-10T14:13:18","slug":"maritime-crew-visa-mcv-australian","status":"publish","type":"page","link":"https:\/\/auvisa.org\/fi\/maritime-crew-visa-mcv-australian\/","title":{"rendered":"Maritime Crew Visa (MCV) Australiaan &#8211; Suomen kansalaiset"},"content":{"rendered":"<h2 id=\"first-paragraph\">\u201cMCV\u201d Seamans visa \u2013 alaluokka 988<\/h2>\n<p><strong>Prosessi, jolla voit hankkia MCV:n verkossa, on yksinkertaisempi kuin voisit arvata\u00a0<\/strong>ja se ei vaadi liikaa asiakirjoja k\u00e4sitell\u00e4.\u00a0Australian merihenkil\u00f6st\u00f6viisumi pyyt\u00e4\u00e4 toimittamaan viralliset henkil\u00f6tiedot sinusta ja perheenj\u00e4senist\u00e4, jotka ovat matkustamassa Australiaan kanssasi.\u00a0T\u00e4m\u00e4n tyyppisen Australian MCV -luvan saamiseksi kaikkien kanssa matkustavien perheenj\u00e4senten on oltava tulossa Australiaan tai sielt\u00e4 Australiasta samalla kelpuutetulla aluksella, jolla ty\u00f6skentelet, ja heid\u00e4n on jo pit\u00e4nyt hakea lupaa aluksen p\u00e4\u00e4llik\u00f6lt\u00e4.<\/p>\n<p>On t\u00e4rke\u00e4\u00e4 muistaa, ett\u00e4 <strong>n\u00e4m\u00e4 perheenj\u00e4senet eiv\u00e4t saa ty\u00f6skennell\u00e4 ollenkaan, kun he oleskelevat Australiassa MCV Australia -viisumilla. <\/strong>Jos he haluavat ty\u00f6skennell\u00e4 maassa, heid\u00e4n on haettava erikseen asianmukaista Australian viisumia. Kun et en\u00e4\u00e4 ty\u00f6skentele tai ole palveluksessa kelpuuttavalla aluksella Australiassa, viisumi jokaiselle mukana olevalle perheenj\u00e4senelle ei ole en\u00e4\u00e4 voimassa. Kun et en\u00e4\u00e4 ty\u00f6skentele tai ole palveluksessa kelpuuttavalla aluksella Australiassa, viisumi jokaiselle mukana olevalle perheenj\u00e4senelle ei ole en\u00e4\u00e4 voimassa.\u00a0Heid\u00e4n ei pid\u00e4 oleskella Australiassa kun olet lopettanut ty\u00f6suhteesi kelpuuttavalla aluksella.<\/p>\n<ul class=\"visa-pics\" style=\"float: right;\">\n<li><a class=\"apply\" href=\"\/fi\/visa-crew\/\">Hae nyt<\/a><\/li>\n<\/ul>\n<p><br style=\"clear: both;\" \/><br style=\"clear: both;\" \/><\/p>\n<h2>Lis\u00e4tietoja Australian merihenkil\u00f6kunnan (MCV) viisumeista Suomen kansalaisille<\/h2>\n<ul>\n<li><a href=\"#MCV-benefits\">Australian Maritime Crew Viisumin (MCV) edut<\/a><\/li>\n<li><a href=\"#MCV-requirements\">MCV:n kelpoisuusvaatimukset<\/a><\/li>\n<li><a href=\"#MCV-apply\">Online Maritime Crew -viisumi Australiaan: Kuinka hakea<\/a><\/li>\n<li><a href=\"#MCV-application-process\">MCV-hakemusprosessi\u00a0Suomesta<\/a><\/li>\n<li><a href=\"#MCV-processing-time\">Australian MCV viisumin k\u00e4sittelyaika<\/a><\/li>\n<li><a href=\"#MCV-cost\">Australian Maritime Crew viisumin kustannukset (EUR)<\/a><\/li>\n<\/ul>\n<h2 id=\"MCV-benefits\">Australian Maritime Crew Viisumin (MCV) -edut<\/h2>\n<p><strong>Suomen\u00a0kansalaisten k\u00e4ytett\u00e4viss\u00e4 olevat edut<\/strong>, kun he saavat Australian MCV viisumin verkossa, ovat mahdollisuudet saada tuottoisia ty\u00f6mahdollisuuksia kun kelpuutetut alukset matkustavat ymp\u00e4ri Australiaa.<\/p>\n<p>Koska t\u00e4m\u00e4 viisumi on suhteellisen helppo hankkia aluksen ty\u00f6ntekij\u00f6ille, jotka t\u00e4ytt\u00e4v\u00e4t t\u00e4m\u00e4n aseman,\u00a0<a href=\"\/fi\/visa-crew\/\">t\u00e4m\u00e4n viisumin hakeminen<\/a>\u00a0on palkitsevaa ja suhteellisen helppo tapa hy\u00f6dynt\u00e4\u00e4 irti ty\u00f6suhteen asema miehist\u00f6n j\u00e4senen\u00e4.<\/p>\n<p>Kun Australian hallitus on my\u00f6nt\u00e4nyt viisumisi,\u00a0<strong>Suomen\u00a0kansalaisena\u00a0sinulla on mahdollisuus saapua Australiaan ja l\u00e4hte\u00e4 Australiasta meriteitse niin kauan kuin olet osa merimiehistoa kelpuuttavalla aluksella ja voit oleskella Australiassa niin kauan kuin olet ty\u00f6ss\u00e4 aluksella miehist\u00f6n j\u00e4senen\u00e4<\/strong>.\u00a0Jos pysyt kelpuuttavan aluksen palveluksessa, se voi poistua ja palata Australiaan rajoittamattoman m\u00e4\u00e4r\u00e4n, kun viisumi on voimassa vaarantamatta Australian MCV viisumivaatimuksia.<\/p>\n<p>On syyt\u00e4 muistaa, ett\u00e4\u00a0<strong>sinulla on valtuudet vain ty\u00f6skennell\u00e4 ty\u00f6ntekij\u00e4n\u00e4 s\u00e4\u00e4nn\u00f6llisess\u00e4 ty\u00f6ss\u00e4si miehist\u00f6n j\u00e4senen\u00e4 kelpuutetulla aluksella\u00a0<\/strong>t\u00e4m\u00e4n nimenomaisen viisumin nojalla.<\/p>\n<p>T\u00e4m\u00e4 viisumiehto sis\u00e4lt\u00e4\u00e4 kaikki aluksen toiminnan yll\u00e4pit\u00e4miseen tarvittavat ty\u00f6t, vaikka et olisikaan fyysisesti aluksella, kun suoritat ty\u00f6ntekij\u00e4n\u00e4 vaadittavia teht\u00e4vi\u00e4.\u00a0T\u00e4m\u00e4n nimenomaisen viisumin avulla sinulla on oikeus suorittaa kaikki ty\u00f6teht\u00e4v\u00e4t merell\u00e4, satamassa tai aluksella, kunhan sinulle ei makseta korvausta lis\u00e4ty\u00f6muodosta suorittaessasi ty\u00f6teht\u00e4vi\u00e4si.<\/p>\n<p><strong>Kaikilla Suomen kansalaisilla, joilla on hallussaan\u00a0online MCV viisumi\u00a0on oikeus tehd\u00e4 vapaaehtoisty\u00f6t\u00e4<\/strong>, josta ei makseta, ilman erityisluvan saamista Australian hallitukselta t\u00e4ll\u00e4 viisumilla.<\/p>\n<p>Lis\u00e4ksi, jos harjoitat lyhytaikaista ty\u00f6t\u00e4 verkossa, sinua ei rajoiteta ansaitsemaan t\u00e4ll\u00e4 tavalla tuloja Australiassa meriviisumin ehdoilla.<\/p>\n<p><strong>Ellei viisumi p\u00e4\u00e4tyy ty\u00f6h\u00f6n liittyvist\u00e4 syist\u00e4, se on muutoin voimassa enint\u00e4\u00e4n kolme vuotta\u00a0<\/strong>ilman, ett\u00e4 sen uusimista t\u00e4ytyy hakea Australian hallitukselta.\u00a0Koska t\u00e4m\u00e4ntyyppiselle viisumille ei voida my\u00f6nt\u00e4\u00e4 pidennyst\u00e4, joudut hakemaan oleskelua ja ty\u00f6skentely\u00e4 Australiassa toisella asianmukaisella viisumityypill\u00e4 kyseisen m\u00e4\u00e4r\u00e4ajan j\u00e4lkeen.<\/p>\n<ul class=\"visa-pics\" style=\"float: right;\">\n<li><a class=\"apply\" href=\"\/fi\/visa-crew\/\">Hae nyt<\/a><\/li>\n<\/ul>\n<p><br style=\"clear: both;\" \/><br style=\"clear: both;\" \/><\/p>\n<h2 id=\"MCV-requirements\">MCV:n kelpoisuusvaatimukset (Suomen\u00a0kansalaisille)<\/h2>\n<p>Saadakseen Australian MCV:n\u00a0<strong>Suomen\u00a0kansalaisten on ty\u00f6skennelt\u00e4v\u00e4 Australian ulkopuolella miehist\u00f6n j\u00e4senin\u00e4 aluksella,\u00a0<\/strong>joka matkustaa joko Australiaan tai Australiasta.\u00a0Heid\u00e4n on my\u00f6s saavuttava Australiaan ja poistuttava merimiehist\u00f6n j\u00e4senin\u00e4.<\/p>\n<p>Suomen\u00a0kansalaisena, on olemassa\u00a0on my\u00f6s vaatimuksia alustyypin suhteen jossa ty\u00f6skentelet saadaksesi t\u00e4m\u00e4n erityisen viisumin.\u00a0<strong>Aluksen on oltava joko kaupallinen tai matkustaja-alus<\/strong>. Kelvollinen alus Australian MCV viisumia varten voi olla ulkomaalaisen hallituksen omistama, joka harjoittaa tieteellist\u00e4 tutkimusta tai jolle on my\u00f6nnetty erityinen asema kuten Australian ulkoasiainministeri\u00f6n kelpuutettu julkinen alus.<\/p>\n<p>Muista, ett\u00e4\u00a0<strong>jos saavut Australiaan muilla keinoilla, kuten lennolla, sinulta vaaditaan toinen asianmukainen viisumi merihenkil\u00f6miehist\u00f6n viisumin lis\u00e4ksi<\/strong>.\u00a0Jos haluat matkustaa Australiassa merihenkil\u00f6kunnan ty\u00f6suhteen ulkopuolella, voit my\u00f6s harkita vierailijaviisumin hakemista samaan aikaan, kun haet Maritime Crew -viisumia Australiassa. Miehist\u00f6n j\u00e4senille on tavallista, ett\u00e4 heill\u00e4 on samanaikaisesti Australian Seamans visa sek\u00e4 ja vierailijaviisumi Australiaan.\u00a0T\u00e4m\u00e4 on erityisen totta, jos tied\u00e4t, ett\u00e4 aluksesi, jolla ty\u00f6skentelet, pysyy Australiassa pidemm\u00e4n aikaa ja sinulla vapaap\u00e4ivi\u00e4 tai viikkoja, jolloin sinun ei tarvitse ty\u00f6skennell\u00e4 aluksella.<\/p>\n<p><strong>Suomesta\u00a0hakiessasi\u00a0et ole kelvollinen saamaan t\u00e4t\u00e4 viisumia, jos kuulut huvialuksen tai sotilasaluksen miehist\u00f6\u00f6n\u00a0<\/strong>tai jos olet jo pysyv\u00e4n Australian viisumin haltija.\u00a0Jos sinulla on jo viisumi joka oikeuttaa ty\u00f6skentelyn tai oleskelun Australiassa, sinun on ilmoitettava t\u00e4st\u00e4 sen aluksen p\u00e4\u00e4llik\u00f6lle, jossa ty\u00f6skentelet, ja olet menossa tai l\u00e4hd\u00f6ss\u00e4 Australiasta, jotta et kohtaa odottamattomia ongelmia ty\u00f6suhteessasi.<\/p>\n<ul class=\"visa-pics\" style=\"float: right;\">\n<li><a class=\"apply\" href=\"\/fi\/visa-crew\/\">Hae nyt<\/a><\/li>\n<\/ul>\n<p><br style=\"clear: both;\" \/><br style=\"clear: both;\" \/><\/p>\n<h2 id=\"MCV-apply\">Online-Maritime Crew Viisumi Australiaan: Kuinka hakea<\/h2>\n<p><strong>Niin kauan kuin olet\u00a0Suomen\u00a0kansalainen\u00a0ja sinulla on perustiedot henkil\u00f6tiedoistasi sinun ei pit\u00e4isi olla huolissasi mist\u00e4\u00e4n vaikeuksista Maritime Crew Visa -hakemuksen t\u00e4ytt\u00e4misess\u00e4<\/strong>.<\/p>\n<p>MCV Australian viisumi\u00a0<a href=\"\/fi\/visa-crew\/\"><strong>online-sovellus<\/strong><\/a>\u00a0on helppo k\u00e4ytt\u00e4\u00e4 ja t\u00e4ytt\u00e4\u00e4 henkil\u00f6kohtaisilla tiedoillasi.\u00a0Australian Maritime Crew -viisumin hakemuslomakkeella pyydet\u00e4\u00e4n perustiedot henkil\u00f6llisyydest\u00e4si ja ty\u00f6suhteestasi kelpuuttavassa aluksessa.<\/p>\n<p>Ensimm\u00e4inen asia, joka sinun pit\u00e4isi tehd\u00e4, on tarkistaa verkossa, onko sinulla jo t\u00e4m\u00e4n tyyppist\u00e4 Australian viisumia osana aikaisempaa tai nykyist\u00e4 ty\u00f6t\u00e4si kelvollisella aluksella.\u00a0Jos sinulla on jo voimassa oleva viisumi t\u00e4m\u00e4n tyyppiseen ty\u00f6h\u00f6n, sinun ei pit\u00e4isi hakea ylim\u00e4\u00e4r\u00e4ist\u00e4 viisumia ennen sen voimassaoloajan p\u00e4\u00e4ttymist\u00e4.\u00a0T\u00e4m\u00e4 voi aiheuttaa komplikaatioita maahantulollesi ja ty\u00f6skentelyllesi Australiassa.<\/p>\n<p><strong>Jos tarvitset todella t\u00e4m\u00e4ntyyppist\u00e4 viisumia, ker\u00e4\u00e4 kaikki vaadittavat ty\u00f6- ja viralliset asiakirjat, jotka on l\u00e4hetett\u00e4v\u00e4 verkossa viisumihakemuksen mukana<\/strong>.\u00a0Tarvitset v\u00e4rillisi\u00e4 kopioita kansallisesta passistasi hakemuksen k\u00e4ynnist\u00e4miseksi, koska se vaatii my\u00f6s kansalaisuustietosi, kuten passin voimassaoloaika ja kansallisen passinumerosi.\u00a0Jos olet vaihtanut nime\u00e4 kansallisen passin my\u00f6nt\u00e4misen j\u00e4lkeen, sinun on my\u00f6s toimitettava asiakirjat, jotka osoittavat nimen muutoksen virallisesti, kuten vihkitodistus.<\/p>\n<p>Lis\u00e4ksi tarvitset virallisen asiakirjan ja lausunnon, joka sis\u00e4lt\u00e4\u00e4 ty\u00f6llisyystiedot alukselta jossa aiot ty\u00f6skennell\u00e4. Se on toimitettava virallisessa yrityksen kirjelomakkeessa ja se pit\u00e4\u00e4 olla meriliikenneyhti\u00f6n asianmukaisen viranomaisen allekirjoittama. Asiakirjaan on sis\u00e4llytt\u00e4v\u00e4 ty\u00f6p\u00e4iv\u00e4m\u00e4\u00e4r\u00e4t ja virallinen ammattinimike kelpuuttavalle alukselle. Kirjeess\u00e4 on my\u00f6s ilmoitettava p\u00e4iv\u00e4m\u00e4\u00e4r\u00e4, jona aluksen odotettavissa oleva saapumisp\u00e4iv\u00e4 on Australiassa, ja melko tarkka arvio siit\u00e4, kuinka kauan aluksen odotetaan pysyv\u00e4n maassa.\u00a0Jos yritys ennakoi, ett\u00e4 j\u00e4t\u00e4t ty\u00f6suhteesi aluksella ennen kuin aluksen odotetaan l\u00e4htev\u00e4n Australiasta, t\u00e4m\u00e4 on selitett\u00e4v\u00e4 my\u00f6s allekirjoitetussa kirjeess\u00e4.<\/p>\n<p><strong>Muihin asiakirjoihin, jotka sinun tulee l\u00e4hett\u00e4\u00e4 online-hakemuksen yhteydess\u00e4\u00a0Suomen\u00a0kansalaisena\u00a0t\u00e4t\u00e4 viisumia varten, sis\u00e4lt\u00e4en todistuksen korkeimmasta koulutustasosta, kaikki viralliset kumppanuutta koskevat asiakirjat, jotka osoittavat suhteen puolisoon, joka hakee matkustamista kanssasi t\u00e4ll\u00e4 viisumilla Australiaan ja tarvittavat luonne-asiakirjat (character documents)<\/strong>.\u00a0Luonne-asiakirjat ovat tarpeen vain, jos sinulla on virallinen rikosrekisteri tai sinun on osoitettava, ett\u00e4 sinut on vapautettu armeijasta.<\/p>\n<p>Vaikka k\u00e4yt\u00e4t samaa asiakirjaa useisiin tarkoituksiin online-viisumihakemuksessa, sinun tulisi liitt\u00e4\u00e4 jokainen asiakirja vain kerran hakemukseen.\u00a0Tarpeettomien tai j\u00e4ljenn\u00f6sten lis\u00e4\u00e4minen viisumihakemukseen voi hidastaa k\u00e4sittelyaikaa.<\/p>\n<p>On t\u00e4rke\u00e4t\u00e4 muistaa, ett\u00e4\u00a0<strong>sinun ei pit\u00e4isi olla Australian sis\u00e4ll\u00e4 sin\u00e4 aikana, kun haet Australian MCV -merimiesviisumia<\/strong>.\u00a0Vaikka saatat saada Australian hallitukselta p\u00e4\u00e4t\u00f6ksen viisumiasi kohtaan, kun olet fyysisesti Australiassa,\u00a0<strong>et ole kelvollinen saamaan t\u00e4t\u00e4 viisumia oleskellessasi maassa<\/strong>.<\/p>\n<ul class=\"visa-pics\" style=\"float: right;\">\n<li><a class=\"apply\" href=\"\/fi\/visa-crew\/\">Hae nyt<\/a><\/li>\n<\/ul>\n<p><br style=\"clear: both;\" \/><br style=\"clear: both;\" \/><\/p>\n<h2 id=\"MCV-application-process\">Australian MCV-hakemusprosessi<\/h2>\n<p>Nyt kun tied\u00e4t vaiheista, kuinka MCV-viisumia haetaan, t\u00e4ss\u00e4 on joitakin lis\u00e4tietoja siit\u00e4, mit\u00e4 sinun tulee odottaa\u00a0<strong>hakiessasi ja odottaessasi, ett\u00e4 Australian hallitus my\u00f6nt\u00e4\u00e4 merimies viisumin<\/strong>.\u00a0MCV-viisumia varten\u00a0<a href=\"\/fi\/visa-crew\/\"><strong>hae sovelluksessa<\/strong><\/a> <strong>nopeaa k\u00e4sittely\u00e4 ja turvallista tulosta varten<\/strong>.<\/p>\n<p>Kun viisumihakemuksesi on virallisesti t\u00e4ytetty verkossa,\u00a0<strong>Australian hallituksen sis\u00e4asiainministeri\u00f6 tarkistaa sen<\/strong>.\u00a0Saat Australian hallitukselta kirjallisen p\u00e4\u00e4t\u00f6ksen, kun viisumihakemuksesi on k\u00e4sitelty.<\/p>\n<p>Kun viisumihakemuksesi on my\u00f6nnetty, saat selville sinulle osoitetun\u00a0<strong>virallisen MCV-viisuminumeron\u00a0<\/strong>sek\u00e4 p\u00e4iv\u00e4m\u00e4\u00e4r\u00e4t, jona viisumisi on voimassa.\u00a0Jos Australiassa on muita kuin merimiesviisumiin s\u00e4\u00e4nn\u00f6llisesti liittyvi\u00e4 lis\u00e4edellytyksi\u00e4, mik\u00e4 on hyvin harvinaista, hallitus antaa kyseiset ehdot kirjallisesti.<\/p>\n<p><strong>Jos Australian hallitus (maahanmuutto) p\u00e4\u00e4tt\u00e4\u00e4 ev\u00e4t\u00e4 viisumihakemuksesi, sinulle ilmoitetaan p\u00e4\u00e4t\u00f6ksest\u00e4 my\u00f6s kirjallisesti<\/strong>.\u00a0Hallitus ilmoittaa virallisen syyn, miksi viisumihakemuksesi hyl\u00e4ttiin.\u00a0On suositeltavaa hakea t\u00e4t\u00e4 viisumia heti, kun olet vahvistanut, ett\u00e4 ty\u00f6suhteesi edellytt\u00e4\u00e4 t\u00e4m\u00e4n tyyppist\u00e4 viisumia, jotta sinulla on riitt\u00e4v\u00e4sti aikaa korjata virheet tai toimittaa lis\u00e4tietoja siin\u00e4 tapauksessa, ett\u00e4 Australian viisumihakemuksesi hyl\u00e4t\u00e4\u00e4n.<\/p>\n<ul class=\"visa-pics\" style=\"float: right;\">\n<li><a class=\"apply\" href=\"\/fi\/visa-crew\/\">Hae nyt<\/a><\/li>\n<\/ul>\n<p><br style=\"clear: both;\" \/><br style=\"clear: both;\" \/><\/p>\n<h2 id=\"MCV-processing-time\">MCV viisumin k\u00e4sittelyaika<\/h2>\n<p>Vaikka ei ole lopullista m\u00e4\u00e4r\u00e4aikaa, johon menness\u00e4 hakija voi olla varma, ett\u00e4 h\u00e4nen MCV-hakemuksensa k\u00e4sitell\u00e4\u00e4n,\u00a0<strong>MCV-viisumin k\u00e4sittelyaika on tyypillisesti nelj\u00e4 p\u00e4iv\u00e4\u00e4<\/strong>.\u00a0Monet Australian Maritime Crew -viisumihakemuksista k\u00e4sitell\u00e4\u00e4n vain kahdessa p\u00e4iv\u00e4ss\u00e4.<\/p>\n<p>Paras tapa varmistaa, ett\u00e4 Maritime Visa Australia -hakemuksesi k\u00e4sittelyss\u00e4 ei ole viiv\u00e4styksi\u00e4, on\u00a0<strong>lukea huolellisesti kaikki hakemusohjeet ja toimittaa kaikki vaaditut tiedot\u00a0<\/strong>ensimm\u00e4isell\u00e4 kerralla.\u00a0<strong>MCV viisumia koskevan online-hakemuksen virheet t\u00e4ytt\u00e4misen yhteydess\u00e4 voivat tarpeettomasti viiv\u00e4stytt\u00e4\u00e4 koko k\u00e4sittelyaikaa<\/strong>.<\/p>\n<p>Jos olet odottanut yli kuukauden saadaksesi tietoja MCV-viisumin tilasta Australian hallitukselta,\u00a0<a href=\"\/fi\/contact-us\/\">ota meihin yhteytt\u00e4<\/a>.<\/p>\n<ul class=\"visa-pics\" style=\"float: right;\">\n<li><a class=\"apply\" href=\"\/fi\/visa-crew\/\">Hae nyt<\/a><\/li>\n<\/ul>\n<p><br style=\"clear: both;\" \/><br style=\"clear: both;\" \/><\/p>\n<h2 id=\"MCV-cost\">MCV kustannukset<\/h2>\n<p><strong>Australian MCV hakemuksen hinta on <span class=\"woocommerce-Price-amount amount\"><bdi><span class=\"woocommerce-Price-currencySymbol\">&euro;<\/span>98,00<\/bdi><\/span><\/strong>.\u00a0MCV:n online-maksu vaaditaan, jotta pyynt\u00f6si Maritime Crew -viisumihakemukselle Australiaan l\u00e4hetet\u00e4\u00e4n ja k\u00e4sitell\u00e4\u00e4n: jokaisen perheenj\u00e4senen, joka matkustaa kanssasi Australiaan ty\u00f6skennelless\u00e4si aluksella, on j\u00e4tett\u00e4v\u00e4 erillinen viisumihakemus.\u00a0N\u00e4m\u00e4 hakemukset on j\u00e4tett\u00e4v\u00e4 samanaikaisesti yksitt\u00e4isen viisumihakemuksesi kanssa, v\u00e4ltt\u00e4\u00e4ksesi sekaannuksia tai viiv\u00e4styksi\u00e4 Australian hallituksen kasittelyssa.<\/p>\n<ul class=\"visa-pics\" style=\"float: right;\">\n<li><a class=\"apply\" href=\"\/fi\/visa-crew\/\">Hae nyt<\/a><\/li>\n<\/ul>\n<p><br style=\"clear: both;\" \/><br style=\"clear: both;\" \/><\/p>\n","protected":false},"excerpt":{"rendered":"<p>\u201cMCV\u201d Seamans visa \u2013 alaluokka 988 Prosessi, jolla voit hankkia MCV:n verkossa, on yksinkertaisempi kuin voisit arvata\u00a0ja se ei vaadi [&#8230;]<\/p>\n<p><a class=\"btn btn-secondary understrap-read-more-link\" href=\"https:\/\/auvisa.org\/fi\/maritime-crew-visa-mcv-australian\/\">Read More&#8230;<span class=\"screen-reader-text\"> from Maritime Crew Visa (MCV) Australiaan &#8211; Suomen kansalaiset<\/span><\/a><\/p>\n","protected":false},"author":4,"featured_media":0,"parent":0,"menu_order":17,"comment_status":"closed","ping_status":"closed","template":"templates\/tpl_spiegazione.php","meta":{"inline_featured_image":false,"footnotes":""},"class_list":["post-1232","page","type-page","status-publish","hentry"],"yoast_head":"<!-- This site is optimized with the Yoast SEO plugin v26.9 - https:\/\/yoast.com\/product\/yoast-seo-wordpress\/ -->\n<title>Australian MCV Visa - Seaman Visa netiss\u00e4\u00a0Suomen\u00a0kansalaiset<\/title>\n<meta name=\"description\" content=\"Australian MCV (Maritime Crew Visa) -tiedot\u00a0Suomalaisille\u00a0: kustannukset, vaatimukset ja nopea online-hakemuslomake merimiehen viisumeille (Suomen\u00a0kansalaiset).\" \/>\n<meta name=\"robots\" content=\"index, follow, max-snippet:-1, max-image-preview:large, max-video-preview:-1\" \/>\n<link rel=\"canonical\" href=\"https:\/\/auvisa.org\/fi\/maritime-crew-visa-mcv-australian\/\" \/>\n<meta property=\"og:locale\" content=\"fi_FI\" \/>\n<meta property=\"og:type\" content=\"article\" \/>\n<meta property=\"og:title\" content=\"Australian MCV Visa - Seaman Visa netiss\u00e4\u00a0Suomen\u00a0kansalaiset\" \/>\n<meta property=\"og:description\" content=\"Australian MCV (Maritime Crew Visa) -tiedot\u00a0Suomalaisille\u00a0: kustannukset, vaatimukset ja nopea online-hakemuslomake merimiehen viisumeille (Suomen\u00a0kansalaiset).\" \/>\n<meta property=\"og:url\" content=\"https:\/\/auvisa.org\/fi\/maritime-crew-visa-mcv-australian\/\" \/>\n<meta property=\"og:site_name\" content=\"Auvisa.org\" \/>\n<meta property=\"article:modified_time\" content=\"2023-07-10T14:13:18+00:00\" \/>\n<meta name=\"twitter:card\" content=\"summary_large_image\" \/>\n<meta name=\"twitter:label1\" content=\"Est. reading time\" \/>\n\t<meta name=\"twitter:data1\" content=\"8 minuuttia\" \/>\n<script type=\"application\/ld+json\" class=\"yoast-schema-graph\">{\"@context\":\"https:\/\/schema.org\",\"@graph\":[{\"@type\":\"WebPage\",\"@id\":\"https:\/\/auvisa.org\/fi\/maritime-crew-visa-mcv-australian\/\",\"url\":\"https:\/\/auvisa.org\/fi\/maritime-crew-visa-mcv-australian\/\",\"name\":\"Australian MCV Visa - Seaman Visa netiss\u00e4\u00a0Suomen\u00a0kansalaiset\",\"isPartOf\":{\"@id\":\"https:\/\/auvisa.org\/fi\/#website\"},\"datePublished\":\"2019-09-15T14:58:18+00:00\",\"dateModified\":\"2023-07-10T14:13:18+00:00\",\"description\":\"Australian MCV (Maritime Crew Visa) -tiedot\u00a0Suomalaisille\u00a0: kustannukset, vaatimukset ja nopea online-hakemuslomake merimiehen viisumeille (Suomen\u00a0kansalaiset).\",\"breadcrumb\":{\"@id\":\"https:\/\/auvisa.org\/fi\/maritime-crew-visa-mcv-australian\/#breadcrumb\"},\"inLanguage\":\"fi\",\"potentialAction\":[{\"@type\":\"ReadAction\",\"target\":[\"https:\/\/auvisa.org\/fi\/maritime-crew-visa-mcv-australian\/\"]}]},{\"@type\":\"BreadcrumbList\",\"@id\":\"https:\/\/auvisa.org\/fi\/maritime-crew-visa-mcv-australian\/#breadcrumb\",\"itemListElement\":[{\"@type\":\"ListItem\",\"position\":1,\"name\":\"Home\",\"item\":\"https:\/\/auvisa.org\/fi\/\"},{\"@type\":\"ListItem\",\"position\":2,\"name\":\"Maritime Crew Visa (MCV) Australiaan &#8211; Suomen kansalaiset\"}]},{\"@type\":\"WebSite\",\"@id\":\"https:\/\/auvisa.org\/fi\/#website\",\"url\":\"https:\/\/auvisa.org\/fi\/\",\"name\":\"Auvisa.org\",\"description\":\"\",\"inLanguage\":\"fi\"}]}<\/script>\n<!-- \/ Yoast SEO plugin. -->","yoast_head_json":{"title":"Australian MCV Visa - Seaman Visa netiss\u00e4\u00a0Suomen\u00a0kansalaiset","description":"Australian MCV (Maritime Crew Visa) -tiedot\u00a0Suomalaisille\u00a0: kustannukset, vaatimukset ja nopea online-hakemuslomake merimiehen viisumeille (Suomen\u00a0kansalaiset).","robots":{"index":"index","follow":"follow","max-snippet":"max-snippet:-1","max-image-preview":"max-image-preview:large","max-video-preview":"max-video-preview:-1"},"canonical":"https:\/\/auvisa.org\/fi\/maritime-crew-visa-mcv-australian\/","og_locale":"fi_FI","og_type":"article","og_title":"Australian MCV Visa - Seaman Visa netiss\u00e4\u00a0Suomen\u00a0kansalaiset","og_description":"Australian MCV (Maritime Crew Visa) -tiedot\u00a0Suomalaisille\u00a0: kustannukset, vaatimukset ja nopea online-hakemuslomake merimiehen viisumeille (Suomen\u00a0kansalaiset).","og_url":"https:\/\/auvisa.org\/fi\/maritime-crew-visa-mcv-australian\/","og_site_name":"Auvisa.org","article_modified_time":"2023-07-10T14:13:18+00:00","twitter_card":"summary_large_image","twitter_misc":{"Est. reading time":"8 minuuttia"},"schema":{"@context":"https:\/\/schema.org","@graph":[{"@type":"WebPage","@id":"https:\/\/auvisa.org\/fi\/maritime-crew-visa-mcv-australian\/","url":"https:\/\/auvisa.org\/fi\/maritime-crew-visa-mcv-australian\/","name":"Australian MCV Visa - Seaman Visa netiss\u00e4\u00a0Suomen\u00a0kansalaiset","isPartOf":{"@id":"https:\/\/auvisa.org\/fi\/#website"},"datePublished":"2019-09-15T14:58:18+00:00","dateModified":"2023-07-10T14:13:18+00:00","description":"Australian MCV (Maritime Crew Visa) -tiedot\u00a0Suomalaisille\u00a0: kustannukset, vaatimukset ja nopea online-hakemuslomake merimiehen viisumeille (Suomen\u00a0kansalaiset).","breadcrumb":{"@id":"https:\/\/auvisa.org\/fi\/maritime-crew-visa-mcv-australian\/#breadcrumb"},"inLanguage":"fi","potentialAction":[{"@type":"ReadAction","target":["https:\/\/auvisa.org\/fi\/maritime-crew-visa-mcv-australian\/"]}]},{"@type":"BreadcrumbList","@id":"https:\/\/auvisa.org\/fi\/maritime-crew-visa-mcv-australian\/#breadcrumb","itemListElement":[{"@type":"ListItem","position":1,"name":"Home","item":"https:\/\/auvisa.org\/fi\/"},{"@type":"ListItem","position":2,"name":"Maritime Crew Visa (MCV) Australiaan &#8211; Suomen kansalaiset"}]},{"@type":"WebSite","@id":"https:\/\/auvisa.org\/fi\/#website","url":"https:\/\/auvisa.org\/fi\/","name":"Auvisa.org","description":"","inLanguage":"fi"}]}},"_links":{"self":[{"href":"https:\/\/auvisa.org\/fi\/wp-json\/wp\/v2\/pages\/1232","targetHints":{"allow":["GET"]}}],"collection":[{"href":"https:\/\/auvisa.org\/fi\/wp-json\/wp\/v2\/pages"}],"about":[{"href":"https:\/\/auvisa.org\/fi\/wp-json\/wp\/v2\/types\/page"}],"author":[{"embeddable":true,"href":"https:\/\/auvisa.org\/fi\/wp-json\/wp\/v2\/users\/4"}],"replies":[{"embeddable":true,"href":"https:\/\/auvisa.org\/fi\/wp-json\/wp\/v2\/comments?post=1232"}],"version-history":[{"count":6,"href":"https:\/\/auvisa.org\/fi\/wp-json\/wp\/v2\/pages\/1232\/revisions"}],"predecessor-version":[{"id":14274,"href":"https:\/\/auvisa.org\/fi\/wp-json\/wp\/v2\/pages\/1232\/revisions\/14274"}],"wp:attachment":[{"href":"https:\/\/auvisa.org\/fi\/wp-json\/wp\/v2\/media?parent=1232"}],"curies":[{"name":"wp","href":"https:\/\/api.w.org\/{rel}","templated":true}]}}