{"id":147,"date":"2012-02-02T19:54:10","date_gmt":"2012-02-02T19:54:10","guid":{"rendered":"https:\/\/auvisa.org\/?p=147"},"modified":"2024-02-29T12:17:15","modified_gmt":"2024-02-29T10:17:15","slug":"meista-ehdot","status":"publish","type":"page","link":"https:\/\/auvisa.org\/fi\/meista-ehdot\/","title":{"rendered":"Meist\u00e4"},"content":{"rendered":"\n<h2 class=\"wp-block-heading\" id=\"yritys\">Yritys<\/h2>\n\n\n\n<p>Verkkosivusto on&nbsp;Visa&nbsp;&amp;&nbsp;Immigration&nbsp;Services&nbsp;LTD in omaisuutta. Hong Kongissa sijaitsevan yrityksen rekisterer\u00f6intinumero on 72792776. Yritys toimii kansainv\u00e4lisesti ja sen erityistoimialaa ovat viisumipalvelut. Toimimme ymp\u00e4ri maailmaa useilla eri kielill\u00e4.<\/p>\n\n\n\n<h2 class=\"wp-block-heading\" id=\"missiomme\">Missiomme<\/h2>\n\n\n\n<p>Visa&nbsp;&amp;&nbsp;Immigration&nbsp;Services&nbsp;LTD: n&nbsp;missiona on tarjota&nbsp;k\u00e4\u00e4nn\u00f6spalveluja&nbsp;ja&nbsp;konsuliviranomaisten&nbsp;neuvoja&nbsp;maahantulolupasovelluksia.&nbsp;<br>Tuemme&nbsp;useilla&nbsp;eri&nbsp;kielill\u00e4, l\u00e4hinn\u00e4 eurooppalaisille.&nbsp;Jos pystyt&nbsp;hallitsemaan&nbsp;Englanti kieli,&nbsp;tai&nbsp;eiv\u00e4t tarvitsetukea,&nbsp;voit&nbsp;hakea&nbsp;viisumi tai oleskelulupa&nbsp;omalla&nbsp;k\u00e4ytt\u00e4m\u00e4tt\u00e4&nbsp;palveluitamme.<\/p>\n\n\n\n<p>Australian\u00a0tilap\u00e4inen\u00a0turisti-tai\u00a0liiketoiminnan\u00a0viisumi\u00a0voidaan k\u00e4ytt\u00e4\u00e4\u00a0maksutta\u00a0kautta\u00a0verkkosivuilla\u00a0laitos\u00a0Department of Immigration and Citizenship in Australia, at <a href=\"http:\/\/www.immi.gov.au\">http:\/\/www.immi.gov.au<\/a>.<\/p>\n\n\n\n<h2 class=\"wp-block-heading\" id=\"maksaminen\">Maksaminen<\/h2>\n\n\n\n<p>Hakemuksen maksaminen on kunkin viisumihakemuksen viimeinen vaihe. Maksaminen on hyvin helppoa. Voit my\u00f6s tallentaa hakemusesi ja palata my\u00f6hemmin suorittamaan maksun. Viisumihakemusta ei katsota valmiiksi ennen kuin vaadittu maksu on suoritettu. Emme k\u00e4sittele hakemusta ennen kuin maksu on t\u00e4ysim\u00e4\u00e4r\u00e4isesti suoritettu.<\/p>\n\n\n\n<p>Auvisa.org pid\u00e4tt\u00e4\u00e4 oikeuden muuttaa hintoja ilman ennakkoilmoitusta.<\/p>\n\n\n\n<h2 class=\"wp-block-heading\" id=\"toimitusaika\">Toimitusaika<\/h2>\n\n\n\n<p>Useissa tapauksissa saat vastauksen viisumihakemukseesi yhden vuorokauden kuluessa. Suosittelemme kuitenkin hakemaan viisumia v\u00e4hint\u00e4\u00e4n 14 p\u00e4iv\u00e4\u00e4 ennen aiotun matkan alkamista, sill\u00e4 joissakin tapauksissa hakemuksen k\u00e4sittely saattaa kest\u00e4\u00e4 10 p\u00e4iv\u00e4\u00e4 tai kauemmin. For &#8221;Working Holiday&#8221; sinun pit\u00e4isi tehd\u00e4 hakemus v\u00e4hint\u00e4\u00e4n 2 kuukautta etuk\u00e4teen.<\/p>\n\n\n\n<h2 class=\"wp-block-heading\" id=\"henkilokohtaiset-tiedot\">Henkil\u00f6kohtaiset tiedot<\/h2>\n\n\n\n<p>Tallennamme henkil\u00f6kohtaiset tietosi (viisumihakemuksesi) ainoastaan viisumin hakemista varten. Emme koskaan jaa henkil\u00f6kohtaisia tietojasi kolmansille osapuolille ilman suostumustasi.<\/p>\n\n\n\n<h2 class=\"wp-block-heading\" id=\"lisatiedot\">Lis\u00e4tiedot<\/h2>\n\n\n\n<p>Joissakin tapauksissa saatamme pyyt\u00e4\u00e4 lis\u00e4tietoa hakemustasi varten. Otamme yhteytt\u00e4 s\u00e4hk\u00f6postitse ja sinun vastuullasi on tarkastaa s\u00e4hk\u00f6postisi s\u00e4\u00e4nn\u00f6llisin v\u00e4liajoin ja vastata kysymyksiimme ajoissa. Jos l\u00e4het\u00e4mme pyynn\u00f6n s\u00e4hk\u00f6postiisi, emmek\u00e4 saa vastausta ajoissa, seuraa t\u00e4st\u00e4 yleens\u00e4 viisumihakemuksen hylk\u00e4\u00e4minen.<\/p>\n\n\n\n<h2 class=\"wp-block-heading\" id=\"ikarajat\">Ik\u00e4rajat<\/h2>\n\n\n\n<p>K\u00e4ytt\u00e4\u00e4ksesi palveluitamme sinun t\u00e4ytyy olla v\u00e4hint\u00e4\u00e4n 18-vuotias. Yli 18-vuotiaat voivat hakea viisumia alle 18-vuotiaan puolesta.<\/p>\n\n\n\n<h2 class=\"wp-block-heading\" id=\"takuut\">Takuut<\/h2>\n\n\n\n<p>P\u00e4\u00e4t\u00f6ksen viisumihakemuksesi hyv\u00e4ksymisest\u00e4 tai hylk\u00e4\u00e4misest\u00e4 tekee Australian Maahanmuuttovirasto. Auvisa.org ei pysty vaikuttamaan t\u00e4h\u00e4n p\u00e4\u00e4t\u00f6kseen. Auvisa.org:ia ei voida pit\u00e4\u00e4 vastuullisena mist\u00e4\u00e4n suorasta tai ep\u00e4suorasta, erityisest\u00e4, v\u00e4lillisest\u00e4, taloudellisesta tai muusta vahingosta, joita t\u00e4m\u00e4 verkkosivusto tai palvelumme aiheuttaa tai ei aiheuta.<\/p>\n\n\n\n<h2 class=\"wp-block-heading\" id=\"kayttoehdot\">K\u00e4ytt\u00f6ehdot<\/h2>\n\n\n\n<p><a href=\"\/terms\/auvisa_terms_and_conditions_fi.pdf\">https:\/\/auvisa.org\/terms\/auvisa_terms_and_conditions_fi.pdf<\/a><\/p>\n","protected":false},"excerpt":{"rendered":"<p>Yritys Verkkosivusto on&nbsp;Visa&nbsp;&amp;&nbsp;Immigration&nbsp;Services&nbsp;LTD in omaisuutta. Hong Kongissa sijaitsevan yrityksen rekisterer\u00f6intinumero on 72792776. Yritys toimii kansainv\u00e4lisesti ja sen erityistoimialaa ovat viisumipalvelut. [&#8230;]<\/p>\n<p><a class=\"btn btn-secondary understrap-read-more-link\" href=\"https:\/\/auvisa.org\/fi\/meista-ehdot\/\">Read More&#8230;<span class=\"screen-reader-text\"> from Meist\u00e4<\/span><\/a><\/p>\n","protected":false},"author":4,"featured_media":0,"parent":0,"menu_order":13,"comment_status":"open","ping_status":"open","template":"","meta":{"inline_featured_image":false,"footnotes":""},"class_list":["post-147","page","type-page","status-publish","hentry"],"yoast_head":"<!-- This site is optimized with the Yoast SEO plugin v26.9 - https:\/\/yoast.com\/product\/yoast-seo-wordpress\/ -->\n<title>Meist\u00e4 - Auvisa.org - Visa &amp; Immigration Services LTD<\/title>\n<meta name=\"description\" content=\"Meist\u00e4 - Auvisa.org - Visa &amp; Immigration Services LTD\" \/>\n<meta name=\"robots\" content=\"index, follow, max-snippet:-1, max-image-preview:large, max-video-preview:-1\" \/>\n<link rel=\"canonical\" href=\"https:\/\/auvisa.org\/fi\/meista-ehdot\/\" \/>\n<meta property=\"og:locale\" content=\"fi_FI\" \/>\n<meta property=\"og:type\" content=\"article\" \/>\n<meta property=\"og:title\" content=\"Meist\u00e4 - Auvisa.org - Visa &amp; Immigration Services LTD\" \/>\n<meta property=\"og:description\" content=\"Meist\u00e4 - Auvisa.org - Visa &amp; Immigration Services LTD\" \/>\n<meta property=\"og:url\" content=\"https:\/\/auvisa.org\/fi\/meista-ehdot\/\" \/>\n<meta property=\"og:site_name\" content=\"Auvisa.org\" \/>\n<meta property=\"article:modified_time\" content=\"2024-02-29T10:17:15+00:00\" \/>\n<meta name=\"twitter:card\" content=\"summary_large_image\" \/>\n<meta name=\"twitter:label1\" content=\"Est. reading time\" \/>\n\t<meta name=\"twitter:data1\" content=\"2 minuuttia\" \/>\n<script type=\"application\/ld+json\" class=\"yoast-schema-graph\">{\"@context\":\"https:\/\/schema.org\",\"@graph\":[{\"@type\":\"WebPage\",\"@id\":\"https:\/\/auvisa.org\/fi\/meista-ehdot\/\",\"url\":\"https:\/\/auvisa.org\/fi\/meista-ehdot\/\",\"name\":\"Meist\u00e4 - Auvisa.org - Visa & Immigration Services LTD\",\"isPartOf\":{\"@id\":\"https:\/\/auvisa.org\/fi\/#website\"},\"datePublished\":\"2012-02-02T19:54:10+00:00\",\"dateModified\":\"2024-02-29T10:17:15+00:00\",\"description\":\"Meist\u00e4 - Auvisa.org - Visa & Immigration Services LTD\",\"breadcrumb\":{\"@id\":\"https:\/\/auvisa.org\/fi\/meista-ehdot\/#breadcrumb\"},\"inLanguage\":\"fi\",\"potentialAction\":[{\"@type\":\"ReadAction\",\"target\":[\"https:\/\/auvisa.org\/fi\/meista-ehdot\/\"]}]},{\"@type\":\"BreadcrumbList\",\"@id\":\"https:\/\/auvisa.org\/fi\/meista-ehdot\/#breadcrumb\",\"itemListElement\":[{\"@type\":\"ListItem\",\"position\":1,\"name\":\"Home\",\"item\":\"https:\/\/auvisa.org\/fi\/\"},{\"@type\":\"ListItem\",\"position\":2,\"name\":\"Meist\u00e4\"}]},{\"@type\":\"WebSite\",\"@id\":\"https:\/\/auvisa.org\/fi\/#website\",\"url\":\"https:\/\/auvisa.org\/fi\/\",\"name\":\"Auvisa.org\",\"description\":\"\",\"inLanguage\":\"fi\"}]}<\/script>\n<!-- \/ Yoast SEO plugin. -->","yoast_head_json":{"title":"Meist\u00e4 - Auvisa.org - Visa & Immigration Services LTD","description":"Meist\u00e4 - Auvisa.org - Visa & Immigration Services LTD","robots":{"index":"index","follow":"follow","max-snippet":"max-snippet:-1","max-image-preview":"max-image-preview:large","max-video-preview":"max-video-preview:-1"},"canonical":"https:\/\/auvisa.org\/fi\/meista-ehdot\/","og_locale":"fi_FI","og_type":"article","og_title":"Meist\u00e4 - Auvisa.org - Visa & Immigration Services LTD","og_description":"Meist\u00e4 - Auvisa.org - Visa & Immigration Services LTD","og_url":"https:\/\/auvisa.org\/fi\/meista-ehdot\/","og_site_name":"Auvisa.org","article_modified_time":"2024-02-29T10:17:15+00:00","twitter_card":"summary_large_image","twitter_misc":{"Est. reading time":"2 minuuttia"},"schema":{"@context":"https:\/\/schema.org","@graph":[{"@type":"WebPage","@id":"https:\/\/auvisa.org\/fi\/meista-ehdot\/","url":"https:\/\/auvisa.org\/fi\/meista-ehdot\/","name":"Meist\u00e4 - Auvisa.org - Visa & Immigration Services LTD","isPartOf":{"@id":"https:\/\/auvisa.org\/fi\/#website"},"datePublished":"2012-02-02T19:54:10+00:00","dateModified":"2024-02-29T10:17:15+00:00","description":"Meist\u00e4 - Auvisa.org - Visa & Immigration Services LTD","breadcrumb":{"@id":"https:\/\/auvisa.org\/fi\/meista-ehdot\/#breadcrumb"},"inLanguage":"fi","potentialAction":[{"@type":"ReadAction","target":["https:\/\/auvisa.org\/fi\/meista-ehdot\/"]}]},{"@type":"BreadcrumbList","@id":"https:\/\/auvisa.org\/fi\/meista-ehdot\/#breadcrumb","itemListElement":[{"@type":"ListItem","position":1,"name":"Home","item":"https:\/\/auvisa.org\/fi\/"},{"@type":"ListItem","position":2,"name":"Meist\u00e4"}]},{"@type":"WebSite","@id":"https:\/\/auvisa.org\/fi\/#website","url":"https:\/\/auvisa.org\/fi\/","name":"Auvisa.org","description":"","inLanguage":"fi"}]}},"_links":{"self":[{"href":"https:\/\/auvisa.org\/fi\/wp-json\/wp\/v2\/pages\/147","targetHints":{"allow":["GET"]}}],"collection":[{"href":"https:\/\/auvisa.org\/fi\/wp-json\/wp\/v2\/pages"}],"about":[{"href":"https:\/\/auvisa.org\/fi\/wp-json\/wp\/v2\/types\/page"}],"author":[{"embeddable":true,"href":"https:\/\/auvisa.org\/fi\/wp-json\/wp\/v2\/users\/4"}],"replies":[{"embeddable":true,"href":"https:\/\/auvisa.org\/fi\/wp-json\/wp\/v2\/comments?post=147"}],"version-history":[{"count":8,"href":"https:\/\/auvisa.org\/fi\/wp-json\/wp\/v2\/pages\/147\/revisions"}],"predecessor-version":[{"id":15594,"href":"https:\/\/auvisa.org\/fi\/wp-json\/wp\/v2\/pages\/147\/revisions\/15594"}],"wp:attachment":[{"href":"https:\/\/auvisa.org\/fi\/wp-json\/wp\/v2\/media?parent=147"}],"curies":[{"name":"wp","href":"https:\/\/api.w.org\/{rel}","templated":true}]}}