{"id":15062,"date":"2023-12-07T01:57:52","date_gmt":"2023-12-06T23:57:52","guid":{"rendered":"https:\/\/auvisa.org\/fi\/?page_id=15062"},"modified":"2023-12-07T02:03:24","modified_gmt":"2023-12-07T00:03:24","slug":"visa-business-lp","status":"publish","type":"page","link":"https:\/\/auvisa.org\/fi\/visa-business-lp\/","title":{"rendered":"Business Viisumi Australiaan: Online-hakemuslomake"},"content":{"rendered":"\n<div style=\"height:20px\" aria-hidden=\"true\" class=\"wp-block-spacer\"><\/div>\n\n\n\n<p>T\u00e4m\u00e4 Business Viisumi lomake on tarkoitettu Suomen liike matkailijoille, jotka aikovat <strong>vierailla Australiassa<\/strong> <strong>liiketapaamisia, konferensseja tai neuvotteluja varten<\/strong>.<\/p>\n\n\n\n<p><strong>Viisumi on voimassa 12 kuukautta<\/strong> ja voit viett\u00e4\u00e4 Australiassa yhdell\u00e4 k\u00e4ynnill\u00e4 maksimissaan 90 p\u00e4iv\u00e4\u00e4 kerrallaan<\/p>\n\n\n\n<p><strong>95% viisumeista my\u00f6nnet\u00e4\u00e4n 24 h kuluessa<\/strong>. <\/p>\n\n\n\n<p><strong>T\u00e4m\u00e4n viisumin kappalehinta on <span class=\"woocommerce-Price-amount amount\"><bdi><span class=\"woocommerce-Price-currencySymbol\">&euro;<\/span>69,00<\/bdi><\/span>. <\/strong>Hinta sis\u00e4lt\u00e4\u00e4 sek\u00e4 AuVisa.orgin palvelumaksut ett\u00e4 valtion palkkiot (tarvittaessa).<\/p>\n\n\n\n<div style=\"height:46px\" aria-hidden=\"true\" class=\"wp-block-spacer\"><\/div>\n\n\n\n<h3>Anna ja vahvista s\u00e4hk\u00f6postiosoitteesi k\u00e4ynnist\u00e4m\u00e4ll\u00e4 s\u00e4hk\u00f6inen hakemus:<\/h3>\n","protected":false},"excerpt":{"rendered":"<p>T\u00e4m\u00e4 Business Viisumi lomake on tarkoitettu Suomen liike matkailijoille, jotka aikovat vierailla Australiassa liiketapaamisia, konferensseja tai neuvotteluja varten. Viisumi on [&#8230;]<\/p>\n<p><a class=\"btn btn-secondary understrap-read-more-link\" href=\"https:\/\/auvisa.org\/fi\/visa-business-lp\/\">Read More&#8230;<span class=\"screen-reader-text\"> from Business Viisumi Australiaan: Online-hakemuslomake<\/span><\/a><\/p>\n","protected":false},"author":4,"featured_media":0,"parent":0,"menu_order":25,"comment_status":"closed","ping_status":"closed","template":"templates\/tpl_acf_form.php","meta":{"inline_featured_image":false,"footnotes":""},"class_list":["post-15062","page","type-page","status-publish","hentry"],"yoast_head":"<!-- This site is optimized with the Yoast SEO plugin v26.9 - https:\/\/yoast.com\/product\/yoast-seo-wordpress\/ -->\n<title>Business Visa (eVisitor) -hakulomake - Suomi<\/title>\n<meta name=\"description\" content=\"Suomen liiketoiminnan matkustajat voivat hakea Australian Business eVisitor Visa t\u00e4m\u00e4n s\u00e4hk\u00f6isen hakulomakkeen kautta. Visa k\u00e4sitell\u00e4\u00e4n 24 tunnissa.\" \/>\n<meta name=\"robots\" content=\"noindex, follow\" \/>\n<meta property=\"og:locale\" content=\"fi_FI\" \/>\n<meta property=\"og:type\" content=\"article\" \/>\n<meta property=\"og:title\" content=\"Business Visa (eVisitor) -hakulomake - Suomi\" \/>\n<meta property=\"og:description\" content=\"Suomen liiketoiminnan matkustajat voivat hakea Australian Business eVisitor Visa t\u00e4m\u00e4n s\u00e4hk\u00f6isen hakulomakkeen kautta. Visa k\u00e4sitell\u00e4\u00e4n 24 tunnissa.\" \/>\n<meta property=\"og:url\" content=\"https:\/\/auvisa.org\/fi\/visa-business-lp\/\" \/>\n<meta property=\"og:site_name\" content=\"Auvisa.org\" \/>\n<meta property=\"article:modified_time\" content=\"2023-12-07T00:03:24+00:00\" \/>\n<meta name=\"twitter:card\" content=\"summary_large_image\" \/>\n<meta name=\"twitter:label1\" content=\"Est. reading time\" \/>\n\t<meta name=\"twitter:data1\" content=\"1 minuutti\" \/>\n<script type=\"application\/ld+json\" class=\"yoast-schema-graph\">{\"@context\":\"https:\/\/schema.org\",\"@graph\":[{\"@type\":\"WebPage\",\"@id\":\"https:\/\/auvisa.org\/fi\/visa-business-lp\/\",\"url\":\"https:\/\/auvisa.org\/fi\/visa-business-lp\/\",\"name\":\"Business Visa (eVisitor) -hakulomake - Suomi\",\"isPartOf\":{\"@id\":\"https:\/\/auvisa.org\/fi\/#website\"},\"datePublished\":\"2023-12-06T23:57:52+00:00\",\"dateModified\":\"2023-12-07T00:03:24+00:00\",\"description\":\"Suomen liiketoiminnan matkustajat voivat hakea Australian Business eVisitor Visa t\u00e4m\u00e4n s\u00e4hk\u00f6isen hakulomakkeen kautta. Visa k\u00e4sitell\u00e4\u00e4n 24 tunnissa.\",\"breadcrumb\":{\"@id\":\"https:\/\/auvisa.org\/fi\/visa-business-lp\/#breadcrumb\"},\"inLanguage\":\"fi\",\"potentialAction\":[{\"@type\":\"ReadAction\",\"target\":[\"https:\/\/auvisa.org\/fi\/visa-business-lp\/\"]}]},{\"@type\":\"BreadcrumbList\",\"@id\":\"https:\/\/auvisa.org\/fi\/visa-business-lp\/#breadcrumb\",\"itemListElement\":[{\"@type\":\"ListItem\",\"position\":1,\"name\":\"Home\",\"item\":\"https:\/\/auvisa.org\/fi\/\"},{\"@type\":\"ListItem\",\"position\":2,\"name\":\"Business Viisumi Australiaan: Online-hakemuslomake\"}]},{\"@type\":\"WebSite\",\"@id\":\"https:\/\/auvisa.org\/fi\/#website\",\"url\":\"https:\/\/auvisa.org\/fi\/\",\"name\":\"Auvisa.org\",\"description\":\"\",\"inLanguage\":\"fi\"}]}<\/script>\n<!-- \/ Yoast SEO plugin. -->","yoast_head_json":{"title":"Business Visa (eVisitor) -hakulomake - Suomi","description":"Suomen liiketoiminnan matkustajat voivat hakea Australian Business eVisitor Visa t\u00e4m\u00e4n s\u00e4hk\u00f6isen hakulomakkeen kautta. Visa k\u00e4sitell\u00e4\u00e4n 24 tunnissa.","robots":{"index":"noindex","follow":"follow"},"og_locale":"fi_FI","og_type":"article","og_title":"Business Visa (eVisitor) -hakulomake - Suomi","og_description":"Suomen liiketoiminnan matkustajat voivat hakea Australian Business eVisitor Visa t\u00e4m\u00e4n s\u00e4hk\u00f6isen hakulomakkeen kautta. Visa k\u00e4sitell\u00e4\u00e4n 24 tunnissa.","og_url":"https:\/\/auvisa.org\/fi\/visa-business-lp\/","og_site_name":"Auvisa.org","article_modified_time":"2023-12-07T00:03:24+00:00","twitter_card":"summary_large_image","twitter_misc":{"Est. reading time":"1 minuutti"},"schema":{"@context":"https:\/\/schema.org","@graph":[{"@type":"WebPage","@id":"https:\/\/auvisa.org\/fi\/visa-business-lp\/","url":"https:\/\/auvisa.org\/fi\/visa-business-lp\/","name":"Business Visa (eVisitor) -hakulomake - Suomi","isPartOf":{"@id":"https:\/\/auvisa.org\/fi\/#website"},"datePublished":"2023-12-06T23:57:52+00:00","dateModified":"2023-12-07T00:03:24+00:00","description":"Suomen liiketoiminnan matkustajat voivat hakea Australian Business eVisitor Visa t\u00e4m\u00e4n s\u00e4hk\u00f6isen hakulomakkeen kautta. Visa k\u00e4sitell\u00e4\u00e4n 24 tunnissa.","breadcrumb":{"@id":"https:\/\/auvisa.org\/fi\/visa-business-lp\/#breadcrumb"},"inLanguage":"fi","potentialAction":[{"@type":"ReadAction","target":["https:\/\/auvisa.org\/fi\/visa-business-lp\/"]}]},{"@type":"BreadcrumbList","@id":"https:\/\/auvisa.org\/fi\/visa-business-lp\/#breadcrumb","itemListElement":[{"@type":"ListItem","position":1,"name":"Home","item":"https:\/\/auvisa.org\/fi\/"},{"@type":"ListItem","position":2,"name":"Business Viisumi Australiaan: Online-hakemuslomake"}]},{"@type":"WebSite","@id":"https:\/\/auvisa.org\/fi\/#website","url":"https:\/\/auvisa.org\/fi\/","name":"Auvisa.org","description":"","inLanguage":"fi"}]}},"_links":{"self":[{"href":"https:\/\/auvisa.org\/fi\/wp-json\/wp\/v2\/pages\/15062","targetHints":{"allow":["GET"]}}],"collection":[{"href":"https:\/\/auvisa.org\/fi\/wp-json\/wp\/v2\/pages"}],"about":[{"href":"https:\/\/auvisa.org\/fi\/wp-json\/wp\/v2\/types\/page"}],"author":[{"embeddable":true,"href":"https:\/\/auvisa.org\/fi\/wp-json\/wp\/v2\/users\/4"}],"replies":[{"embeddable":true,"href":"https:\/\/auvisa.org\/fi\/wp-json\/wp\/v2\/comments?post=15062"}],"version-history":[{"count":1,"href":"https:\/\/auvisa.org\/fi\/wp-json\/wp\/v2\/pages\/15062\/revisions"}],"predecessor-version":[{"id":15063,"href":"https:\/\/auvisa.org\/fi\/wp-json\/wp\/v2\/pages\/15062\/revisions\/15063"}],"wp:attachment":[{"href":"https:\/\/auvisa.org\/fi\/wp-json\/wp\/v2\/media?parent=15062"}],"curies":[{"name":"wp","href":"https:\/\/api.w.org\/{rel}","templated":true}]}}