{"id":1744,"date":"2020-01-07T16:26:56","date_gmt":"2020-01-07T16:26:56","guid":{"rendered":"https:\/\/dev.auvisa.org\/?page_id=1744"},"modified":"2023-08-25T12:54:46","modified_gmt":"2023-08-25T09:54:46","slug":"visa-working","status":"publish","type":"page","link":"https:\/\/auvisa.org\/fi\/visa-working\/","title":{"rendered":"Working Holiday Visa Australiaan: hakemuslomake (Suomi)"},"content":{"rendered":"\n<div style=\"height:20px\" aria-hidden=\"true\" class=\"wp-block-spacer\"><\/div>\n\n\n\n<p>T\u00e4m\u00e4 Working Holiday viisumin hakemuslomake on tarkoitettu <strong>18- ja 30-vuotiaille<\/strong>&nbsp;<strong>Suomen&nbsp;kansalaisille&nbsp;(ik\u00e4 hakemuksen aikana).<\/strong><\/p>\n\n\n\n<p>Saatuaan&nbsp;viisumin,&nbsp;Suomen&nbsp;matkustajat&nbsp;voivat matkustaa Australiaan ja&nbsp;<strong>yhdist\u00e4\u00e4 loman, ty\u00f6n ja opiskelun<\/strong>.&nbsp;&nbsp;<\/p>\n\n\n\n<p><strong>Australiassa&nbsp;<\/strong>on mahdollista&nbsp;<strong>oleskella enint\u00e4\u00e4n vuoden ajan&nbsp;<\/strong>ja ty\u00f6skennell\u00e4 saman ty\u00f6nantajan kanssa enint\u00e4\u00e4n 6 kuukautta tai opiskella enint\u00e4\u00e4n 4 kuukautta.&nbsp;Halutessaan niin voi&nbsp;my\u00f6s&nbsp;lomailla koko viisumin olemassaolon ajan.&nbsp;<\/p>\n\n\n\n<p>Working Holiday -viisumin hakemisen ehdot:<\/p>\n\n\n\n<ul class=\"wp-block-list\"><li>Sinun on oltava 18\u201330-vuotias (hakemuksen tekohetkell\u00e4)<\/li><li>Sinulla on oltava hyv\u00e4 terveys<\/li><li>Sinulla on oltava taloudelliset keinot tukeaksesi itse\u00e4si loman alussa<\/li><\/ul>\n\n\n\n<p><strong>T\u00c4RKE\u00c4:<br><\/strong>Hakemuksen suorittamiseksi ja l\u00e4hett\u00e4miseksi tarvitaan j\u00e4ljenn\u00f6s seuraavista asiakirjoista:<\/p>\n\n\n\n<ul class=\"wp-block-list\"><li>Passin henkil\u00f6tietosivusta<\/li><\/ul>\n\n\n\n<p>Jos sinulla ei ole kaikkia tarvittavia asiakirjoja t\u00e4ll\u00e4 hetkell\u00e4, voit tallentaa hakemuksen ja ladata asiakirjat my\u00f6hemmin.<\/p>\n\n\n\n<p>Seuraavan\u00a0s\u00e4hk\u00f6isen hakemuslomakkeen kautta,\u00a0voit hakea useille henkil\u00f6ille samaan aikaan, ja <strong>jokainen Working Holiday viisumi maksaa\u00a0<span class=\"woocommerce-Price-amount amount\"><bdi><span class=\"woocommerce-Price-currencySymbol\">&euro;<\/span>575,00<\/bdi><\/span>. Hinta sis\u00e4lt\u00e4\u00e4 sek\u00e4 Auvisa.orgin palvelumaksut ett\u00e4 valtion palkkiot (tarvittaessa).<\/strong><\/p>\n\n\n\n<div style=\"height:62px\" aria-hidden=\"true\" class=\"wp-block-spacer\"><\/div>\n\n\n\n<h3>Anna ja vahvista s\u00e4hk\u00f6postiosoitteesi k\u00e4ynnist\u00e4m\u00e4ll\u00e4 s\u00e4hk\u00f6inen hakemus:<\/h3>\n","protected":false},"excerpt":{"rendered":"<p>T\u00e4m\u00e4 Working Holiday viisumin hakemuslomake on tarkoitettu 18- ja 30-vuotiaille&nbsp;Suomen&nbsp;kansalaisille&nbsp;(ik\u00e4 hakemuksen aikana). Saatuaan&nbsp;viisumin,&nbsp;Suomen&nbsp;matkustajat&nbsp;voivat matkustaa Australiaan ja&nbsp;yhdist\u00e4\u00e4 loman, ty\u00f6n ja opiskelun.&nbsp;&nbsp; [&#8230;]<\/p>\n<p><a class=\"btn btn-secondary understrap-read-more-link\" href=\"https:\/\/auvisa.org\/fi\/visa-working\/\">Read More&#8230;<span class=\"screen-reader-text\"> from Working Holiday Visa Australiaan: hakemuslomake (Suomi)<\/span><\/a><\/p>\n","protected":false},"author":3,"featured_media":0,"parent":0,"menu_order":39,"comment_status":"closed","ping_status":"closed","template":"templates\/tpl_acf_form.php","meta":{"inline_featured_image":false,"footnotes":""},"class_list":["post-1744","page","type-page","status-publish","hentry"],"yoast_head":"<!-- This site is optimized with the Yoast SEO plugin v26.9 - https:\/\/yoast.com\/product\/yoast-seo-wordpress\/ -->\n<title>Working Holiday Visa Australiaan: hakemuslomake (Suomi)<\/title>\n<meta name=\"description\" content=\"Suomalaisten matkailijoiden on toimitettava online-hakemus Australian Working Holiday -viisumista t\u00e4m\u00e4n yksinkertaisen hakemuslomakkeen kautta.\" \/>\n<meta name=\"robots\" content=\"index, follow, max-snippet:-1, max-image-preview:large, max-video-preview:-1\" \/>\n<link rel=\"canonical\" href=\"https:\/\/auvisa.org\/fi\/visa-working\/\" \/>\n<meta property=\"og:locale\" content=\"fi_FI\" \/>\n<meta property=\"og:type\" content=\"article\" \/>\n<meta property=\"og:title\" content=\"Working Holiday Visa Australiaan: hakemuslomake (Suomi)\" \/>\n<meta property=\"og:description\" content=\"Suomalaisten matkailijoiden on toimitettava online-hakemus Australian Working Holiday -viisumista t\u00e4m\u00e4n yksinkertaisen hakemuslomakkeen kautta.\" \/>\n<meta property=\"og:url\" content=\"https:\/\/auvisa.org\/fi\/visa-working\/\" \/>\n<meta property=\"og:site_name\" content=\"Auvisa.org\" \/>\n<meta property=\"article:modified_time\" content=\"2023-08-25T09:54:46+00:00\" \/>\n<meta name=\"twitter:card\" content=\"summary_large_image\" \/>\n<meta name=\"twitter:label1\" content=\"Est. reading time\" \/>\n\t<meta name=\"twitter:data1\" content=\"1 minuutti\" \/>\n<script type=\"application\/ld+json\" class=\"yoast-schema-graph\">{\"@context\":\"https:\/\/schema.org\",\"@graph\":[{\"@type\":\"WebPage\",\"@id\":\"https:\/\/auvisa.org\/fi\/visa-working\/\",\"url\":\"https:\/\/auvisa.org\/fi\/visa-working\/\",\"name\":\"Working Holiday Visa Australiaan: hakemuslomake (Suomi)\",\"isPartOf\":{\"@id\":\"https:\/\/auvisa.org\/fi\/#website\"},\"datePublished\":\"2020-01-07T16:26:56+00:00\",\"dateModified\":\"2023-08-25T09:54:46+00:00\",\"description\":\"Suomalaisten matkailijoiden on toimitettava online-hakemus Australian Working Holiday -viisumista t\u00e4m\u00e4n yksinkertaisen hakemuslomakkeen kautta.\",\"breadcrumb\":{\"@id\":\"https:\/\/auvisa.org\/fi\/visa-working\/#breadcrumb\"},\"inLanguage\":\"fi\",\"potentialAction\":[{\"@type\":\"ReadAction\",\"target\":[\"https:\/\/auvisa.org\/fi\/visa-working\/\"]}]},{\"@type\":\"BreadcrumbList\",\"@id\":\"https:\/\/auvisa.org\/fi\/visa-working\/#breadcrumb\",\"itemListElement\":[{\"@type\":\"ListItem\",\"position\":1,\"name\":\"Home\",\"item\":\"https:\/\/auvisa.org\/fi\/\"},{\"@type\":\"ListItem\",\"position\":2,\"name\":\"Working Holiday Visa Australiaan: hakemuslomake (Suomi)\"}]},{\"@type\":\"WebSite\",\"@id\":\"https:\/\/auvisa.org\/fi\/#website\",\"url\":\"https:\/\/auvisa.org\/fi\/\",\"name\":\"Auvisa.org\",\"description\":\"\",\"inLanguage\":\"fi\"}]}<\/script>\n<!-- \/ Yoast SEO plugin. -->","yoast_head_json":{"title":"Working Holiday Visa Australiaan: hakemuslomake (Suomi)","description":"Suomalaisten matkailijoiden on toimitettava online-hakemus Australian Working Holiday -viisumista t\u00e4m\u00e4n yksinkertaisen hakemuslomakkeen kautta.","robots":{"index":"index","follow":"follow","max-snippet":"max-snippet:-1","max-image-preview":"max-image-preview:large","max-video-preview":"max-video-preview:-1"},"canonical":"https:\/\/auvisa.org\/fi\/visa-working\/","og_locale":"fi_FI","og_type":"article","og_title":"Working Holiday Visa Australiaan: hakemuslomake (Suomi)","og_description":"Suomalaisten matkailijoiden on toimitettava online-hakemus Australian Working Holiday -viisumista t\u00e4m\u00e4n yksinkertaisen hakemuslomakkeen kautta.","og_url":"https:\/\/auvisa.org\/fi\/visa-working\/","og_site_name":"Auvisa.org","article_modified_time":"2023-08-25T09:54:46+00:00","twitter_card":"summary_large_image","twitter_misc":{"Est. reading time":"1 minuutti"},"schema":{"@context":"https:\/\/schema.org","@graph":[{"@type":"WebPage","@id":"https:\/\/auvisa.org\/fi\/visa-working\/","url":"https:\/\/auvisa.org\/fi\/visa-working\/","name":"Working Holiday Visa Australiaan: hakemuslomake (Suomi)","isPartOf":{"@id":"https:\/\/auvisa.org\/fi\/#website"},"datePublished":"2020-01-07T16:26:56+00:00","dateModified":"2023-08-25T09:54:46+00:00","description":"Suomalaisten matkailijoiden on toimitettava online-hakemus Australian Working Holiday -viisumista t\u00e4m\u00e4n yksinkertaisen hakemuslomakkeen kautta.","breadcrumb":{"@id":"https:\/\/auvisa.org\/fi\/visa-working\/#breadcrumb"},"inLanguage":"fi","potentialAction":[{"@type":"ReadAction","target":["https:\/\/auvisa.org\/fi\/visa-working\/"]}]},{"@type":"BreadcrumbList","@id":"https:\/\/auvisa.org\/fi\/visa-working\/#breadcrumb","itemListElement":[{"@type":"ListItem","position":1,"name":"Home","item":"https:\/\/auvisa.org\/fi\/"},{"@type":"ListItem","position":2,"name":"Working Holiday Visa Australiaan: hakemuslomake (Suomi)"}]},{"@type":"WebSite","@id":"https:\/\/auvisa.org\/fi\/#website","url":"https:\/\/auvisa.org\/fi\/","name":"Auvisa.org","description":"","inLanguage":"fi"}]}},"_links":{"self":[{"href":"https:\/\/auvisa.org\/fi\/wp-json\/wp\/v2\/pages\/1744","targetHints":{"allow":["GET"]}}],"collection":[{"href":"https:\/\/auvisa.org\/fi\/wp-json\/wp\/v2\/pages"}],"about":[{"href":"https:\/\/auvisa.org\/fi\/wp-json\/wp\/v2\/types\/page"}],"author":[{"embeddable":true,"href":"https:\/\/auvisa.org\/fi\/wp-json\/wp\/v2\/users\/3"}],"replies":[{"embeddable":true,"href":"https:\/\/auvisa.org\/fi\/wp-json\/wp\/v2\/comments?post=1744"}],"version-history":[{"count":14,"href":"https:\/\/auvisa.org\/fi\/wp-json\/wp\/v2\/pages\/1744\/revisions"}],"predecessor-version":[{"id":14497,"href":"https:\/\/auvisa.org\/fi\/wp-json\/wp\/v2\/pages\/1744\/revisions\/14497"}],"wp:attachment":[{"href":"https:\/\/auvisa.org\/fi\/wp-json\/wp\/v2\/media?parent=1744"}],"curies":[{"name":"wp","href":"https:\/\/api.w.org\/{rel}","templated":true}]}}