{"id":1747,"date":"2020-01-07T16:27:41","date_gmt":"2020-01-07T16:27:41","guid":{"rendered":"https:\/\/dev.auvisa.org\/?page_id=1747"},"modified":"2023-07-10T17:08:54","modified_gmt":"2023-07-10T14:08:54","slug":"visa-student","status":"publish","type":"page","link":"https:\/\/auvisa.org\/fi\/visa-student\/","title":{"rendered":"Australian opiskelijaviisumin hakemuslomake (Suomi)"},"content":{"rendered":"\n<div style=\"height:20px\" aria-hidden=\"true\" class=\"wp-block-spacer\"><\/div>\n\n\n\n<p>K\u00e4yt\u00e4 t\u00e4t\u00e4 hakemuslomaketta opiskelijaviisumin hakemiseen Australiaan.<\/p>\n\n\n\n<p>Sinun on hyv\u00e4ksytt\u00e4v\u00e4 yliopistoon tai kouluun, ennen kuin voit hakea opiskelijaviisumia Australiaan Iso-Britanniasta.<strong> Jos sinulla ei ole ilmoittautumista (CoE)<\/strong>, ota yhteytt\u00e4 kouluun tai yliopistoon, jossa aiot opiskella.<\/p>\n\n\n\n<h3 class=\"wp-block-heading\" id=\"lomakkeessa-esitetaan-seuraavat-opiskelijaviisumivaihtoehdot\">Lomakkeessa esitet\u00e4\u00e4n seuraavat opiskelijaviisumivaihtoehdot:<\/h3>\n\n\n\n<ul class=\"wp-block-list\"><li><strong>Korkeampi koulutus (Higher education)<\/strong><ul><li>Koskee kandidaatin tutkintoa, liit\u00e4nn\u00e4istutkintoa, tutkintotodistusta, tutkintotodistusta, korkeakoulututkintoa, korkeakoulututkintoa tai maisteria kurssity\u00f6n\u00e4.<\/li><\/ul><\/li><\/ul>\n\n\n\n<ul class=\"wp-block-list\"><li><strong>Jatkotutkimus (Postgraduate research)<\/strong><ul><li>Koskee maisteria tutkimuksen tai tohtorin tutkinnon perusteella.<\/li><\/ul><\/li><\/ul>\n\n\n\n<ul class=\"wp-block-list\"><li><strong>Englannin kielen intensiivikurssit ulkomaille (English Language Intensive Courses for Overseas Students &#8211; ELICOS)<\/strong><ul><li>Itsen\u00e4isille kursseille, jotka johtavat todistukseen I, II, III tai IV tai joista ei anneta muodollista my\u00f6nt\u00e4mist\u00e4.<\/li><\/ul><\/li><\/ul>\n\n\n\n<ul class=\"wp-block-list\"><li><strong>Perus- tai keskiasteen kurssi (Primary or secondary school course)<\/strong><ul><li>Perus-, keskiasteen tai toisen asteen keskiasteen kursseille sek\u00e4 hyv\u00e4ksytyille keskiasteen vaihto-ohjelmille.<\/li><\/ul><\/li><\/ul>\n\n\n\n<ul class=\"wp-block-list\"><li><strong>Ammatillinen koulutus (Vocational education and training &#8211; VET)<\/strong><ul><li>T\u00e4m\u00e4 alaluokka koskee todistuksia I, II, III tai IV (paitsi ELICOS), ammatillisen koulutuksen todistuksia, ammatillisen koulutuksen jatkotutkintoja, ammatillisen tutkinnon suorittaneita todistuksia tai ammatillisen tutkinnon suorittaneita tutkintotodistuksia.<\/li><\/ul><\/li><\/ul>\n\n\n\n<ul class=\"wp-block-list\"><li><strong>J\u00e4t\u00e4mist\u00e4 (Non-award)<\/strong><ul><li>Koskee perusteettomia opintoja tai muita kokop\u00e4iv\u00e4isi\u00e4 kursseja tai kurssien komponentteja, jotka eiv\u00e4t johda Australian palkintoon.<\/li><\/ul><\/li><\/ul>\n\n\n\n<ul class=\"wp-block-list\"><li><strong>AusAID ja puolustus (AusAID and Defence)<\/strong><ul><li>Koskee AusAID: n tai Australian puolustusministeri\u00f6n sponsoroimia opiskelijoita, jotka suorittavat kaiken tyyppisi\u00e4 kokop\u00e4iv\u00e4kursseja.<\/li><\/ul><\/li><\/ul>\n\n\n\n<ul class=\"wp-block-list\"><li><strong>Opiskelijoiden huoltajat (Student Guardians)<\/strong><ul><li>Vanhemmat tai sukulaiset voivat hakea viisumia oleskellakseen Australiassa Australiassa opiskelevan opiskelijan huoltajana.<\/li><\/ul><\/li><\/ul>\n\n\n\n<p>Hinta on <span class=\"woocommerce-Price-amount amount\"><bdi><span class=\"woocommerce-Price-currencySymbol\">&euro;<\/span>1.200,00<\/bdi><\/span> per viisumi.<\/p>\n\n\n\n<div style=\"height:59px\" aria-hidden=\"true\" class=\"wp-block-spacer\"><\/div>\n\n\n\n<h3 class=\"wp-block-heading\" id=\"anna-ja-vahvista-sahkopostiosoitteesi-kaynnistamalla-sahkoinen-hakemus\">Anna ja vahvista s\u00e4hk\u00f6postiosoitteesi k\u00e4ynnist\u00e4m\u00e4ll\u00e4 s\u00e4hk\u00f6inen hakemus:<\/h3>\n","protected":false},"excerpt":{"rendered":"<p>K\u00e4yt\u00e4 t\u00e4t\u00e4 hakemuslomaketta opiskelijaviisumin hakemiseen Australiaan. Sinun on hyv\u00e4ksytt\u00e4v\u00e4 yliopistoon tai kouluun, ennen kuin voit hakea opiskelijaviisumia Australiaan Iso-Britanniasta. Jos [&#8230;]<\/p>\n<p><a class=\"btn btn-secondary understrap-read-more-link\" href=\"https:\/\/auvisa.org\/fi\/visa-student\/\">Read More&#8230;<span class=\"screen-reader-text\"> from Australian opiskelijaviisumin hakemuslomake (Suomi)<\/span><\/a><\/p>\n","protected":false},"author":3,"featured_media":0,"parent":0,"menu_order":37,"comment_status":"closed","ping_status":"closed","template":"templates\/tpl_acf_form.php","meta":{"inline_featured_image":false,"footnotes":""},"class_list":["post-1747","page","type-page","status-publish","hentry"],"yoast_head":"<!-- This site is optimized with the Yoast SEO plugin v26.9 - https:\/\/yoast.com\/product\/yoast-seo-wordpress\/ -->\n<title>Australian opiskelijaviisumin hakemuslomake ( Suomi )<\/title>\n<meta name=\"description\" content=\"Suomalaisten opiskelijoiden on k\u00e4ytett\u00e4v\u00e4 t\u00e4t\u00e4 hakemuslomaketta opiskelijaviisumin hakemiseen Australiaan. Hae verkossa t\u00e4\u00e4lt\u00e4: Ilmoittautumisen vahvistus (CoE) vaaditaan.\" \/>\n<meta name=\"robots\" content=\"index, follow, max-snippet:-1, max-image-preview:large, max-video-preview:-1\" \/>\n<link rel=\"canonical\" href=\"https:\/\/auvisa.org\/fi\/visa-student\/\" \/>\n<meta property=\"og:locale\" content=\"fi_FI\" \/>\n<meta property=\"og:type\" content=\"article\" \/>\n<meta property=\"og:title\" content=\"Australian opiskelijaviisumin hakemuslomake ( Suomi )\" \/>\n<meta property=\"og:description\" content=\"Suomalaisten opiskelijoiden on k\u00e4ytett\u00e4v\u00e4 t\u00e4t\u00e4 hakemuslomaketta opiskelijaviisumin hakemiseen Australiaan. Hae verkossa t\u00e4\u00e4lt\u00e4: Ilmoittautumisen vahvistus (CoE) vaaditaan.\" \/>\n<meta property=\"og:url\" content=\"https:\/\/auvisa.org\/fi\/visa-student\/\" \/>\n<meta property=\"og:site_name\" content=\"Auvisa.org\" \/>\n<meta property=\"article:modified_time\" content=\"2023-07-10T14:08:54+00:00\" \/>\n<meta name=\"twitter:card\" content=\"summary_large_image\" \/>\n<meta name=\"twitter:label1\" content=\"Est. reading time\" \/>\n\t<meta name=\"twitter:data1\" content=\"2 minuuttia\" \/>\n<script type=\"application\/ld+json\" class=\"yoast-schema-graph\">{\"@context\":\"https:\/\/schema.org\",\"@graph\":[{\"@type\":\"WebPage\",\"@id\":\"https:\/\/auvisa.org\/fi\/visa-student\/\",\"url\":\"https:\/\/auvisa.org\/fi\/visa-student\/\",\"name\":\"Australian opiskelijaviisumin hakemuslomake ( Suomi )\",\"isPartOf\":{\"@id\":\"https:\/\/auvisa.org\/fi\/#website\"},\"datePublished\":\"2020-01-07T16:27:41+00:00\",\"dateModified\":\"2023-07-10T14:08:54+00:00\",\"description\":\"Suomalaisten opiskelijoiden on k\u00e4ytett\u00e4v\u00e4 t\u00e4t\u00e4 hakemuslomaketta opiskelijaviisumin hakemiseen Australiaan. Hae verkossa t\u00e4\u00e4lt\u00e4: Ilmoittautumisen vahvistus (CoE) vaaditaan.\",\"breadcrumb\":{\"@id\":\"https:\/\/auvisa.org\/fi\/visa-student\/#breadcrumb\"},\"inLanguage\":\"fi\",\"potentialAction\":[{\"@type\":\"ReadAction\",\"target\":[\"https:\/\/auvisa.org\/fi\/visa-student\/\"]}]},{\"@type\":\"BreadcrumbList\",\"@id\":\"https:\/\/auvisa.org\/fi\/visa-student\/#breadcrumb\",\"itemListElement\":[{\"@type\":\"ListItem\",\"position\":1,\"name\":\"Home\",\"item\":\"https:\/\/auvisa.org\/fi\/\"},{\"@type\":\"ListItem\",\"position\":2,\"name\":\"Australian opiskelijaviisumin hakemuslomake (Suomi)\"}]},{\"@type\":\"WebSite\",\"@id\":\"https:\/\/auvisa.org\/fi\/#website\",\"url\":\"https:\/\/auvisa.org\/fi\/\",\"name\":\"Auvisa.org\",\"description\":\"\",\"inLanguage\":\"fi\"}]}<\/script>\n<!-- \/ Yoast SEO plugin. -->","yoast_head_json":{"title":"Australian opiskelijaviisumin hakemuslomake ( Suomi )","description":"Suomalaisten opiskelijoiden on k\u00e4ytett\u00e4v\u00e4 t\u00e4t\u00e4 hakemuslomaketta opiskelijaviisumin hakemiseen Australiaan. Hae verkossa t\u00e4\u00e4lt\u00e4: Ilmoittautumisen vahvistus (CoE) vaaditaan.","robots":{"index":"index","follow":"follow","max-snippet":"max-snippet:-1","max-image-preview":"max-image-preview:large","max-video-preview":"max-video-preview:-1"},"canonical":"https:\/\/auvisa.org\/fi\/visa-student\/","og_locale":"fi_FI","og_type":"article","og_title":"Australian opiskelijaviisumin hakemuslomake ( Suomi )","og_description":"Suomalaisten opiskelijoiden on k\u00e4ytett\u00e4v\u00e4 t\u00e4t\u00e4 hakemuslomaketta opiskelijaviisumin hakemiseen Australiaan. Hae verkossa t\u00e4\u00e4lt\u00e4: Ilmoittautumisen vahvistus (CoE) vaaditaan.","og_url":"https:\/\/auvisa.org\/fi\/visa-student\/","og_site_name":"Auvisa.org","article_modified_time":"2023-07-10T14:08:54+00:00","twitter_card":"summary_large_image","twitter_misc":{"Est. reading time":"2 minuuttia"},"schema":{"@context":"https:\/\/schema.org","@graph":[{"@type":"WebPage","@id":"https:\/\/auvisa.org\/fi\/visa-student\/","url":"https:\/\/auvisa.org\/fi\/visa-student\/","name":"Australian opiskelijaviisumin hakemuslomake ( Suomi )","isPartOf":{"@id":"https:\/\/auvisa.org\/fi\/#website"},"datePublished":"2020-01-07T16:27:41+00:00","dateModified":"2023-07-10T14:08:54+00:00","description":"Suomalaisten opiskelijoiden on k\u00e4ytett\u00e4v\u00e4 t\u00e4t\u00e4 hakemuslomaketta opiskelijaviisumin hakemiseen Australiaan. Hae verkossa t\u00e4\u00e4lt\u00e4: Ilmoittautumisen vahvistus (CoE) vaaditaan.","breadcrumb":{"@id":"https:\/\/auvisa.org\/fi\/visa-student\/#breadcrumb"},"inLanguage":"fi","potentialAction":[{"@type":"ReadAction","target":["https:\/\/auvisa.org\/fi\/visa-student\/"]}]},{"@type":"BreadcrumbList","@id":"https:\/\/auvisa.org\/fi\/visa-student\/#breadcrumb","itemListElement":[{"@type":"ListItem","position":1,"name":"Home","item":"https:\/\/auvisa.org\/fi\/"},{"@type":"ListItem","position":2,"name":"Australian opiskelijaviisumin hakemuslomake (Suomi)"}]},{"@type":"WebSite","@id":"https:\/\/auvisa.org\/fi\/#website","url":"https:\/\/auvisa.org\/fi\/","name":"Auvisa.org","description":"","inLanguage":"fi"}]}},"_links":{"self":[{"href":"https:\/\/auvisa.org\/fi\/wp-json\/wp\/v2\/pages\/1747","targetHints":{"allow":["GET"]}}],"collection":[{"href":"https:\/\/auvisa.org\/fi\/wp-json\/wp\/v2\/pages"}],"about":[{"href":"https:\/\/auvisa.org\/fi\/wp-json\/wp\/v2\/types\/page"}],"author":[{"embeddable":true,"href":"https:\/\/auvisa.org\/fi\/wp-json\/wp\/v2\/users\/3"}],"replies":[{"embeddable":true,"href":"https:\/\/auvisa.org\/fi\/wp-json\/wp\/v2\/comments?post=1747"}],"version-history":[{"count":15,"href":"https:\/\/auvisa.org\/fi\/wp-json\/wp\/v2\/pages\/1747\/revisions"}],"predecessor-version":[{"id":14267,"href":"https:\/\/auvisa.org\/fi\/wp-json\/wp\/v2\/pages\/1747\/revisions\/14267"}],"wp:attachment":[{"href":"https:\/\/auvisa.org\/fi\/wp-json\/wp\/v2\/media?parent=1747"}],"curies":[{"name":"wp","href":"https:\/\/api.w.org\/{rel}","templated":true}]}}