{"id":1749,"date":"2020-01-07T16:28:00","date_gmt":"2020-01-07T16:28:00","guid":{"rendered":"https:\/\/dev.auvisa.org\/?page_id=1749"},"modified":"2023-07-10T17:06:34","modified_gmt":"2023-07-10T14:06:34","slug":"visa-longterm","status":"publish","type":"page","link":"https:\/\/auvisa.org\/fi\/visa-longterm\/","title":{"rendered":"Australian Visitor Visa: hakemuslomake (Suomi)"},"content":{"rendered":"\n<div style=\"height:20px\" aria-hidden=\"true\" class=\"wp-block-spacer\"><\/div>\n\n\n\n<p>Australian pitk\u00e4aikainen oleskeluviisumi (virallisesti tunnettu nimell\u00e4 Visitor Visa &#8211; alaluokka 600) on tarkoitettu v\u00e4liaikaiseksi viisumiksi pidemp\u00e4\u00e4n oleskeluun Australiassa.<\/p>\n\n\n\n<p>Halutessaan voit valita 3, 6 ja 12 kuukauden voimassaoloajan, jota voit k\u00e4ytt\u00e4\u00e4 my\u00f6s pident\u00e4m\u00e4\u00e4n oleskeluasi Australiassa, jos olet t\u00e4ll\u00e4 hetkell\u00e4 maassa toisella viisumilla, jonka voimassaolo p\u00e4\u00e4ttyy pian.<\/p>\n\n\n\n<p>T\u00e4ytt\u00e4ess\u00e4\u00e4n lomaketta, sinun on valittava useista vaihtoehdoista:<\/p>\n\n\n\n<p><strong>Tourism visitor visa (Matkailijaviisumi):<\/strong><br>Valitse t\u00e4m\u00e4ntyyppinen viisumi hakemuslomakkeessa, jos matkustat Australiaan lomalle tai vierailemaan perheen ja yst\u00e4vien kanssa. Voit my\u00f6s opiskella enint\u00e4\u00e4n 3 kuukautta.<\/p>\n\n\n\n<p><strong>Business visitor visa (Liikematkailijan viisumi):<\/strong><br>Valitse t\u00e4m\u00e4 vaihtoehto hakulomakkeessa, jos matkustat Australiaan ty\u00f6matkalle. Sinulla on oikeus tehd\u00e4 yleisi\u00e4 yritystutkimuksia, neuvotteluja tai osallistua konferensseihin. Sinulla ei kuitenkaan ole lupaa ty\u00f6skennell\u00e4 tai tarjota palveluita yrityksille tai organisaatioille Australiassa. Sinulla ei ole my\u00f6sk\u00e4\u00e4n oikeutta myyd\u00e4 tavaroita tai palveluita Australian yleis\u00f6lle.<\/p>\n\n\n\n<p><strong>Sponsored family visa (Sponsoroitu perheviisumi):<\/strong><br>Valitse t\u00e4m\u00e4ntyyppinen viisumi hakemuslomakkeessa, jos matkustat Australiaan vierailemaan perheen kanssa ja sinulla on sponsori. Sponsoriasi voidaan sitten pyyt\u00e4\u00e4 toimittamaan joukkovelkakirjalaina.<\/p>\n\n\n\n<p><strong>Visa extension (Visa-laajennus):<\/strong><br>Jos olet t\u00e4ll\u00e4 hetkell\u00e4 Australiassa viisumilla, jonka voimassaolo p\u00e4\u00e4ttyy, voit hakea pitk\u00e4aikaista oleskelua koskevaa Visitor-viisumia oleskelusi jatkamiseksi. T\u00e4m\u00e4 on mahdollista vain, jos sinulla ei ole 8503 &#8221;Ei en\u00e4\u00e4 oleskelua&#8221; -ehtoa nykyisess\u00e4 viisumissasi.<\/p>\n\n\n\n<p>Pitk\u00e4aikaiset viisumit maksavat <span class=\"woocommerce-Price-amount amount\"><bdi><span class=\"woocommerce-Price-currencySymbol\">&euro;<\/span>275,00<\/bdi><\/span> molemmat. Jos olet Australian sis\u00e4ll\u00e4 hakeessasi, siit\u00e4 perit\u00e4\u00e4n lis\u00e4maksu 150 EUR \/ henkil\u00f6.<\/p>\n\n\n\n<div style=\"height:61px\" aria-hidden=\"true\" class=\"wp-block-spacer\"><\/div>\n\n\n\n<h3 class=\"wp-block-heading\" id=\"anna-ja-vahvista-sahkopostiosoitteesi-kaynnistamalla-sahkoinen-hakemus\">Anna ja vahvista s\u00e4hk\u00f6postiosoitteesi k\u00e4ynnist\u00e4m\u00e4ll\u00e4 s\u00e4hk\u00f6inen hakemus:<\/h3>\n","protected":false},"excerpt":{"rendered":"<p>Australian pitk\u00e4aikainen oleskeluviisumi (virallisesti tunnettu nimell\u00e4 Visitor Visa &#8211; alaluokka 600) on tarkoitettu v\u00e4liaikaiseksi viisumiksi pidemp\u00e4\u00e4n oleskeluun Australiassa. Halutessaan voit [&#8230;]<\/p>\n<p><a class=\"btn btn-secondary understrap-read-more-link\" href=\"https:\/\/auvisa.org\/fi\/visa-longterm\/\">Read More&#8230;<span class=\"screen-reader-text\"> from Australian Visitor Visa: hakemuslomake (Suomi)<\/span><\/a><\/p>\n","protected":false},"author":3,"featured_media":0,"parent":0,"menu_order":32,"comment_status":"closed","ping_status":"closed","template":"templates\/tpl_acf_form.php","meta":{"inline_featured_image":false,"footnotes":""},"class_list":["post-1749","page","type-page","status-publish","hentry"],"yoast_head":"<!-- This site is optimized with the Yoast SEO plugin v26.9 - https:\/\/yoast.com\/product\/yoast-seo-wordpress\/ -->\n<title>Australian Visitor Visa: hakemuslomake (pitk\u00e4aikainen oleskelu - alaluokka 600)<\/title>\n<meta name=\"description\" content=\"Australian pitk\u00e4aikainen oleskeluviisumi (Visitor Visa - alaluokka 600) on tarkoitettu 3, 6 tai 12 kuukauden oleskeluun my\u00f6s pident\u00e4\u00e4ksesi nykyist\u00e4 oleskeluasi Australiassa. Hae nyt verkossa.\" \/>\n<meta name=\"robots\" content=\"index, follow, max-snippet:-1, max-image-preview:large, max-video-preview:-1\" \/>\n<link rel=\"canonical\" href=\"https:\/\/auvisa.org\/fi\/visa-longterm\/\" \/>\n<meta property=\"og:locale\" content=\"fi_FI\" \/>\n<meta property=\"og:type\" content=\"article\" \/>\n<meta property=\"og:title\" content=\"Australian Visitor Visa: hakemuslomake (pitk\u00e4aikainen oleskelu - alaluokka 600)\" \/>\n<meta property=\"og:description\" content=\"Australian pitk\u00e4aikainen oleskeluviisumi (Visitor Visa - alaluokka 600) on tarkoitettu 3, 6 tai 12 kuukauden oleskeluun my\u00f6s pident\u00e4\u00e4ksesi nykyist\u00e4 oleskeluasi Australiassa. Hae nyt verkossa.\" \/>\n<meta property=\"og:url\" content=\"https:\/\/auvisa.org\/fi\/visa-longterm\/\" \/>\n<meta property=\"og:site_name\" content=\"Auvisa.org\" \/>\n<meta property=\"article:modified_time\" content=\"2023-07-10T14:06:34+00:00\" \/>\n<meta name=\"twitter:card\" content=\"summary_large_image\" \/>\n<meta name=\"twitter:label1\" content=\"Est. reading time\" \/>\n\t<meta name=\"twitter:data1\" content=\"2 minuuttia\" \/>\n<script type=\"application\/ld+json\" class=\"yoast-schema-graph\">{\"@context\":\"https:\/\/schema.org\",\"@graph\":[{\"@type\":\"WebPage\",\"@id\":\"https:\/\/auvisa.org\/fi\/visa-longterm\/\",\"url\":\"https:\/\/auvisa.org\/fi\/visa-longterm\/\",\"name\":\"Australian Visitor Visa: hakemuslomake (pitk\u00e4aikainen oleskelu - alaluokka 600)\",\"isPartOf\":{\"@id\":\"https:\/\/auvisa.org\/fi\/#website\"},\"datePublished\":\"2020-01-07T16:28:00+00:00\",\"dateModified\":\"2023-07-10T14:06:34+00:00\",\"description\":\"Australian pitk\u00e4aikainen oleskeluviisumi (Visitor Visa - alaluokka 600) on tarkoitettu 3, 6 tai 12 kuukauden oleskeluun my\u00f6s pident\u00e4\u00e4ksesi nykyist\u00e4 oleskeluasi Australiassa. Hae nyt verkossa.\",\"breadcrumb\":{\"@id\":\"https:\/\/auvisa.org\/fi\/visa-longterm\/#breadcrumb\"},\"inLanguage\":\"fi\",\"potentialAction\":[{\"@type\":\"ReadAction\",\"target\":[\"https:\/\/auvisa.org\/fi\/visa-longterm\/\"]}]},{\"@type\":\"BreadcrumbList\",\"@id\":\"https:\/\/auvisa.org\/fi\/visa-longterm\/#breadcrumb\",\"itemListElement\":[{\"@type\":\"ListItem\",\"position\":1,\"name\":\"Home\",\"item\":\"https:\/\/auvisa.org\/fi\/\"},{\"@type\":\"ListItem\",\"position\":2,\"name\":\"Australian Visitor Visa: hakemuslomake (Suomi)\"}]},{\"@type\":\"WebSite\",\"@id\":\"https:\/\/auvisa.org\/fi\/#website\",\"url\":\"https:\/\/auvisa.org\/fi\/\",\"name\":\"Auvisa.org\",\"description\":\"\",\"inLanguage\":\"fi\"}]}<\/script>\n<!-- \/ Yoast SEO plugin. -->","yoast_head_json":{"title":"Australian Visitor Visa: hakemuslomake (pitk\u00e4aikainen oleskelu - alaluokka 600)","description":"Australian pitk\u00e4aikainen oleskeluviisumi (Visitor Visa - alaluokka 600) on tarkoitettu 3, 6 tai 12 kuukauden oleskeluun my\u00f6s pident\u00e4\u00e4ksesi nykyist\u00e4 oleskeluasi Australiassa. Hae nyt verkossa.","robots":{"index":"index","follow":"follow","max-snippet":"max-snippet:-1","max-image-preview":"max-image-preview:large","max-video-preview":"max-video-preview:-1"},"canonical":"https:\/\/auvisa.org\/fi\/visa-longterm\/","og_locale":"fi_FI","og_type":"article","og_title":"Australian Visitor Visa: hakemuslomake (pitk\u00e4aikainen oleskelu - alaluokka 600)","og_description":"Australian pitk\u00e4aikainen oleskeluviisumi (Visitor Visa - alaluokka 600) on tarkoitettu 3, 6 tai 12 kuukauden oleskeluun my\u00f6s pident\u00e4\u00e4ksesi nykyist\u00e4 oleskeluasi Australiassa. Hae nyt verkossa.","og_url":"https:\/\/auvisa.org\/fi\/visa-longterm\/","og_site_name":"Auvisa.org","article_modified_time":"2023-07-10T14:06:34+00:00","twitter_card":"summary_large_image","twitter_misc":{"Est. reading time":"2 minuuttia"},"schema":{"@context":"https:\/\/schema.org","@graph":[{"@type":"WebPage","@id":"https:\/\/auvisa.org\/fi\/visa-longterm\/","url":"https:\/\/auvisa.org\/fi\/visa-longterm\/","name":"Australian Visitor Visa: hakemuslomake (pitk\u00e4aikainen oleskelu - alaluokka 600)","isPartOf":{"@id":"https:\/\/auvisa.org\/fi\/#website"},"datePublished":"2020-01-07T16:28:00+00:00","dateModified":"2023-07-10T14:06:34+00:00","description":"Australian pitk\u00e4aikainen oleskeluviisumi (Visitor Visa - alaluokka 600) on tarkoitettu 3, 6 tai 12 kuukauden oleskeluun my\u00f6s pident\u00e4\u00e4ksesi nykyist\u00e4 oleskeluasi Australiassa. Hae nyt verkossa.","breadcrumb":{"@id":"https:\/\/auvisa.org\/fi\/visa-longterm\/#breadcrumb"},"inLanguage":"fi","potentialAction":[{"@type":"ReadAction","target":["https:\/\/auvisa.org\/fi\/visa-longterm\/"]}]},{"@type":"BreadcrumbList","@id":"https:\/\/auvisa.org\/fi\/visa-longterm\/#breadcrumb","itemListElement":[{"@type":"ListItem","position":1,"name":"Home","item":"https:\/\/auvisa.org\/fi\/"},{"@type":"ListItem","position":2,"name":"Australian Visitor Visa: hakemuslomake (Suomi)"}]},{"@type":"WebSite","@id":"https:\/\/auvisa.org\/fi\/#website","url":"https:\/\/auvisa.org\/fi\/","name":"Auvisa.org","description":"","inLanguage":"fi"}]}},"_links":{"self":[{"href":"https:\/\/auvisa.org\/fi\/wp-json\/wp\/v2\/pages\/1749","targetHints":{"allow":["GET"]}}],"collection":[{"href":"https:\/\/auvisa.org\/fi\/wp-json\/wp\/v2\/pages"}],"about":[{"href":"https:\/\/auvisa.org\/fi\/wp-json\/wp\/v2\/types\/page"}],"author":[{"embeddable":true,"href":"https:\/\/auvisa.org\/fi\/wp-json\/wp\/v2\/users\/3"}],"replies":[{"embeddable":true,"href":"https:\/\/auvisa.org\/fi\/wp-json\/wp\/v2\/comments?post=1749"}],"version-history":[{"count":16,"href":"https:\/\/auvisa.org\/fi\/wp-json\/wp\/v2\/pages\/1749\/revisions"}],"predecessor-version":[{"id":14262,"href":"https:\/\/auvisa.org\/fi\/wp-json\/wp\/v2\/pages\/1749\/revisions\/14262"}],"wp:attachment":[{"href":"https:\/\/auvisa.org\/fi\/wp-json\/wp\/v2\/media?parent=1749"}],"curies":[{"name":"wp","href":"https:\/\/api.w.org\/{rel}","templated":true}]}}