{"id":1752,"date":"2020-01-07T16:28:55","date_gmt":"2020-01-07T16:28:55","guid":{"rendered":"https:\/\/dev.auvisa.org\/?page_id=1752"},"modified":"2023-08-31T17:06:49","modified_gmt":"2023-08-31T14:06:49","slug":"visa-crew","status":"publish","type":"page","link":"https:\/\/auvisa.org\/fi\/visa-crew\/","title":{"rendered":"Australian MCV-viisumihakemus (Suomi)"},"content":{"rendered":"\n<div style=\"height:20px\" aria-hidden=\"true\" class=\"wp-block-spacer\"><\/div>\n\n\n\n<p>T\u00e4m\u00e4 Maritime Crew Visa -hakemuslomake on tarkoitettu ihmisille,<strong> jotka saapuvat tai l\u00e4htev\u00e4t Australiasta meritse merimiehen\u00e4<\/strong>.<\/p>\n\n\n\n<p>Voit hakea viisumia, jos:<\/p>\n\n\n\n<ul class=\"wp-block-list\"><li>Ovat Australian ulkopuolella<\/li><li>Ovat tai tulevat olemaan miehist\u00f6n j\u00e4seni\u00e4 aluksella, joka menee Australiaan tai siit\u00e4 Australiasta<\/li><li>Saapuu tai l\u00e4htee Australiaan meritse merimiehen\u00e4<\/li><\/ul>\n\n\n\n<p>Huomaa, ett\u00e4 aluksen on oltava joko:<\/p>\n\n\n\n<ul class=\"wp-block-list\"><li>Kaupallinen kauppalaiva<\/li><li>Matkustaja-alus<\/li><li>Ulkomaisen hallituksen omistama alus tieteelliseen tutkimukseen<\/li><li>Alus, jonka Australian ulkoministeri\u00f6 on hyv\u00e4ksynyt julkisen aluksen asemaan<\/li><\/ul>\n\n\n\n<p>Huomaa my\u00f6s, ett\u00e4 jos olet menossa Australiaan lent\u00e4en, sinulla on oltava toinen viisumi Maritime Crew -viisumin lis\u00e4ksi, kuten <a class=\"aioseop-link\" href=\"\/fi\/evisitor-viisumi-australiaan\/\">eVisitor-viisumi<\/a>.<\/p>\n\n\n\n<p><strong>T\u00c4RKE\u00c4:<\/strong><br>Hakemuksen suorittamiseksi ja l\u00e4hett\u00e4miseksi tarvitaan j\u00e4ljenn\u00f6s seuraavista asiakirjoista:<\/p>\n\n\n\n<ul class=\"wp-block-list\"><li>Passin henkil\u00f6tietosivusta<\/li><\/ul>\n\n\n\n<p>Jos sinulla ei ole kaikkia tarvittavia asiakirjoja t\u00e4ll\u00e4 hetkell\u00e4, voit tallentaa hakemuksen ja ladata asiakirjat my\u00f6hemmin.<\/p>\n\n\n\n<p><strong>Jokaisen viisumin hinta on <span class=\"woocommerce-Price-amount amount\"><bdi><span class=\"woocommerce-Price-currencySymbol\">&euro;<\/span>98,00<\/bdi><\/span>. Hinta sis\u00e4lt\u00e4\u00e4 sek\u00e4 AuVisa.orgin palvelumaksut ett\u00e4 valtion palkkiot (tarvittaessa).<\/strong><\/p>\n\n\n\n<div style=\"height:63px\" aria-hidden=\"true\" class=\"wp-block-spacer\"><\/div>\n\n\n\n<h3 class=\"wp-block-heading\" id=\"anna-ja-vahvista-sahkopostiosoitteesi-kaynnistamalla-sahkoinen-hakemus\">Anna ja vahvista s\u00e4hk\u00f6postiosoitteesi k\u00e4ynnist\u00e4m\u00e4ll\u00e4 s\u00e4hk\u00f6inen hakemus:<\/h3>\n","protected":false},"excerpt":{"rendered":"<p>T\u00e4m\u00e4 Maritime Crew Visa -hakemuslomake on tarkoitettu ihmisille, jotka saapuvat tai l\u00e4htev\u00e4t Australiasta meritse merimiehen\u00e4. Voit hakea viisumia, jos: Ovat [&#8230;]<\/p>\n<p><a class=\"btn btn-secondary understrap-read-more-link\" href=\"https:\/\/auvisa.org\/fi\/visa-crew\/\">Read More&#8230;<span class=\"screen-reader-text\"> from Australian MCV-viisumihakemus (Suomi)<\/span><\/a><\/p>\n","protected":false},"author":3,"featured_media":0,"parent":0,"menu_order":28,"comment_status":"closed","ping_status":"closed","template":"templates\/tpl_acf_form.php","meta":{"inline_featured_image":false,"footnotes":""},"class_list":["post-1752","page","type-page","status-publish","hentry"],"yoast_head":"<!-- This site is optimized with the Yoast SEO plugin v26.9 - https:\/\/yoast.com\/product\/yoast-seo-wordpress\/ -->\n<title>MCV Visa Australiaan: Hakulomake (Suomen kansalaisille)<\/title>\n<meta name=\"description\" content=\"Suomen kansalaiset, jotka tulevat Australiaan meriteitse on t\u00e4ytett\u00e4v\u00e4 t\u00e4m\u00e4 hakemuslomake saadakseen heid\u00e4n MCV viisumi nelj\u00e4ss\u00e4 p\u00e4iv\u00e4ss\u00e4.\" \/>\n<meta name=\"robots\" content=\"index, follow, max-snippet:-1, max-image-preview:large, max-video-preview:-1\" \/>\n<link rel=\"canonical\" href=\"https:\/\/auvisa.org\/fi\/visa-crew\/\" \/>\n<meta property=\"og:locale\" content=\"fi_FI\" \/>\n<meta property=\"og:type\" content=\"article\" \/>\n<meta property=\"og:title\" content=\"MCV Visa Australiaan: Hakulomake (Suomen kansalaisille)\" \/>\n<meta property=\"og:description\" content=\"Suomen kansalaiset, jotka tulevat Australiaan meriteitse on t\u00e4ytett\u00e4v\u00e4 t\u00e4m\u00e4 hakemuslomake saadakseen heid\u00e4n MCV viisumi nelj\u00e4ss\u00e4 p\u00e4iv\u00e4ss\u00e4.\" \/>\n<meta property=\"og:url\" content=\"https:\/\/auvisa.org\/fi\/visa-crew\/\" \/>\n<meta property=\"og:site_name\" content=\"Auvisa.org\" \/>\n<meta property=\"article:modified_time\" content=\"2023-08-31T14:06:49+00:00\" \/>\n<meta name=\"twitter:card\" content=\"summary_large_image\" \/>\n<meta name=\"twitter:label1\" content=\"Est. reading time\" \/>\n\t<meta name=\"twitter:data1\" content=\"1 minuutti\" \/>\n<script type=\"application\/ld+json\" class=\"yoast-schema-graph\">{\"@context\":\"https:\/\/schema.org\",\"@graph\":[{\"@type\":\"WebPage\",\"@id\":\"https:\/\/auvisa.org\/fi\/visa-crew\/\",\"url\":\"https:\/\/auvisa.org\/fi\/visa-crew\/\",\"name\":\"MCV Visa Australiaan: Hakulomake (Suomen kansalaisille)\",\"isPartOf\":{\"@id\":\"https:\/\/auvisa.org\/fi\/#website\"},\"datePublished\":\"2020-01-07T16:28:55+00:00\",\"dateModified\":\"2023-08-31T14:06:49+00:00\",\"description\":\"Suomen kansalaiset, jotka tulevat Australiaan meriteitse on t\u00e4ytett\u00e4v\u00e4 t\u00e4m\u00e4 hakemuslomake saadakseen heid\u00e4n MCV viisumi nelj\u00e4ss\u00e4 p\u00e4iv\u00e4ss\u00e4.\",\"breadcrumb\":{\"@id\":\"https:\/\/auvisa.org\/fi\/visa-crew\/#breadcrumb\"},\"inLanguage\":\"fi\",\"potentialAction\":[{\"@type\":\"ReadAction\",\"target\":[\"https:\/\/auvisa.org\/fi\/visa-crew\/\"]}]},{\"@type\":\"BreadcrumbList\",\"@id\":\"https:\/\/auvisa.org\/fi\/visa-crew\/#breadcrumb\",\"itemListElement\":[{\"@type\":\"ListItem\",\"position\":1,\"name\":\"Home\",\"item\":\"https:\/\/auvisa.org\/fi\/\"},{\"@type\":\"ListItem\",\"position\":2,\"name\":\"Australian MCV-viisumihakemus (Suomi)\"}]},{\"@type\":\"WebSite\",\"@id\":\"https:\/\/auvisa.org\/fi\/#website\",\"url\":\"https:\/\/auvisa.org\/fi\/\",\"name\":\"Auvisa.org\",\"description\":\"\",\"inLanguage\":\"fi\"}]}<\/script>\n<!-- \/ Yoast SEO plugin. -->","yoast_head_json":{"title":"MCV Visa Australiaan: Hakulomake (Suomen kansalaisille)","description":"Suomen kansalaiset, jotka tulevat Australiaan meriteitse on t\u00e4ytett\u00e4v\u00e4 t\u00e4m\u00e4 hakemuslomake saadakseen heid\u00e4n MCV viisumi nelj\u00e4ss\u00e4 p\u00e4iv\u00e4ss\u00e4.","robots":{"index":"index","follow":"follow","max-snippet":"max-snippet:-1","max-image-preview":"max-image-preview:large","max-video-preview":"max-video-preview:-1"},"canonical":"https:\/\/auvisa.org\/fi\/visa-crew\/","og_locale":"fi_FI","og_type":"article","og_title":"MCV Visa Australiaan: Hakulomake (Suomen kansalaisille)","og_description":"Suomen kansalaiset, jotka tulevat Australiaan meriteitse on t\u00e4ytett\u00e4v\u00e4 t\u00e4m\u00e4 hakemuslomake saadakseen heid\u00e4n MCV viisumi nelj\u00e4ss\u00e4 p\u00e4iv\u00e4ss\u00e4.","og_url":"https:\/\/auvisa.org\/fi\/visa-crew\/","og_site_name":"Auvisa.org","article_modified_time":"2023-08-31T14:06:49+00:00","twitter_card":"summary_large_image","twitter_misc":{"Est. reading time":"1 minuutti"},"schema":{"@context":"https:\/\/schema.org","@graph":[{"@type":"WebPage","@id":"https:\/\/auvisa.org\/fi\/visa-crew\/","url":"https:\/\/auvisa.org\/fi\/visa-crew\/","name":"MCV Visa Australiaan: Hakulomake (Suomen kansalaisille)","isPartOf":{"@id":"https:\/\/auvisa.org\/fi\/#website"},"datePublished":"2020-01-07T16:28:55+00:00","dateModified":"2023-08-31T14:06:49+00:00","description":"Suomen kansalaiset, jotka tulevat Australiaan meriteitse on t\u00e4ytett\u00e4v\u00e4 t\u00e4m\u00e4 hakemuslomake saadakseen heid\u00e4n MCV viisumi nelj\u00e4ss\u00e4 p\u00e4iv\u00e4ss\u00e4.","breadcrumb":{"@id":"https:\/\/auvisa.org\/fi\/visa-crew\/#breadcrumb"},"inLanguage":"fi","potentialAction":[{"@type":"ReadAction","target":["https:\/\/auvisa.org\/fi\/visa-crew\/"]}]},{"@type":"BreadcrumbList","@id":"https:\/\/auvisa.org\/fi\/visa-crew\/#breadcrumb","itemListElement":[{"@type":"ListItem","position":1,"name":"Home","item":"https:\/\/auvisa.org\/fi\/"},{"@type":"ListItem","position":2,"name":"Australian MCV-viisumihakemus (Suomi)"}]},{"@type":"WebSite","@id":"https:\/\/auvisa.org\/fi\/#website","url":"https:\/\/auvisa.org\/fi\/","name":"Auvisa.org","description":"","inLanguage":"fi"}]}},"_links":{"self":[{"href":"https:\/\/auvisa.org\/fi\/wp-json\/wp\/v2\/pages\/1752","targetHints":{"allow":["GET"]}}],"collection":[{"href":"https:\/\/auvisa.org\/fi\/wp-json\/wp\/v2\/pages"}],"about":[{"href":"https:\/\/auvisa.org\/fi\/wp-json\/wp\/v2\/types\/page"}],"author":[{"embeddable":true,"href":"https:\/\/auvisa.org\/fi\/wp-json\/wp\/v2\/users\/3"}],"replies":[{"embeddable":true,"href":"https:\/\/auvisa.org\/fi\/wp-json\/wp\/v2\/comments?post=1752"}],"version-history":[{"count":14,"href":"https:\/\/auvisa.org\/fi\/wp-json\/wp\/v2\/pages\/1752\/revisions"}],"predecessor-version":[{"id":14527,"href":"https:\/\/auvisa.org\/fi\/wp-json\/wp\/v2\/pages\/1752\/revisions\/14527"}],"wp:attachment":[{"href":"https:\/\/auvisa.org\/fi\/wp-json\/wp\/v2\/media?parent=1752"}],"curies":[{"name":"wp","href":"https:\/\/api.w.org\/{rel}","templated":true}]}}