{"id":1754,"date":"2020-01-07T16:29:15","date_gmt":"2020-01-07T16:29:15","guid":{"rendered":"https:\/\/dev.auvisa.org\/?page_id=1754"},"modified":"2023-07-10T17:11:24","modified_gmt":"2023-07-10T14:11:24","slug":"visa-temporary","status":"publish","type":"page","link":"https:\/\/auvisa.org\/fi\/visa-temporary\/","title":{"rendered":"Australian v\u00e4liaikaisen ty\u00f6n viisumi: hakemuslomake (Suomi)"},"content":{"rendered":"\n<div style=\"height:20px\" aria-hidden=\"true\" class=\"wp-block-spacer\"><\/div>\n\n\n\n<p>T\u00e4m\u00e4 viisumi on tarkoitettu Suomen kansalaisille, jotka menev\u00e4t Australiaan tekem\u00e4\u00e4n v\u00e4liaikaista ty\u00f6t\u00e4. <strong>Viisumi voidaan my\u00f6nt\u00e4\u00e4 enint\u00e4\u00e4n kolmeksi kuukaudeksi<\/strong>.<\/p>\n\n\n\n<p>Voit hakea viisumia, jos:<\/p>\n\n\n\n<ul class=\"wp-block-list\"><li>Olet Australian ulkopuolella<\/li><li>Aiot tehd\u00e4 lyhytaikaista, eritt\u00e4in erikoistunutta, v\u00e4liaikaista ty\u00f6t\u00e4<\/li><li>Osallistu kulttuuriseen tai sosiaaliseen tapahtumaan<\/li><li>Osallistut toimintaan tai ty\u00f6h\u00f6n, joka liittyy Australian etuihin<\/li><\/ul>\n\n\n\n<p>Hakeaksesi organisaatiota, johon aiot ty\u00f6skennell\u00e4, sinut on kutsuttu. Sinulla on my\u00f6s oltava ty\u00f6h\u00f6n liittyvi\u00e4 henkil\u00f6kohtaisia ominaisuuksia tai ty\u00f6llisyystausta. Sinua pyydet\u00e4\u00e4n toimittamaan erilaisia asiakirjoja hakemuksen t\u00e4ytt\u00e4miseksi.<\/p>\n\n\n\n<p>Jokaisen viisumin hinta on <span class=\"woocommerce-Price-amount amount\"><bdi><span class=\"woocommerce-Price-currencySymbol\">&euro;<\/span>550,00<\/bdi><\/span>.<\/p>\n\n\n\n<div style=\"height:38px\" aria-hidden=\"true\" class=\"wp-block-spacer\"><\/div>\n\n\n\n<p><strong>Anna ja vahvista s\u00e4hk\u00f6postiosoitteesi k\u00e4ynnist\u00e4m\u00e4ll\u00e4 s\u00e4hk\u00f6inen hakemus:<\/strong><\/p>\n","protected":false},"excerpt":{"rendered":"<p>T\u00e4m\u00e4 viisumi on tarkoitettu Suomen kansalaisille, jotka menev\u00e4t Australiaan tekem\u00e4\u00e4n v\u00e4liaikaista ty\u00f6t\u00e4. Viisumi voidaan my\u00f6nt\u00e4\u00e4 enint\u00e4\u00e4n kolmeksi kuukaudeksi. Voit hakea [&#8230;]<\/p>\n<p><a class=\"btn btn-secondary understrap-read-more-link\" href=\"https:\/\/auvisa.org\/fi\/visa-temporary\/\">Read More&#8230;<span class=\"screen-reader-text\"> from Australian v\u00e4liaikaisen ty\u00f6n viisumi: hakemuslomake (Suomi)<\/span><\/a><\/p>\n","protected":false},"author":3,"featured_media":0,"parent":0,"menu_order":38,"comment_status":"closed","ping_status":"closed","template":"templates\/tpl_acf_form.php","meta":{"inline_featured_image":false,"footnotes":""},"class_list":["post-1754","page","type-page","status-publish","hentry"],"yoast_head":"<!-- This site is optimized with the Yoast SEO plugin v26.9 - https:\/\/yoast.com\/product\/yoast-seo-wordpress\/ -->\n<title>Australian v\u00e4liaikaisen ty\u00f6n viisumi: hakemuslomake (Suomi)<\/title>\n<meta name=\"description\" content=\"T\u00e4m\u00e4 Australian v\u00e4liaikaisen ty\u00f6n viisumihakemuslomake on tarkoitettu suomalaisille, jotka matkustavat Australiaan tekem\u00e4\u00e4n v\u00e4liaikaista ty\u00f6t\u00e4. Hae verkossa jo t\u00e4n\u00e4\u00e4n.\" \/>\n<meta name=\"robots\" content=\"index, follow, max-snippet:-1, max-image-preview:large, max-video-preview:-1\" \/>\n<link rel=\"canonical\" href=\"https:\/\/auvisa.org\/fi\/visa-temporary\/\" \/>\n<meta property=\"og:locale\" content=\"fi_FI\" \/>\n<meta property=\"og:type\" content=\"article\" \/>\n<meta property=\"og:title\" content=\"Australian v\u00e4liaikaisen ty\u00f6n viisumi: hakemuslomake (Suomi)\" \/>\n<meta property=\"og:description\" content=\"T\u00e4m\u00e4 Australian v\u00e4liaikaisen ty\u00f6n viisumihakemuslomake on tarkoitettu suomalaisille, jotka matkustavat Australiaan tekem\u00e4\u00e4n v\u00e4liaikaista ty\u00f6t\u00e4. Hae verkossa jo t\u00e4n\u00e4\u00e4n.\" \/>\n<meta property=\"og:url\" content=\"https:\/\/auvisa.org\/fi\/visa-temporary\/\" \/>\n<meta property=\"og:site_name\" content=\"Auvisa.org\" \/>\n<meta property=\"article:modified_time\" content=\"2023-07-10T14:11:24+00:00\" \/>\n<meta name=\"twitter:card\" content=\"summary_large_image\" \/>\n<meta name=\"twitter:label1\" content=\"Est. reading time\" \/>\n\t<meta name=\"twitter:data1\" content=\"1 minuutti\" \/>\n<script type=\"application\/ld+json\" class=\"yoast-schema-graph\">{\"@context\":\"https:\/\/schema.org\",\"@graph\":[{\"@type\":\"WebPage\",\"@id\":\"https:\/\/auvisa.org\/fi\/visa-temporary\/\",\"url\":\"https:\/\/auvisa.org\/fi\/visa-temporary\/\",\"name\":\"Australian v\u00e4liaikaisen ty\u00f6n viisumi: hakemuslomake (Suomi)\",\"isPartOf\":{\"@id\":\"https:\/\/auvisa.org\/fi\/#website\"},\"datePublished\":\"2020-01-07T16:29:15+00:00\",\"dateModified\":\"2023-07-10T14:11:24+00:00\",\"description\":\"T\u00e4m\u00e4 Australian v\u00e4liaikaisen ty\u00f6n viisumihakemuslomake on tarkoitettu suomalaisille, jotka matkustavat Australiaan tekem\u00e4\u00e4n v\u00e4liaikaista ty\u00f6t\u00e4. Hae verkossa jo t\u00e4n\u00e4\u00e4n.\",\"breadcrumb\":{\"@id\":\"https:\/\/auvisa.org\/fi\/visa-temporary\/#breadcrumb\"},\"inLanguage\":\"fi\",\"potentialAction\":[{\"@type\":\"ReadAction\",\"target\":[\"https:\/\/auvisa.org\/fi\/visa-temporary\/\"]}]},{\"@type\":\"BreadcrumbList\",\"@id\":\"https:\/\/auvisa.org\/fi\/visa-temporary\/#breadcrumb\",\"itemListElement\":[{\"@type\":\"ListItem\",\"position\":1,\"name\":\"Home\",\"item\":\"https:\/\/auvisa.org\/fi\/\"},{\"@type\":\"ListItem\",\"position\":2,\"name\":\"Australian v\u00e4liaikaisen ty\u00f6n viisumi: hakemuslomake (Suomi)\"}]},{\"@type\":\"WebSite\",\"@id\":\"https:\/\/auvisa.org\/fi\/#website\",\"url\":\"https:\/\/auvisa.org\/fi\/\",\"name\":\"Auvisa.org\",\"description\":\"\",\"inLanguage\":\"fi\"}]}<\/script>\n<!-- \/ Yoast SEO plugin. -->","yoast_head_json":{"title":"Australian v\u00e4liaikaisen ty\u00f6n viisumi: hakemuslomake (Suomi)","description":"T\u00e4m\u00e4 Australian v\u00e4liaikaisen ty\u00f6n viisumihakemuslomake on tarkoitettu suomalaisille, jotka matkustavat Australiaan tekem\u00e4\u00e4n v\u00e4liaikaista ty\u00f6t\u00e4. Hae verkossa jo t\u00e4n\u00e4\u00e4n.","robots":{"index":"index","follow":"follow","max-snippet":"max-snippet:-1","max-image-preview":"max-image-preview:large","max-video-preview":"max-video-preview:-1"},"canonical":"https:\/\/auvisa.org\/fi\/visa-temporary\/","og_locale":"fi_FI","og_type":"article","og_title":"Australian v\u00e4liaikaisen ty\u00f6n viisumi: hakemuslomake (Suomi)","og_description":"T\u00e4m\u00e4 Australian v\u00e4liaikaisen ty\u00f6n viisumihakemuslomake on tarkoitettu suomalaisille, jotka matkustavat Australiaan tekem\u00e4\u00e4n v\u00e4liaikaista ty\u00f6t\u00e4. Hae verkossa jo t\u00e4n\u00e4\u00e4n.","og_url":"https:\/\/auvisa.org\/fi\/visa-temporary\/","og_site_name":"Auvisa.org","article_modified_time":"2023-07-10T14:11:24+00:00","twitter_card":"summary_large_image","twitter_misc":{"Est. reading time":"1 minuutti"},"schema":{"@context":"https:\/\/schema.org","@graph":[{"@type":"WebPage","@id":"https:\/\/auvisa.org\/fi\/visa-temporary\/","url":"https:\/\/auvisa.org\/fi\/visa-temporary\/","name":"Australian v\u00e4liaikaisen ty\u00f6n viisumi: hakemuslomake (Suomi)","isPartOf":{"@id":"https:\/\/auvisa.org\/fi\/#website"},"datePublished":"2020-01-07T16:29:15+00:00","dateModified":"2023-07-10T14:11:24+00:00","description":"T\u00e4m\u00e4 Australian v\u00e4liaikaisen ty\u00f6n viisumihakemuslomake on tarkoitettu suomalaisille, jotka matkustavat Australiaan tekem\u00e4\u00e4n v\u00e4liaikaista ty\u00f6t\u00e4. Hae verkossa jo t\u00e4n\u00e4\u00e4n.","breadcrumb":{"@id":"https:\/\/auvisa.org\/fi\/visa-temporary\/#breadcrumb"},"inLanguage":"fi","potentialAction":[{"@type":"ReadAction","target":["https:\/\/auvisa.org\/fi\/visa-temporary\/"]}]},{"@type":"BreadcrumbList","@id":"https:\/\/auvisa.org\/fi\/visa-temporary\/#breadcrumb","itemListElement":[{"@type":"ListItem","position":1,"name":"Home","item":"https:\/\/auvisa.org\/fi\/"},{"@type":"ListItem","position":2,"name":"Australian v\u00e4liaikaisen ty\u00f6n viisumi: hakemuslomake (Suomi)"}]},{"@type":"WebSite","@id":"https:\/\/auvisa.org\/fi\/#website","url":"https:\/\/auvisa.org\/fi\/","name":"Auvisa.org","description":"","inLanguage":"fi"}]}},"_links":{"self":[{"href":"https:\/\/auvisa.org\/fi\/wp-json\/wp\/v2\/pages\/1754","targetHints":{"allow":["GET"]}}],"collection":[{"href":"https:\/\/auvisa.org\/fi\/wp-json\/wp\/v2\/pages"}],"about":[{"href":"https:\/\/auvisa.org\/fi\/wp-json\/wp\/v2\/types\/page"}],"author":[{"embeddable":true,"href":"https:\/\/auvisa.org\/fi\/wp-json\/wp\/v2\/users\/3"}],"replies":[{"embeddable":true,"href":"https:\/\/auvisa.org\/fi\/wp-json\/wp\/v2\/comments?post=1754"}],"version-history":[{"count":17,"href":"https:\/\/auvisa.org\/fi\/wp-json\/wp\/v2\/pages\/1754\/revisions"}],"predecessor-version":[{"id":14272,"href":"https:\/\/auvisa.org\/fi\/wp-json\/wp\/v2\/pages\/1754\/revisions\/14272"}],"wp:attachment":[{"href":"https:\/\/auvisa.org\/fi\/wp-json\/wp\/v2\/media?parent=1754"}],"curies":[{"name":"wp","href":"https:\/\/api.w.org\/{rel}","templated":true}]}}