{"id":1758,"date":"2020-01-07T16:37:23","date_gmt":"2020-01-07T16:37:23","guid":{"rendered":"https:\/\/dev.auvisa.org\/?page_id=1758"},"modified":"2023-07-10T17:03:51","modified_gmt":"2023-07-10T14:03:51","slug":"visa-workingsecond","status":"publish","type":"page","link":"https:\/\/auvisa.org\/fi\/visa-workingsecond\/","title":{"rendered":"Toinen Working Holiday Viisumi Australiaan: hakemuslomake ( Suomi )"},"content":{"rendered":"\n<div style=\"height:20px\" aria-hidden=\"true\" class=\"wp-block-spacer\"><\/div>\n\n\n\n<p>Voit hakea toisen Working Holiday -viisumin, jos t\u00e4yt\u00e4t&nbsp;<strong>kaikki&nbsp;<\/strong><a href=\"\/fi\/working-holiday-viisumi-australiaan\/\" class=\"aioseop-link\"><strong>Working Holiday -viisumeihin liittyv\u00e4t vaatimukset<\/strong><\/a>&nbsp;ja:&nbsp;&nbsp;<\/p>\n\n\n\n<ul class=\"wp-block-list\"><li>Olet&nbsp;<strong>t\u00e4ytt\u00e4nyt kaikki&nbsp;<\/strong>ensimm\u00e4isen lomaviisumin&nbsp;<strong>ehdot<\/strong>&nbsp;&nbsp;<\/li><li>Sinulla ei ole aiemmin ollut useampi kuin yksi Working Holiday -viisumi<\/li><li>Olet suorittanut&nbsp;<strong>kolme kuukautta&nbsp;<\/strong><a href=\"\/fi\/working-holiday-viisumi-australiaan\/#specified\" class=\"aioseop-link\"><strong>m\u00e4\u00e4ritelty\u00e4 ty\u00f6t\u00e4<\/strong><\/a><strong>&nbsp;Australian alueellisella alueella&nbsp;<\/strong>ensimm\u00e4isen lomaviisumin aikana.&nbsp;&nbsp;<\/li><\/ul>\n\n\n\n<p>Tietyn toimialan hyv\u00e4ksytyt toimialat sis\u00e4lt\u00e4v\u00e4t:<\/p>\n\n\n\n<ul class=\"wp-block-list\"><li>Kasvien ja el\u00e4inten viljely<\/li><li>Kalastus ja helmien kalastus<\/li><li>Puunviljely ja hakkuut<\/li><li>kaivostoiminta<\/li><li>rakentaminen<\/li><\/ul>\n\n\n\n<p>Huomaa, ett\u00e4 jos olet t\u00e4ll\u00e4 hetkell\u00e4 Australiassa ensimm\u00e4isell\u00e4 Working Holiday -viisumilla ja haluat pysy\u00e4 maassa,&nbsp;<strong>sinun on haettava toista Working Holiday -viisumia ennen ensimm\u00e4isen voimassaolon p\u00e4\u00e4ttymist\u00e4&nbsp;<\/strong>.&nbsp;<\/p>\n\n\n\n<p>Jokaisen viisumin hinta on <span class=\"woocommerce-Price-amount amount\"><bdi><span class=\"woocommerce-Price-currencySymbol\">&euro;<\/span>525,00<\/bdi><\/span> per henkil\u00f6.<\/p>\n\n\n\n<div style=\"height:58px\" aria-hidden=\"true\" class=\"wp-block-spacer\"><\/div>\n\n\n\n<h3 class=\"wp-block-heading\" id=\"anna-ja-vahvista-sahkopostiosoitteesi-kaynnistamalla-sahkoinen-hakemus\">Anna ja vahvista s\u00e4hk\u00f6postiosoitteesi k\u00e4ynnist\u00e4m\u00e4ll\u00e4 s\u00e4hk\u00f6inen hakemus:<\/h3>\n","protected":false},"excerpt":{"rendered":"<p>Voit hakea toisen Working Holiday -viisumin, jos t\u00e4yt\u00e4t&nbsp;kaikki&nbsp;Working Holiday -viisumeihin liittyv\u00e4t vaatimukset&nbsp;ja:&nbsp;&nbsp; Olet&nbsp;t\u00e4ytt\u00e4nyt kaikki&nbsp;ensimm\u00e4isen lomaviisumin&nbsp;ehdot&nbsp;&nbsp; Sinulla ei ole aiemmin ollut [&#8230;]<\/p>\n<p><a class=\"btn btn-secondary understrap-read-more-link\" href=\"https:\/\/auvisa.org\/fi\/visa-workingsecond\/\">Read More&#8230;<span class=\"screen-reader-text\"> from Toinen Working Holiday Viisumi Australiaan: hakemuslomake ( Suomi )<\/span><\/a><\/p>\n","protected":false},"author":3,"featured_media":0,"parent":0,"menu_order":40,"comment_status":"closed","ping_status":"closed","template":"templates\/tpl_acf_form.php","meta":{"inline_featured_image":false,"footnotes":""},"class_list":["post-1758","page","type-page","status-publish","hentry"],"yoast_head":"<!-- This site is optimized with the Yoast SEO plugin v26.9 - https:\/\/yoast.com\/product\/yoast-seo-wordpress\/ -->\n<title>Toinen Working Holiday Viisumi Australiaan: Hakemuslomake (Suomi)<\/title>\n<meta name=\"description\" content=\"Jatkaaksesi Australian oleskelua, t\u00e4yt\u00e4 lomake ja hae toista Australian Working Holiday -viisumia ennen ensimm\u00e4isen WHV:n voimassaolon p\u00e4\u00e4ttymist\u00e4. Visa vahvistetaan 24 tunnissa.\" \/>\n<meta name=\"robots\" content=\"index, follow, max-snippet:-1, max-image-preview:large, max-video-preview:-1\" \/>\n<link rel=\"canonical\" href=\"https:\/\/auvisa.org\/fi\/visa-workingsecond\/\" \/>\n<meta property=\"og:locale\" content=\"fi_FI\" \/>\n<meta property=\"og:type\" content=\"article\" \/>\n<meta property=\"og:title\" content=\"Toinen Working Holiday Viisumi Australiaan: Hakemuslomake (Suomi)\" \/>\n<meta property=\"og:description\" content=\"Jatkaaksesi Australian oleskelua, t\u00e4yt\u00e4 lomake ja hae toista Australian Working Holiday -viisumia ennen ensimm\u00e4isen WHV:n voimassaolon p\u00e4\u00e4ttymist\u00e4. Visa vahvistetaan 24 tunnissa.\" \/>\n<meta property=\"og:url\" content=\"https:\/\/auvisa.org\/fi\/visa-workingsecond\/\" \/>\n<meta property=\"og:site_name\" content=\"Auvisa.org\" \/>\n<meta property=\"article:modified_time\" content=\"2023-07-10T14:03:51+00:00\" \/>\n<meta name=\"twitter:card\" content=\"summary_large_image\" \/>\n<meta name=\"twitter:label1\" content=\"Est. reading time\" \/>\n\t<meta name=\"twitter:data1\" content=\"1 minuutti\" \/>\n<script type=\"application\/ld+json\" class=\"yoast-schema-graph\">{\"@context\":\"https:\/\/schema.org\",\"@graph\":[{\"@type\":\"WebPage\",\"@id\":\"https:\/\/auvisa.org\/fi\/visa-workingsecond\/\",\"url\":\"https:\/\/auvisa.org\/fi\/visa-workingsecond\/\",\"name\":\"Toinen Working Holiday Viisumi Australiaan: Hakemuslomake (Suomi)\",\"isPartOf\":{\"@id\":\"https:\/\/auvisa.org\/fi\/#website\"},\"datePublished\":\"2020-01-07T16:37:23+00:00\",\"dateModified\":\"2023-07-10T14:03:51+00:00\",\"description\":\"Jatkaaksesi Australian oleskelua, t\u00e4yt\u00e4 lomake ja hae toista Australian Working Holiday -viisumia ennen ensimm\u00e4isen WHV:n voimassaolon p\u00e4\u00e4ttymist\u00e4. Visa vahvistetaan 24 tunnissa.\",\"breadcrumb\":{\"@id\":\"https:\/\/auvisa.org\/fi\/visa-workingsecond\/#breadcrumb\"},\"inLanguage\":\"fi\",\"potentialAction\":[{\"@type\":\"ReadAction\",\"target\":[\"https:\/\/auvisa.org\/fi\/visa-workingsecond\/\"]}]},{\"@type\":\"BreadcrumbList\",\"@id\":\"https:\/\/auvisa.org\/fi\/visa-workingsecond\/#breadcrumb\",\"itemListElement\":[{\"@type\":\"ListItem\",\"position\":1,\"name\":\"Home\",\"item\":\"https:\/\/auvisa.org\/fi\/\"},{\"@type\":\"ListItem\",\"position\":2,\"name\":\"Toinen Working Holiday Viisumi Australiaan: hakemuslomake ( Suomi )\"}]},{\"@type\":\"WebSite\",\"@id\":\"https:\/\/auvisa.org\/fi\/#website\",\"url\":\"https:\/\/auvisa.org\/fi\/\",\"name\":\"Auvisa.org\",\"description\":\"\",\"inLanguage\":\"fi\"}]}<\/script>\n<!-- \/ Yoast SEO plugin. -->","yoast_head_json":{"title":"Toinen Working Holiday Viisumi Australiaan: Hakemuslomake (Suomi)","description":"Jatkaaksesi Australian oleskelua, t\u00e4yt\u00e4 lomake ja hae toista Australian Working Holiday -viisumia ennen ensimm\u00e4isen WHV:n voimassaolon p\u00e4\u00e4ttymist\u00e4. Visa vahvistetaan 24 tunnissa.","robots":{"index":"index","follow":"follow","max-snippet":"max-snippet:-1","max-image-preview":"max-image-preview:large","max-video-preview":"max-video-preview:-1"},"canonical":"https:\/\/auvisa.org\/fi\/visa-workingsecond\/","og_locale":"fi_FI","og_type":"article","og_title":"Toinen Working Holiday Viisumi Australiaan: Hakemuslomake (Suomi)","og_description":"Jatkaaksesi Australian oleskelua, t\u00e4yt\u00e4 lomake ja hae toista Australian Working Holiday -viisumia ennen ensimm\u00e4isen WHV:n voimassaolon p\u00e4\u00e4ttymist\u00e4. Visa vahvistetaan 24 tunnissa.","og_url":"https:\/\/auvisa.org\/fi\/visa-workingsecond\/","og_site_name":"Auvisa.org","article_modified_time":"2023-07-10T14:03:51+00:00","twitter_card":"summary_large_image","twitter_misc":{"Est. reading time":"1 minuutti"},"schema":{"@context":"https:\/\/schema.org","@graph":[{"@type":"WebPage","@id":"https:\/\/auvisa.org\/fi\/visa-workingsecond\/","url":"https:\/\/auvisa.org\/fi\/visa-workingsecond\/","name":"Toinen Working Holiday Viisumi Australiaan: Hakemuslomake (Suomi)","isPartOf":{"@id":"https:\/\/auvisa.org\/fi\/#website"},"datePublished":"2020-01-07T16:37:23+00:00","dateModified":"2023-07-10T14:03:51+00:00","description":"Jatkaaksesi Australian oleskelua, t\u00e4yt\u00e4 lomake ja hae toista Australian Working Holiday -viisumia ennen ensimm\u00e4isen WHV:n voimassaolon p\u00e4\u00e4ttymist\u00e4. Visa vahvistetaan 24 tunnissa.","breadcrumb":{"@id":"https:\/\/auvisa.org\/fi\/visa-workingsecond\/#breadcrumb"},"inLanguage":"fi","potentialAction":[{"@type":"ReadAction","target":["https:\/\/auvisa.org\/fi\/visa-workingsecond\/"]}]},{"@type":"BreadcrumbList","@id":"https:\/\/auvisa.org\/fi\/visa-workingsecond\/#breadcrumb","itemListElement":[{"@type":"ListItem","position":1,"name":"Home","item":"https:\/\/auvisa.org\/fi\/"},{"@type":"ListItem","position":2,"name":"Toinen Working Holiday Viisumi Australiaan: hakemuslomake ( Suomi )"}]},{"@type":"WebSite","@id":"https:\/\/auvisa.org\/fi\/#website","url":"https:\/\/auvisa.org\/fi\/","name":"Auvisa.org","description":"","inLanguage":"fi"}]}},"_links":{"self":[{"href":"https:\/\/auvisa.org\/fi\/wp-json\/wp\/v2\/pages\/1758","targetHints":{"allow":["GET"]}}],"collection":[{"href":"https:\/\/auvisa.org\/fi\/wp-json\/wp\/v2\/pages"}],"about":[{"href":"https:\/\/auvisa.org\/fi\/wp-json\/wp\/v2\/types\/page"}],"author":[{"embeddable":true,"href":"https:\/\/auvisa.org\/fi\/wp-json\/wp\/v2\/users\/3"}],"replies":[{"embeddable":true,"href":"https:\/\/auvisa.org\/fi\/wp-json\/wp\/v2\/comments?post=1758"}],"version-history":[{"count":10,"href":"https:\/\/auvisa.org\/fi\/wp-json\/wp\/v2\/pages\/1758\/revisions"}],"predecessor-version":[{"id":14258,"href":"https:\/\/auvisa.org\/fi\/wp-json\/wp\/v2\/pages\/1758\/revisions\/14258"}],"wp:attachment":[{"href":"https:\/\/auvisa.org\/fi\/wp-json\/wp\/v2\/media?parent=1758"}],"curies":[{"name":"wp","href":"https:\/\/api.w.org\/{rel}","templated":true}]}}