{"id":2096,"date":"2020-02-17T17:50:48","date_gmt":"2020-02-17T17:50:48","guid":{"rendered":"https:\/\/auvisa.org\/uk\/?page_id=2096"},"modified":"2026-04-20T12:19:04","modified_gmt":"2026-04-20T09:19:04","slug":"visa","status":"publish","type":"page","link":"https:\/\/auvisa.org\/fi\/visa\/","title":{"rendered":"Australian eVisitor-viisumihakemus"},"content":{"rendered":"\n<div style=\"height:20px\" aria-hidden=\"true\" class=\"wp-block-spacer\"><\/div>\n\n\n\n<h5 style=\"text-align: center\">Hae nyt eVisitor-viisumia<\/h5>\n\n\n\n<p><\/p>\n","protected":false},"excerpt":{"rendered":"<p>Hae nyt eVisitor-viisumia [&#8230;]<\/p>\n<p><a class=\"btn btn-secondary understrap-read-more-link\" href=\"https:\/\/auvisa.org\/fi\/visa\/\">Read More&#8230;<span class=\"screen-reader-text\"> from Australian eVisitor-viisumihakemus<\/span><\/a><\/p>\n","protected":false},"author":3,"featured_media":0,"parent":0,"menu_order":4,"comment_status":"closed","ping_status":"closed","template":"templates\/tpl_acf_form.php","meta":{"inline_featured_image":false,"footnotes":""},"class_list":["post-2096","page","type-page","status-publish","hentry"],"yoast_head":"<!-- This site is optimized with the Yoast SEO plugin v26.9 - https:\/\/yoast.com\/product\/yoast-seo-wordpress\/ -->\n<title>Australia eVisitor Visa: Online-hakemuslomake (Suomi)<\/title>\n<meta name=\"description\" content=\"Hae verkossa Australian eVisitor-viisumia Suomen kansalaisille t\u00e4m\u00e4n nopean hakemuslomakkeen avulla: yksinkertainen lomake ja viisumin hyv\u00e4ksynt\u00e4 24 tunnissa.\" \/>\n<meta name=\"robots\" content=\"index, follow, max-snippet:-1, max-image-preview:large, max-video-preview:-1\" \/>\n<link rel=\"canonical\" href=\"https:\/\/auvisa.org\/fi\/visa\/\" \/>\n<meta property=\"og:locale\" content=\"fi_FI\" \/>\n<meta property=\"og:type\" content=\"article\" \/>\n<meta property=\"og:title\" content=\"Australia eVisitor Visa: Online-hakemuslomake (Suomi)\" \/>\n<meta property=\"og:description\" content=\"Hae verkossa Australian eVisitor-viisumia Suomen kansalaisille t\u00e4m\u00e4n nopean hakemuslomakkeen avulla: yksinkertainen lomake ja viisumin hyv\u00e4ksynt\u00e4 24 tunnissa.\" \/>\n<meta property=\"og:url\" content=\"https:\/\/auvisa.org\/fi\/visa\/\" \/>\n<meta property=\"og:site_name\" content=\"Auvisa.org\" \/>\n<meta property=\"article:modified_time\" content=\"2026-04-20T09:19:04+00:00\" \/>\n<meta name=\"twitter:card\" content=\"summary_large_image\" \/>\n<meta name=\"twitter:label1\" content=\"Est. reading time\" \/>\n\t<meta name=\"twitter:data1\" content=\"1 minuutti\" \/>\n<script type=\"application\/ld+json\" class=\"yoast-schema-graph\">{\"@context\":\"https:\/\/schema.org\",\"@graph\":[{\"@type\":\"WebPage\",\"@id\":\"https:\/\/auvisa.org\/fi\/visa\/\",\"url\":\"https:\/\/auvisa.org\/fi\/visa\/\",\"name\":\"Australia eVisitor Visa: Online-hakemuslomake (Suomi)\",\"isPartOf\":{\"@id\":\"https:\/\/auvisa.org\/fi\/#website\"},\"datePublished\":\"2020-02-17T17:50:48+00:00\",\"dateModified\":\"2026-04-20T09:19:04+00:00\",\"description\":\"Hae verkossa Australian eVisitor-viisumia Suomen kansalaisille t\u00e4m\u00e4n nopean hakemuslomakkeen avulla: yksinkertainen lomake ja viisumin hyv\u00e4ksynt\u00e4 24 tunnissa.\",\"breadcrumb\":{\"@id\":\"https:\/\/auvisa.org\/fi\/visa\/#breadcrumb\"},\"inLanguage\":\"fi\",\"potentialAction\":[{\"@type\":\"ReadAction\",\"target\":[\"https:\/\/auvisa.org\/fi\/visa\/\"]}]},{\"@type\":\"BreadcrumbList\",\"@id\":\"https:\/\/auvisa.org\/fi\/visa\/#breadcrumb\",\"itemListElement\":[{\"@type\":\"ListItem\",\"position\":1,\"name\":\"Home\",\"item\":\"https:\/\/auvisa.org\/fi\/\"},{\"@type\":\"ListItem\",\"position\":2,\"name\":\"Australian eVisitor-viisumihakemus\"}]},{\"@type\":\"WebSite\",\"@id\":\"https:\/\/auvisa.org\/fi\/#website\",\"url\":\"https:\/\/auvisa.org\/fi\/\",\"name\":\"Auvisa.org\",\"description\":\"\",\"inLanguage\":\"fi\"}]}<\/script>\n<!-- \/ Yoast SEO plugin. -->","yoast_head_json":{"title":"Australia eVisitor Visa: Online-hakemuslomake (Suomi)","description":"Hae verkossa Australian eVisitor-viisumia Suomen kansalaisille t\u00e4m\u00e4n nopean hakemuslomakkeen avulla: yksinkertainen lomake ja viisumin hyv\u00e4ksynt\u00e4 24 tunnissa.","robots":{"index":"index","follow":"follow","max-snippet":"max-snippet:-1","max-image-preview":"max-image-preview:large","max-video-preview":"max-video-preview:-1"},"canonical":"https:\/\/auvisa.org\/fi\/visa\/","og_locale":"fi_FI","og_type":"article","og_title":"Australia eVisitor Visa: Online-hakemuslomake (Suomi)","og_description":"Hae verkossa Australian eVisitor-viisumia Suomen kansalaisille t\u00e4m\u00e4n nopean hakemuslomakkeen avulla: yksinkertainen lomake ja viisumin hyv\u00e4ksynt\u00e4 24 tunnissa.","og_url":"https:\/\/auvisa.org\/fi\/visa\/","og_site_name":"Auvisa.org","article_modified_time":"2026-04-20T09:19:04+00:00","twitter_card":"summary_large_image","twitter_misc":{"Est. reading time":"1 minuutti"},"schema":{"@context":"https:\/\/schema.org","@graph":[{"@type":"WebPage","@id":"https:\/\/auvisa.org\/fi\/visa\/","url":"https:\/\/auvisa.org\/fi\/visa\/","name":"Australia eVisitor Visa: Online-hakemuslomake (Suomi)","isPartOf":{"@id":"https:\/\/auvisa.org\/fi\/#website"},"datePublished":"2020-02-17T17:50:48+00:00","dateModified":"2026-04-20T09:19:04+00:00","description":"Hae verkossa Australian eVisitor-viisumia Suomen kansalaisille t\u00e4m\u00e4n nopean hakemuslomakkeen avulla: yksinkertainen lomake ja viisumin hyv\u00e4ksynt\u00e4 24 tunnissa.","breadcrumb":{"@id":"https:\/\/auvisa.org\/fi\/visa\/#breadcrumb"},"inLanguage":"fi","potentialAction":[{"@type":"ReadAction","target":["https:\/\/auvisa.org\/fi\/visa\/"]}]},{"@type":"BreadcrumbList","@id":"https:\/\/auvisa.org\/fi\/visa\/#breadcrumb","itemListElement":[{"@type":"ListItem","position":1,"name":"Home","item":"https:\/\/auvisa.org\/fi\/"},{"@type":"ListItem","position":2,"name":"Australian eVisitor-viisumihakemus"}]},{"@type":"WebSite","@id":"https:\/\/auvisa.org\/fi\/#website","url":"https:\/\/auvisa.org\/fi\/","name":"Auvisa.org","description":"","inLanguage":"fi"}]}},"_links":{"self":[{"href":"https:\/\/auvisa.org\/fi\/wp-json\/wp\/v2\/pages\/2096","targetHints":{"allow":["GET"]}}],"collection":[{"href":"https:\/\/auvisa.org\/fi\/wp-json\/wp\/v2\/pages"}],"about":[{"href":"https:\/\/auvisa.org\/fi\/wp-json\/wp\/v2\/types\/page"}],"author":[{"embeddable":true,"href":"https:\/\/auvisa.org\/fi\/wp-json\/wp\/v2\/users\/3"}],"replies":[{"embeddable":true,"href":"https:\/\/auvisa.org\/fi\/wp-json\/wp\/v2\/comments?post=2096"}],"version-history":[{"count":44,"href":"https:\/\/auvisa.org\/fi\/wp-json\/wp\/v2\/pages\/2096\/revisions"}],"predecessor-version":[{"id":18796,"href":"https:\/\/auvisa.org\/fi\/wp-json\/wp\/v2\/pages\/2096\/revisions\/18796"}],"wp:attachment":[{"href":"https:\/\/auvisa.org\/fi\/wp-json\/wp\/v2\/media?parent=2096"}],"curies":[{"name":"wp","href":"https:\/\/api.w.org\/{rel}","templated":true}]}}