{"id":2616,"date":"2012-02-14T14:42:57","date_gmt":"2012-02-14T14:42:57","guid":{"rendered":"https:\/\/auvisa.org\/?p=187"},"modified":"2023-08-11T15:26:09","modified_gmt":"2023-08-11T12:26:09","slug":"yksityisyyden-suoja","status":"publish","type":"page","link":"https:\/\/auvisa.org\/fi\/yksityisyyden-suoja\/","title":{"rendered":"Yksityisyyden suoja"},"content":{"rendered":"<p>T\u00e4m\u00e4 tietosuojak\u00e4yt\u00e4nt\u00f6 esitet\u00e4\u00e4n miten Visa &amp; Immigration Services LTDd k\u00e4ytt\u00e4\u00e4 ja suojelee tietoja, annat Visa &amp; Immigration Services LTD, kun k\u00e4yt\u00e4t t\u00e4t\u00e4 sivustoa.<\/p>\n<p>Visa &amp; Immigration Services LTD on sitoutunut varmistamaan, ett\u00e4 yksityisyyden suojan. Pit\u00e4isik\u00f6 meid\u00e4n pyyt\u00e4\u00e4 sinua antamaan tiettyj\u00e4 tietoja, joiden avulla voit tunnistaa, kun k\u00e4yt\u00e4t t\u00e4t\u00e4 sivustoa, voit olla varma, ett\u00e4 se k\u00e4ytet\u00e4\u00e4n ainoastaan \u200b\u200bt\u00e4m\u00e4n asetuksen mukaisesti suojaperiaatteet.<\/p>\n<p>Visa &amp; Immigration Services LTD voi muuttaa t\u00e4t\u00e4 politiikkaa ajoittain p\u00e4ivitt\u00e4m\u00e4ll\u00e4 t\u00e4m\u00e4n sivun. Sinun tulisi tarkistaa t\u00e4m\u00e4n sivun ajoittain, jotta olet tyytyv\u00e4inen muutoksiin. T\u00e4m\u00e4 politiikka on voimaan 12.10.2011.<\/p>\n<h2>Mit\u00e4 me ker\u00e4\u00e4mme<\/h2>\n<p>Voimme ker\u00e4t\u00e4 seuraavat tiedot:<\/p>\n<ul>\n<li>T\u00e4ydellinen nimi, syntym\u00e4aika, passin numero ja kortin my\u00f6nt\u00e4nyt yksityiskohdat<\/li>\n<li>Yhteystiedot my\u00f6s s\u00e4hk\u00f6postiosoite ja postiosoite<\/li>\n<li>Muut tarvittavat tiedot hakemuksen<\/li>\n<\/ul>\n<h2>Mit\u00e4 teemme tietoja ker\u00e4\u00e4mme<\/h2>\n<p>Tarvitsemme n\u00e4m\u00e4 tiedot voidakseen tarjota palvelua pyyd\u00e4t (viisumi tai maahantuloluvista).&nbsp;Tietoja edellytet\u00e4\u00e4n valtion virastojen, joka k\u00e4sittelee ja antaa viisumit ja luvat.<\/p>\n<p>Jotta voisit j\u00e4tt\u00e4\u00e4 hakemuksesi me l\u00e4hett\u00e4\u00e4 tiedot antaneelle viranomaiselle.&nbsp;T\u00e4m\u00e4 tapahtuu s\u00e4hk\u00f6isesti salatun ja suojatun yhteyden.<\/p>\n<p>Sy\u00f6tt\u00e4m\u00e4si tiedot, mukaan lukien tulos tai sovelluksen, tulee t\u00e4m\u00e4n j\u00e4lkeen tallennetaan j\u00e4rjestelm\u00e4\u00e4mme, jotta voisit kirjautua ja k\u00e4ytt\u00e4\u00e4 t\u00e4t\u00e4 tietoa.<\/p>\n<h2>Turvallisuus<\/h2>\n<p>Olemme sitoutuneet varmistamaan, ett\u00e4 tietosi ovat turvassa.&nbsp;Jotta luvattomalta k\u00e4yt\u00f6lt\u00e4, olemme ottaneet k\u00e4ytt\u00f6\u00f6n sopivat fyysiset, elektroniset ja johtoteht\u00e4viss\u00e4 menettelyt turvata ja varmistaa tietoja ker\u00e4\u00e4mme verkossa.<\/p>\n<h2>Kuinka k\u00e4yt\u00e4mme ev\u00e4steit\u00e4<\/h2>\n<p>Ev\u00e4ste on pieni tiedosto, joka pyyt\u00e4\u00e4 lupaa sijoittaa tietokoneen kiintolevylle.&nbsp;Kun olet samaa mielt\u00e4, tiedosto on lis\u00e4tty ja ev\u00e4ste auttaa analysoimaan verkkoliikennett\u00e4 tai voit tiet\u00e4\u00e4 kun vierailet tietyss\u00e4 sivustossa.&nbsp;Ev\u00e4steiden avulla web-sovellusten vastata sinua yksil\u00f6n\u00e4.&nbsp;Web-sovelluksen voi r\u00e4\u00e4t\u00e4l\u00f6id\u00e4 toimintaansa tarpeitasi, tykk\u00e4\u00e4 ja inhoaa ker\u00e4\u00e4m\u00e4ll\u00e4 ja muistaa tietoa valintasi.<\/p>\n<p>K\u00e4yt\u00e4mme liikenteen log ev\u00e4steit\u00e4, mitk\u00e4 sivut ovat k\u00e4yt\u00f6ss\u00e4.&nbsp;T\u00e4m\u00e4 auttaa meit\u00e4 analysoimaan tietoja Web-sivun liikenteest\u00e4 ja parantaa verkkosivuilla mukauttamalla se asiakkaiden tarpeisiin.&nbsp;K\u00e4yt\u00e4mme n\u00e4it\u00e4 tietoja tilastollisiin analyyseihin.<\/p>\n<p>Kaiken kaikkiaan, ev\u00e4steet auttavat meit\u00e4 tarjoamaan sinulle paremman verkkosivusto, jonka avulla voimme seurata, mitk\u00e4 sivut l\u00f6yd\u00e4t hy\u00f6dyllist\u00e4 ja jota et.&nbsp;Ev\u00e4ste ei mitenk\u00e4\u00e4n antaa meille p\u00e4\u00e4syn tietokoneeseen tai mit\u00e4\u00e4n tietoja sinusta, muista kuin tietoja haluat jakaa kanssamme.<\/p>\n<p>Voit joko hyv\u00e4ksy\u00e4 tai torjua ev\u00e4steet.&nbsp;Useimmat selaimet hyv\u00e4ksyv\u00e4t ev\u00e4steet automaattisesti, mutta yleens\u00e4 voit muokata selaimesi asetuksia hylk\u00e4\u00e4m\u00e4\u00e4n ev\u00e4steet.&nbsp;T\u00e4m\u00e4 saattaa est\u00e4\u00e4 sinua ottaen t\u00e4yden hy\u00f6dyn verkkosivuilla.&nbsp;T\u00e4m\u00e4 sivusto on jo asetettu ev\u00e4steit\u00e4 tietokoneeseen, jos selain on asetettu sallia sit\u00e4.&nbsp;Jos et hyv\u00e4ksy t\u00e4t\u00e4, voit sulkea t\u00e4m\u00e4n ikkunan ja poistaa ev\u00e4steet selaimestasi.<\/p>\n<h2>Linkit muille sivuille<\/h2>\n<p>Sivustomme saattaa sis\u00e4lt\u00e4\u00e4 linkkej\u00e4 muille sivuille kiinnostaa.&nbsp;Kuitenkin, kun olet k\u00e4ytt\u00e4nyt n\u00e4it\u00e4 linkkej\u00e4 l\u00e4hte\u00e4 sivustollemme, sinun pit\u00e4isi huomata, ett\u00e4 meill\u00e4 ei ole mit\u00e4\u00e4n sanomista, ett\u00e4 muut verkkosivuilla.&nbsp;Siksi emme voi olla vastuussa ja yksityisyyden suojaa kaikki tiedot, jotka annat samalla vierailulla n\u00e4ihin sivustoihin ja t\u00e4llaisten sivustojen ei kuulu t\u00e4m\u00e4n tietosuojalausunnon.Sinun tulee noudattaa varovaisuutta ja katsoa tietosuojailmoitukseen verkkosivuilla kysymys.<\/p>\n<h2>Hallinta henkil\u00f6tietosi<\/h2>\n<p>Emme myy, jakele tai vuokraa henkil\u00f6kohtaisia \u200b\u200btietoja kolmansille osapuolille, ellei meill\u00e4 ole lupaa tai laki vaatii sit\u00e4.&nbsp;Emme koskaan k\u00e4yt\u00e4 henkil\u00f6kohtaisia \u200b\u200btietoja l\u00e4hett\u00e4\u00e4 sinulle myynninedist\u00e4mistarkoituksessa tietoja kolmansille osapuolille.&nbsp;Jotta t\u00e4yt\u00e4 hakemuksesi, meid\u00e4n t\u00e4ytyy antaa tietoja asianomaisten valtion virastojen, jotka sallivat viisumit tai luvat.<\/p>\n<p>Jos uskot, ett\u00e4 kaikki tiedot k\u00e4ymme teit\u00e4 ovat virheellisi\u00e4 tai puutteellisia, kirjoita tai l\u00e4het\u00e4 s\u00e4hk\u00f6postia mahdollisimman pian, edell\u00e4 mainittuun osoitteeseen.&nbsp;Teemme nopeasti korjaamaan mahdolliset tiedot todetaan virheellisiksi.<\/p>\n<p>Jos et halua vastaanottaa viestint\u00e4\u00e4 meilt\u00e4, \u200b\u200btai haluat poistaa asiakastietokannassamme ota rohkeasti yhteytt\u00e4 meille pyynt\u00f6 ja me p\u00e4ivitt\u00e4\u00e4 tai poistaa tietueita viipym\u00e4tt\u00e4.<\/p>\n","protected":false},"excerpt":{"rendered":"<p>T\u00e4m\u00e4 tietosuojak\u00e4yt\u00e4nt\u00f6 esitet\u00e4\u00e4n miten Visa &amp; Immigration Services LTDd k\u00e4ytt\u00e4\u00e4 ja suojelee tietoja, annat Visa &amp; Immigration Services LTD, kun [&#8230;]<\/p>\n<p><a class=\"btn btn-secondary understrap-read-more-link\" href=\"https:\/\/auvisa.org\/fi\/yksityisyyden-suoja\/\">Read More&#8230;<span class=\"screen-reader-text\"> from Yksityisyyden suoja<\/span><\/a><\/p>\n","protected":false},"author":4,"featured_media":0,"parent":0,"menu_order":0,"comment_status":"open","ping_status":"open","template":"","meta":{"inline_featured_image":false,"footnotes":""},"class_list":["post-2616","page","type-page","status-publish","hentry"],"yoast_head":"<!-- This site is optimized with the Yoast SEO plugin v26.9 - https:\/\/yoast.com\/product\/yoast-seo-wordpress\/ -->\n<title>Yksityisyyden suoja - Auvisa.org - Visa &amp; Immigration Services LTD<\/title>\n<meta name=\"description\" content=\"Yksityisyyden suoja - Auvisa.org - Visa &amp; Immigration Services LTD\" \/>\n<meta name=\"robots\" content=\"index, follow, max-snippet:-1, max-image-preview:large, max-video-preview:-1\" \/>\n<link rel=\"canonical\" href=\"https:\/\/auvisa.org\/fi\/yksityisyyden-suoja\/\" \/>\n<meta property=\"og:locale\" content=\"fi_FI\" \/>\n<meta property=\"og:type\" content=\"article\" \/>\n<meta property=\"og:title\" content=\"Yksityisyyden suoja - Auvisa.org - Visa &amp; Immigration Services LTD\" \/>\n<meta property=\"og:description\" content=\"Yksityisyyden suoja - Auvisa.org - Visa &amp; Immigration Services LTD\" \/>\n<meta property=\"og:url\" content=\"https:\/\/auvisa.org\/fi\/yksityisyyden-suoja\/\" \/>\n<meta property=\"og:site_name\" content=\"Auvisa.org\" \/>\n<meta property=\"article:modified_time\" content=\"2023-08-11T12:26:09+00:00\" \/>\n<meta name=\"twitter:card\" content=\"summary_large_image\" \/>\n<meta name=\"twitter:label1\" content=\"Est. reading time\" \/>\n\t<meta name=\"twitter:data1\" content=\"4 minuuttia\" \/>\n<script type=\"application\/ld+json\" class=\"yoast-schema-graph\">{\"@context\":\"https:\/\/schema.org\",\"@graph\":[{\"@type\":\"WebPage\",\"@id\":\"https:\/\/auvisa.org\/fi\/yksityisyyden-suoja\/\",\"url\":\"https:\/\/auvisa.org\/fi\/yksityisyyden-suoja\/\",\"name\":\"Yksityisyyden suoja - Auvisa.org - Visa & Immigration Services LTD\",\"isPartOf\":{\"@id\":\"https:\/\/auvisa.org\/fi\/#website\"},\"datePublished\":\"2012-02-14T14:42:57+00:00\",\"dateModified\":\"2023-08-11T12:26:09+00:00\",\"description\":\"Yksityisyyden suoja - Auvisa.org - Visa & Immigration Services LTD\",\"breadcrumb\":{\"@id\":\"https:\/\/auvisa.org\/fi\/yksityisyyden-suoja\/#breadcrumb\"},\"inLanguage\":\"fi\",\"potentialAction\":[{\"@type\":\"ReadAction\",\"target\":[\"https:\/\/auvisa.org\/fi\/yksityisyyden-suoja\/\"]}]},{\"@type\":\"BreadcrumbList\",\"@id\":\"https:\/\/auvisa.org\/fi\/yksityisyyden-suoja\/#breadcrumb\",\"itemListElement\":[{\"@type\":\"ListItem\",\"position\":1,\"name\":\"Home\",\"item\":\"https:\/\/auvisa.org\/fi\/\"},{\"@type\":\"ListItem\",\"position\":2,\"name\":\"Yksityisyyden suoja\"}]},{\"@type\":\"WebSite\",\"@id\":\"https:\/\/auvisa.org\/fi\/#website\",\"url\":\"https:\/\/auvisa.org\/fi\/\",\"name\":\"Auvisa.org\",\"description\":\"\",\"inLanguage\":\"fi\"}]}<\/script>\n<!-- \/ Yoast SEO plugin. -->","yoast_head_json":{"title":"Yksityisyyden suoja - Auvisa.org - Visa & Immigration Services LTD","description":"Yksityisyyden suoja - Auvisa.org - Visa & Immigration Services LTD","robots":{"index":"index","follow":"follow","max-snippet":"max-snippet:-1","max-image-preview":"max-image-preview:large","max-video-preview":"max-video-preview:-1"},"canonical":"https:\/\/auvisa.org\/fi\/yksityisyyden-suoja\/","og_locale":"fi_FI","og_type":"article","og_title":"Yksityisyyden suoja - Auvisa.org - Visa & Immigration Services LTD","og_description":"Yksityisyyden suoja - Auvisa.org - Visa & Immigration Services LTD","og_url":"https:\/\/auvisa.org\/fi\/yksityisyyden-suoja\/","og_site_name":"Auvisa.org","article_modified_time":"2023-08-11T12:26:09+00:00","twitter_card":"summary_large_image","twitter_misc":{"Est. reading time":"4 minuuttia"},"schema":{"@context":"https:\/\/schema.org","@graph":[{"@type":"WebPage","@id":"https:\/\/auvisa.org\/fi\/yksityisyyden-suoja\/","url":"https:\/\/auvisa.org\/fi\/yksityisyyden-suoja\/","name":"Yksityisyyden suoja - Auvisa.org - Visa & Immigration Services LTD","isPartOf":{"@id":"https:\/\/auvisa.org\/fi\/#website"},"datePublished":"2012-02-14T14:42:57+00:00","dateModified":"2023-08-11T12:26:09+00:00","description":"Yksityisyyden suoja - Auvisa.org - Visa & Immigration Services LTD","breadcrumb":{"@id":"https:\/\/auvisa.org\/fi\/yksityisyyden-suoja\/#breadcrumb"},"inLanguage":"fi","potentialAction":[{"@type":"ReadAction","target":["https:\/\/auvisa.org\/fi\/yksityisyyden-suoja\/"]}]},{"@type":"BreadcrumbList","@id":"https:\/\/auvisa.org\/fi\/yksityisyyden-suoja\/#breadcrumb","itemListElement":[{"@type":"ListItem","position":1,"name":"Home","item":"https:\/\/auvisa.org\/fi\/"},{"@type":"ListItem","position":2,"name":"Yksityisyyden suoja"}]},{"@type":"WebSite","@id":"https:\/\/auvisa.org\/fi\/#website","url":"https:\/\/auvisa.org\/fi\/","name":"Auvisa.org","description":"","inLanguage":"fi"}]}},"_links":{"self":[{"href":"https:\/\/auvisa.org\/fi\/wp-json\/wp\/v2\/pages\/2616","targetHints":{"allow":["GET"]}}],"collection":[{"href":"https:\/\/auvisa.org\/fi\/wp-json\/wp\/v2\/pages"}],"about":[{"href":"https:\/\/auvisa.org\/fi\/wp-json\/wp\/v2\/types\/page"}],"author":[{"embeddable":true,"href":"https:\/\/auvisa.org\/fi\/wp-json\/wp\/v2\/users\/4"}],"replies":[{"embeddable":true,"href":"https:\/\/auvisa.org\/fi\/wp-json\/wp\/v2\/comments?post=2616"}],"version-history":[{"count":5,"href":"https:\/\/auvisa.org\/fi\/wp-json\/wp\/v2\/pages\/2616\/revisions"}],"predecessor-version":[{"id":14451,"href":"https:\/\/auvisa.org\/fi\/wp-json\/wp\/v2\/pages\/2616\/revisions\/14451"}],"wp:attachment":[{"href":"https:\/\/auvisa.org\/fi\/wp-json\/wp\/v2\/media?parent=2616"}],"curies":[{"name":"wp","href":"https:\/\/api.w.org\/{rel}","templated":true}]}}