{"id":2629,"date":"2020-05-16T13:22:50","date_gmt":"2020-05-16T13:22:50","guid":{"rendered":"https:\/\/auvisa.org\/fi\/?page_id=2629"},"modified":"2020-06-03T14:52:07","modified_gmt":"2020-06-03T14:52:07","slug":"toinen-tyolomaviisumi-suomi","status":"publish","type":"page","link":"https:\/\/auvisa.org\/fi\/toinen-tyolomaviisumi-suomi\/","title":{"rendered":"Toinen Working Holiday Viisumi Australiaan (Suomen Kansalaiset)"},"content":{"rendered":"\n<h3 class=\"wp-block-heading\" id=\"first-paragraph\"><strong>Lis\u00e4tietoja toisesta ty\u00f6lomaviisumista<\/strong><\/h3>\n\n\n\n<p>Voit hakea toista Working Holiday -viisumia, jos t\u00e4yt\u00e4t tietyt vaatimukset:<\/p>\n\n\n\n<ul class=\"wp-block-list\"><li>Ehdot, jotka koskevat&nbsp;<a href=\"\/fi\/working-holiday-viisumi-australiaan\/\" class=\"aioseop-link\">ensimm\u00e4ist\u00e4 Working Holiday -viisumia<\/a>&nbsp;, lis\u00e4ksi:<ul><li>olet t\u00e4ytt\u00e4nyt ensimm\u00e4isen lomaviisumin kaikki ehdot<\/li><\/ul><ul><li>et ole aiemmin&nbsp;saanut&nbsp;useampaa kuin yhden ty\u00f6lomaviisumin<\/li><\/ul><ul><li>suorittanut kolmen kuukauden&nbsp;<a href=\"\/fi\/working-holiday-viisumi-australiaan\/#specified\" class=\"aioseop-link\">m\u00e4\u00e4ritelty&nbsp;w&nbsp;ork<\/a>&nbsp;alueellisilla&nbsp;alueilla&nbsp;Australiassa ensimm\u00e4isen Working Holiday viisumin haltijana.&nbsp;&nbsp;<\/li><\/ul><\/li><\/ul>\n\n\n\n<p>Jos olet parhaillaan Australiassa ensimm\u00e4isell\u00e4 Working Holiday -viisumilla ja haluat pysy\u00e4 maassa, sinun on&nbsp;<strong>haettava toista Working Holiday -viisumia ennen kuin sen voimassaolo p\u00e4\u00e4ttyy<\/strong>.&nbsp;<\/p>\n\n\n\n<p>\u201dM\u00e4\u00e4ritelty&nbsp;ty\u00f6\u201d&nbsp;on ty\u00f6t\u00e4, jota suoritetaan<strong> tietyn ty\u00f6n tai alan parissa ja alueilla<\/strong>, mukaan lukien:&nbsp;<\/p>\n\n\n\n<ul class=\"wp-block-list\"><li><strong>Kalastus ja helmien kalastus&nbsp;<\/strong>Pohjois-Australiassa<\/li><li><strong>Puunviljely&nbsp;<\/strong>ja hakkuut Pohjois-Australiassa<\/li><li><strong>Matkailu ja vieraanvaraisuus&nbsp;<\/strong>Pohjois-Australiassa<\/li><li><strong>Kasvien ja el\u00e4inten viljely&nbsp;<\/strong>Pohjois-Australiassa ja muilla m\u00e4\u00e4ritellyill\u00e4 alueilla<\/li><\/ul>\n\n\n\n<p>Lis\u00e4tietoja tietyist\u00e4 ty\u00f6paikoista on&nbsp;<a href=\"\/fi\/working-holiday-viisumi-australiaan\/#specified\" class=\"aioseop-link\">omistettu Working Holiday Visa -osiossa<\/a>&nbsp;.&nbsp;<\/p>\n\n\n\n<div class=\"text-right\"><a href=\"\/fi\/visa-workingsecond\/\" class=\"btn  px-5 btn-green\">Hae toinen WHV viisumi<\/a><\/div>\n","protected":false},"excerpt":{"rendered":"<p>Lis\u00e4tietoja toisesta ty\u00f6lomaviisumista Voit hakea toista Working Holiday -viisumia, jos t\u00e4yt\u00e4t tietyt vaatimukset: Ehdot, jotka koskevat&nbsp;ensimm\u00e4ist\u00e4 Working Holiday -viisumia&nbsp;, lis\u00e4ksi: [&#8230;]<\/p>\n<p><a class=\"btn btn-secondary understrap-read-more-link\" href=\"https:\/\/auvisa.org\/fi\/toinen-tyolomaviisumi-suomi\/\">Read More&#8230;<span class=\"screen-reader-text\"> from Toinen Working Holiday Viisumi Australiaan (Suomen Kansalaiset)<\/span><\/a><\/p>\n","protected":false},"author":5,"featured_media":0,"parent":0,"menu_order":5,"comment_status":"closed","ping_status":"closed","template":"templates\/tpl_spiegazione.php","meta":{"inline_featured_image":false,"footnotes":""},"class_list":["post-2629","page","type-page","status-publish","hentry"],"yoast_head":"<!-- This site is optimized with the Yoast SEO plugin v26.9 - https:\/\/yoast.com\/product\/yoast-seo-wordpress\/ -->\n<title>Australian Toinen Working Holiday Viisumi Suomen kansalaisille<\/title>\n<meta name=\"description\" content=\"Toinen ty\u00f6lomaviisumi on tarkoitettu niille, joille on my\u00f6nnetty Working Holiday -viisumi ja jotka haluavat jatkaa oleskeluaan Australiassa. Hae verkossa.\" \/>\n<meta name=\"robots\" content=\"index, follow, max-snippet:-1, max-image-preview:large, max-video-preview:-1\" \/>\n<link rel=\"canonical\" href=\"https:\/\/auvisa.org\/fi\/toinen-tyolomaviisumi-suomi\/\" \/>\n<meta property=\"og:locale\" content=\"fi_FI\" \/>\n<meta property=\"og:type\" content=\"article\" \/>\n<meta property=\"og:title\" content=\"Australian Toinen Working Holiday Viisumi Suomen kansalaisille\" \/>\n<meta property=\"og:description\" content=\"Toinen ty\u00f6lomaviisumi on tarkoitettu niille, joille on my\u00f6nnetty Working Holiday -viisumi ja jotka haluavat jatkaa oleskeluaan Australiassa. Hae verkossa.\" \/>\n<meta property=\"og:url\" content=\"https:\/\/auvisa.org\/fi\/toinen-tyolomaviisumi-suomi\/\" \/>\n<meta property=\"og:site_name\" content=\"Auvisa.org\" \/>\n<meta property=\"article:modified_time\" content=\"2020-06-03T14:52:07+00:00\" \/>\n<meta name=\"twitter:card\" content=\"summary_large_image\" \/>\n<meta name=\"twitter:label1\" content=\"Est. reading time\" \/>\n\t<meta name=\"twitter:data1\" content=\"1 minuutti\" \/>\n<script type=\"application\/ld+json\" class=\"yoast-schema-graph\">{\"@context\":\"https:\/\/schema.org\",\"@graph\":[{\"@type\":\"WebPage\",\"@id\":\"https:\/\/auvisa.org\/fi\/toinen-tyolomaviisumi-suomi\/\",\"url\":\"https:\/\/auvisa.org\/fi\/toinen-tyolomaviisumi-suomi\/\",\"name\":\"Australian Toinen Working Holiday Viisumi Suomen kansalaisille\",\"isPartOf\":{\"@id\":\"https:\/\/auvisa.org\/fi\/#website\"},\"datePublished\":\"2020-05-16T13:22:50+00:00\",\"dateModified\":\"2020-06-03T14:52:07+00:00\",\"description\":\"Toinen ty\u00f6lomaviisumi on tarkoitettu niille, joille on my\u00f6nnetty Working Holiday -viisumi ja jotka haluavat jatkaa oleskeluaan Australiassa. Hae verkossa.\",\"breadcrumb\":{\"@id\":\"https:\/\/auvisa.org\/fi\/toinen-tyolomaviisumi-suomi\/#breadcrumb\"},\"inLanguage\":\"fi\",\"potentialAction\":[{\"@type\":\"ReadAction\",\"target\":[\"https:\/\/auvisa.org\/fi\/toinen-tyolomaviisumi-suomi\/\"]}]},{\"@type\":\"BreadcrumbList\",\"@id\":\"https:\/\/auvisa.org\/fi\/toinen-tyolomaviisumi-suomi\/#breadcrumb\",\"itemListElement\":[{\"@type\":\"ListItem\",\"position\":1,\"name\":\"Home\",\"item\":\"https:\/\/auvisa.org\/fi\/\"},{\"@type\":\"ListItem\",\"position\":2,\"name\":\"Toinen Working Holiday Viisumi Australiaan (Suomen Kansalaiset)\"}]},{\"@type\":\"WebSite\",\"@id\":\"https:\/\/auvisa.org\/fi\/#website\",\"url\":\"https:\/\/auvisa.org\/fi\/\",\"name\":\"Auvisa.org\",\"description\":\"\",\"inLanguage\":\"fi\"}]}<\/script>\n<!-- \/ Yoast SEO plugin. -->","yoast_head_json":{"title":"Australian Toinen Working Holiday Viisumi Suomen kansalaisille","description":"Toinen ty\u00f6lomaviisumi on tarkoitettu niille, joille on my\u00f6nnetty Working Holiday -viisumi ja jotka haluavat jatkaa oleskeluaan Australiassa. Hae verkossa.","robots":{"index":"index","follow":"follow","max-snippet":"max-snippet:-1","max-image-preview":"max-image-preview:large","max-video-preview":"max-video-preview:-1"},"canonical":"https:\/\/auvisa.org\/fi\/toinen-tyolomaviisumi-suomi\/","og_locale":"fi_FI","og_type":"article","og_title":"Australian Toinen Working Holiday Viisumi Suomen kansalaisille","og_description":"Toinen ty\u00f6lomaviisumi on tarkoitettu niille, joille on my\u00f6nnetty Working Holiday -viisumi ja jotka haluavat jatkaa oleskeluaan Australiassa. Hae verkossa.","og_url":"https:\/\/auvisa.org\/fi\/toinen-tyolomaviisumi-suomi\/","og_site_name":"Auvisa.org","article_modified_time":"2020-06-03T14:52:07+00:00","twitter_card":"summary_large_image","twitter_misc":{"Est. reading time":"1 minuutti"},"schema":{"@context":"https:\/\/schema.org","@graph":[{"@type":"WebPage","@id":"https:\/\/auvisa.org\/fi\/toinen-tyolomaviisumi-suomi\/","url":"https:\/\/auvisa.org\/fi\/toinen-tyolomaviisumi-suomi\/","name":"Australian Toinen Working Holiday Viisumi Suomen kansalaisille","isPartOf":{"@id":"https:\/\/auvisa.org\/fi\/#website"},"datePublished":"2020-05-16T13:22:50+00:00","dateModified":"2020-06-03T14:52:07+00:00","description":"Toinen ty\u00f6lomaviisumi on tarkoitettu niille, joille on my\u00f6nnetty Working Holiday -viisumi ja jotka haluavat jatkaa oleskeluaan Australiassa. Hae verkossa.","breadcrumb":{"@id":"https:\/\/auvisa.org\/fi\/toinen-tyolomaviisumi-suomi\/#breadcrumb"},"inLanguage":"fi","potentialAction":[{"@type":"ReadAction","target":["https:\/\/auvisa.org\/fi\/toinen-tyolomaviisumi-suomi\/"]}]},{"@type":"BreadcrumbList","@id":"https:\/\/auvisa.org\/fi\/toinen-tyolomaviisumi-suomi\/#breadcrumb","itemListElement":[{"@type":"ListItem","position":1,"name":"Home","item":"https:\/\/auvisa.org\/fi\/"},{"@type":"ListItem","position":2,"name":"Toinen Working Holiday Viisumi Australiaan (Suomen Kansalaiset)"}]},{"@type":"WebSite","@id":"https:\/\/auvisa.org\/fi\/#website","url":"https:\/\/auvisa.org\/fi\/","name":"Auvisa.org","description":"","inLanguage":"fi"}]}},"_links":{"self":[{"href":"https:\/\/auvisa.org\/fi\/wp-json\/wp\/v2\/pages\/2629","targetHints":{"allow":["GET"]}}],"collection":[{"href":"https:\/\/auvisa.org\/fi\/wp-json\/wp\/v2\/pages"}],"about":[{"href":"https:\/\/auvisa.org\/fi\/wp-json\/wp\/v2\/types\/page"}],"author":[{"embeddable":true,"href":"https:\/\/auvisa.org\/fi\/wp-json\/wp\/v2\/users\/5"}],"replies":[{"embeddable":true,"href":"https:\/\/auvisa.org\/fi\/wp-json\/wp\/v2\/comments?post=2629"}],"version-history":[{"count":7,"href":"https:\/\/auvisa.org\/fi\/wp-json\/wp\/v2\/pages\/2629\/revisions"}],"predecessor-version":[{"id":2758,"href":"https:\/\/auvisa.org\/fi\/wp-json\/wp\/v2\/pages\/2629\/revisions\/2758"}],"wp:attachment":[{"href":"https:\/\/auvisa.org\/fi\/wp-json\/wp\/v2\/media?parent=2629"}],"curies":[{"name":"wp","href":"https:\/\/api.w.org\/{rel}","templated":true}]}}