{"id":2634,"date":"2020-05-16T13:39:18","date_gmt":"2020-05-16T13:39:18","guid":{"rendered":"https:\/\/auvisa.org\/fi\/?page_id=2634"},"modified":"2023-07-10T17:11:03","modified_gmt":"2023-07-10T14:11:03","slug":"australian-valiaikaisen-tyon-visa-suomi","status":"publish","type":"page","link":"https:\/\/auvisa.org\/fi\/australian-valiaikaisen-tyon-visa-suomi\/","title":{"rendered":"Australian v\u00e4liaikaisen ty\u00f6n Visa (Suomi)"},"content":{"rendered":"\n<h2 class=\"wp-block-heading\" id=\"first-paragraph\">Australian v\u00e4liaikaisen ty\u00f6n viisumi suomalaisille<\/h2>\n\n\n\n<p>T\u00e4m\u00e4 viisumi on tarkoitettu Suomen kansalaisille, jotka menev\u00e4t Australiaan tekem\u00e4\u00e4n v\u00e4liaikaista ty\u00f6t\u00e4. <strong>Viisumi voidaan my\u00f6nt\u00e4\u00e4 enint\u00e4\u00e4n kolmeksi kuukaudeksi<\/strong>.<\/p>\n\n\n\n<p>Voit hakea viisumia, jos:<\/p>\n\n\n\n<ul class=\"wp-block-list\"><li>Olet Australian ulkopuolella<\/li><li>Aiot tehd\u00e4 lyhytaikaista, eritt\u00e4in erikoistunutta, v\u00e4liaikaista ty\u00f6t\u00e4<\/li><li>Osallistu kulttuuriseen tai sosiaaliseen tapahtumaan<\/li><li>Osallistut toimintaan tai ty\u00f6h\u00f6n, joka liittyy Australian etuihin<\/li><\/ul>\n\n\n\n<p>Hakeaksesi organisaatiota, johon aiot ty\u00f6skennell\u00e4, sinut on kutsuttu. Sinulla on my\u00f6s oltava ty\u00f6h\u00f6n liittyvi\u00e4 henkil\u00f6kohtaisia ominaisuuksia tai ty\u00f6llisyystausta. Sinua pyydet\u00e4\u00e4n toimittamaan erilaisia asiakirjoja hakemuksen t\u00e4ytt\u00e4miseksi.<\/p>\n\n\n\n<p>Jokaisen viisumin hinta on <span class=\"woocommerce-Price-amount amount\"><bdi><span class=\"woocommerce-Price-currencySymbol\">&euro;<\/span>550,00<\/bdi><\/span>.<\/p>\n","protected":false},"excerpt":{"rendered":"<p>Australian v\u00e4liaikaisen ty\u00f6n viisumi suomalaisille T\u00e4m\u00e4 viisumi on tarkoitettu Suomen kansalaisille, jotka menev\u00e4t Australiaan tekem\u00e4\u00e4n v\u00e4liaikaista ty\u00f6t\u00e4. Viisumi voidaan my\u00f6nt\u00e4\u00e4 [&#8230;]<\/p>\n<p><a class=\"btn btn-secondary understrap-read-more-link\" href=\"https:\/\/auvisa.org\/fi\/australian-valiaikaisen-tyon-visa-suomi\/\">Read More&#8230;<span class=\"screen-reader-text\"> from Australian v\u00e4liaikaisen ty\u00f6n Visa (Suomi)<\/span><\/a><\/p>\n","protected":false},"author":5,"featured_media":0,"parent":0,"menu_order":20,"comment_status":"closed","ping_status":"closed","template":"templates\/tpl_spiegazione.php","meta":{"inline_featured_image":false,"footnotes":""},"class_list":["post-2634","page","type-page","status-publish","hentry"],"yoast_head":"<!-- This site is optimized with the Yoast SEO plugin v26.9 - https:\/\/yoast.com\/product\/yoast-seo-wordpress\/ -->\n<title>Australian v\u00e4liaikaisen ty\u00f6n Visa (Suomi)<\/title>\n<meta name=\"description\" content=\"Australian v\u00e4liaikaisen ty\u00f6n viisumi (alaluokka 400) on tarkoitettu Suomen kansalaisille, jotka l\u00e4htev\u00e4t Australiaan tekem\u00e4\u00e4n eritt\u00e4in erikoista, v\u00e4liaikaista ty\u00f6t\u00e4. Hae verkossa.\" \/>\n<meta name=\"robots\" content=\"index, follow, max-snippet:-1, max-image-preview:large, max-video-preview:-1\" \/>\n<link rel=\"canonical\" href=\"https:\/\/auvisa.org\/fi\/australian-valiaikaisen-tyon-visa-suomi\/\" \/>\n<meta property=\"og:locale\" content=\"fi_FI\" \/>\n<meta property=\"og:type\" content=\"article\" \/>\n<meta property=\"og:title\" content=\"Australian v\u00e4liaikaisen ty\u00f6n Visa (Suomi)\" \/>\n<meta property=\"og:description\" content=\"Australian v\u00e4liaikaisen ty\u00f6n viisumi (alaluokka 400) on tarkoitettu Suomen kansalaisille, jotka l\u00e4htev\u00e4t Australiaan tekem\u00e4\u00e4n eritt\u00e4in erikoista, v\u00e4liaikaista ty\u00f6t\u00e4. Hae verkossa.\" \/>\n<meta property=\"og:url\" content=\"https:\/\/auvisa.org\/fi\/australian-valiaikaisen-tyon-visa-suomi\/\" \/>\n<meta property=\"og:site_name\" content=\"Auvisa.org\" \/>\n<meta property=\"article:modified_time\" content=\"2023-07-10T14:11:03+00:00\" \/>\n<meta name=\"twitter:card\" content=\"summary_large_image\" \/>\n<meta name=\"twitter:label1\" content=\"Est. reading time\" \/>\n\t<meta name=\"twitter:data1\" content=\"1 minuutti\" \/>\n<script type=\"application\/ld+json\" class=\"yoast-schema-graph\">{\"@context\":\"https:\/\/schema.org\",\"@graph\":[{\"@type\":\"WebPage\",\"@id\":\"https:\/\/auvisa.org\/fi\/australian-valiaikaisen-tyon-visa-suomi\/\",\"url\":\"https:\/\/auvisa.org\/fi\/australian-valiaikaisen-tyon-visa-suomi\/\",\"name\":\"Australian v\u00e4liaikaisen ty\u00f6n Visa (Suomi)\",\"isPartOf\":{\"@id\":\"https:\/\/auvisa.org\/fi\/#website\"},\"datePublished\":\"2020-05-16T13:39:18+00:00\",\"dateModified\":\"2023-07-10T14:11:03+00:00\",\"description\":\"Australian v\u00e4liaikaisen ty\u00f6n viisumi (alaluokka 400) on tarkoitettu Suomen kansalaisille, jotka l\u00e4htev\u00e4t Australiaan tekem\u00e4\u00e4n eritt\u00e4in erikoista, v\u00e4liaikaista ty\u00f6t\u00e4. Hae verkossa.\",\"breadcrumb\":{\"@id\":\"https:\/\/auvisa.org\/fi\/australian-valiaikaisen-tyon-visa-suomi\/#breadcrumb\"},\"inLanguage\":\"fi\",\"potentialAction\":[{\"@type\":\"ReadAction\",\"target\":[\"https:\/\/auvisa.org\/fi\/australian-valiaikaisen-tyon-visa-suomi\/\"]}]},{\"@type\":\"BreadcrumbList\",\"@id\":\"https:\/\/auvisa.org\/fi\/australian-valiaikaisen-tyon-visa-suomi\/#breadcrumb\",\"itemListElement\":[{\"@type\":\"ListItem\",\"position\":1,\"name\":\"Home\",\"item\":\"https:\/\/auvisa.org\/fi\/\"},{\"@type\":\"ListItem\",\"position\":2,\"name\":\"Australian v\u00e4liaikaisen ty\u00f6n Visa (Suomi)\"}]},{\"@type\":\"WebSite\",\"@id\":\"https:\/\/auvisa.org\/fi\/#website\",\"url\":\"https:\/\/auvisa.org\/fi\/\",\"name\":\"Auvisa.org\",\"description\":\"\",\"inLanguage\":\"fi\"}]}<\/script>\n<!-- \/ Yoast SEO plugin. -->","yoast_head_json":{"title":"Australian v\u00e4liaikaisen ty\u00f6n Visa (Suomi)","description":"Australian v\u00e4liaikaisen ty\u00f6n viisumi (alaluokka 400) on tarkoitettu Suomen kansalaisille, jotka l\u00e4htev\u00e4t Australiaan tekem\u00e4\u00e4n eritt\u00e4in erikoista, v\u00e4liaikaista ty\u00f6t\u00e4. Hae verkossa.","robots":{"index":"index","follow":"follow","max-snippet":"max-snippet:-1","max-image-preview":"max-image-preview:large","max-video-preview":"max-video-preview:-1"},"canonical":"https:\/\/auvisa.org\/fi\/australian-valiaikaisen-tyon-visa-suomi\/","og_locale":"fi_FI","og_type":"article","og_title":"Australian v\u00e4liaikaisen ty\u00f6n Visa (Suomi)","og_description":"Australian v\u00e4liaikaisen ty\u00f6n viisumi (alaluokka 400) on tarkoitettu Suomen kansalaisille, jotka l\u00e4htev\u00e4t Australiaan tekem\u00e4\u00e4n eritt\u00e4in erikoista, v\u00e4liaikaista ty\u00f6t\u00e4. Hae verkossa.","og_url":"https:\/\/auvisa.org\/fi\/australian-valiaikaisen-tyon-visa-suomi\/","og_site_name":"Auvisa.org","article_modified_time":"2023-07-10T14:11:03+00:00","twitter_card":"summary_large_image","twitter_misc":{"Est. reading time":"1 minuutti"},"schema":{"@context":"https:\/\/schema.org","@graph":[{"@type":"WebPage","@id":"https:\/\/auvisa.org\/fi\/australian-valiaikaisen-tyon-visa-suomi\/","url":"https:\/\/auvisa.org\/fi\/australian-valiaikaisen-tyon-visa-suomi\/","name":"Australian v\u00e4liaikaisen ty\u00f6n Visa (Suomi)","isPartOf":{"@id":"https:\/\/auvisa.org\/fi\/#website"},"datePublished":"2020-05-16T13:39:18+00:00","dateModified":"2023-07-10T14:11:03+00:00","description":"Australian v\u00e4liaikaisen ty\u00f6n viisumi (alaluokka 400) on tarkoitettu Suomen kansalaisille, jotka l\u00e4htev\u00e4t Australiaan tekem\u00e4\u00e4n eritt\u00e4in erikoista, v\u00e4liaikaista ty\u00f6t\u00e4. Hae verkossa.","breadcrumb":{"@id":"https:\/\/auvisa.org\/fi\/australian-valiaikaisen-tyon-visa-suomi\/#breadcrumb"},"inLanguage":"fi","potentialAction":[{"@type":"ReadAction","target":["https:\/\/auvisa.org\/fi\/australian-valiaikaisen-tyon-visa-suomi\/"]}]},{"@type":"BreadcrumbList","@id":"https:\/\/auvisa.org\/fi\/australian-valiaikaisen-tyon-visa-suomi\/#breadcrumb","itemListElement":[{"@type":"ListItem","position":1,"name":"Home","item":"https:\/\/auvisa.org\/fi\/"},{"@type":"ListItem","position":2,"name":"Australian v\u00e4liaikaisen ty\u00f6n Visa (Suomi)"}]},{"@type":"WebSite","@id":"https:\/\/auvisa.org\/fi\/#website","url":"https:\/\/auvisa.org\/fi\/","name":"Auvisa.org","description":"","inLanguage":"fi"}]}},"_links":{"self":[{"href":"https:\/\/auvisa.org\/fi\/wp-json\/wp\/v2\/pages\/2634","targetHints":{"allow":["GET"]}}],"collection":[{"href":"https:\/\/auvisa.org\/fi\/wp-json\/wp\/v2\/pages"}],"about":[{"href":"https:\/\/auvisa.org\/fi\/wp-json\/wp\/v2\/types\/page"}],"author":[{"embeddable":true,"href":"https:\/\/auvisa.org\/fi\/wp-json\/wp\/v2\/users\/5"}],"replies":[{"embeddable":true,"href":"https:\/\/auvisa.org\/fi\/wp-json\/wp\/v2\/comments?post=2634"}],"version-history":[{"count":6,"href":"https:\/\/auvisa.org\/fi\/wp-json\/wp\/v2\/pages\/2634\/revisions"}],"predecessor-version":[{"id":14271,"href":"https:\/\/auvisa.org\/fi\/wp-json\/wp\/v2\/pages\/2634\/revisions\/14271"}],"wp:attachment":[{"href":"https:\/\/auvisa.org\/fi\/wp-json\/wp\/v2\/media?parent=2634"}],"curies":[{"name":"wp","href":"https:\/\/api.w.org\/{rel}","templated":true}]}}