{"id":932,"date":"2019-06-28T20:44:42","date_gmt":"2019-06-28T20:44:42","guid":{"rendered":"https:\/\/auvisa.org\/?p=932"},"modified":"2020-06-03T16:04:12","modified_gmt":"2020-06-03T16:04:12","slug":"pitkaaikainen-viisumi-australiaan","status":"publish","type":"page","link":"https:\/\/auvisa.org\/fi\/pitkaaikainen-viisumi-australiaan\/","title":{"rendered":"Pitk\u00e4aikainen viisumi Australiaan"},"content":{"rendered":"<h2 id=\"first-paragraph\">eVisitor ja pitk\u00e4aikaista oleskelua varten my\u00f6nnetty viisumi<\/h2>\n<h3>K\u00e4sittelyaika<\/h3>\n<p>eVisitor-sovellus on v\u00e4lit\u00f6n hyv\u00e4ksynt\u00e4, mutta pitk\u00e4aikaista oleskelua varten my\u00f6nnetty viisumi voi kest\u00e4\u00e4 jopa 20 p\u00e4iv\u00e4\u00e4, ja maahanmuuttovirasto pyyt\u00e4\u00e4 Australiaa enemm\u00e4n asiakirjoja \/ tietoja.<\/p>\n<h3>Tukikelpoiset maat<\/h3>\n<p><a href=\"\/fi\/evisitor-viisumi-australiaan\/\">eVisitorilla<\/a> on vain muutamia tukikelpoisia maita, mutta on <strong>olemassa suuri valikoima maita<\/strong>, jotka voivat hakea pitk\u00e4aikaista viisumia.<\/p>\n<h3>Sijainti hakemuksen tekemisess\u00e4<\/h3>\n<p>Hakijoiden on oltava Australian ulkopuolella, kun ne toimittavat <a href=\"\/fi\/evisitor-viisumi-australiaan\/#hyv\u00e4ksytyt-maat\">evisitor-sovelluksia<\/a>. Pitk\u00e4aikaista oleskelua varten my\u00f6nnett\u00e4v\u00e4 viisumihakemus voidaan kuitenkin tehd\u00e4 Australian sis\u00e4ll\u00e4, jotta voimassa olevaa viisumia voidaan jatkaa.<\/p>\n<h3>Pitk\u00e4aikaisen viisumin voimassaolo<\/h3>\n<p>Visa voidaan my\u00f6nt\u00e4\u00e4 yhdell\u00e4 tai useammalla merkinn\u00e4ll\u00e4<br \/>\nJokainen merkint\u00e4 voi olla voimassa <strong>3, 6 tai 12 kuukautta<\/strong><\/p>\n<h3>Pitk\u00e4aikaisen viisumin edellytykset<\/h3>\n<ul>\n<li><strong>Et saa ty\u00f6skennell\u00e4 Australiassa<\/strong>. Vapaaehtoisty\u00f6 voidaan sallia.<\/li>\n<li><strong>Et saa opiskella yli 3 kuukautta Australiassa<\/strong>.<\/li>\n<\/ul>\n<h3>Laajenna nykyinen viisumi<\/h3>\n<p>Jos nykyisell\u00e4 viisumilla ei ole &#8221;Ei en\u00e4\u00e4 oleskelua&#8221;, voit k\u00e4ytt\u00e4\u00e4 t\u00e4t\u00e4 viisumityyppi\u00e4 hakeaksesi voimassa olevan viisumin voimassaoloa, hakemusprosessin aikana voit pysy\u00e4 Australiassa.<\/p>\n<h3>L\u00e4\u00e4ketieteelliset vaatimukset<\/h3>\n<p>Jos haet yli 6 kuukautta, <strong>sinua pyydet\u00e4\u00e4n k\u00e4ym\u00e4\u00e4n rintakeh\u00e4n r\u00f6ntgenkuvauksessa ja \/ tai l\u00e4\u00e4k\u00e4rintarkastuksessa<\/strong>. Jos olet yli 75-vuotias tai tullut maasta, jonka Australian Immigration katsoo olevan riskitasolla, sinun on esitett\u00e4v\u00e4 todisteet siit\u00e4, ett\u00e4 voit t\u00e4ytt\u00e4\u00e4 viisumin l\u00e4\u00e4ketieteelliset vaatimukset.<\/p>\n<h3>Varojen osoittaminen<\/h3>\n<p>Pitk\u00e4aikaista oleskelua varten my\u00f6nnett\u00e4v\u00e4\u00e4 viisumia haettaessa on oltava riitt\u00e4v\u00e4sti varoja tukemaan itse\u00e4si koko oleskelun ajan Australiassa. Maahanmuutto voi pyyt\u00e4\u00e4 t\u00e4llaista todistusta, esimerkiksi pankkitilin.<\/p>\n<div class=\"text-right\"><a href=\"\/fi\/visa-longterm\/\" class=\"btn  px-5 btn-green\">Hae pitk\u00e4aikainen vierailijaviisumi<\/a><\/div>\n","protected":false},"excerpt":{"rendered":"<p>eVisitor ja pitk\u00e4aikaista oleskelua varten my\u00f6nnetty viisumi K\u00e4sittelyaika eVisitor-sovellus on v\u00e4lit\u00f6n hyv\u00e4ksynt\u00e4, mutta pitk\u00e4aikaista oleskelua varten my\u00f6nnetty viisumi voi kest\u00e4\u00e4 [&#8230;]<\/p>\n<p><a class=\"btn btn-secondary understrap-read-more-link\" href=\"https:\/\/auvisa.org\/fi\/pitkaaikainen-viisumi-australiaan\/\">Read More&#8230;<span class=\"screen-reader-text\"> from Pitk\u00e4aikainen viisumi Australiaan<\/span><\/a><\/p>\n","protected":false},"author":4,"featured_media":0,"parent":0,"menu_order":11,"comment_status":"closed","ping_status":"closed","template":"templates\/tpl_spiegazione.php","meta":{"inline_featured_image":false,"footnotes":""},"class_list":["post-932","page","type-page","status-publish","hentry"],"yoast_head":"<!-- This site is optimized with the Yoast SEO plugin v26.9 - https:\/\/yoast.com\/product\/yoast-seo-wordpress\/ -->\n<title>Pitk\u00e4aikainen viisumi Australialainen (Visitor Visa 600) - Suomi<\/title>\n<meta name=\"description\" content=\"Pitk\u00e4aikaista oleskelua varten my\u00f6nnetyt viisumit Australiaan ovat suomalaisia kansalaisia, jotka haluavat oleskella Australiassa yli 3 kuukautta tai jatkaa Australian viisumiaan.\" \/>\n<meta name=\"robots\" content=\"index, follow, max-snippet:-1, max-image-preview:large, max-video-preview:-1\" \/>\n<link rel=\"canonical\" href=\"https:\/\/auvisa.org\/fi\/pitkaaikainen-viisumi-australiaan\/\" \/>\n<meta property=\"og:locale\" content=\"fi_FI\" \/>\n<meta property=\"og:type\" content=\"article\" \/>\n<meta property=\"og:title\" content=\"Pitk\u00e4aikainen viisumi Australialainen (Visitor Visa 600) - Suomi\" \/>\n<meta property=\"og:description\" content=\"Pitk\u00e4aikaista oleskelua varten my\u00f6nnetyt viisumit Australiaan ovat suomalaisia kansalaisia, jotka haluavat oleskella Australiassa yli 3 kuukautta tai jatkaa Australian viisumiaan.\" \/>\n<meta property=\"og:url\" content=\"https:\/\/auvisa.org\/fi\/pitkaaikainen-viisumi-australiaan\/\" \/>\n<meta property=\"og:site_name\" content=\"Auvisa.org\" \/>\n<meta property=\"article:modified_time\" content=\"2020-06-03T16:04:12+00:00\" \/>\n<meta name=\"twitter:card\" content=\"summary_large_image\" \/>\n<meta name=\"twitter:label1\" content=\"Est. reading time\" \/>\n\t<meta name=\"twitter:data1\" content=\"1 minuutti\" \/>\n<script type=\"application\/ld+json\" class=\"yoast-schema-graph\">{\"@context\":\"https:\/\/schema.org\",\"@graph\":[{\"@type\":\"WebPage\",\"@id\":\"https:\/\/auvisa.org\/fi\/pitkaaikainen-viisumi-australiaan\/\",\"url\":\"https:\/\/auvisa.org\/fi\/pitkaaikainen-viisumi-australiaan\/\",\"name\":\"Pitk\u00e4aikainen viisumi Australialainen (Visitor Visa 600) - Suomi\",\"isPartOf\":{\"@id\":\"https:\/\/auvisa.org\/fi\/#website\"},\"datePublished\":\"2019-06-28T20:44:42+00:00\",\"dateModified\":\"2020-06-03T16:04:12+00:00\",\"description\":\"Pitk\u00e4aikaista oleskelua varten my\u00f6nnetyt viisumit Australiaan ovat suomalaisia kansalaisia, jotka haluavat oleskella Australiassa yli 3 kuukautta tai jatkaa Australian viisumiaan.\",\"breadcrumb\":{\"@id\":\"https:\/\/auvisa.org\/fi\/pitkaaikainen-viisumi-australiaan\/#breadcrumb\"},\"inLanguage\":\"fi\",\"potentialAction\":[{\"@type\":\"ReadAction\",\"target\":[\"https:\/\/auvisa.org\/fi\/pitkaaikainen-viisumi-australiaan\/\"]}]},{\"@type\":\"BreadcrumbList\",\"@id\":\"https:\/\/auvisa.org\/fi\/pitkaaikainen-viisumi-australiaan\/#breadcrumb\",\"itemListElement\":[{\"@type\":\"ListItem\",\"position\":1,\"name\":\"Home\",\"item\":\"https:\/\/auvisa.org\/fi\/\"},{\"@type\":\"ListItem\",\"position\":2,\"name\":\"Pitk\u00e4aikainen viisumi Australiaan\"}]},{\"@type\":\"WebSite\",\"@id\":\"https:\/\/auvisa.org\/fi\/#website\",\"url\":\"https:\/\/auvisa.org\/fi\/\",\"name\":\"Auvisa.org\",\"description\":\"\",\"inLanguage\":\"fi\"}]}<\/script>\n<!-- \/ Yoast SEO plugin. -->","yoast_head_json":{"title":"Pitk\u00e4aikainen viisumi Australialainen (Visitor Visa 600) - Suomi","description":"Pitk\u00e4aikaista oleskelua varten my\u00f6nnetyt viisumit Australiaan ovat suomalaisia kansalaisia, jotka haluavat oleskella Australiassa yli 3 kuukautta tai jatkaa Australian viisumiaan.","robots":{"index":"index","follow":"follow","max-snippet":"max-snippet:-1","max-image-preview":"max-image-preview:large","max-video-preview":"max-video-preview:-1"},"canonical":"https:\/\/auvisa.org\/fi\/pitkaaikainen-viisumi-australiaan\/","og_locale":"fi_FI","og_type":"article","og_title":"Pitk\u00e4aikainen viisumi Australialainen (Visitor Visa 600) - Suomi","og_description":"Pitk\u00e4aikaista oleskelua varten my\u00f6nnetyt viisumit Australiaan ovat suomalaisia kansalaisia, jotka haluavat oleskella Australiassa yli 3 kuukautta tai jatkaa Australian viisumiaan.","og_url":"https:\/\/auvisa.org\/fi\/pitkaaikainen-viisumi-australiaan\/","og_site_name":"Auvisa.org","article_modified_time":"2020-06-03T16:04:12+00:00","twitter_card":"summary_large_image","twitter_misc":{"Est. reading time":"1 minuutti"},"schema":{"@context":"https:\/\/schema.org","@graph":[{"@type":"WebPage","@id":"https:\/\/auvisa.org\/fi\/pitkaaikainen-viisumi-australiaan\/","url":"https:\/\/auvisa.org\/fi\/pitkaaikainen-viisumi-australiaan\/","name":"Pitk\u00e4aikainen viisumi Australialainen (Visitor Visa 600) - Suomi","isPartOf":{"@id":"https:\/\/auvisa.org\/fi\/#website"},"datePublished":"2019-06-28T20:44:42+00:00","dateModified":"2020-06-03T16:04:12+00:00","description":"Pitk\u00e4aikaista oleskelua varten my\u00f6nnetyt viisumit Australiaan ovat suomalaisia kansalaisia, jotka haluavat oleskella Australiassa yli 3 kuukautta tai jatkaa Australian viisumiaan.","breadcrumb":{"@id":"https:\/\/auvisa.org\/fi\/pitkaaikainen-viisumi-australiaan\/#breadcrumb"},"inLanguage":"fi","potentialAction":[{"@type":"ReadAction","target":["https:\/\/auvisa.org\/fi\/pitkaaikainen-viisumi-australiaan\/"]}]},{"@type":"BreadcrumbList","@id":"https:\/\/auvisa.org\/fi\/pitkaaikainen-viisumi-australiaan\/#breadcrumb","itemListElement":[{"@type":"ListItem","position":1,"name":"Home","item":"https:\/\/auvisa.org\/fi\/"},{"@type":"ListItem","position":2,"name":"Pitk\u00e4aikainen viisumi Australiaan"}]},{"@type":"WebSite","@id":"https:\/\/auvisa.org\/fi\/#website","url":"https:\/\/auvisa.org\/fi\/","name":"Auvisa.org","description":"","inLanguage":"fi"}]}},"_links":{"self":[{"href":"https:\/\/auvisa.org\/fi\/wp-json\/wp\/v2\/pages\/932","targetHints":{"allow":["GET"]}}],"collection":[{"href":"https:\/\/auvisa.org\/fi\/wp-json\/wp\/v2\/pages"}],"about":[{"href":"https:\/\/auvisa.org\/fi\/wp-json\/wp\/v2\/types\/page"}],"author":[{"embeddable":true,"href":"https:\/\/auvisa.org\/fi\/wp-json\/wp\/v2\/users\/4"}],"replies":[{"embeddable":true,"href":"https:\/\/auvisa.org\/fi\/wp-json\/wp\/v2\/comments?post=932"}],"version-history":[{"count":8,"href":"https:\/\/auvisa.org\/fi\/wp-json\/wp\/v2\/pages\/932\/revisions"}],"predecessor-version":[{"id":2771,"href":"https:\/\/auvisa.org\/fi\/wp-json\/wp\/v2\/pages\/932\/revisions\/2771"}],"wp:attachment":[{"href":"https:\/\/auvisa.org\/fi\/wp-json\/wp\/v2\/media?parent=932"}],"curies":[{"name":"wp","href":"https:\/\/api.w.org\/{rel}","templated":true}]}}