{"id":934,"date":"2019-06-28T20:49:35","date_gmt":"2019-06-28T20:49:35","guid":{"rendered":"https:\/\/auvisa.org\/?p=934"},"modified":"2020-06-03T15:44:45","modified_gmt":"2020-06-03T15:44:45","slug":"opiskelijaviisa-australiaan","status":"publish","type":"page","link":"https:\/\/auvisa.org\/fi\/opiskelijaviisa-australiaan\/","title":{"rendered":"Opiskelijaviisa Australiaan"},"content":{"rendered":"<h2 id=\"first-paragraph\">Mit\u00e4 vaatimuksia on saada opiskelijaviisumi Australiaan?<\/h2>\n<h3>Mik\u00e4 on todellinen opiskelija?<\/h3>\n<p>T\u00e4m\u00e4n kriteerin t\u00e4ytt\u00e4miseksi sinun on osoitettava, ett\u00e4 sinulla on kelvollinen kiinnostus tehd\u00e4 tutkimuksia, sinun on oltava riitt\u00e4v\u00e4sti <strong>kielitaitoa koulutuksen hallitsemiseksi<\/strong>, ja sinun t\u00e4ytyy olla oikeanlainen koulutuksellinen tausta tutkimuksiin, joihin aiot osallistua.<\/p>\n<p>Sinun on my\u00f6s <strong>saatava taloutesi j\u00e4rjestykseen<\/strong>. Lis\u00e4ksi sinulla on oltava aikomus noudattaa viisumij\u00e4rjestelm\u00e4\u00e4.<\/p>\n<div class=\"text-right\"><a href=\"\/fi\/visa-student\/\" class=\"btn  px-5 btn-green\">Hae opiskelijaviisumi<\/a><\/div>\n<h3>Mik\u00e4 on todellinen v\u00e4liaikainen tulokas?<\/h3>\n<p>Aito v\u00e4liaikainen tulokas on henkil\u00f6, joka aikoo p\u00e4\u00e4st\u00e4 Australiaan <strong>v\u00e4liaikaisesti opiskelua varten<\/strong> (tai olla opiskelijan huoltaja) ja palata sitten kotimaahansa.<\/p>\n<p>Arvioinnissa on otettava huomioon useita tekij\u00f6it\u00e4:<\/p>\n<ul>\n<li>Maa, jossa asut. Onko jotain, joka est\u00e4\u00e4 sinua menem\u00e4st\u00e4 takaisin?<\/li>\n<li>Tulevatko Australian tutkimukset hy\u00f6dyllisiksi sinulle tulevaisuudessa?<\/li>\n<li>Sinun maahanmuuton historia.<\/li>\n<li>Muut kiinnostavat asiat<\/li>\n<\/ul>\n<p>Jos on ep\u00e4ilyksi\u00e4, saatat joutua tekem\u00e4\u00e4n henkil\u00f6kohtaisen haastattelun l\u00e4himm\u00e4ss\u00e4 Australian suurl\u00e4hetyst\u00f6ss\u00e4. <strong>Useimmissa sovelluksissa on kuitenkin t\u00e4ytett\u00e4v\u00e4 vain <a href=\"\/fi\/visa-student\/\">hakemuslomake<\/a> verkossa<\/strong>.<\/p>\n<div class=\"text-right\"><a href=\"\/fi\/visa-student\/\" class=\"btn  px-5 btn-green\">Hae opiskelijaviisumi<\/a><\/div>\n<h3>Mik\u00e4 on hyv\u00e4 hahmo?<\/h3>\n<p><strong>Periaatteessa sinun ei pit\u00e4isi olla rikollinen, eik\u00e4 sinun olisi pit\u00e4nyt viett\u00e4\u00e4 pidemp\u00e4\u00e4 aikaa vankilassa<\/strong>. Jos olet ollut vankilassa, viisumi voidaan ev\u00e4t\u00e4 siit\u00e4 syyst\u00e4. Joissakin tapauksissa sinun on toimitettava rikostodistus tai poliisitodistus.<\/p>\n<div class=\"text-right\"><a href=\"\/fi\/visa-student\/\" class=\"btn  px-5 btn-green\">Hae opiskelijaviisumi<\/a><\/div>\n<h3>Mitk\u00e4 ovat terveysvaatimukset?<\/h3>\n<p><strong>Sinun t\u00e4ytyy olla terve<\/strong>. Sinun on ehk\u00e4 teht\u00e4v\u00e4 l\u00e4\u00e4k\u00e4rintarkastus ja \/ tai r\u00f6ntgenkuvaus sen todistamiseksi. Jos t\u00e4m\u00e4 on vaatimus sinulle, sinun on k\u00e4ytett\u00e4v\u00e4 l\u00e4\u00e4k\u00e4ri\u00e4, jonka Australian maahanmuutto on nimitt\u00e4nyt.<\/p>\n<p>Opiskelijaviisa ei sis\u00e4ll\u00e4 sairaanhoitoa. Jokaisen opiskelijan, lukuun ottamatta Norjasta ja Belgiasta, on ostettava sairausvakuutus nimelt\u00e4 <strong>Overseas Student Health Cover (OSHC)<\/strong>. Voit ostaa t\u00e4m\u00e4n yliopistostasi tai muilta yrityksilt\u00e4, \u200b\u200bjotka sit\u00e4 myyv\u00e4t. Ruotsin opiskelija tarvitsee vain tehd\u00e4, jos he eiv\u00e4t ole jo ostaneet vakuutusta CSN Internationalilta tai Kammarkollegietilt\u00e4.<\/p>\n<div class=\"text-right\"><a href=\"\/fi\/visa-student\/\" class=\"btn  px-5 btn-green\">Hae opiskelijaviisumi<\/a><\/div>\n<h3>Onko ik\u00e4raja?<\/h3>\n<p><strong>Ei, ei ole<\/strong>. Opiskelijaviisumilla ei ole ik\u00e4rajaa niin kauan kuin yliopisto tai koulu hyv\u00e4ksyy sen. Se eroaa esimerkiksi ty\u00f6p\u00e4ivien viisumista, joka on rajoitettu 18\u201331-vuotiaille hakijoille.<\/p>\n<h3>Voiko perheeni seurata, jos minulla on opiskelijaviisumi?<\/h3>\n<p>Kyll\u00e4, he voivat seurata sinua Australiaan.<\/p>\n<p><strong>Jos olet alle 18-vuotias, sinulla on oltava huoltaja<\/strong>. Vanhempasi tai sukulaisesi voivat hakea opiskelijavartion viisumia ja seurata sinua Australian matkalle. Heid\u00e4n viisuminsa saavat saman p\u00e4tevyyden kuin opiskelijaviisumi.<\/p>\n<div class=\"text-right\"><a href=\"\/fi\/visa-student\/\" class=\"btn  px-5 btn-green\">Hae opiskelijaviisumi<\/a><\/div>\n<h3>Voinko ty\u00f6skennell\u00e4 opiskelijaviisumilla?<\/h3>\n<p>Kyll\u00e4, opiskelijaviisumi mahdollistaa <strong>rajoitetun ty\u00f6n<\/strong>, enint\u00e4\u00e4n 40 tuntia 2 viikon aikana. Loma-aikoina voit ty\u00f6skennell\u00e4 kokop\u00e4iv\u00e4isesti.<\/p>\n<p>Osa-aikaty\u00f6 voi olla hyv\u00e4 tapa maksaa majoitus ja antaa sinulle ylim\u00e4\u00e4r\u00e4ist\u00e4 rahaa. Ennen kuin voit aloittaa ty\u00f6skentelyn, tarvitset verotiedoston numeron ja pankkitilin Australian pankissa.<\/p>\n<p>Muista, ett\u00e4 et saa ty\u00f6skennell\u00e4 ollenkaan ennen kuin aloitat kurssin, jos saavut aikaisin.<\/p>\n<p>Oikeus ty\u00f6h\u00f6n koskee my\u00f6s mukana olevia perheenj\u00e4seni\u00e4 (puolisot ja lapset). Perheenj\u00e4senet eiv\u00e4t kuitenkaan saa ylitt\u00e4\u00e4 20 tuntia viikossa my\u00f6s loma-aikoina.<\/p>\n<div class=\"text-right\"><a href=\"\/fi\/visa-student\/\" class=\"btn  px-5 btn-green\">Hae opiskelijaviisumi<\/a><\/div>\n<h3>Voinko opiskella osa-aikaty\u00f6t\u00e4 ja osa-aikaty\u00f6t\u00e4?<\/h3>\n<p>Ei, <strong>sinun pit\u00e4isi osallistua kokop\u00e4iv\u00e4iseen opiskeluun opiskelijaviisumiksi<\/strong>. Jos haluat opiskella v\u00e4hemm\u00e4n kuin kokop\u00e4iv\u00e4isesti, sinun pit\u00e4isi etsi\u00e4 muita viisumivaihtoehtoja. Ty\u00f6el\u00e4m\u00e4\u00e4 koskeva viisumi voi olla parempi ratkaisu n\u00e4iss\u00e4 tapauksissa.<\/p>\n<h3>Millainen tietysti voin osallistua?<\/h3>\n<p>Tietenkin tietenkin niin kauan kuin se on hyv\u00e4ksytty Australian hallitus ulkomaille opiskelijoille.<\/p>\n<h3>Minulla ei ole hyv\u00e4ksymiskirjett\u00e4 (CoE), voinko silti hakea?<\/h3>\n<p>Ei, sinun on saatava AK ennen kuin voit l\u00e4hett\u00e4\u00e4 hakemuksen. Viisumihakemus on yksi viimeisimmist\u00e4 vaiheista Australiassa opiskeluun. <strong>Ensinn\u00e4kin sinun t\u00e4ytyy hakea ja hyv\u00e4ksy\u00e4 Australian yliopisto tai koulu<\/strong>. Sinun on my\u00f6s vahvistettava kirjallisesti ja maksettava opintomaksu. Vasta kun olet saanut ilmoituksen ilmoittautumisesta yliopistosta, voit hakea viisumia.<\/p>\n<h3>Olen jo Australiassa toisella viisumilla, voinko silti soveltaa opiskelijaviisumia?<\/h3>\n<p>Kyll\u00e4, voit hakea opiskelijaviisumia Australiaan Australian sis\u00e4ll\u00e4 useimmissa tapauksissa. Jos viisumisi on &#8221;Ei en\u00e4\u00e4 oleskelua&#8221; -tilassa, et voi k\u00e4ytt\u00e4\u00e4 sit\u00e4 Australian sis\u00e4ll\u00e4. Jos n\u00e4in on, sinun on poistuttava maasta ennen kuin voit hakea sit\u00e4.<\/p>\n<h3>Minulla oli jo ty\u00f6el\u00e4m\u00e4\u00e4 koskeva viisumi; voinko silti saada opiskelijaviisumin?<\/h3>\n<p>Kyll\u00e4, t\u00e4m\u00e4 ei vaikuta lainkaan p\u00e4\u00e4t\u00f6kseen. On my\u00f6s mahdollista saada uusi opiskelijaviisumi, jos sinulla on jo aiemmin, niin kauan kuin saat uuden yliopiston tai yliopiston.<\/p>\n<h3>Mik\u00e4 on k\u00e4sittelyaika?<\/h3>\n<p>Yleens\u00e4 1-3 viikkoa normaaleissa olosuhteissa. K\u00e4sittelyaika voi olla my\u00f6s pidempi, jos sinun on t\u00e4ytett\u00e4v\u00e4 hakemuksesi useammilla asiakirjoilla. Varmista, ett\u00e4 haet hyviss\u00e4 ajoin etuk\u00e4teen suunniteltua matkap\u00e4iv\u00e4\u00e4si.<\/p>\n<div class=\"text-right\"><a href=\"\/fi\/visa-student\/\" class=\"btn  px-5 btn-green\">Hae opiskelijaviisumi<\/a><\/div>\n","protected":false},"excerpt":{"rendered":"<p>Mit\u00e4 vaatimuksia on saada opiskelijaviisumi Australiaan? Mik\u00e4 on todellinen opiskelija? T\u00e4m\u00e4n kriteerin t\u00e4ytt\u00e4miseksi sinun on osoitettava, ett\u00e4 sinulla on kelvollinen [&#8230;]<\/p>\n<p><a class=\"btn btn-secondary understrap-read-more-link\" href=\"https:\/\/auvisa.org\/fi\/opiskelijaviisa-australiaan\/\">Read More&#8230;<span class=\"screen-reader-text\"> from Opiskelijaviisa Australiaan<\/span><\/a><\/p>\n","protected":false},"author":4,"featured_media":0,"parent":0,"menu_order":15,"comment_status":"closed","ping_status":"closed","template":"templates\/tpl_spiegazione.php","meta":{"inline_featured_image":false,"footnotes":""},"class_list":["post-934","page","type-page","status-publish","hentry"],"yoast_head":"<!-- This site is optimized with the Yoast SEO plugin v26.9 - https:\/\/yoast.com\/product\/yoast-seo-wordpress\/ -->\n<title>Opiskelijaviisumi Australiaan: Kuinka hakea verkossa<\/title>\n<meta name=\"description\" content=\"Jotta voit hakea opiskelijaviisumia Australiaan, sinun on t\u00e4ytett\u00e4v\u00e4 joukko vaatimuksia: lue lis\u00e4\u00e4 ja hae online t\u00e4n\u00e4\u00e4n.\" \/>\n<meta name=\"robots\" content=\"index, follow, max-snippet:-1, max-image-preview:large, max-video-preview:-1\" \/>\n<link rel=\"canonical\" href=\"https:\/\/auvisa.org\/fi\/opiskelijaviisa-australiaan\/\" \/>\n<meta property=\"og:locale\" content=\"fi_FI\" \/>\n<meta property=\"og:type\" content=\"article\" \/>\n<meta property=\"og:title\" content=\"Opiskelijaviisumi Australiaan: Kuinka hakea verkossa\" \/>\n<meta property=\"og:description\" content=\"Jotta voit hakea opiskelijaviisumia Australiaan, sinun on t\u00e4ytett\u00e4v\u00e4 joukko vaatimuksia: lue lis\u00e4\u00e4 ja hae online t\u00e4n\u00e4\u00e4n.\" \/>\n<meta property=\"og:url\" content=\"https:\/\/auvisa.org\/fi\/opiskelijaviisa-australiaan\/\" \/>\n<meta property=\"og:site_name\" content=\"Auvisa.org\" \/>\n<meta property=\"article:modified_time\" content=\"2020-06-03T15:44:45+00:00\" \/>\n<meta name=\"twitter:card\" content=\"summary_large_image\" \/>\n<meta name=\"twitter:label1\" content=\"Est. reading time\" \/>\n\t<meta name=\"twitter:data1\" content=\"4 minuuttia\" \/>\n<script type=\"application\/ld+json\" class=\"yoast-schema-graph\">{\"@context\":\"https:\/\/schema.org\",\"@graph\":[{\"@type\":\"WebPage\",\"@id\":\"https:\/\/auvisa.org\/fi\/opiskelijaviisa-australiaan\/\",\"url\":\"https:\/\/auvisa.org\/fi\/opiskelijaviisa-australiaan\/\",\"name\":\"Opiskelijaviisumi Australiaan: Kuinka hakea verkossa\",\"isPartOf\":{\"@id\":\"https:\/\/auvisa.org\/fi\/#website\"},\"datePublished\":\"2019-06-28T20:49:35+00:00\",\"dateModified\":\"2020-06-03T15:44:45+00:00\",\"description\":\"Jotta voit hakea opiskelijaviisumia Australiaan, sinun on t\u00e4ytett\u00e4v\u00e4 joukko vaatimuksia: lue lis\u00e4\u00e4 ja hae online t\u00e4n\u00e4\u00e4n.\",\"breadcrumb\":{\"@id\":\"https:\/\/auvisa.org\/fi\/opiskelijaviisa-australiaan\/#breadcrumb\"},\"inLanguage\":\"fi\",\"potentialAction\":[{\"@type\":\"ReadAction\",\"target\":[\"https:\/\/auvisa.org\/fi\/opiskelijaviisa-australiaan\/\"]}]},{\"@type\":\"BreadcrumbList\",\"@id\":\"https:\/\/auvisa.org\/fi\/opiskelijaviisa-australiaan\/#breadcrumb\",\"itemListElement\":[{\"@type\":\"ListItem\",\"position\":1,\"name\":\"Home\",\"item\":\"https:\/\/auvisa.org\/fi\/\"},{\"@type\":\"ListItem\",\"position\":2,\"name\":\"Opiskelijaviisa Australiaan\"}]},{\"@type\":\"WebSite\",\"@id\":\"https:\/\/auvisa.org\/fi\/#website\",\"url\":\"https:\/\/auvisa.org\/fi\/\",\"name\":\"Auvisa.org\",\"description\":\"\",\"inLanguage\":\"fi\"}]}<\/script>\n<!-- \/ Yoast SEO plugin. -->","yoast_head_json":{"title":"Opiskelijaviisumi Australiaan: Kuinka hakea verkossa","description":"Jotta voit hakea opiskelijaviisumia Australiaan, sinun on t\u00e4ytett\u00e4v\u00e4 joukko vaatimuksia: lue lis\u00e4\u00e4 ja hae online t\u00e4n\u00e4\u00e4n.","robots":{"index":"index","follow":"follow","max-snippet":"max-snippet:-1","max-image-preview":"max-image-preview:large","max-video-preview":"max-video-preview:-1"},"canonical":"https:\/\/auvisa.org\/fi\/opiskelijaviisa-australiaan\/","og_locale":"fi_FI","og_type":"article","og_title":"Opiskelijaviisumi Australiaan: Kuinka hakea verkossa","og_description":"Jotta voit hakea opiskelijaviisumia Australiaan, sinun on t\u00e4ytett\u00e4v\u00e4 joukko vaatimuksia: lue lis\u00e4\u00e4 ja hae online t\u00e4n\u00e4\u00e4n.","og_url":"https:\/\/auvisa.org\/fi\/opiskelijaviisa-australiaan\/","og_site_name":"Auvisa.org","article_modified_time":"2020-06-03T15:44:45+00:00","twitter_card":"summary_large_image","twitter_misc":{"Est. reading time":"4 minuuttia"},"schema":{"@context":"https:\/\/schema.org","@graph":[{"@type":"WebPage","@id":"https:\/\/auvisa.org\/fi\/opiskelijaviisa-australiaan\/","url":"https:\/\/auvisa.org\/fi\/opiskelijaviisa-australiaan\/","name":"Opiskelijaviisumi Australiaan: Kuinka hakea verkossa","isPartOf":{"@id":"https:\/\/auvisa.org\/fi\/#website"},"datePublished":"2019-06-28T20:49:35+00:00","dateModified":"2020-06-03T15:44:45+00:00","description":"Jotta voit hakea opiskelijaviisumia Australiaan, sinun on t\u00e4ytett\u00e4v\u00e4 joukko vaatimuksia: lue lis\u00e4\u00e4 ja hae online t\u00e4n\u00e4\u00e4n.","breadcrumb":{"@id":"https:\/\/auvisa.org\/fi\/opiskelijaviisa-australiaan\/#breadcrumb"},"inLanguage":"fi","potentialAction":[{"@type":"ReadAction","target":["https:\/\/auvisa.org\/fi\/opiskelijaviisa-australiaan\/"]}]},{"@type":"BreadcrumbList","@id":"https:\/\/auvisa.org\/fi\/opiskelijaviisa-australiaan\/#breadcrumb","itemListElement":[{"@type":"ListItem","position":1,"name":"Home","item":"https:\/\/auvisa.org\/fi\/"},{"@type":"ListItem","position":2,"name":"Opiskelijaviisa Australiaan"}]},{"@type":"WebSite","@id":"https:\/\/auvisa.org\/fi\/#website","url":"https:\/\/auvisa.org\/fi\/","name":"Auvisa.org","description":"","inLanguage":"fi"}]}},"_links":{"self":[{"href":"https:\/\/auvisa.org\/fi\/wp-json\/wp\/v2\/pages\/934","targetHints":{"allow":["GET"]}}],"collection":[{"href":"https:\/\/auvisa.org\/fi\/wp-json\/wp\/v2\/pages"}],"about":[{"href":"https:\/\/auvisa.org\/fi\/wp-json\/wp\/v2\/types\/page"}],"author":[{"embeddable":true,"href":"https:\/\/auvisa.org\/fi\/wp-json\/wp\/v2\/users\/4"}],"replies":[{"embeddable":true,"href":"https:\/\/auvisa.org\/fi\/wp-json\/wp\/v2\/comments?post=934"}],"version-history":[{"count":10,"href":"https:\/\/auvisa.org\/fi\/wp-json\/wp\/v2\/pages\/934\/revisions"}],"predecessor-version":[{"id":2759,"href":"https:\/\/auvisa.org\/fi\/wp-json\/wp\/v2\/pages\/934\/revisions\/2759"}],"wp:attachment":[{"href":"https:\/\/auvisa.org\/fi\/wp-json\/wp\/v2\/media?parent=934"}],"curies":[{"name":"wp","href":"https:\/\/api.w.org\/{rel}","templated":true}]}}