{"id":1274,"date":"2019-09-19T12:47:56","date_gmt":"2019-09-19T12:47:56","guid":{"rendered":"https:\/\/auvisa.org\/?p=1274"},"modified":"2023-07-14T17:16:59","modified_gmt":"2023-07-14T15:16:59","slug":"visa-dequipage-maritime-pour-laustralie-mcv","status":"publish","type":"page","link":"https:\/\/auvisa.org\/fr\/visa-dequipage-maritime-pour-laustralie-mcv\/","title":{"rendered":"Visa d&rsquo;\u00c9quipage Maritime pour l&rsquo;Australie (Maritime Crew Visa \u00ab\u00a0MCV\u00a0\u00bb)"},"content":{"rendered":"<h2 id=\"first-paragraph\">Visa de Marin &#8211; 988<\/h2>\n<p><strong>Le processus par lequel vous pouvez obtenir un MCV en ligne est simple<\/strong> et n\u00e9cessite un minimum de documents \u00e0 traiter. Le visa d&rsquo;\u00e9quipage australien demande de fournir des informations d&rsquo;identification officielles pour vous et les membres de votre famille qui pourraient voyager en Australie avec vous. Afin d&rsquo;\u00eatre admissible \u00e0 ce type de visa, tout membre de votre famille voyageant avec vous doit arriver en Australie ou en revenir \u00e0 bord du m\u00eame navire admissible sur lequel vous travaillez et avoir d\u00e9j\u00e0 demand\u00e9 la permission au capitaine du navire. N&rsquo;oubliez pas que <strong>ces membres de la famille ne sont pas autoris\u00e9s \u00e0 travailler lorsqu&rsquo;ils s\u00e9journent en Australie avec un visa MCV Australia<\/strong>. S&rsquo;ils cherchent \u00e0 travailler dans le pays, ils doivent demander s\u00e9par\u00e9ment le visa australien appropri\u00e9. Lorsque vous ne travaillez plus ou n&rsquo;\u00eates plus employ\u00e9 sur le navire admissible en Australie, le visa pour les membres de votre famille qui vous accompagnent ne sera plus valide. Ils ne devraient pas rester en Australie apr\u00e8s votre emploi sur un navire admissible.<\/p>\n<ul class=\"visa-pics\" style=\"float: right;\">\n<li><a class=\"apply\" href=\"\/fr\/visa-crew\/\">Demande de Visa<\/a><\/li>\n<\/ul>\n<p><br style=\"clear: both;\" \/><br style=\"clear: both;\" \/><\/p>\n<h2>Plus d&rsquo;informations sur les visas MCV pour citoyens fran\u00e7ais:<\/h2>\n<ul>\n<li><a href=\"#MCV-avantages\">Avantages du visa d&rsquo;\u00e9quipage australien (MCV)<\/a><\/li>\n<li><a href=\"#MCV-conditions\">Conditions d&rsquo;admissibilit\u00e9 au MCV<\/a><\/li>\n<li><a href=\"#MCV-demande\">Visa d&rsquo;\u00e9quipage maritime en ligne pour l&rsquo;Australie: Comment faire une demande<\/a><\/li>\n<li><a href=\"#MCV-processus\">Processus de demande de MCV depuis la France<\/a><\/li>\n<li><a href=\"#MCV-delai\">D\u00e9lai de traitement du MCV australien<\/a><\/li>\n<li><a href=\"#MCV-cout\">Co\u00fbt d&rsquo;un visa pour l&rsquo;\u00e9quipage maritime australien<\/a><\/li>\n<\/ul>\n<p><br style=\"clear: both;\" \/><br style=\"clear: both;\" \/><\/p>\n<h2 id=\"MCV-avantages\">Avantages du visa d&rsquo;\u00e9quipage australien (MCV)<\/h2>\n<p>Les <strong>avantages offerts aux citoyens fran\u00e7ais<\/strong> qui obtiennent un visa en ligne australien MCV permettent aux membres d&rsquo;\u00e9quipage d&rsquo;obtenir des possibilit\u00e9s d&#8217;emploi lucratives pendant que les navires admissibles voyagent en Australie. \u00c9tant donn\u00e9 que ce visa est relativement facile \u00e0 obtenir pour les employ\u00e9s \u00e0 bord des navires qui sont admissibles \u00e0 ce statut, la <a href=\"\/fr\/visa-crew\/\">demande de ce visa<\/a> est un moyen gratifiant et assez facile de tirer le meilleur parti de votre statut professionnel en tant que membre d&rsquo;\u00e9quipage.<\/p>\n<p>Une fois votre visa accord\u00e9 par le gouvernement australien, <strong>en tant que citoyen fran\u00e7ais, vous \u00eates autoris\u00e9 \u00e0 entrer et \u00e0 quitter l&rsquo;Australie par la mer aussi longtemps que vous faites partie de l&rsquo;\u00e9quipage d&rsquo;un navire admissible et pouvez rester en Australie aussi longtemps que vous \u00eates employ\u00e9 comme membre d&rsquo;\u00e9quipage \u00e0 bord du navire<\/strong>. Si vous restez employ\u00e9 par le navire admissible, il peut quitter et retourner en Australie un nombre illimit\u00e9 de fois pendant la dur\u00e9e de validit\u00e9 de votre visa sans compromettre votre statut de visa australien MCV.<\/p>\n<p>Il est important de se rappeler que <strong>vous n&rsquo;\u00eates autoris\u00e9 \u00e0 effectuer du travail \u00e0 titre d&#8217;employ\u00e9 que dans le cadre de votre emploi r\u00e9gulier en tant que membre d&rsquo;\u00e9quipage sur le navire admissible en<\/strong> vertu de ce visa particulier. Cette condition de visa comprend tous les travaux requis pour maintenir le navire en \u00e9tat de fonctionnement, m\u00eame si vous n&rsquo;\u00eates pas physiquement \u00e0 bord du navire pendant que vous exercez vos fonctions en tant qu&#8217;employ\u00e9. Avec ce visa sp\u00e9cifique, vous \u00eates autoris\u00e9 \u00e0 exercer toutes les fonctions d&#8217;emploi \u00e0 l&rsquo;\u00e9tranger, au port ou sur le navire tant que vous n&rsquo;\u00eates pas r\u00e9mun\u00e9r\u00e9 pour une forme suppl\u00e9mentaire d&#8217;emploi pendant que vous faites ce travail.<\/p>\n<p><strong>Tous les r\u00e9sidents fran\u00e7ais en possession d&rsquo;un MCV en ligne sont autoris\u00e9s \u00e0 faire du b\u00e9n\u00e9volat<\/strong> pour lequel ils ne sont pas r\u00e9mun\u00e9r\u00e9s sans avoir obtenu une autorisation sp\u00e9ciale du gouvernement australien avec ce visa. En outre, si vous occupez un emploi \u00e0 court terme en ligne, vous ne serez pas emp\u00each\u00e9 de gagner un revenu de cette fa\u00e7on en Australie en vertu des conditions du visa maritime.<\/p>\n<p><strong>\u00c0 moins que votre visa ne prenne fin pour des raisons li\u00e9es au travail, il est par ailleurs valide pour une p\u00e9riode maximale de trois ans<\/strong> sans avoir \u00e0 demander un renouvellement aupr\u00e8s du gouvernement australien. \u00c9tant donn\u00e9 que ce type de visa n&rsquo;est pas admissible \u00e0 une prolongation, vous devrez pr\u00e9senter une demande de s\u00e9jour et de travail en Australie en vertu d&rsquo;un autre statut de visa appropri\u00e9 apr\u00e8s cette date limite.<\/p>\n<ul class=\"visa-pics\" style=\"float: right;\">\n<li><a class=\"apply\" href=\"\/fr\/visa-crew\/\">Demande de Visa<\/a><\/li>\n<\/ul>\n<p><br style=\"clear: both;\" \/><br style=\"clear: both;\" \/><\/p>\n<h2 id=\"MCV-conditions\">Conditions d&rsquo;\u00e9ligibilit\u00e9 au MCV (ressortissants fran\u00e7ais)<\/h2>\n<p>Pour \u00eatre \u00e9ligible \u00e0 un MCV australien, les <strong>citoyens fran\u00e7ais doivent \u00eatre employ\u00e9s en dehors de l&rsquo;Australie en tant que membres de l&rsquo;\u00e9quipage d&rsquo;un navire<\/strong> qui voyage \u00e0 destination ou en provenance de l&rsquo;Australie. Ils doivent \u00e9galement entrer en Australie et en sortir en tant que membres d&rsquo;\u00e9quipage maritime.<\/p>\n<p>En tant que citoyen fran\u00e7ais, il y a \u00e9galement des exigences pour le type de navire sur lequel vous travaillez afin de pouvoir b\u00e9n\u00e9ficier de ce visa sp\u00e9cifique. Le <strong>navire doit \u00eatre soit un navire de commerce, soit un navire \u00e0 passagers<\/strong>. Un navire admissible au visa MCV peut \u00e9galement appartenir \u00e0 un gouvernement \u00e9tranger pour mener des recherches scientifiques ou se voir accorder un statut sp\u00e9cial de navire public par le minist\u00e8re australien des Affaires \u00e9trang\u00e8res.<\/p>\n<p>N&rsquo;oubliez pas que <strong>si vous arrivez en Australie par d&rsquo;autres moyens, comme un vol, vous devez obtenir un autre visa appropri\u00e9<\/strong> en<strong> plus du visa de membre d&rsquo;\u00e9quipage maritime. <\/strong>Si vous souhaitez effectuer des visites en Australie en dehors de votre emploi en tant que membre d&rsquo;\u00e9quipage \u00e0 bord d&rsquo;un navire admissible, vous pouvez \u00e9galement envisager de faire une demande de visa de visiteur lorsque vous demandez un visa d&rsquo;\u00e9quipage maritime en Australie. Il est courant pour les membres d&rsquo;\u00e9quipage d&rsquo;avoir un visa maritime australien et un visa de visiteur pour l&rsquo;Australie en m\u00eame temps. C&rsquo;est le cas particuli\u00e8rement si vous savez que le navire sur lequel vous travaillez restera en Australie pendant une longue p\u00e9riode de temps, et que vous n&rsquo;aurez pas \u00e0 travailler sur ce navire pendant des jours ou des semaines.<\/p>\n<p><strong>Si vous faites une demande depuis la France, vous n&rsquo;\u00eates pas \u00e9ligible \u00e0 ce visa si vous \u00eates membre d&rsquo;\u00e9quipage sur un yacht ou un navire militaire<\/strong> ou si vous \u00eates d\u00e9j\u00e0 titulaire d&rsquo;un visa australien permanent. Si vous avez d\u00e9j\u00e0 un visa de travail ou de s\u00e9jour en Australie, vous devez le communiquer au capitaine du navire pour lequel vous travaillez et pour lequel vous entrerez ou quitterez l&rsquo;Australie afin qu&rsquo;il n&rsquo;y ait pas de complications inattendues avec votre statut professionnel.<\/p>\n<ul class=\"visa-pics\" style=\"float: right;\">\n<li><a class=\"apply\" href=\"\/fr\/visa-crew\/\">Demande de Visa<\/a><\/li>\n<\/ul>\n<p><br style=\"clear: both;\" \/><br style=\"clear: both;\" \/><\/p>\n<h2 id=\"MCV-demande\">MCV en ligne pour l&rsquo;Australie: Comment faire une demande<\/h2>\n<p><strong>Tant que vous \u00eates citoyen fran\u00e7ais et que vous poss\u00e9dez vos informations personnelles et d&rsquo;identification de base, vous ne devrez pas vous inqui\u00e9ter des difficult\u00e9s \u00e0 remplir la demande de visa d&rsquo;\u00e9quipage maritime<\/strong>. La <a href=\"\/fr\/visa-crew\/\">demande de visa australien en ligne MCV<\/a> est facile d&rsquo;acc\u00e8s et compl\u00e8te avec vos informations personnelles. Le formulaire de demande de visa pour les \u00e9quipages maritimes australiens demande des informations d&rsquo;identification de base sur vous et votre emploi dans le cadre d&rsquo;un navire admissible.<\/p>\n<p>La premi\u00e8re chose \u00e0 faire est de v\u00e9rifier en ligne si vous d\u00e9tenez d\u00e9j\u00e0 ce type de visa australien dans le cadre de votre emploi pass\u00e9 ou actuel sur un navire admissible. Si vous poss\u00e9dez d\u00e9j\u00e0 un visa valide pour ce type de travail, il n\u2019est pas n\u00e9cessaire de demander un visa suppl\u00e9mentaire avant son expiration. Cela pourrait entra\u00eener des complications lors de votre entr\u00e9e et de votre emploi en Australie.<\/p>\n<p><strong>Si vous avez effectivement besoin de ce type de visa, recueillez tous les documents d&#8217;emploi et de citoyennet\u00e9 requis qui doivent \u00eatre soumis en ligne avec la demande de visa<\/strong>. Vous aurez besoin de copies couleur de votre passeport national pour commencer la demande parce qu&rsquo;il vous demandera \u00e9galement des renseignements sur la citoyennet\u00e9, comme les dates de validit\u00e9 de votre passeport et votre num\u00e9ro de passeport national. Si vous avez chang\u00e9 de nom depuis la d\u00e9livrance de votre passeport national, vous devrez \u00e9galement fournir des documents attestant officiellement votre changement de nom, comme un certificat de mariage.<\/p>\n<p>De plus, vous aurez besoin d&rsquo;un document officiel accompagn\u00e9 d&rsquo;une d\u00e9claration de votre compagnie maritime contenant les renseignements relatifs \u00e0 votre emploi. Il doit \u00eatre pr\u00e9sent\u00e9 sur du papier \u00e0 en-t\u00eate officiel de la compagnie et \u00eatre sign\u00e9 par l&rsquo;autorit\u00e9 comp\u00e9tente au sein de la compagnie maritime. Inclure les dates de votre emploi et votre titre d&#8217;emploi officiel sur le navire admissible. La lettre doit \u00e9galement indiquer la date d&rsquo;arriv\u00e9e pr\u00e9vue du navire sur lequel vous travaillerez en Australie et une estimation assez pr\u00e9cise de la dur\u00e9e pr\u00e9vue du s\u00e9jour du navire dans le pays. Si la compagnie pr\u00e9voit que vous quitterez votre emploi \u00e0 bord du navire avant que le navire ne quitte l&rsquo;Australie, cela doit \u00e9galement \u00eatre expliqu\u00e9 dans la lettre sign\u00e9e.<\/p>\n<p><strong>Les autres documents que vous devez joindre \u00e0 votre demande de visa en ligne en tant que citoyen fran\u00e7ais comprennent la preuve de votre plus haut niveau d&rsquo;\u00e9tudes, tout document officiel de partenariat pour montrer un lien de parent\u00e9 avec un conjoint qui demande \u00e0 voyager en Australie avec vous sur ce visa et tout document requis<\/strong>. Les documents de moralit\u00e9 ne sont n\u00e9cessaires que si vous avez un casier judiciaire officiel ou si vous devez prouver que vous avez \u00e9t\u00e9 lib\u00e9r\u00e9 de l&rsquo;arm\u00e9e.<\/p>\n<p>M\u00eame si vous utilisez le m\u00eame document \u00e0 des fins multiples sur votre demande de visa en ligne, vous ne devez joindre chaque document qu&rsquo;une seule fois \u00e0 votre demande. L&rsquo;inclusion de documents inutiles ou en double avec votre demande de visa peut ralentir le temps de traitement.<\/p>\n<p>Il est important de rappeler que <strong>vous ne devrez pas \u00eatre \u00e0 l&rsquo;int\u00e9rieur de l&rsquo;Australie au moment de la demande de visa de marin australien<\/strong>. Bien que vous puissiez recevoir une d\u00e9cision du gouvernement australien sur votre visa lorsque vous \u00eates physiquement \u00e0 l&rsquo;int\u00e9rieur de l&rsquo;Australie, <strong>vous n&rsquo;\u00eates pas admissible \u00e0 ce visa pendant votre s\u00e9jour dans le pays<\/strong>.<\/p>\n<ul class=\"visa-pics\" style=\"float: right;\">\n<li><a class=\"apply\" href=\"\/fr\/visa-crew\/\">Demande de Visa<\/a><\/li>\n<\/ul>\n<p><br style=\"clear: both;\" \/><br style=\"clear: both;\" \/><\/p>\n<h2 id=\"MCV-processus\">Processus de demande d&rsquo;adh\u00e9sion au MCV australien<\/h2>\n<p>Maintenant que vous connaissez les \u00e9tapes \u00e0 suivre pour obtenir un visa MCV, voici quelques informations suppl\u00e9mentaires sur ce \u00e0 quoi vous devez vous attendre pendant<strong> le processus de demande et d&rsquo;attente pour l&rsquo;obtention de votre visa d&rsquo;\u00e9quipage maritime par le gouvernement australien<\/strong>. Pour le visa MCV, <a href=\"\/fr\/visa-crew\/\"><strong>faites une demande en ligne <\/strong><\/a><strong>pour le traitement le plus rapide et les r\u00e9sultats les plus s\u00fbrs<\/strong>.<\/p>\n<p>Une fois votre demande de visa officiellement soumise en ligne, elle sera <strong>examin\u00e9e par le minist\u00e8re de l&rsquo;Int\u00e9rieur du gouvernement australien<\/strong>. Vous recevrez une d\u00e9cision \u00e9crite du gouvernement australien apr\u00e8s le traitement de votre demande de visa.<\/p>\n<p>Lorsque votre demande de visa vous sera accord\u00e9e, vous conna\u00eetrez le <strong>num\u00e9ro de visa officiel MCV qui<\/strong> vous a \u00e9t\u00e9 attribu\u00e9 ainsi que les dates auxquelles votre visa sera valable. S&rsquo;il y a d&rsquo;autres conditions que celles qui accompagnent r\u00e9guli\u00e8rement un visa maritime en Australie, ce qui est tr\u00e8s rare, ces conditions seront fournies \u00e0 ce moment-l\u00e0 par le gouvernement par \u00e9crit.<\/p>\n<p><strong>Si le gouvernement australien (immigration) d\u00e9cide de ne pas accorder votre demande de visa, vous serez \u00e9galement inform\u00e9 de cette d\u00e9cision par \u00e9crit<\/strong>. Le gouvernement fournira la raison officielle pour laquelle votre demande de visa a \u00e9t\u00e9 refus\u00e9e. Il est recommand\u00e9 de demander ce visa d\u00e8s que vous aurez confirm\u00e9 que votre statut d&#8217;emploi n\u00e9cessitera ce type de visa afin que vous ayez suffisamment de temps pour corriger toute erreur ou fournir des informations suppl\u00e9mentaires dans le cas o\u00f9 votre demande de visa australien serait rejet\u00e9e par le gouvernement.<\/p>\n<ul class=\"visa-pics\" style=\"float: right;\">\n<li><a class=\"apply\" href=\"\/fr\/visa-crew\/\">Demande de Visa<\/a><\/li>\n<\/ul>\n<p><br style=\"clear: both;\" \/><br style=\"clear: both;\" \/><\/p>\n<h2 id=\"MCV-delai\">D\u00e9lai de traitement du Visa MCV<\/h2>\n<p>Bien qu&rsquo;il n&rsquo;y ait pas de date limite d\u00e9finitive \u00e0 laquelle un demandeur peut \u00eatre certain que sa demande de <strong>visa<\/strong> MCV sera trait\u00e9e, le <strong>d\u00e9lai de traitement du visa MCV est g\u00e9n\u00e9ralement de quatre jours<\/strong>. De nombreuses demandes de visa d&rsquo;\u00e9quipages maritimes pour l&rsquo;Australie sont trait\u00e9es en moins de deux jours.<\/p>\n<p>La meilleure fa\u00e7on de vous assurer qu&rsquo;il n&rsquo;y a pas de retard dans le traitement de votre demande de visa maritime en Australie est de <strong>lire attentivement toutes les instructions et de fournir tous les renseignements requis la<\/strong> premi\u00e8re fois qu&rsquo;elle est soumise. Les <strong>erreurs commises en remplissant la demande en ligne d&rsquo;un VCM peuvent retarder inutilement le d\u00e9lai de traitement total<\/strong>.<\/p>\n<p>Si vous attendez depuis plus d&rsquo;un mois que le gouvernement australien vous fournisse des informations sur votre statut de visa MCV, vous devez <a href=\"\/fr\/nous-contacter\/\">nous contacter<\/a>.<\/p>\n<ul class=\"visa-pics\" style=\"float: right;\">\n<li><a class=\"apply\" href=\"\/fr\/visa-crew\/\">Demande de Visa<\/a><\/li>\n<\/ul>\n<p><br style=\"clear: both;\" \/><br style=\"clear: both;\" \/><\/p>\n<h2 id=\"MCV-cout\">Co\u00fbt du Visa MCV<\/h2>\n<p><strong>Le co\u00fbt pour l&rsquo;application pour un Visa d\u2019\u00e9quipage maritime australien est de <span class=\"woocommerce-Price-amount amount\"><bdi><span class=\"woocommerce-Price-currencySymbol\">&euro;<\/span>98,00<\/bdi><\/span><\/strong>. Le paiement en ligne du Visa d\u2019\u00e9quipage maritime est requis pour soumettre votre demande et traiter chaque demande de visa pour l&rsquo;Australie: vous devrez remplir s\u00e9par\u00e9ment un formulaire de demande de visa pour chaque membre de votre famille qui voyagera avec vous en Australie pendant votre emploi sur un navire. Ces demandes doivent \u00eatre soumises en m\u00eame temps que votre demande de visa individuel pour \u00e9viter toute confusion ou tout retard dans le traitement par le gouvernement australien.<\/p>\n<ul class=\"visa-pics\" style=\"float: right;\">\n<li><a class=\"apply\" href=\"\/fr\/visa-crew\/\">Demande de Visa<\/a><\/li>\n<\/ul>\n<p><br style=\"clear: both;\" \/><br style=\"clear: both;\" \/><\/p>\n","protected":false},"excerpt":{"rendered":"<p>Visa de Marin &#8211; 988 Le processus par lequel vous pouvez obtenir un MCV en ligne est simple et n\u00e9cessite [&#8230;]<\/p>\n<p><a class=\"btn btn-secondary understrap-read-more-link\" href=\"https:\/\/auvisa.org\/fr\/visa-dequipage-maritime-pour-laustralie-mcv\/\">Lire la suite\u2026<span class=\"screen-reader-text\"> from Visa d&rsquo;\u00c9quipage Maritime pour l&rsquo;Australie (Maritime Crew Visa \u00ab\u00a0MCV\u00a0\u00bb)<\/span><\/a><\/p>\n","protected":false},"author":4,"featured_media":0,"parent":0,"menu_order":17,"comment_status":"closed","ping_status":"closed","template":"templates\/tpl_spiegazione.php","meta":{"inline_featured_image":false,"footnotes":""},"class_list":["post-1274","page","type-page","status-publish","hentry"],"yoast_head":"<!-- This site is optimized with the Yoast SEO plugin v26.9 - https:\/\/yoast.com\/product\/yoast-seo-wordpress\/ -->\n<title>Visa d&#039;\u00c9quipage Maritime Australien (Maritime Crew Visa): Fran\u00e7ais<\/title>\n<meta name=\"description\" content=\"MCV (Maritime Crew Visa) pour l&#039;Australie pour les citoyens fran\u00e7ais. Co\u00fbt, exigences et formulaire de demande en ligne pour les visas d&#039;\u00e9quipage maritime.\" \/>\n<meta name=\"robots\" content=\"index, follow, max-snippet:-1, max-image-preview:large, max-video-preview:-1\" \/>\n<link rel=\"canonical\" href=\"https:\/\/auvisa.org\/fr\/visa-dequipage-maritime-pour-laustralie-mcv\/\" \/>\n<meta property=\"og:locale\" content=\"fr_FR\" \/>\n<meta property=\"og:type\" content=\"article\" \/>\n<meta property=\"og:title\" content=\"Visa d&#039;\u00c9quipage Maritime Australien (Maritime Crew Visa): Fran\u00e7ais\" \/>\n<meta property=\"og:description\" content=\"MCV (Maritime Crew Visa) pour l&#039;Australie pour les citoyens fran\u00e7ais. Co\u00fbt, exigences et formulaire de demande en ligne pour les visas d&#039;\u00e9quipage maritime.\" \/>\n<meta property=\"og:url\" content=\"https:\/\/auvisa.org\/fr\/visa-dequipage-maritime-pour-laustralie-mcv\/\" \/>\n<meta property=\"og:site_name\" content=\"Auvisa.org\" \/>\n<meta property=\"article:modified_time\" content=\"2023-07-14T15:16:59+00:00\" \/>\n<meta name=\"twitter:card\" content=\"summary_large_image\" \/>\n<meta name=\"twitter:label1\" content=\"Dur\u00e9e de lecture estim\u00e9e\" \/>\n\t<meta name=\"twitter:data1\" content=\"11 minutes\" \/>\n<script type=\"application\/ld+json\" class=\"yoast-schema-graph\">{\"@context\":\"https:\/\/schema.org\",\"@graph\":[{\"@type\":\"WebPage\",\"@id\":\"https:\/\/auvisa.org\/fr\/visa-dequipage-maritime-pour-laustralie-mcv\/\",\"url\":\"https:\/\/auvisa.org\/fr\/visa-dequipage-maritime-pour-laustralie-mcv\/\",\"name\":\"Visa d'\u00c9quipage Maritime Australien (Maritime Crew Visa): Fran\u00e7ais\",\"isPartOf\":{\"@id\":\"https:\/\/auvisa.org\/fr\/#website\"},\"datePublished\":\"2019-09-19T12:47:56+00:00\",\"dateModified\":\"2023-07-14T15:16:59+00:00\",\"description\":\"MCV (Maritime Crew Visa) pour l'Australie pour les citoyens fran\u00e7ais. Co\u00fbt, exigences et formulaire de demande en ligne pour les visas d'\u00e9quipage maritime.\",\"breadcrumb\":{\"@id\":\"https:\/\/auvisa.org\/fr\/visa-dequipage-maritime-pour-laustralie-mcv\/#breadcrumb\"},\"inLanguage\":\"fr-FR\",\"potentialAction\":[{\"@type\":\"ReadAction\",\"target\":[\"https:\/\/auvisa.org\/fr\/visa-dequipage-maritime-pour-laustralie-mcv\/\"]}]},{\"@type\":\"BreadcrumbList\",\"@id\":\"https:\/\/auvisa.org\/fr\/visa-dequipage-maritime-pour-laustralie-mcv\/#breadcrumb\",\"itemListElement\":[{\"@type\":\"ListItem\",\"position\":1,\"name\":\"Home\",\"item\":\"https:\/\/auvisa.org\/fr\/\"},{\"@type\":\"ListItem\",\"position\":2,\"name\":\"Visa d&#8217;\u00c9quipage Maritime pour l&#8217;Australie (Maritime Crew Visa &#8220;MCV&#8221;)\"}]},{\"@type\":\"WebSite\",\"@id\":\"https:\/\/auvisa.org\/fr\/#website\",\"url\":\"https:\/\/auvisa.org\/fr\/\",\"name\":\"Auvisa.org\",\"description\":\"\",\"inLanguage\":\"fr-FR\"}]}<\/script>\n<!-- \/ Yoast SEO plugin. -->","yoast_head_json":{"title":"Visa d'\u00c9quipage Maritime Australien (Maritime Crew Visa): Fran\u00e7ais","description":"MCV (Maritime Crew Visa) pour l'Australie pour les citoyens fran\u00e7ais. Co\u00fbt, exigences et formulaire de demande en ligne pour les visas d'\u00e9quipage maritime.","robots":{"index":"index","follow":"follow","max-snippet":"max-snippet:-1","max-image-preview":"max-image-preview:large","max-video-preview":"max-video-preview:-1"},"canonical":"https:\/\/auvisa.org\/fr\/visa-dequipage-maritime-pour-laustralie-mcv\/","og_locale":"fr_FR","og_type":"article","og_title":"Visa d'\u00c9quipage Maritime Australien (Maritime Crew Visa): Fran\u00e7ais","og_description":"MCV (Maritime Crew Visa) pour l'Australie pour les citoyens fran\u00e7ais. Co\u00fbt, exigences et formulaire de demande en ligne pour les visas d'\u00e9quipage maritime.","og_url":"https:\/\/auvisa.org\/fr\/visa-dequipage-maritime-pour-laustralie-mcv\/","og_site_name":"Auvisa.org","article_modified_time":"2023-07-14T15:16:59+00:00","twitter_card":"summary_large_image","twitter_misc":{"Dur\u00e9e de lecture estim\u00e9e":"11 minutes"},"schema":{"@context":"https:\/\/schema.org","@graph":[{"@type":"WebPage","@id":"https:\/\/auvisa.org\/fr\/visa-dequipage-maritime-pour-laustralie-mcv\/","url":"https:\/\/auvisa.org\/fr\/visa-dequipage-maritime-pour-laustralie-mcv\/","name":"Visa d'\u00c9quipage Maritime Australien (Maritime Crew Visa): Fran\u00e7ais","isPartOf":{"@id":"https:\/\/auvisa.org\/fr\/#website"},"datePublished":"2019-09-19T12:47:56+00:00","dateModified":"2023-07-14T15:16:59+00:00","description":"MCV (Maritime Crew Visa) pour l'Australie pour les citoyens fran\u00e7ais. Co\u00fbt, exigences et formulaire de demande en ligne pour les visas d'\u00e9quipage maritime.","breadcrumb":{"@id":"https:\/\/auvisa.org\/fr\/visa-dequipage-maritime-pour-laustralie-mcv\/#breadcrumb"},"inLanguage":"fr-FR","potentialAction":[{"@type":"ReadAction","target":["https:\/\/auvisa.org\/fr\/visa-dequipage-maritime-pour-laustralie-mcv\/"]}]},{"@type":"BreadcrumbList","@id":"https:\/\/auvisa.org\/fr\/visa-dequipage-maritime-pour-laustralie-mcv\/#breadcrumb","itemListElement":[{"@type":"ListItem","position":1,"name":"Home","item":"https:\/\/auvisa.org\/fr\/"},{"@type":"ListItem","position":2,"name":"Visa d&#8217;\u00c9quipage Maritime pour l&#8217;Australie (Maritime Crew Visa &#8220;MCV&#8221;)"}]},{"@type":"WebSite","@id":"https:\/\/auvisa.org\/fr\/#website","url":"https:\/\/auvisa.org\/fr\/","name":"Auvisa.org","description":"","inLanguage":"fr-FR"}]}},"_links":{"self":[{"href":"https:\/\/auvisa.org\/fr\/wp-json\/wp\/v2\/pages\/1274","targetHints":{"allow":["GET"]}}],"collection":[{"href":"https:\/\/auvisa.org\/fr\/wp-json\/wp\/v2\/pages"}],"about":[{"href":"https:\/\/auvisa.org\/fr\/wp-json\/wp\/v2\/types\/page"}],"author":[{"embeddable":true,"href":"https:\/\/auvisa.org\/fr\/wp-json\/wp\/v2\/users\/4"}],"replies":[{"embeddable":true,"href":"https:\/\/auvisa.org\/fr\/wp-json\/wp\/v2\/comments?post=1274"}],"version-history":[{"count":25,"href":"https:\/\/auvisa.org\/fr\/wp-json\/wp\/v2\/pages\/1274\/revisions"}],"predecessor-version":[{"id":18210,"href":"https:\/\/auvisa.org\/fr\/wp-json\/wp\/v2\/pages\/1274\/revisions\/18210"}],"wp:attachment":[{"href":"https:\/\/auvisa.org\/fr\/wp-json\/wp\/v2\/media?parent=1274"}],"curies":[{"name":"wp","href":"https:\/\/api.w.org\/{rel}","templated":true}]}}