{"id":1744,"date":"2020-01-07T16:26:56","date_gmt":"2020-01-07T16:26:56","guid":{"rendered":"https:\/\/dev.auvisa.org\/?page_id=1744"},"modified":"2023-08-25T11:22:24","modified_gmt":"2023-08-25T09:22:24","slug":"visa-working","status":"publish","type":"page","link":"https:\/\/auvisa.org\/fr\/visa-working\/","title":{"rendered":"Visa Vacances-Travail pour l&rsquo;Australie : Formulaire de demande (France)"},"content":{"rendered":"\n<div style=\"height:20px\" aria-hidden=\"true\" class=\"wp-block-spacer\"><\/div>\n\n\n\n<p>Ce formulaire de demande de visa Vacances-Travail (Working Holiday Visa) est destin\u00e9 aux <strong>citoyens fran\u00e7ais \u00e2g\u00e9s de 18 \u00e0 35 ans (inclus) <\/strong>au moment de leur demande.<\/p>\n\n\n\n<p>Une fois le visa obtenu, les voyageurs fran\u00e7ais peuvent se rendre en Australie et <strong>combiner vacances, travail et \u00e9tudes<\/strong>.<\/p>\n\n\n\n<p>Il est possible de <strong>rester en Australie jusqu&rsquo;\u00e0 un an<\/strong> et de travailler pour le m\u00eame employeur pendant 6 mois maximum, ou d&rsquo;\u00e9tudier pendant 4 mois maximum. Si vous le souhaitez, il est \u00e9galement possible de passer la totalit\u00e9 de la p\u00e9riode de validit\u00e9 du visa en vacances.<\/p>\n\n\n\n<p>Conditions de demande de visa Vacances-Travail (\u00ab\u00a0WHV\u00a0\u00bb) :<\/p>\n\n\n\n<ul class=\"wp-block-list\"><li>Vous devez \u00eatre \u00e2g\u00e9 de 18 \u00e0 35 ans (inclus)<\/li><li>Vous devez \u00eatre en bonne sant\u00e9<\/li><li>Vous devez avoir les moyens financiers de subvenir \u00e0 vos besoins au d\u00e9but de votre s\u00e9jour<\/li><\/ul>\n\n\n\n<p><strong>IMPORTANT:<\/strong><br>Afin de terminer et de soumettre votre demande, une copie des documents suivants sera n\u00e9cessaire:<\/p>\n\n\n\n<ul class=\"wp-block-list\"><li>Page des d\u00e9tails personnels du passeport<\/li><\/ul>\n\n\n\n<p>Si vous n&rsquo;avez pas tous les documents n\u00e9cessaires pour le moment, vous pouvez enregistrer l&rsquo;application et t\u00e9l\u00e9charger les documents plus tard.<\/p>\n\n\n\n<p>Le formulaire de demande en ligne suivant vous permet de faire une demande pour plusieurs personnes en m\u00eame temps, et <strong>chaque visa Working Holiday co\u00fbtera <span class=\"woocommerce-Price-amount amount\"><bdi><span class=\"woocommerce-Price-currencySymbol\">&euro;<\/span>575,00<\/bdi><\/span>. Le prix comprend \u00e0 la fois les frais de service d&rsquo;Auvisa.org et les frais gouvernementaux (le cas \u00e9ch\u00e9ant).<\/strong><\/p>\n\n\n\n<div style=\"height:62px\" aria-hidden=\"true\" class=\"wp-block-spacer\"><\/div>\n\n\n\n<h3>Saisissez et confirmez votre adresse \u00e9lectronique pour lancer la demande en ligne :<\/h3>\n","protected":false},"excerpt":{"rendered":"<p>Ce formulaire de demande de visa Vacances-Travail (Working Holiday Visa) est destin\u00e9 aux citoyens fran\u00e7ais \u00e2g\u00e9s de 18 \u00e0 35 [&#8230;]<\/p>\n<p><a class=\"btn btn-secondary understrap-read-more-link\" href=\"https:\/\/auvisa.org\/fr\/visa-working\/\">Lire la suite\u2026<span class=\"screen-reader-text\"> from Visa Vacances-Travail pour l&rsquo;Australie : Formulaire de demande (France)<\/span><\/a><\/p>\n","protected":false},"author":3,"featured_media":0,"parent":0,"menu_order":39,"comment_status":"closed","ping_status":"closed","template":"templates\/tpl_acf_form.php","meta":{"inline_featured_image":false,"footnotes":""},"class_list":["post-1744","page","type-page","status-publish","hentry"],"yoast_head":"<!-- This site is optimized with the Yoast SEO plugin v26.9 - https:\/\/yoast.com\/product\/yoast-seo-wordpress\/ -->\n<title>Demande de Visa Vacances-Travail pour l&#039;Australie (Working Holiday)<\/title>\n<meta name=\"description\" content=\"Ce visa vacances-travail en ligne permet aux citoyens \u00e2g\u00e9s de 18 \u00e0 35 ans de voyager en Australie pendant une p\u00e9riode allant jusqu&#039;\u00e0 12 mois. Remplissez le formulaire de demande.\" \/>\n<meta name=\"robots\" content=\"index, follow, max-snippet:-1, max-image-preview:large, max-video-preview:-1\" \/>\n<link rel=\"canonical\" href=\"https:\/\/auvisa.org\/fr\/visa-working\/\" \/>\n<meta property=\"og:locale\" content=\"fr_FR\" \/>\n<meta property=\"og:type\" content=\"article\" \/>\n<meta property=\"og:title\" content=\"Demande de Visa Vacances-Travail pour l&#039;Australie (Working Holiday)\" \/>\n<meta property=\"og:description\" content=\"Ce visa vacances-travail en ligne permet aux citoyens \u00e2g\u00e9s de 18 \u00e0 35 ans de voyager en Australie pendant une p\u00e9riode allant jusqu&#039;\u00e0 12 mois. Remplissez le formulaire de demande.\" \/>\n<meta property=\"og:url\" content=\"https:\/\/auvisa.org\/fr\/visa-working\/\" \/>\n<meta property=\"og:site_name\" content=\"Auvisa.org\" \/>\n<meta property=\"article:modified_time\" content=\"2023-08-25T09:22:24+00:00\" \/>\n<meta name=\"twitter:card\" content=\"summary_large_image\" \/>\n<meta name=\"twitter:label1\" content=\"Dur\u00e9e de lecture estim\u00e9e\" \/>\n\t<meta name=\"twitter:data1\" content=\"2 minutes\" \/>\n<script type=\"application\/ld+json\" class=\"yoast-schema-graph\">{\"@context\":\"https:\/\/schema.org\",\"@graph\":[{\"@type\":\"WebPage\",\"@id\":\"https:\/\/auvisa.org\/fr\/visa-working\/\",\"url\":\"https:\/\/auvisa.org\/fr\/visa-working\/\",\"name\":\"Demande de Visa Vacances-Travail pour l'Australie (Working Holiday)\",\"isPartOf\":{\"@id\":\"https:\/\/auvisa.org\/fr\/#website\"},\"datePublished\":\"2020-01-07T16:26:56+00:00\",\"dateModified\":\"2023-08-25T09:22:24+00:00\",\"description\":\"Ce visa vacances-travail en ligne permet aux citoyens \u00e2g\u00e9s de 18 \u00e0 35 ans de voyager en Australie pendant une p\u00e9riode allant jusqu'\u00e0 12 mois. Remplissez le formulaire de demande.\",\"breadcrumb\":{\"@id\":\"https:\/\/auvisa.org\/fr\/visa-working\/#breadcrumb\"},\"inLanguage\":\"fr-FR\",\"potentialAction\":[{\"@type\":\"ReadAction\",\"target\":[\"https:\/\/auvisa.org\/fr\/visa-working\/\"]}]},{\"@type\":\"BreadcrumbList\",\"@id\":\"https:\/\/auvisa.org\/fr\/visa-working\/#breadcrumb\",\"itemListElement\":[{\"@type\":\"ListItem\",\"position\":1,\"name\":\"Home\",\"item\":\"https:\/\/auvisa.org\/fr\/\"},{\"@type\":\"ListItem\",\"position\":2,\"name\":\"Visa Vacances-Travail pour l&#8217;Australie : Formulaire de demande (France)\"}]},{\"@type\":\"WebSite\",\"@id\":\"https:\/\/auvisa.org\/fr\/#website\",\"url\":\"https:\/\/auvisa.org\/fr\/\",\"name\":\"Auvisa.org\",\"description\":\"\",\"inLanguage\":\"fr-FR\"}]}<\/script>\n<!-- \/ Yoast SEO plugin. -->","yoast_head_json":{"title":"Demande de Visa Vacances-Travail pour l'Australie (Working Holiday)","description":"Ce visa vacances-travail en ligne permet aux citoyens \u00e2g\u00e9s de 18 \u00e0 35 ans de voyager en Australie pendant une p\u00e9riode allant jusqu'\u00e0 12 mois. Remplissez le formulaire de demande.","robots":{"index":"index","follow":"follow","max-snippet":"max-snippet:-1","max-image-preview":"max-image-preview:large","max-video-preview":"max-video-preview:-1"},"canonical":"https:\/\/auvisa.org\/fr\/visa-working\/","og_locale":"fr_FR","og_type":"article","og_title":"Demande de Visa Vacances-Travail pour l'Australie (Working Holiday)","og_description":"Ce visa vacances-travail en ligne permet aux citoyens \u00e2g\u00e9s de 18 \u00e0 35 ans de voyager en Australie pendant une p\u00e9riode allant jusqu'\u00e0 12 mois. Remplissez le formulaire de demande.","og_url":"https:\/\/auvisa.org\/fr\/visa-working\/","og_site_name":"Auvisa.org","article_modified_time":"2023-08-25T09:22:24+00:00","twitter_card":"summary_large_image","twitter_misc":{"Dur\u00e9e de lecture estim\u00e9e":"2 minutes"},"schema":{"@context":"https:\/\/schema.org","@graph":[{"@type":"WebPage","@id":"https:\/\/auvisa.org\/fr\/visa-working\/","url":"https:\/\/auvisa.org\/fr\/visa-working\/","name":"Demande de Visa Vacances-Travail pour l'Australie (Working Holiday)","isPartOf":{"@id":"https:\/\/auvisa.org\/fr\/#website"},"datePublished":"2020-01-07T16:26:56+00:00","dateModified":"2023-08-25T09:22:24+00:00","description":"Ce visa vacances-travail en ligne permet aux citoyens \u00e2g\u00e9s de 18 \u00e0 35 ans de voyager en Australie pendant une p\u00e9riode allant jusqu'\u00e0 12 mois. Remplissez le formulaire de demande.","breadcrumb":{"@id":"https:\/\/auvisa.org\/fr\/visa-working\/#breadcrumb"},"inLanguage":"fr-FR","potentialAction":[{"@type":"ReadAction","target":["https:\/\/auvisa.org\/fr\/visa-working\/"]}]},{"@type":"BreadcrumbList","@id":"https:\/\/auvisa.org\/fr\/visa-working\/#breadcrumb","itemListElement":[{"@type":"ListItem","position":1,"name":"Home","item":"https:\/\/auvisa.org\/fr\/"},{"@type":"ListItem","position":2,"name":"Visa Vacances-Travail pour l&#8217;Australie : Formulaire de demande (France)"}]},{"@type":"WebSite","@id":"https:\/\/auvisa.org\/fr\/#website","url":"https:\/\/auvisa.org\/fr\/","name":"Auvisa.org","description":"","inLanguage":"fr-FR"}]}},"_links":{"self":[{"href":"https:\/\/auvisa.org\/fr\/wp-json\/wp\/v2\/pages\/1744","targetHints":{"allow":["GET"]}}],"collection":[{"href":"https:\/\/auvisa.org\/fr\/wp-json\/wp\/v2\/pages"}],"about":[{"href":"https:\/\/auvisa.org\/fr\/wp-json\/wp\/v2\/types\/page"}],"author":[{"embeddable":true,"href":"https:\/\/auvisa.org\/fr\/wp-json\/wp\/v2\/users\/3"}],"replies":[{"embeddable":true,"href":"https:\/\/auvisa.org\/fr\/wp-json\/wp\/v2\/comments?post=1744"}],"version-history":[{"count":15,"href":"https:\/\/auvisa.org\/fr\/wp-json\/wp\/v2\/pages\/1744\/revisions"}],"predecessor-version":[{"id":18425,"href":"https:\/\/auvisa.org\/fr\/wp-json\/wp\/v2\/pages\/1744\/revisions\/18425"}],"wp:attachment":[{"href":"https:\/\/auvisa.org\/fr\/wp-json\/wp\/v2\/media?parent=1744"}],"curies":[{"name":"wp","href":"https:\/\/api.w.org\/{rel}","templated":true}]}}