{"id":1747,"date":"2020-01-07T16:27:41","date_gmt":"2020-01-07T16:27:41","guid":{"rendered":"https:\/\/dev.auvisa.org\/?page_id=1747"},"modified":"2023-07-14T17:11:51","modified_gmt":"2023-07-14T15:11:51","slug":"visa-student","status":"publish","type":"page","link":"https:\/\/auvisa.org\/fr\/visa-student\/","title":{"rendered":"Demande de Visa d&rsquo;\u00c9tudiant Australien: Formulaire en Ligne"},"content":{"rendered":"\n<div style=\"height:20px\" aria-hidden=\"true\" class=\"wp-block-spacer\"><\/div>\n\n\n\n<p>Veuillez utiliser ce formulaire de demande pour <strong>demander un visa \u00e9tudiant pour l&rsquo;Australie<\/strong>.<\/p>\n\n\n\n<p>Vous avez besoin <strong>d&rsquo;\u00eatre admis dans une universit\u00e9 ou dans une \u00e9cole avant que vous ne pouvez faire une demande d\u2019application<\/strong> pour un visa d\u2019\u00e9tudiant pour l&rsquo;Australie. Si vous ne disposez pas d&rsquo;une Confirmation d\u2019Inscription, veuillez contacter l&rsquo;\u00e9cole ou l&rsquo;universit\u00e9 o\u00f9 vous avez l&rsquo;intention d&rsquo;\u00e9tudier.<\/p>\n\n\n\n<h4 class=\"wp-block-heading\" id=\"options-de-visa-d-etudiant\">Options de visa d&rsquo;\u00e9tudiant<\/h4>\n\n\n\n<ul class=\"wp-block-list\"><li><strong>\u00c9tudes Sup\u00e9rieures<\/strong><ul><li>S&rsquo;applique \u00e0 un dipl\u00f4me, dipl\u00f4me d&rsquo;enseignement sup\u00e9rieur, dipl\u00f4m\u00e9 de 2e cycle, une maitrise, un baccalaur\u00e9at, dipl\u00f4me avanc\u00e9 ou une maitrise d&rsquo;enseignement sup\u00e9rieur.<\/li><\/ul><\/li><li><strong>Recherche postuniversitaire<\/strong><ul><li>S&rsquo;applique \u00e0 une Maitrise en recherche ou un dipl\u00f4me de doctorat.<\/li><\/ul><\/li><li><strong>Cours Intensif de la Langue Anglaise pour les \u00e9tudiants d&rsquo;outre-mer (ELICOS)<\/strong><ul><li>Pour des cours autonomes qui m\u00e8nent \u00e0 un certificat I, II, III ou IV, ou qui s\u2019av\u00e8re \u00e0 un m\u00e9rite non formel.<\/li><\/ul><\/li><li><strong>Cours de niveau primaire ou secondaire<\/strong><ul><li>Pour des cours de primaire, de secondaire de premier cycle ou de cycle sup\u00e9rieur des \u00e9coles secondaires, ainsi que des programmes d&rsquo;\u00e9change scolaire secondaire approuv\u00e9e.<\/li><\/ul><\/li><li><strong>L&rsquo;enseignement et la formation professionnelle (EFP)<\/strong><ul><li>Cette sous-classe est pour les Certificats I, II, III ou IV (sauf ELICOS), dipl\u00f4me VET, VET dipl\u00f4me avanc\u00e9, Certificat de maitrise ou des cours de dipl\u00f4me vocationnels.<\/li><\/ul><\/li><li><strong>Non-attribution<\/strong><ul><li>S&rsquo;applique aux \u00e9tudes de fondation de non-attribution, ou d&rsquo;autres cours \u00e0 plein temps ou composants de cours n&rsquo;aboutissant pas \u00e0 une bourse australienne.<\/li><\/ul><\/li><li><strong> L&rsquo;AusAID et D\u00e9fense<\/strong><ul><li>S&rsquo;applique aux \u00e9tudiants, sponsoris\u00e9s par l&rsquo;AusAID ou le D\u00e9partement du Minist\u00e8re Australien de la D\u00e9fense, prenant des cours de tous types \u00e0 plein temps.<\/li><\/ul><\/li><li><strong>Tuteurs des \u00c9tudiants<\/strong><\/li><\/ul>\n\n\n\n<p>Le prix est de <span class=\"woocommerce-Price-amount amount\"><bdi><span class=\"woocommerce-Price-currencySymbol\">&euro;<\/span>1.200,00<\/bdi><\/span> par visa.<\/p>\n\n\n\n<div style=\"height:59px\" aria-hidden=\"true\" class=\"wp-block-spacer\"><\/div>\n\n\n\n<h3 class=\"wp-block-heading\" id=\"saisissez-et-confirmez-votre-adresse-electronique-pour-lancer-la-demande-en-ligne\">Saisissez et confirmez votre adresse \u00e9lectronique pour lancer la demande en ligne :<\/h3>\n","protected":false},"excerpt":{"rendered":"<p>Veuillez utiliser ce formulaire de demande pour demander un visa \u00e9tudiant pour l&rsquo;Australie. Vous avez besoin d&rsquo;\u00eatre admis dans une [&#8230;]<\/p>\n<p><a class=\"btn btn-secondary understrap-read-more-link\" href=\"https:\/\/auvisa.org\/fr\/visa-student\/\">Lire la suite\u2026<span class=\"screen-reader-text\"> from Demande de Visa d&rsquo;\u00c9tudiant Australien: Formulaire en Ligne<\/span><\/a><\/p>\n","protected":false},"author":3,"featured_media":0,"parent":0,"menu_order":37,"comment_status":"closed","ping_status":"closed","template":"templates\/tpl_acf_form.php","meta":{"inline_featured_image":false,"footnotes":""},"class_list":["post-1747","page","type-page","status-publish","hentry"],"yoast_head":"<!-- This site is optimized with the Yoast SEO plugin v26.9 - https:\/\/yoast.com\/product\/yoast-seo-wordpress\/ -->\n<title>Demande de Visa d&#039;\u00c9tudiant Australien - Formulaire en Ligne (France)<\/title>\n<meta name=\"description\" content=\"Les \u00e9tudiants fran\u00e7ais doivent utiliser ce formulaire pour demander un visa d&#039;\u00e9tudiant pour l&#039;Australie. Faites votre demande en ligne ici : Confirmation d&#039;inscription (CoE) requise.\" \/>\n<meta name=\"robots\" content=\"index, follow, max-snippet:-1, max-image-preview:large, max-video-preview:-1\" \/>\n<link rel=\"canonical\" href=\"https:\/\/auvisa.org\/fr\/visa-student\/\" \/>\n<meta property=\"og:locale\" content=\"fr_FR\" \/>\n<meta property=\"og:type\" content=\"article\" \/>\n<meta property=\"og:title\" content=\"Demande de Visa d&#039;\u00c9tudiant Australien - Formulaire en Ligne (France)\" \/>\n<meta property=\"og:description\" content=\"Les \u00e9tudiants fran\u00e7ais doivent utiliser ce formulaire pour demander un visa d&#039;\u00e9tudiant pour l&#039;Australie. Faites votre demande en ligne ici : Confirmation d&#039;inscription (CoE) requise.\" \/>\n<meta property=\"og:url\" content=\"https:\/\/auvisa.org\/fr\/visa-student\/\" \/>\n<meta property=\"og:site_name\" content=\"Auvisa.org\" \/>\n<meta property=\"article:modified_time\" content=\"2023-07-14T15:11:51+00:00\" \/>\n<meta name=\"twitter:card\" content=\"summary_large_image\" \/>\n<meta name=\"twitter:label1\" content=\"Dur\u00e9e de lecture estim\u00e9e\" \/>\n\t<meta name=\"twitter:data1\" content=\"2 minutes\" \/>\n<script type=\"application\/ld+json\" class=\"yoast-schema-graph\">{\"@context\":\"https:\/\/schema.org\",\"@graph\":[{\"@type\":\"WebPage\",\"@id\":\"https:\/\/auvisa.org\/fr\/visa-student\/\",\"url\":\"https:\/\/auvisa.org\/fr\/visa-student\/\",\"name\":\"Demande de Visa d'\u00c9tudiant Australien - Formulaire en Ligne (France)\",\"isPartOf\":{\"@id\":\"https:\/\/auvisa.org\/fr\/#website\"},\"datePublished\":\"2020-01-07T16:27:41+00:00\",\"dateModified\":\"2023-07-14T15:11:51+00:00\",\"description\":\"Les \u00e9tudiants fran\u00e7ais doivent utiliser ce formulaire pour demander un visa d'\u00e9tudiant pour l'Australie. Faites votre demande en ligne ici : Confirmation d'inscription (CoE) requise.\",\"breadcrumb\":{\"@id\":\"https:\/\/auvisa.org\/fr\/visa-student\/#breadcrumb\"},\"inLanguage\":\"fr-FR\",\"potentialAction\":[{\"@type\":\"ReadAction\",\"target\":[\"https:\/\/auvisa.org\/fr\/visa-student\/\"]}]},{\"@type\":\"BreadcrumbList\",\"@id\":\"https:\/\/auvisa.org\/fr\/visa-student\/#breadcrumb\",\"itemListElement\":[{\"@type\":\"ListItem\",\"position\":1,\"name\":\"Home\",\"item\":\"https:\/\/auvisa.org\/fr\/\"},{\"@type\":\"ListItem\",\"position\":2,\"name\":\"Demande de Visa d&#8217;\u00c9tudiant Australien: Formulaire en Ligne\"}]},{\"@type\":\"WebSite\",\"@id\":\"https:\/\/auvisa.org\/fr\/#website\",\"url\":\"https:\/\/auvisa.org\/fr\/\",\"name\":\"Auvisa.org\",\"description\":\"\",\"inLanguage\":\"fr-FR\"}]}<\/script>\n<!-- \/ Yoast SEO plugin. -->","yoast_head_json":{"title":"Demande de Visa d'\u00c9tudiant Australien - Formulaire en Ligne (France)","description":"Les \u00e9tudiants fran\u00e7ais doivent utiliser ce formulaire pour demander un visa d'\u00e9tudiant pour l'Australie. Faites votre demande en ligne ici : Confirmation d'inscription (CoE) requise.","robots":{"index":"index","follow":"follow","max-snippet":"max-snippet:-1","max-image-preview":"max-image-preview:large","max-video-preview":"max-video-preview:-1"},"canonical":"https:\/\/auvisa.org\/fr\/visa-student\/","og_locale":"fr_FR","og_type":"article","og_title":"Demande de Visa d'\u00c9tudiant Australien - Formulaire en Ligne (France)","og_description":"Les \u00e9tudiants fran\u00e7ais doivent utiliser ce formulaire pour demander un visa d'\u00e9tudiant pour l'Australie. Faites votre demande en ligne ici : Confirmation d'inscription (CoE) requise.","og_url":"https:\/\/auvisa.org\/fr\/visa-student\/","og_site_name":"Auvisa.org","article_modified_time":"2023-07-14T15:11:51+00:00","twitter_card":"summary_large_image","twitter_misc":{"Dur\u00e9e de lecture estim\u00e9e":"2 minutes"},"schema":{"@context":"https:\/\/schema.org","@graph":[{"@type":"WebPage","@id":"https:\/\/auvisa.org\/fr\/visa-student\/","url":"https:\/\/auvisa.org\/fr\/visa-student\/","name":"Demande de Visa d'\u00c9tudiant Australien - Formulaire en Ligne (France)","isPartOf":{"@id":"https:\/\/auvisa.org\/fr\/#website"},"datePublished":"2020-01-07T16:27:41+00:00","dateModified":"2023-07-14T15:11:51+00:00","description":"Les \u00e9tudiants fran\u00e7ais doivent utiliser ce formulaire pour demander un visa d'\u00e9tudiant pour l'Australie. Faites votre demande en ligne ici : Confirmation d'inscription (CoE) requise.","breadcrumb":{"@id":"https:\/\/auvisa.org\/fr\/visa-student\/#breadcrumb"},"inLanguage":"fr-FR","potentialAction":[{"@type":"ReadAction","target":["https:\/\/auvisa.org\/fr\/visa-student\/"]}]},{"@type":"BreadcrumbList","@id":"https:\/\/auvisa.org\/fr\/visa-student\/#breadcrumb","itemListElement":[{"@type":"ListItem","position":1,"name":"Home","item":"https:\/\/auvisa.org\/fr\/"},{"@type":"ListItem","position":2,"name":"Demande de Visa d&#8217;\u00c9tudiant Australien: Formulaire en Ligne"}]},{"@type":"WebSite","@id":"https:\/\/auvisa.org\/fr\/#website","url":"https:\/\/auvisa.org\/fr\/","name":"Auvisa.org","description":"","inLanguage":"fr-FR"}]}},"_links":{"self":[{"href":"https:\/\/auvisa.org\/fr\/wp-json\/wp\/v2\/pages\/1747","targetHints":{"allow":["GET"]}}],"collection":[{"href":"https:\/\/auvisa.org\/fr\/wp-json\/wp\/v2\/pages"}],"about":[{"href":"https:\/\/auvisa.org\/fr\/wp-json\/wp\/v2\/types\/page"}],"author":[{"embeddable":true,"href":"https:\/\/auvisa.org\/fr\/wp-json\/wp\/v2\/users\/3"}],"replies":[{"embeddable":true,"href":"https:\/\/auvisa.org\/fr\/wp-json\/wp\/v2\/comments?post=1747"}],"version-history":[{"count":20,"href":"https:\/\/auvisa.org\/fr\/wp-json\/wp\/v2\/pages\/1747\/revisions"}],"predecessor-version":[{"id":18203,"href":"https:\/\/auvisa.org\/fr\/wp-json\/wp\/v2\/pages\/1747\/revisions\/18203"}],"wp:attachment":[{"href":"https:\/\/auvisa.org\/fr\/wp-json\/wp\/v2\/media?parent=1747"}],"curies":[{"name":"wp","href":"https:\/\/api.w.org\/{rel}","templated":true}]}}