{"id":1749,"date":"2020-01-07T16:28:00","date_gmt":"2020-01-07T16:28:00","guid":{"rendered":"https:\/\/dev.auvisa.org\/?page_id=1749"},"modified":"2023-07-14T17:07:26","modified_gmt":"2023-07-14T15:07:26","slug":"visa-longterm","status":"publish","type":"page","link":"https:\/\/auvisa.org\/fr\/visa-longterm\/","title":{"rendered":"Demande de Visa de Visiteur pour l&rsquo;Australie : Formulaire en Ligne (France)"},"content":{"rendered":"\n<div style=\"height:20px\" aria-hidden=\"true\" class=\"wp-block-spacer\"><\/div>\n\n\n\n<p>Ce visa (Visiteur Visa &#8211; Sous-cat\u00e9gorie 600) est un visa temporaire pour de plus longues p\u00e9riodes de s\u00e9jour en Australie. <\/p>\n\n\n\n<p>Lorsque vous faites une demande d\u2019application, vous pouvez <strong>choisir entre 3, 6 et 12 mois de p\u00e9riode de validit\u00e9<\/strong>. Ce visa est pour le tourisme, les visites d&rsquo;affaires et les visites familiales. Vous pouvez \u00e9galement utiliser ce visa pour prolonger votre s\u00e9jour en Australie si vous \u00eates actuellement dans le pays sur un autre visa qui va bient\u00f4t s\u2019expirer.<\/p>\n\n\n\n<p>Lors du remplissage du formulaire, vous devrez <strong>choisir entre plusieurs options<\/strong>:<\/p>\n\n\n\n<p><strong>Visa de tourisme<\/strong>: Si vous voyagez en Australie pour des vacances ou pour rendre visite \u00e0 la famille et des amis, s\u00e9lectionnez ce type de visa dans le formulaire d\u2019application. Vous \u00eates \u00e9galement permis d&rsquo;\u00e9tudier jusqu&rsquo;\u00e0 3 mois..<\/p>\n\n\n\n<p><strong>Visa pour les visites d&rsquo;affaires<\/strong>: Si vous voyagez en Australie pour de courtes visites d&rsquo;affaires, s\u00e9lectionnez ce type dans le formulaire de demande d\u2019application. Vous \u00eates autoris\u00e9 \u00e0 faire affaires en g\u00e9n\u00e9ral ou des demandes de renseignements d&#8217;emploi, des n\u00e9gociations ou participer \u00e0 des conf\u00e9rences. Vous n&rsquo;\u00eates pas autoris\u00e9 \u00e0 travailler ou \u00e0 fournir des services \u00e0 une entreprise ou organisation en Australie. Vous n&rsquo;\u00eates pas autoris\u00e9 \u00e0 vendre des articles ou des services au public.<\/p>\n\n\n\n<p><strong>Visa de famille sponsoris\u00e9<\/strong>: Si vous voyagez en l&rsquo;Australie pour rendre visite \u00e0 la famille et avez un sponsor, s\u00e9lectionnez ce type de visa dans le formulaire d\u2019application. Votre sponsor pourrait avoir \u00e0 fournir une caution. Lorsque vous \u00eates arriv\u00e9 en Australie, vous ne pouvez pas faire une application pour un autre type de visa pendant que vous \u00eates en Australie. <\/p>\n\n\n\n<p><strong>Prolonger votre visa actuel<\/strong>: Si vous \u00eates actuellement en Australie sur un visa qui va bient\u00f4t s&rsquo;expirer, vous pouvez faire une application pour ce visa pour prolonger votre s\u00e9jour. Cette op\u00e9ration est seulement possible si vous n&rsquo;avez pas un 8503, cette condition sur votre visa actuel : \u00ab\u00a0Pas de prolongation de s\u00e9jour\u00a0\u00bb.<\/p>\n\n\n\n<p>Visas de longue dur\u00e9e co\u00fbtent <span class=\"woocommerce-Price-amount amount\"><bdi><span class=\"woocommerce-Price-currencySymbol\">&euro;<\/span>275,00<\/bdi><\/span> chacun. Si vous \u00eates d\u00e9j\u00e0 en Australie au moment de votre application, il y aura une charge suppl\u00e9mentaire de 150 EUR par personne.<\/p>\n\n\n\n<div style=\"height:61px\" aria-hidden=\"true\" class=\"wp-block-spacer\"><\/div>\n\n\n\n<h3 class=\"wp-block-heading\" id=\"saisissez-et-confirmez-votre-adresse-electronique-pour-lancer-la-demande-en-ligne\">Saisissez et confirmez votre adresse \u00e9lectronique pour lancer la demande en ligne :<\/h3>\n","protected":false},"excerpt":{"rendered":"<p>Ce visa (Visiteur Visa &#8211; Sous-cat\u00e9gorie 600) est un visa temporaire pour de plus longues p\u00e9riodes de s\u00e9jour en Australie. [&#8230;]<\/p>\n<p><a class=\"btn btn-secondary understrap-read-more-link\" href=\"https:\/\/auvisa.org\/fr\/visa-longterm\/\">Lire la suite\u2026<span class=\"screen-reader-text\"> from Demande de Visa de Visiteur pour l&rsquo;Australie : Formulaire en Ligne (France)<\/span><\/a><\/p>\n","protected":false},"author":3,"featured_media":0,"parent":0,"menu_order":32,"comment_status":"closed","ping_status":"closed","template":"templates\/tpl_acf_form.php","meta":{"inline_featured_image":false,"footnotes":""},"class_list":["post-1749","page","type-page","status-publish","hentry"],"yoast_head":"<!-- This site is optimized with the Yoast SEO plugin v26.9 - https:\/\/yoast.com\/product\/yoast-seo-wordpress\/ -->\n<title>Demande de Visa de Visiteur pour l&#039;Australie: Formulaire (long s\u00e9jour - 600)<\/title>\n<meta name=\"description\" content=\"Le visa de long s\u00e9jour australien (visa de visiteur - sous-cat\u00e9gorie 600) est destin\u00e9 \u00e0 des s\u00e9jours de 3, 6 ou 12 mois et pour prolonger le s\u00e9jour actuel en Australie. Faites votre demande en ligne d\u00e8s maintenant.\" \/>\n<meta name=\"robots\" content=\"index, follow, max-snippet:-1, max-image-preview:large, max-video-preview:-1\" \/>\n<link rel=\"canonical\" href=\"https:\/\/auvisa.org\/fr\/visa-longterm\/\" \/>\n<meta property=\"og:locale\" content=\"fr_FR\" \/>\n<meta property=\"og:type\" content=\"article\" \/>\n<meta property=\"og:title\" content=\"Demande de Visa de Visiteur pour l&#039;Australie: Formulaire (long s\u00e9jour - 600)\" \/>\n<meta property=\"og:description\" content=\"Le visa de long s\u00e9jour australien (visa de visiteur - sous-cat\u00e9gorie 600) est destin\u00e9 \u00e0 des s\u00e9jours de 3, 6 ou 12 mois et pour prolonger le s\u00e9jour actuel en Australie. Faites votre demande en ligne d\u00e8s maintenant.\" \/>\n<meta property=\"og:url\" content=\"https:\/\/auvisa.org\/fr\/visa-longterm\/\" \/>\n<meta property=\"og:site_name\" content=\"Auvisa.org\" \/>\n<meta property=\"article:modified_time\" content=\"2023-07-14T15:07:26+00:00\" \/>\n<meta name=\"twitter:card\" content=\"summary_large_image\" \/>\n<meta name=\"twitter:label1\" content=\"Dur\u00e9e de lecture estim\u00e9e\" \/>\n\t<meta name=\"twitter:data1\" content=\"2 minutes\" \/>\n<script type=\"application\/ld+json\" class=\"yoast-schema-graph\">{\"@context\":\"https:\/\/schema.org\",\"@graph\":[{\"@type\":\"WebPage\",\"@id\":\"https:\/\/auvisa.org\/fr\/visa-longterm\/\",\"url\":\"https:\/\/auvisa.org\/fr\/visa-longterm\/\",\"name\":\"Demande de Visa de Visiteur pour l'Australie: Formulaire (long s\u00e9jour - 600)\",\"isPartOf\":{\"@id\":\"https:\/\/auvisa.org\/fr\/#website\"},\"datePublished\":\"2020-01-07T16:28:00+00:00\",\"dateModified\":\"2023-07-14T15:07:26+00:00\",\"description\":\"Le visa de long s\u00e9jour australien (visa de visiteur - sous-cat\u00e9gorie 600) est destin\u00e9 \u00e0 des s\u00e9jours de 3, 6 ou 12 mois et pour prolonger le s\u00e9jour actuel en Australie. Faites votre demande en ligne d\u00e8s maintenant.\",\"breadcrumb\":{\"@id\":\"https:\/\/auvisa.org\/fr\/visa-longterm\/#breadcrumb\"},\"inLanguage\":\"fr-FR\",\"potentialAction\":[{\"@type\":\"ReadAction\",\"target\":[\"https:\/\/auvisa.org\/fr\/visa-longterm\/\"]}]},{\"@type\":\"BreadcrumbList\",\"@id\":\"https:\/\/auvisa.org\/fr\/visa-longterm\/#breadcrumb\",\"itemListElement\":[{\"@type\":\"ListItem\",\"position\":1,\"name\":\"Home\",\"item\":\"https:\/\/auvisa.org\/fr\/\"},{\"@type\":\"ListItem\",\"position\":2,\"name\":\"Demande de Visa de Visiteur pour l&#8217;Australie : Formulaire en Ligne (France)\"}]},{\"@type\":\"WebSite\",\"@id\":\"https:\/\/auvisa.org\/fr\/#website\",\"url\":\"https:\/\/auvisa.org\/fr\/\",\"name\":\"Auvisa.org\",\"description\":\"\",\"inLanguage\":\"fr-FR\"}]}<\/script>\n<!-- \/ Yoast SEO plugin. -->","yoast_head_json":{"title":"Demande de Visa de Visiteur pour l'Australie: Formulaire (long s\u00e9jour - 600)","description":"Le visa de long s\u00e9jour australien (visa de visiteur - sous-cat\u00e9gorie 600) est destin\u00e9 \u00e0 des s\u00e9jours de 3, 6 ou 12 mois et pour prolonger le s\u00e9jour actuel en Australie. Faites votre demande en ligne d\u00e8s maintenant.","robots":{"index":"index","follow":"follow","max-snippet":"max-snippet:-1","max-image-preview":"max-image-preview:large","max-video-preview":"max-video-preview:-1"},"canonical":"https:\/\/auvisa.org\/fr\/visa-longterm\/","og_locale":"fr_FR","og_type":"article","og_title":"Demande de Visa de Visiteur pour l'Australie: Formulaire (long s\u00e9jour - 600)","og_description":"Le visa de long s\u00e9jour australien (visa de visiteur - sous-cat\u00e9gorie 600) est destin\u00e9 \u00e0 des s\u00e9jours de 3, 6 ou 12 mois et pour prolonger le s\u00e9jour actuel en Australie. Faites votre demande en ligne d\u00e8s maintenant.","og_url":"https:\/\/auvisa.org\/fr\/visa-longterm\/","og_site_name":"Auvisa.org","article_modified_time":"2023-07-14T15:07:26+00:00","twitter_card":"summary_large_image","twitter_misc":{"Dur\u00e9e de lecture estim\u00e9e":"2 minutes"},"schema":{"@context":"https:\/\/schema.org","@graph":[{"@type":"WebPage","@id":"https:\/\/auvisa.org\/fr\/visa-longterm\/","url":"https:\/\/auvisa.org\/fr\/visa-longterm\/","name":"Demande de Visa de Visiteur pour l'Australie: Formulaire (long s\u00e9jour - 600)","isPartOf":{"@id":"https:\/\/auvisa.org\/fr\/#website"},"datePublished":"2020-01-07T16:28:00+00:00","dateModified":"2023-07-14T15:07:26+00:00","description":"Le visa de long s\u00e9jour australien (visa de visiteur - sous-cat\u00e9gorie 600) est destin\u00e9 \u00e0 des s\u00e9jours de 3, 6 ou 12 mois et pour prolonger le s\u00e9jour actuel en Australie. Faites votre demande en ligne d\u00e8s maintenant.","breadcrumb":{"@id":"https:\/\/auvisa.org\/fr\/visa-longterm\/#breadcrumb"},"inLanguage":"fr-FR","potentialAction":[{"@type":"ReadAction","target":["https:\/\/auvisa.org\/fr\/visa-longterm\/"]}]},{"@type":"BreadcrumbList","@id":"https:\/\/auvisa.org\/fr\/visa-longterm\/#breadcrumb","itemListElement":[{"@type":"ListItem","position":1,"name":"Home","item":"https:\/\/auvisa.org\/fr\/"},{"@type":"ListItem","position":2,"name":"Demande de Visa de Visiteur pour l&#8217;Australie : Formulaire en Ligne (France)"}]},{"@type":"WebSite","@id":"https:\/\/auvisa.org\/fr\/#website","url":"https:\/\/auvisa.org\/fr\/","name":"Auvisa.org","description":"","inLanguage":"fr-FR"}]}},"_links":{"self":[{"href":"https:\/\/auvisa.org\/fr\/wp-json\/wp\/v2\/pages\/1749","targetHints":{"allow":["GET"]}}],"collection":[{"href":"https:\/\/auvisa.org\/fr\/wp-json\/wp\/v2\/pages"}],"about":[{"href":"https:\/\/auvisa.org\/fr\/wp-json\/wp\/v2\/types\/page"}],"author":[{"embeddable":true,"href":"https:\/\/auvisa.org\/fr\/wp-json\/wp\/v2\/users\/3"}],"replies":[{"embeddable":true,"href":"https:\/\/auvisa.org\/fr\/wp-json\/wp\/v2\/comments?post=1749"}],"version-history":[{"count":19,"href":"https:\/\/auvisa.org\/fr\/wp-json\/wp\/v2\/pages\/1749\/revisions"}],"predecessor-version":[{"id":18199,"href":"https:\/\/auvisa.org\/fr\/wp-json\/wp\/v2\/pages\/1749\/revisions\/18199"}],"wp:attachment":[{"href":"https:\/\/auvisa.org\/fr\/wp-json\/wp\/v2\/media?parent=1749"}],"curies":[{"name":"wp","href":"https:\/\/api.w.org\/{rel}","templated":true}]}}