{"id":1752,"date":"2020-01-07T16:28:55","date_gmt":"2020-01-07T16:28:55","guid":{"rendered":"https:\/\/dev.auvisa.org\/?page_id=1752"},"modified":"2023-08-31T14:36:11","modified_gmt":"2023-08-31T12:36:11","slug":"visa-crew","status":"publish","type":"page","link":"https:\/\/auvisa.org\/fr\/visa-crew\/","title":{"rendered":"Demande de visa MCV Australien (France)"},"content":{"rendered":"\n<div style=\"height:20px\" aria-hidden=\"true\" class=\"wp-block-spacer\"><\/div>\n\n\n\n<p>Le Visa pour L\u2019\u00c9quipage Maritime (Maritime Crew Visa) est pour les personnes qui <strong>entrent ou sortent de l&rsquo;Australie par voie maritime ou comme \u00e9quipage maritime<\/strong>.<\/p>\n\n\n\n<p>Vous pouvez faire une demande pour ce visa si vous :<\/p>\n\n\n\n<ul class=\"wp-block-list\"><li>\u00cates \u00e0 l&rsquo;ext\u00e9rieur de l&rsquo;Australie<\/li><li>\u00cates ou serez un membre d\u2019\u00e9quipage \u00e0 bord d&rsquo;un navire qui part vers l&rsquo;Australie ou qui quitte l&rsquo;Australie<\/li><li>Entrerez ou quitterez l&rsquo;Australie par voie maritime comme un \u00e9quipage maritime<\/li><\/ul>\n\n\n\n<p>Le navire doit \u00eatre soit :<\/p>\n\n\n\n<ul class=\"wp-block-list\"><li>un navire de commerce<\/li><li>un navire \u00e0 passagers<\/li><li>un navire appartenant \u00e0 un gouvernement \u00e9tranger pour faire des recherches scientifique<\/li><li>un navire approuv\u00e9 par le minist\u00e8re australien du d\u00e9partement des affaires \u00e9trang\u00e8res comme \u00abstatut de bateau public\u00bb<\/li><\/ul>\n\n\n\n<p>Veuillez noter: Si vous allez en l&rsquo;Australie par voie a\u00e9rienne, vous devez avoir <strong>un autre<\/strong> visa, comme un <a href=\"\/fr\/evisitor-visa-pour-laustralie\/\" class=\"aioseop-link\">visa de touriste<\/a>, ensemble avec le Visa d\u2019\u00c9quipage Maritime MCV.<\/p>\n\n\n\n<p><strong>IMPORTANT:<\/strong><br>Afin de terminer et de soumettre votre demande, une copie des documents suivants sera n\u00e9cessaire:<\/p>\n\n\n\n<ul class=\"wp-block-list\"><li>Page des d\u00e9tails personnels du passeport<\/li><\/ul>\n\n\n\n<p>Si vous n&rsquo;avez pas tous les documents n\u00e9cessaires pour le moment, vous pouvez enregistrer l&rsquo;application et t\u00e9l\u00e9charger les documents plus tard.<\/p>\n\n\n\n<p><strong>Le prix pour chaque visa est de <span class=\"woocommerce-Price-amount amount\"><bdi><span class=\"woocommerce-Price-currencySymbol\">&euro;<\/span>98,00<\/bdi><\/span>. Le prix comprend \u00e0 la fois les frais de service d&rsquo;Auvisa.org et les frais gouvernementaux (le cas \u00e9ch\u00e9ant).<\/strong><\/p>\n\n\n\n<div style=\"height:63px\" aria-hidden=\"true\" class=\"wp-block-spacer\"><\/div>\n\n\n\n<h3 class=\"wp-block-heading\" id=\"saisissez-et-confirmez-votre-adresse-electronique-pour-lancer-la-demande-en-ligne\">Saisissez et confirmez votre adresse \u00e9lectronique pour lancer la demande en ligne :<\/h3>\n","protected":false},"excerpt":{"rendered":"<p>Le Visa pour L\u2019\u00c9quipage Maritime (Maritime Crew Visa) est pour les personnes qui entrent ou sortent de l&rsquo;Australie par voie [&#8230;]<\/p>\n<p><a class=\"btn btn-secondary understrap-read-more-link\" href=\"https:\/\/auvisa.org\/fr\/visa-crew\/\">Lire la suite\u2026<span class=\"screen-reader-text\"> from Demande de visa MCV Australien (France)<\/span><\/a><\/p>\n","protected":false},"author":3,"featured_media":0,"parent":0,"menu_order":28,"comment_status":"closed","ping_status":"closed","template":"templates\/tpl_acf_form.php","meta":{"inline_featured_image":false,"footnotes":""},"class_list":["post-1752","page","type-page","status-publish","hentry"],"yoast_head":"<!-- This site is optimized with the Yoast SEO plugin v26.9 - https:\/\/yoast.com\/product\/yoast-seo-wordpress\/ -->\n<title>Demande de Visa MCV pour l&#039;Australie: Formulaire en Ligne (France)<\/title>\n<meta name=\"description\" content=\"Les fran\u00e7ais qui entrent en Australie en tant que membres d&#039;\u00e9quipage doivent utiliser ce formulaire pour demander leur Maritime Crew Visa (MCV) dans les 4 jours.\" \/>\n<meta name=\"robots\" content=\"index, follow, max-snippet:-1, max-image-preview:large, max-video-preview:-1\" \/>\n<link rel=\"canonical\" href=\"https:\/\/auvisa.org\/fr\/visa-crew\/\" \/>\n<meta property=\"og:locale\" content=\"fr_FR\" \/>\n<meta property=\"og:type\" content=\"article\" \/>\n<meta property=\"og:title\" content=\"Demande de Visa MCV pour l&#039;Australie: Formulaire en Ligne (France)\" \/>\n<meta property=\"og:description\" content=\"Les fran\u00e7ais qui entrent en Australie en tant que membres d&#039;\u00e9quipage doivent utiliser ce formulaire pour demander leur Maritime Crew Visa (MCV) dans les 4 jours.\" \/>\n<meta property=\"og:url\" content=\"https:\/\/auvisa.org\/fr\/visa-crew\/\" \/>\n<meta property=\"og:site_name\" content=\"Auvisa.org\" \/>\n<meta property=\"article:modified_time\" content=\"2023-08-31T12:36:11+00:00\" \/>\n<meta name=\"twitter:card\" content=\"summary_large_image\" \/>\n<meta name=\"twitter:label1\" content=\"Dur\u00e9e de lecture estim\u00e9e\" \/>\n\t<meta name=\"twitter:data1\" content=\"2 minutes\" \/>\n<script type=\"application\/ld+json\" class=\"yoast-schema-graph\">{\"@context\":\"https:\/\/schema.org\",\"@graph\":[{\"@type\":\"WebPage\",\"@id\":\"https:\/\/auvisa.org\/fr\/visa-crew\/\",\"url\":\"https:\/\/auvisa.org\/fr\/visa-crew\/\",\"name\":\"Demande de Visa MCV pour l'Australie: Formulaire en Ligne (France)\",\"isPartOf\":{\"@id\":\"https:\/\/auvisa.org\/fr\/#website\"},\"datePublished\":\"2020-01-07T16:28:55+00:00\",\"dateModified\":\"2023-08-31T12:36:11+00:00\",\"description\":\"Les fran\u00e7ais qui entrent en Australie en tant que membres d'\u00e9quipage doivent utiliser ce formulaire pour demander leur Maritime Crew Visa (MCV) dans les 4 jours.\",\"breadcrumb\":{\"@id\":\"https:\/\/auvisa.org\/fr\/visa-crew\/#breadcrumb\"},\"inLanguage\":\"fr-FR\",\"potentialAction\":[{\"@type\":\"ReadAction\",\"target\":[\"https:\/\/auvisa.org\/fr\/visa-crew\/\"]}]},{\"@type\":\"BreadcrumbList\",\"@id\":\"https:\/\/auvisa.org\/fr\/visa-crew\/#breadcrumb\",\"itemListElement\":[{\"@type\":\"ListItem\",\"position\":1,\"name\":\"Home\",\"item\":\"https:\/\/auvisa.org\/fr\/\"},{\"@type\":\"ListItem\",\"position\":2,\"name\":\"Demande de visa MCV Australien (France)\"}]},{\"@type\":\"WebSite\",\"@id\":\"https:\/\/auvisa.org\/fr\/#website\",\"url\":\"https:\/\/auvisa.org\/fr\/\",\"name\":\"Auvisa.org\",\"description\":\"\",\"inLanguage\":\"fr-FR\"}]}<\/script>\n<!-- \/ Yoast SEO plugin. -->","yoast_head_json":{"title":"Demande de Visa MCV pour l'Australie: Formulaire en Ligne (France)","description":"Les fran\u00e7ais qui entrent en Australie en tant que membres d'\u00e9quipage doivent utiliser ce formulaire pour demander leur Maritime Crew Visa (MCV) dans les 4 jours.","robots":{"index":"index","follow":"follow","max-snippet":"max-snippet:-1","max-image-preview":"max-image-preview:large","max-video-preview":"max-video-preview:-1"},"canonical":"https:\/\/auvisa.org\/fr\/visa-crew\/","og_locale":"fr_FR","og_type":"article","og_title":"Demande de Visa MCV pour l'Australie: Formulaire en Ligne (France)","og_description":"Les fran\u00e7ais qui entrent en Australie en tant que membres d'\u00e9quipage doivent utiliser ce formulaire pour demander leur Maritime Crew Visa (MCV) dans les 4 jours.","og_url":"https:\/\/auvisa.org\/fr\/visa-crew\/","og_site_name":"Auvisa.org","article_modified_time":"2023-08-31T12:36:11+00:00","twitter_card":"summary_large_image","twitter_misc":{"Dur\u00e9e de lecture estim\u00e9e":"2 minutes"},"schema":{"@context":"https:\/\/schema.org","@graph":[{"@type":"WebPage","@id":"https:\/\/auvisa.org\/fr\/visa-crew\/","url":"https:\/\/auvisa.org\/fr\/visa-crew\/","name":"Demande de Visa MCV pour l'Australie: Formulaire en Ligne (France)","isPartOf":{"@id":"https:\/\/auvisa.org\/fr\/#website"},"datePublished":"2020-01-07T16:28:55+00:00","dateModified":"2023-08-31T12:36:11+00:00","description":"Les fran\u00e7ais qui entrent en Australie en tant que membres d'\u00e9quipage doivent utiliser ce formulaire pour demander leur Maritime Crew Visa (MCV) dans les 4 jours.","breadcrumb":{"@id":"https:\/\/auvisa.org\/fr\/visa-crew\/#breadcrumb"},"inLanguage":"fr-FR","potentialAction":[{"@type":"ReadAction","target":["https:\/\/auvisa.org\/fr\/visa-crew\/"]}]},{"@type":"BreadcrumbList","@id":"https:\/\/auvisa.org\/fr\/visa-crew\/#breadcrumb","itemListElement":[{"@type":"ListItem","position":1,"name":"Home","item":"https:\/\/auvisa.org\/fr\/"},{"@type":"ListItem","position":2,"name":"Demande de visa MCV Australien (France)"}]},{"@type":"WebSite","@id":"https:\/\/auvisa.org\/fr\/#website","url":"https:\/\/auvisa.org\/fr\/","name":"Auvisa.org","description":"","inLanguage":"fr-FR"}]}},"_links":{"self":[{"href":"https:\/\/auvisa.org\/fr\/wp-json\/wp\/v2\/pages\/1752","targetHints":{"allow":["GET"]}}],"collection":[{"href":"https:\/\/auvisa.org\/fr\/wp-json\/wp\/v2\/pages"}],"about":[{"href":"https:\/\/auvisa.org\/fr\/wp-json\/wp\/v2\/types\/page"}],"author":[{"embeddable":true,"href":"https:\/\/auvisa.org\/fr\/wp-json\/wp\/v2\/users\/3"}],"replies":[{"embeddable":true,"href":"https:\/\/auvisa.org\/fr\/wp-json\/wp\/v2\/comments?post=1752"}],"version-history":[{"count":15,"href":"https:\/\/auvisa.org\/fr\/wp-json\/wp\/v2\/pages\/1752\/revisions"}],"predecessor-version":[{"id":18441,"href":"https:\/\/auvisa.org\/fr\/wp-json\/wp\/v2\/pages\/1752\/revisions\/18441"}],"wp:attachment":[{"href":"https:\/\/auvisa.org\/fr\/wp-json\/wp\/v2\/media?parent=1752"}],"curies":[{"name":"wp","href":"https:\/\/api.w.org\/{rel}","templated":true}]}}