{"id":1754,"date":"2020-01-07T16:29:15","date_gmt":"2020-01-07T16:29:15","guid":{"rendered":"https:\/\/dev.auvisa.org\/?page_id=1754"},"modified":"2023-07-14T17:13:45","modified_gmt":"2023-07-14T15:13:45","slug":"visa-temporary","status":"publish","type":"page","link":"https:\/\/auvisa.org\/fr\/visa-temporary\/","title":{"rendered":"Demande de Visa de Travail Temporaire Australien : Formulaire en Ligne (France)"},"content":{"rendered":"\n<div style=\"height:20px\" aria-hidden=\"true\" class=\"wp-block-spacer\"><\/div>\n\n\n\n<div class=\"wp-block-group\"><div class=\"wp-block-group__inner-container is-layout-flow wp-block-group-is-layout-flow\">\n<p>Ce visa est pour les personnes qui se rendront en Australie pour un travail temporaire.<\/p>\n\n\n\n<p><strong>Le visa peut \u00eatre accord\u00e9 pour une p\u00e9riode maximale de trois mois.<\/strong><\/p>\n\n\n\n<p>Vous pouvez faire une demande d\u2019application pour ce visa si :<\/p>\n\n\n\n<ul class=\"wp-block-list\"><li>Vous \u00eates \u00e0 l&rsquo;ext\u00e9rieur de l&rsquo;Australie<\/li><li>vous allez faire un <strong>travail temporaire hautement sp\u00e9cialis\u00e9 \u00e0 court terme<\/strong><\/li><li>Vous allez participer \u00e0 un <strong>\u00e9v\u00e9nement culturel ou social<\/strong><\/li><li>Vous participerez \u00e0 une <strong>activit\u00e9 ou un travail relatif aux int\u00e9r\u00eats australiens<\/strong><\/li><\/ul>\n\n\n\n<p>Pour faire une demande d\u2019application, vous <strong>devez \u00eatre invit\u00e9 par l&rsquo;organisation pour laquelle vous travaillerez.<\/strong><\/p>\n\n\n\n<p>Vous devez \u00e9galement disposer d&rsquo;attributs personnels ou d&rsquo;une exp\u00e9rience relative au travail. Il vous sera demand\u00e9 de fournir divers documents pour compl\u00e9ter votre demande d\u2019application.<\/p>\n<\/div><\/div>\n\n\n\n<p>Le prix pour chaque visa est de <span class=\"woocommerce-Price-amount amount\"><bdi><span class=\"woocommerce-Price-currencySymbol\">&euro;<\/span>550,00<\/bdi><\/span>.<\/p>\n\n\n\n<div style=\"height:38px\" aria-hidden=\"true\" class=\"wp-block-spacer\"><\/div>\n\n\n\n<p><strong>Saisissez et confirmez votre adresse \u00e9lectronique pour lancer la demande en ligne :<\/strong><\/p>\n","protected":false},"excerpt":{"rendered":"<p>Ce visa est pour les personnes qui se rendront en Australie pour un travail temporaire. Le visa peut \u00eatre accord\u00e9 [&#8230;]<\/p>\n<p><a class=\"btn btn-secondary understrap-read-more-link\" href=\"https:\/\/auvisa.org\/fr\/visa-temporary\/\">Lire la suite\u2026<span class=\"screen-reader-text\"> from Demande de Visa de Travail Temporaire Australien : Formulaire en Ligne (France)<\/span><\/a><\/p>\n","protected":false},"author":3,"featured_media":0,"parent":0,"menu_order":38,"comment_status":"closed","ping_status":"closed","template":"templates\/tpl_acf_form.php","meta":{"inline_featured_image":false,"footnotes":""},"class_list":["post-1754","page","type-page","status-publish","hentry"],"yoast_head":"<!-- This site is optimized with the Yoast SEO plugin v26.9 - https:\/\/yoast.com\/product\/yoast-seo-wordpress\/ -->\n<title>Demande de Visa de Travail Temporaire Australien: Formulaire en Ligne (France)<\/title>\n<meta name=\"description\" content=\"Le visa de travail temporaire australien est destin\u00e9e aux fran\u00e7ais qui se rendent en Australie pour un travail temporaire. Faites votre demande en ligne.\" \/>\n<meta name=\"robots\" content=\"index, follow, max-snippet:-1, max-image-preview:large, max-video-preview:-1\" \/>\n<link rel=\"canonical\" href=\"https:\/\/auvisa.org\/fr\/visa-temporary\/\" \/>\n<meta property=\"og:locale\" content=\"fr_FR\" \/>\n<meta property=\"og:type\" content=\"article\" \/>\n<meta property=\"og:title\" content=\"Demande de Visa de Travail Temporaire Australien: Formulaire en Ligne (France)\" \/>\n<meta property=\"og:description\" content=\"Le visa de travail temporaire australien est destin\u00e9e aux fran\u00e7ais qui se rendent en Australie pour un travail temporaire. Faites votre demande en ligne.\" \/>\n<meta property=\"og:url\" content=\"https:\/\/auvisa.org\/fr\/visa-temporary\/\" \/>\n<meta property=\"og:site_name\" content=\"Auvisa.org\" \/>\n<meta property=\"article:modified_time\" content=\"2023-07-14T15:13:45+00:00\" \/>\n<meta name=\"twitter:card\" content=\"summary_large_image\" \/>\n<meta name=\"twitter:label1\" content=\"Dur\u00e9e de lecture estim\u00e9e\" \/>\n\t<meta name=\"twitter:data1\" content=\"1 minute\" \/>\n<script type=\"application\/ld+json\" class=\"yoast-schema-graph\">{\"@context\":\"https:\/\/schema.org\",\"@graph\":[{\"@type\":\"WebPage\",\"@id\":\"https:\/\/auvisa.org\/fr\/visa-temporary\/\",\"url\":\"https:\/\/auvisa.org\/fr\/visa-temporary\/\",\"name\":\"Demande de Visa de Travail Temporaire Australien: Formulaire en Ligne (France)\",\"isPartOf\":{\"@id\":\"https:\/\/auvisa.org\/fr\/#website\"},\"datePublished\":\"2020-01-07T16:29:15+00:00\",\"dateModified\":\"2023-07-14T15:13:45+00:00\",\"description\":\"Le visa de travail temporaire australien est destin\u00e9e aux fran\u00e7ais qui se rendent en Australie pour un travail temporaire. Faites votre demande en ligne.\",\"breadcrumb\":{\"@id\":\"https:\/\/auvisa.org\/fr\/visa-temporary\/#breadcrumb\"},\"inLanguage\":\"fr-FR\",\"potentialAction\":[{\"@type\":\"ReadAction\",\"target\":[\"https:\/\/auvisa.org\/fr\/visa-temporary\/\"]}]},{\"@type\":\"BreadcrumbList\",\"@id\":\"https:\/\/auvisa.org\/fr\/visa-temporary\/#breadcrumb\",\"itemListElement\":[{\"@type\":\"ListItem\",\"position\":1,\"name\":\"Home\",\"item\":\"https:\/\/auvisa.org\/fr\/\"},{\"@type\":\"ListItem\",\"position\":2,\"name\":\"Demande de Visa de Travail Temporaire Australien : Formulaire en Ligne (France)\"}]},{\"@type\":\"WebSite\",\"@id\":\"https:\/\/auvisa.org\/fr\/#website\",\"url\":\"https:\/\/auvisa.org\/fr\/\",\"name\":\"Auvisa.org\",\"description\":\"\",\"inLanguage\":\"fr-FR\"}]}<\/script>\n<!-- \/ Yoast SEO plugin. -->","yoast_head_json":{"title":"Demande de Visa de Travail Temporaire Australien: Formulaire en Ligne (France)","description":"Le visa de travail temporaire australien est destin\u00e9e aux fran\u00e7ais qui se rendent en Australie pour un travail temporaire. Faites votre demande en ligne.","robots":{"index":"index","follow":"follow","max-snippet":"max-snippet:-1","max-image-preview":"max-image-preview:large","max-video-preview":"max-video-preview:-1"},"canonical":"https:\/\/auvisa.org\/fr\/visa-temporary\/","og_locale":"fr_FR","og_type":"article","og_title":"Demande de Visa de Travail Temporaire Australien: Formulaire en Ligne (France)","og_description":"Le visa de travail temporaire australien est destin\u00e9e aux fran\u00e7ais qui se rendent en Australie pour un travail temporaire. Faites votre demande en ligne.","og_url":"https:\/\/auvisa.org\/fr\/visa-temporary\/","og_site_name":"Auvisa.org","article_modified_time":"2023-07-14T15:13:45+00:00","twitter_card":"summary_large_image","twitter_misc":{"Dur\u00e9e de lecture estim\u00e9e":"1 minute"},"schema":{"@context":"https:\/\/schema.org","@graph":[{"@type":"WebPage","@id":"https:\/\/auvisa.org\/fr\/visa-temporary\/","url":"https:\/\/auvisa.org\/fr\/visa-temporary\/","name":"Demande de Visa de Travail Temporaire Australien: Formulaire en Ligne (France)","isPartOf":{"@id":"https:\/\/auvisa.org\/fr\/#website"},"datePublished":"2020-01-07T16:29:15+00:00","dateModified":"2023-07-14T15:13:45+00:00","description":"Le visa de travail temporaire australien est destin\u00e9e aux fran\u00e7ais qui se rendent en Australie pour un travail temporaire. Faites votre demande en ligne.","breadcrumb":{"@id":"https:\/\/auvisa.org\/fr\/visa-temporary\/#breadcrumb"},"inLanguage":"fr-FR","potentialAction":[{"@type":"ReadAction","target":["https:\/\/auvisa.org\/fr\/visa-temporary\/"]}]},{"@type":"BreadcrumbList","@id":"https:\/\/auvisa.org\/fr\/visa-temporary\/#breadcrumb","itemListElement":[{"@type":"ListItem","position":1,"name":"Home","item":"https:\/\/auvisa.org\/fr\/"},{"@type":"ListItem","position":2,"name":"Demande de Visa de Travail Temporaire Australien : Formulaire en Ligne (France)"}]},{"@type":"WebSite","@id":"https:\/\/auvisa.org\/fr\/#website","url":"https:\/\/auvisa.org\/fr\/","name":"Auvisa.org","description":"","inLanguage":"fr-FR"}]}},"_links":{"self":[{"href":"https:\/\/auvisa.org\/fr\/wp-json\/wp\/v2\/pages\/1754","targetHints":{"allow":["GET"]}}],"collection":[{"href":"https:\/\/auvisa.org\/fr\/wp-json\/wp\/v2\/pages"}],"about":[{"href":"https:\/\/auvisa.org\/fr\/wp-json\/wp\/v2\/types\/page"}],"author":[{"embeddable":true,"href":"https:\/\/auvisa.org\/fr\/wp-json\/wp\/v2\/users\/3"}],"replies":[{"embeddable":true,"href":"https:\/\/auvisa.org\/fr\/wp-json\/wp\/v2\/comments?post=1754"}],"version-history":[{"count":16,"href":"https:\/\/auvisa.org\/fr\/wp-json\/wp\/v2\/pages\/1754\/revisions"}],"predecessor-version":[{"id":18206,"href":"https:\/\/auvisa.org\/fr\/wp-json\/wp\/v2\/pages\/1754\/revisions\/18206"}],"wp:attachment":[{"href":"https:\/\/auvisa.org\/fr\/wp-json\/wp\/v2\/media?parent=1754"}],"curies":[{"name":"wp","href":"https:\/\/api.w.org\/{rel}","templated":true}]}}