{"id":1758,"date":"2020-01-07T16:37:23","date_gmt":"2020-01-07T16:37:23","guid":{"rendered":"https:\/\/dev.auvisa.org\/?page_id=1758"},"modified":"2023-07-14T17:18:48","modified_gmt":"2023-07-14T15:18:48","slug":"visa-workingsecond","status":"publish","type":"page","link":"https:\/\/auvisa.org\/fr\/visa-workingsecond\/","title":{"rendered":"Demande de Deuxi\u00e8me visa Working Holiday pour l&rsquo;Australie"},"content":{"rendered":"\n<div style=\"height:20px\" aria-hidden=\"true\" class=\"wp-block-spacer\"><\/div>\n\n\n\n<p>Vous pouvez demander un deuxi\u00e8me visa Vacances-Travail (Working Holiday Visa) si vous <strong>remplissez toutes les conditions applicables aux <\/strong><a href=\"\/fr\/visa-vacances-travail-australie\/\" class=\"aioseop-link\"><strong>visas Vacances-Travail<\/strong><\/a> et :<\/p>\n\n\n\n<ul class=\"wp-block-list\"><li>Avoir <strong>rempli toutes les conditions de<\/strong> votre premier visa Vacances-Travail<\/li><li>Ne pas avoir \u00e9t\u00e9 titulaire de plus d&rsquo;un visa Vacances-Travail<\/li><li>Avoir effectu\u00e9 <strong>trois mois de <\/strong><a href=\"\/fr\/visa-vacances-travail-australie\/#sp\u00e9cifi\u00e9s\" class=\"aioseop-link\"><strong>travail sp\u00e9cifique<\/strong><\/a><strong> dans la r\u00e9gion de l&rsquo;Australie<\/strong> pendant votre premier visa Working Holiday.<\/li><\/ul>\n\n\n\n<p>Les industries agr\u00e9\u00e9es pour des travaux sp\u00e9cifiques comprennent :<\/p>\n\n\n\n<ul class=\"wp-block-list\"><li>Culture de plantes et d&rsquo;animaux<\/li><li>P\u00eache et perlage<\/li><li>Culture et abattage d&rsquo;arbres<\/li><li>Exploitation mini\u00e8re<\/li><li>Construction<\/li><\/ul>\n\n\n\n<p>Notez que si vous \u00eates actuellement en Australie avec votre premier visa Vacances-Travail et que vous souhaitez rester dans le pays, <strong>vous devez demander le deuxi\u00e8me visa Vacances-Travail avant l&rsquo;expiration du premier<\/strong>.<\/p>\n\n\n\n<p>Le prix de chaque visa est de<span class=\"woocommerce-Price-amount amount\"><bdi><span class=\"woocommerce-Price-currencySymbol\">&euro;<\/span>525,00<\/bdi><\/span> par personne.<\/p>\n\n\n\n<div style=\"height:58px\" aria-hidden=\"true\" class=\"wp-block-spacer\"><\/div>\n\n\n\n<h3 class=\"wp-block-heading\" id=\"saisissez-et-confirmez-votre-adresse-electronique-pour-lancer-la-demande-en-ligne\">Saisissez et confirmez votre adresse \u00e9lectronique pour lancer la demande en ligne :<\/h3>\n","protected":false},"excerpt":{"rendered":"<p>Vous pouvez demander un deuxi\u00e8me visa Vacances-Travail (Working Holiday Visa) si vous remplissez toutes les conditions applicables aux visas Vacances-Travail [&#8230;]<\/p>\n<p><a class=\"btn btn-secondary understrap-read-more-link\" href=\"https:\/\/auvisa.org\/fr\/visa-workingsecond\/\">Lire la suite\u2026<span class=\"screen-reader-text\"> from Demande de Deuxi\u00e8me visa Working Holiday pour l&rsquo;Australie<\/span><\/a><\/p>\n","protected":false},"author":3,"featured_media":0,"parent":0,"menu_order":40,"comment_status":"closed","ping_status":"closed","template":"templates\/tpl_acf_form.php","meta":{"inline_featured_image":false,"footnotes":""},"class_list":["post-1758","page","type-page","status-publish","hentry"],"yoast_head":"<!-- This site is optimized with the Yoast SEO plugin v26.9 - https:\/\/yoast.com\/product\/yoast-seo-wordpress\/ -->\n<title>Demande de Deuxi\u00e8me visa Working Holiday pour l&#039;Australie<\/title>\n<meta name=\"description\" content=\"Pour prolonger votre s\u00e9jour en Australie, demandez un deuxi\u00e8me visa vacances-travail avant l&#039;expiration du premier. V\u00e9rification dans les 24 heures.\" \/>\n<meta name=\"robots\" content=\"index, follow, max-snippet:-1, max-image-preview:large, max-video-preview:-1\" \/>\n<link rel=\"canonical\" href=\"https:\/\/auvisa.org\/fr\/visa-workingsecond\/\" \/>\n<meta property=\"og:locale\" content=\"fr_FR\" \/>\n<meta property=\"og:type\" content=\"article\" \/>\n<meta property=\"og:title\" content=\"Demande de Deuxi\u00e8me visa Working Holiday pour l&#039;Australie\" \/>\n<meta property=\"og:description\" content=\"Pour prolonger votre s\u00e9jour en Australie, demandez un deuxi\u00e8me visa vacances-travail avant l&#039;expiration du premier. V\u00e9rification dans les 24 heures.\" \/>\n<meta property=\"og:url\" content=\"https:\/\/auvisa.org\/fr\/visa-workingsecond\/\" \/>\n<meta property=\"og:site_name\" content=\"Auvisa.org\" \/>\n<meta property=\"article:modified_time\" content=\"2023-07-14T15:18:48+00:00\" \/>\n<meta name=\"twitter:card\" content=\"summary_large_image\" \/>\n<meta name=\"twitter:label1\" content=\"Dur\u00e9e de lecture estim\u00e9e\" \/>\n\t<meta name=\"twitter:data1\" content=\"1 minute\" \/>\n<script type=\"application\/ld+json\" class=\"yoast-schema-graph\">{\"@context\":\"https:\/\/schema.org\",\"@graph\":[{\"@type\":\"WebPage\",\"@id\":\"https:\/\/auvisa.org\/fr\/visa-workingsecond\/\",\"url\":\"https:\/\/auvisa.org\/fr\/visa-workingsecond\/\",\"name\":\"Demande de Deuxi\u00e8me visa Working Holiday pour l'Australie\",\"isPartOf\":{\"@id\":\"https:\/\/auvisa.org\/fr\/#website\"},\"datePublished\":\"2020-01-07T16:37:23+00:00\",\"dateModified\":\"2023-07-14T15:18:48+00:00\",\"description\":\"Pour prolonger votre s\u00e9jour en Australie, demandez un deuxi\u00e8me visa vacances-travail avant l'expiration du premier. V\u00e9rification dans les 24 heures.\",\"breadcrumb\":{\"@id\":\"https:\/\/auvisa.org\/fr\/visa-workingsecond\/#breadcrumb\"},\"inLanguage\":\"fr-FR\",\"potentialAction\":[{\"@type\":\"ReadAction\",\"target\":[\"https:\/\/auvisa.org\/fr\/visa-workingsecond\/\"]}]},{\"@type\":\"BreadcrumbList\",\"@id\":\"https:\/\/auvisa.org\/fr\/visa-workingsecond\/#breadcrumb\",\"itemListElement\":[{\"@type\":\"ListItem\",\"position\":1,\"name\":\"Home\",\"item\":\"https:\/\/auvisa.org\/fr\/\"},{\"@type\":\"ListItem\",\"position\":2,\"name\":\"Demande de Deuxi\u00e8me visa Working Holiday pour l&#8217;Australie\"}]},{\"@type\":\"WebSite\",\"@id\":\"https:\/\/auvisa.org\/fr\/#website\",\"url\":\"https:\/\/auvisa.org\/fr\/\",\"name\":\"Auvisa.org\",\"description\":\"\",\"inLanguage\":\"fr-FR\"}]}<\/script>\n<!-- \/ Yoast SEO plugin. -->","yoast_head_json":{"title":"Demande de Deuxi\u00e8me visa Working Holiday pour l'Australie","description":"Pour prolonger votre s\u00e9jour en Australie, demandez un deuxi\u00e8me visa vacances-travail avant l'expiration du premier. V\u00e9rification dans les 24 heures.","robots":{"index":"index","follow":"follow","max-snippet":"max-snippet:-1","max-image-preview":"max-image-preview:large","max-video-preview":"max-video-preview:-1"},"canonical":"https:\/\/auvisa.org\/fr\/visa-workingsecond\/","og_locale":"fr_FR","og_type":"article","og_title":"Demande de Deuxi\u00e8me visa Working Holiday pour l'Australie","og_description":"Pour prolonger votre s\u00e9jour en Australie, demandez un deuxi\u00e8me visa vacances-travail avant l'expiration du premier. V\u00e9rification dans les 24 heures.","og_url":"https:\/\/auvisa.org\/fr\/visa-workingsecond\/","og_site_name":"Auvisa.org","article_modified_time":"2023-07-14T15:18:48+00:00","twitter_card":"summary_large_image","twitter_misc":{"Dur\u00e9e de lecture estim\u00e9e":"1 minute"},"schema":{"@context":"https:\/\/schema.org","@graph":[{"@type":"WebPage","@id":"https:\/\/auvisa.org\/fr\/visa-workingsecond\/","url":"https:\/\/auvisa.org\/fr\/visa-workingsecond\/","name":"Demande de Deuxi\u00e8me visa Working Holiday pour l'Australie","isPartOf":{"@id":"https:\/\/auvisa.org\/fr\/#website"},"datePublished":"2020-01-07T16:37:23+00:00","dateModified":"2023-07-14T15:18:48+00:00","description":"Pour prolonger votre s\u00e9jour en Australie, demandez un deuxi\u00e8me visa vacances-travail avant l'expiration du premier. V\u00e9rification dans les 24 heures.","breadcrumb":{"@id":"https:\/\/auvisa.org\/fr\/visa-workingsecond\/#breadcrumb"},"inLanguage":"fr-FR","potentialAction":[{"@type":"ReadAction","target":["https:\/\/auvisa.org\/fr\/visa-workingsecond\/"]}]},{"@type":"BreadcrumbList","@id":"https:\/\/auvisa.org\/fr\/visa-workingsecond\/#breadcrumb","itemListElement":[{"@type":"ListItem","position":1,"name":"Home","item":"https:\/\/auvisa.org\/fr\/"},{"@type":"ListItem","position":2,"name":"Demande de Deuxi\u00e8me visa Working Holiday pour l&#8217;Australie"}]},{"@type":"WebSite","@id":"https:\/\/auvisa.org\/fr\/#website","url":"https:\/\/auvisa.org\/fr\/","name":"Auvisa.org","description":"","inLanguage":"fr-FR"}]}},"_links":{"self":[{"href":"https:\/\/auvisa.org\/fr\/wp-json\/wp\/v2\/pages\/1758","targetHints":{"allow":["GET"]}}],"collection":[{"href":"https:\/\/auvisa.org\/fr\/wp-json\/wp\/v2\/pages"}],"about":[{"href":"https:\/\/auvisa.org\/fr\/wp-json\/wp\/v2\/types\/page"}],"author":[{"embeddable":true,"href":"https:\/\/auvisa.org\/fr\/wp-json\/wp\/v2\/users\/3"}],"replies":[{"embeddable":true,"href":"https:\/\/auvisa.org\/fr\/wp-json\/wp\/v2\/comments?post=1758"}],"version-history":[{"count":11,"href":"https:\/\/auvisa.org\/fr\/wp-json\/wp\/v2\/pages\/1758\/revisions"}],"predecessor-version":[{"id":18212,"href":"https:\/\/auvisa.org\/fr\/wp-json\/wp\/v2\/pages\/1758\/revisions\/18212"}],"wp:attachment":[{"href":"https:\/\/auvisa.org\/fr\/wp-json\/wp\/v2\/media?parent=1758"}],"curies":[{"name":"wp","href":"https:\/\/api.w.org\/{rel}","templated":true}]}}