{"id":18560,"date":"2023-09-27T15:42:21","date_gmt":"2023-09-27T13:42:21","guid":{"rendered":"https:\/\/auvisa.org\/fr\/?page_id=18560"},"modified":"2026-03-23T18:07:26","modified_gmt":"2026-03-23T17:07:26","slug":"visa-lp","status":"publish","type":"page","link":"https:\/\/auvisa.org\/fr\/visa-lp\/","title":{"rendered":"Obtenez un visa eVisitor pour l&rsquo;Australie"},"content":{"rendered":"\n<div style=\"height:20px\" aria-hidden=\"true\" class=\"wp-block-spacer\"><\/div>\n\n\n\n<div class=\"wp-block-group\"><div class=\"wp-block-group__inner-container is-layout-flow wp-block-group-is-layout-flow\">\n<div class=\"wp-block-group\"><div class=\"wp-block-group__inner-container is-layout-flow wp-block-group-is-layout-flow\">\n<div style=\"font-family: -apple-system, BlinkMacSystemFont, 'Segoe UI', Roboto, Helvetica, Arial, sans-serif;color: #2c3e50;line-height: 1.7;width: 100%\">\n  <p style=\"font-size: 15px;color: #3a4a52;margin: 0 0 14px 0\">\n    L&rsquo;eVisitor est un visa \u00e9lectronique officiel d\u00e9livr\u00e9 par le gouvernement australien pour les <strong style=\"color: #1a2e3b\">titulaires de passeports fran\u00e7ais, europ\u00e9ens et britanniques<\/strong> souhaitant se rendre en Australie pour le tourisme, les visites familiales et les r\u00e9unions d&rsquo;affaires.\n  <\/p>\n  <p style=\"font-size: 15px;color: #3a4a52;margin: 0 0 14px 0\">\n    Le visa eVisitor est valable <strong style=\"color: #1a2e3b\">12 mois<\/strong>, permet des entr\u00e9es multiples en Australie et un s\u00e9jour maximum de <strong style=\"color: #1a2e3b\">90 jours<\/strong> par visite. Le service complet, incluant les frais d&rsquo;Auvisa et les taxes gouvernementales (le cas \u00e9ch\u00e9ant), commence \u00e0 partir de <strong style=\"color: #1a2e3b\">69 \u20ac\/voyageur<\/strong> selon la vitesse de traitement que vous s\u00e9lectionnez.\n  <\/p>\n  <p style=\"font-size: 15px;color: #3a4a52;margin: 0 0 24px 0\">\n    Si vous voyagez en groupe ou en famille, chaque personne a besoin de son propre eVisitor, y compris les nourrissons et les enfants.\n  <\/p>\n  <h3 style=\"font-size: 20px;font-weight: 700;color: #1f5284;margin: 0;padding: 0;text-align: center\">Faites votre demande de visa eVisitor<\/h3>\n<\/div>\n<\/div><\/div>\n<\/div><\/div>\n\n\n\n<p><\/p>\n","protected":false},"excerpt":{"rendered":"<p>L&rsquo;eVisitor est un visa \u00e9lectronique officiel d\u00e9livr\u00e9 par le gouvernement australien pour les titulaires de passeports fran\u00e7ais, europ\u00e9ens et britanniques [&#8230;]<\/p>\n<p><a class=\"btn btn-secondary understrap-read-more-link\" href=\"https:\/\/auvisa.org\/fr\/visa-lp\/\">Lire la suite\u2026<span class=\"screen-reader-text\"> from Obtenez un visa eVisitor pour l&rsquo;Australie<\/span><\/a><\/p>\n","protected":false},"author":4,"featured_media":0,"parent":0,"menu_order":4,"comment_status":"closed","ping_status":"closed","template":"templates\/tpl_acf_form.php","meta":{"inline_featured_image":false,"footnotes":""},"class_list":["post-18560","page","type-page","status-publish","hentry"],"yoast_head":"<!-- This site is optimized with the Yoast SEO plugin v26.9 - https:\/\/yoast.com\/product\/yoast-seo-wordpress\/ -->\n<title>Demande de Visa eVisitor pour l&#039;Australie: Formulaire en Ligne<\/title>\n<meta name=\"description\" content=\"Les voyageurs fran\u00e7ais doivent demander un visa eVisitor australien via ce formulaire de demande en ligne. Le visa sera d\u00e9livr\u00e9 dans les 24 heures.\" \/>\n<meta name=\"robots\" content=\"noindex, follow\" \/>\n<meta property=\"og:locale\" content=\"fr_FR\" \/>\n<meta property=\"og:type\" content=\"article\" \/>\n<meta property=\"og:title\" content=\"Demande de Visa eVisitor pour l&#039;Australie: Formulaire en Ligne\" \/>\n<meta property=\"og:description\" content=\"Les voyageurs fran\u00e7ais doivent demander un visa eVisitor australien via ce formulaire de demande en ligne. Le visa sera d\u00e9livr\u00e9 dans les 24 heures.\" \/>\n<meta property=\"og:url\" content=\"https:\/\/auvisa.australialegal.it\/fr\/visa-lp\/\" \/>\n<meta property=\"og:site_name\" content=\"Auvisa.org\" \/>\n<meta property=\"article:modified_time\" content=\"2026-03-23T17:07:26+00:00\" \/>\n<meta name=\"twitter:card\" content=\"summary_large_image\" \/>\n<meta name=\"twitter:label1\" content=\"Dur\u00e9e de lecture estim\u00e9e\" \/>\n\t<meta name=\"twitter:data1\" content=\"1 minute\" \/>\n<script type=\"application\/ld+json\" class=\"yoast-schema-graph\">{\"@context\":\"https:\/\/schema.org\",\"@graph\":[{\"@type\":\"WebPage\",\"@id\":\"https:\/\/auvisa.australialegal.it\/fr\/visa-lp\/\",\"url\":\"https:\/\/auvisa.australialegal.it\/fr\/visa-lp\/\",\"name\":\"Demande de Visa eVisitor pour l'Australie: Formulaire en Ligne\",\"isPartOf\":{\"@id\":\"https:\/\/auvisa.org\/fr\/#website\"},\"datePublished\":\"2023-09-27T13:42:21+00:00\",\"dateModified\":\"2026-03-23T17:07:26+00:00\",\"description\":\"Les voyageurs fran\u00e7ais doivent demander un visa eVisitor australien via ce formulaire de demande en ligne. Le visa sera d\u00e9livr\u00e9 dans les 24 heures.\",\"breadcrumb\":{\"@id\":\"https:\/\/auvisa.australialegal.it\/fr\/visa-lp\/#breadcrumb\"},\"inLanguage\":\"fr-FR\",\"potentialAction\":[{\"@type\":\"ReadAction\",\"target\":[\"https:\/\/auvisa.australialegal.it\/fr\/visa-lp\/\"]}]},{\"@type\":\"BreadcrumbList\",\"@id\":\"https:\/\/auvisa.australialegal.it\/fr\/visa-lp\/#breadcrumb\",\"itemListElement\":[{\"@type\":\"ListItem\",\"position\":1,\"name\":\"Home\",\"item\":\"https:\/\/auvisa.org\/fr\/\"},{\"@type\":\"ListItem\",\"position\":2,\"name\":\"Obtenez un visa eVisitor pour l&rsquo;Australie\"}]},{\"@type\":\"WebSite\",\"@id\":\"https:\/\/auvisa.org\/fr\/#website\",\"url\":\"https:\/\/auvisa.org\/fr\/\",\"name\":\"Auvisa.org\",\"description\":\"\",\"inLanguage\":\"fr-FR\"}]}<\/script>\n<!-- \/ Yoast SEO plugin. -->","yoast_head_json":{"title":"Demande de Visa eVisitor pour l'Australie: Formulaire en Ligne","description":"Les voyageurs fran\u00e7ais doivent demander un visa eVisitor australien via ce formulaire de demande en ligne. Le visa sera d\u00e9livr\u00e9 dans les 24 heures.","robots":{"index":"noindex","follow":"follow"},"og_locale":"fr_FR","og_type":"article","og_title":"Demande de Visa eVisitor pour l'Australie: Formulaire en Ligne","og_description":"Les voyageurs fran\u00e7ais doivent demander un visa eVisitor australien via ce formulaire de demande en ligne. Le visa sera d\u00e9livr\u00e9 dans les 24 heures.","og_url":"https:\/\/auvisa.australialegal.it\/fr\/visa-lp\/","og_site_name":"Auvisa.org","article_modified_time":"2026-03-23T17:07:26+00:00","twitter_card":"summary_large_image","twitter_misc":{"Dur\u00e9e de lecture estim\u00e9e":"1 minute"},"schema":{"@context":"https:\/\/schema.org","@graph":[{"@type":"WebPage","@id":"https:\/\/auvisa.australialegal.it\/fr\/visa-lp\/","url":"https:\/\/auvisa.australialegal.it\/fr\/visa-lp\/","name":"Demande de Visa eVisitor pour l'Australie: Formulaire en Ligne","isPartOf":{"@id":"https:\/\/auvisa.org\/fr\/#website"},"datePublished":"2023-09-27T13:42:21+00:00","dateModified":"2026-03-23T17:07:26+00:00","description":"Les voyageurs fran\u00e7ais doivent demander un visa eVisitor australien via ce formulaire de demande en ligne. Le visa sera d\u00e9livr\u00e9 dans les 24 heures.","breadcrumb":{"@id":"https:\/\/auvisa.australialegal.it\/fr\/visa-lp\/#breadcrumb"},"inLanguage":"fr-FR","potentialAction":[{"@type":"ReadAction","target":["https:\/\/auvisa.australialegal.it\/fr\/visa-lp\/"]}]},{"@type":"BreadcrumbList","@id":"https:\/\/auvisa.australialegal.it\/fr\/visa-lp\/#breadcrumb","itemListElement":[{"@type":"ListItem","position":1,"name":"Home","item":"https:\/\/auvisa.org\/fr\/"},{"@type":"ListItem","position":2,"name":"Obtenez un visa eVisitor pour l&rsquo;Australie"}]},{"@type":"WebSite","@id":"https:\/\/auvisa.org\/fr\/#website","url":"https:\/\/auvisa.org\/fr\/","name":"Auvisa.org","description":"","inLanguage":"fr-FR"}]}},"_links":{"self":[{"href":"https:\/\/auvisa.org\/fr\/wp-json\/wp\/v2\/pages\/18560","targetHints":{"allow":["GET"]}}],"collection":[{"href":"https:\/\/auvisa.org\/fr\/wp-json\/wp\/v2\/pages"}],"about":[{"href":"https:\/\/auvisa.org\/fr\/wp-json\/wp\/v2\/types\/page"}],"author":[{"embeddable":true,"href":"https:\/\/auvisa.org\/fr\/wp-json\/wp\/v2\/users\/4"}],"replies":[{"embeddable":true,"href":"https:\/\/auvisa.org\/fr\/wp-json\/wp\/v2\/comments?post=18560"}],"version-history":[{"count":5,"href":"https:\/\/auvisa.org\/fr\/wp-json\/wp\/v2\/pages\/18560\/revisions"}],"predecessor-version":[{"id":33735,"href":"https:\/\/auvisa.org\/fr\/wp-json\/wp\/v2\/pages\/18560\/revisions\/33735"}],"wp:attachment":[{"href":"https:\/\/auvisa.org\/fr\/wp-json\/wp\/v2\/media?parent=18560"}],"curies":[{"name":"wp","href":"https:\/\/api.w.org\/{rel}","templated":true}]}}